{"id":124,"date":"2016-10-28T21:29:46","date_gmt":"2016-10-28T19:29:46","guid":{"rendered":"http:\/\/umilowani.pl\/?page_id=124"},"modified":"2026-01-09T10:06:11","modified_gmt":"2026-01-09T09:06:11","slug":"szczesliwi-rodzice","status":"publish","type":"page","link":"https:\/\/umilowani.pl\/index.php\/szczesliwi-rodzice\/","title":{"rendered":"Szcz\u0119\u015bliwi Rodzice"},"content":{"rendered":"<p>[et_pb_section fb_built=&#8221;1&#8243; custom_padding_last_edited=&#8221;on|desktop&#8221; admin_label=&#8221;section&#8221; _builder_version=&#8221;4.9.3&#8243; background_color=&#8221;#FFFFFF&#8221; custom_padding_tablet=&#8221;50px|0|50px|0&#8243; custom_padding_phone=&#8221;&#8221; transparent_background=&#8221;on&#8221; padding_mobile=&#8221;off&#8221; make_fullwidth=&#8221;off&#8221; use_custom_width=&#8221;off&#8221; width_unit=&#8221;on&#8221; custom_width_px=&#8221;1080px&#8221; custom_width_percent=&#8221;80%&#8221;][et_pb_row padding_mobile=&#8221;off&#8221; column_padding_mobile=&#8221;on&#8221; admin_label=&#8221;row&#8221; _builder_version=&#8221;4.9.3&#8243; background_size=&#8221;initial&#8221; background_position=&#8221;top_left&#8221; background_repeat=&#8221;repeat&#8221; width=&#8221;100%&#8221; max_width=&#8221;100%&#8221; make_fullwidth=&#8221;off&#8221; use_custom_width=&#8221;on&#8221; width_unit=&#8221;off&#8221; custom_width_percent=&#8221;90%&#8221;][et_pb_column type=&#8221;4_4&#8243; _builder_version=&#8221;4.9.3&#8243; background_color=&#8221;rgba(0,0,0,0)&#8221; custom_padding=&#8221;|||&#8221; custom_padding__hover=&#8221;|||&#8221;][et_pb_blurb title=&#8221;SZCZ\u0118\u015aLIWI RODZICE&#8221; image=&#8221;https:\/\/umilowani.pl\/wp-content\/uploads\/2024\/12\/Szczesliwi-rodzice2.jpg&#8221; alt=&#8221;Zamys\u0142&#8221; image_max_width=&#8221;75%&#8221; content_max_width=&#8221;90%&#8221; admin_label=&#8221;Blurb&#8221; _builder_version=&#8221;4.9.3&#8243; header_font_size=&#8221;16&#8243; header_line_height=&#8221;1.6em&#8221; body_font_size=&#8221;16px&#8221; background_size=&#8221;initial&#8221; background_position=&#8221;top_left&#8221; background_repeat=&#8221;repeat&#8221; text_orientation=&#8221;center&#8221; animation=&#8221;off&#8221; hover_enabled=&#8221;0&#8243; border_color_all=&#8221;#000000&#8243; border_width_all_image=&#8221;1px&#8221; border_color_all_image=&#8221;#043518&#8243; use_border_color=&#8221;off&#8221; border_color=&#8221;#ffffff&#8221; border_style=&#8221;solid&#8221; sticky_enabled=&#8221;0&#8243;]<\/p>\n<div class=\"et_pb_slide_content\" style=\"text-align: center;\">\n<div class=\"et_pb_slide_content\">\n<div>\n<p>&nbsp;<\/p>\n<p><span style=\"color: #a0b34d;\"><strong><em>\u201eRODZICE POWINNI PO\u015aWI\u0118CA\u0106 DZIECIOM WI\u0118CEJ CZASU. KTO PO\u015aWI\u0118CA SW\u00d3J CZAS DZIECIOM, STOSUJE NAJLEPSZ\u0104 METOD\u0118 WYCHOWAWCZ\u0104\u201d.<br \/><\/em><\/strong>Jan Budziaszek \u201eDo nieba idzie si\u0119\u2026\u201d<\/span><\/p>\n<p>&nbsp;<\/p>\n<div class=\"et_pb_slide_content\">\n<div class=\"et_pb_slide_content\">\n<div class=\"et_pb_slide_content\">\n<div class=\"et_pb_slide_content\">\n<p>\u201eSzcz\u0119\u015bliwi Rodzice\u201d to cykl warsztat\u00f3w \u0142\u0105cz\u0105cych w sobie form\u0119 prelekcji, \u0107wicze\u0144 oraz wsp\u00f3lnego dzielenia si\u0119 do\u015bwiadczeniami. Celem spotka\u0144 jest podniesienie kompetencji wychowawczych w\u015br\u00f3d rodzic\u00f3w, a przede wszystkim pomoc w budowaniu dobrej i pe\u0142nej mi\u0142o\u015bci relacji z dzieckiem. Podczas warsztat\u00f3w omawiamy nast\u0119puj\u0105ce tematy:<\/p>\n<p>&#8211; Fundamenty rodzicielstwa, czyli dok\u0105d zmierzamy jako rodzice.<br \/>&#8211; Rozumienie emocji oraz potrzeb dziecka, by budowa\u0107 szczere i trwa\u0142e relacje.<br \/>&#8211; Skuteczne m\u00f3wienie i aktywne s\u0142uchanie dziecka.<br \/>&#8211; J\u0119zyki mi\u0142o\u015bci dzieci \u2013 jak je pozna\u0107 i stosowa\u0107 j\u0119zyki mi\u0142o\u015bci w praktyce.<br \/>&#8211; Granice w wychowaniu \u2013 jak zachowa\u0107 r\u00f3wnowag\u0119 mi\u0119dzy mi\u0142o\u015bci\u0105 a wymaganiami.<br \/>&#8211; Wychowywanie rodze\u0144stwa do szacunku i wsp\u00f3\u0142pracy.<br \/>&#8211; Zarz\u0105dzanie czasem, czyli o organizacji \u017cycia w codzienno\u015bci.<\/p>\n<p>&nbsp;<\/p>\n<\/div>\n<\/div>\n<p>Do tej pory odby\u0142o si\u0119 21 edycji zaj\u0119\u0107, z kt\u00f3rych skorzysta\u0142o blisko 270 rodzic\u00f3w!<\/p>\n<p>&nbsp;<\/p>\n<h4 class=\"et_pb_module_header\"><strong>KOLEJNE WARSZTATY ROZPOCZN\u0104 SI\u0118 7 WRZE\u015aNIA 2026 ROKU<\/strong><\/h4>\n<p>Spotkania odbywaj\u0105 si\u0119 w Fundacji Evangelium Vitae, przy ul. Rydygiera 22-28 we Wroc\u0142awiu.<br \/>Zapisy przyjmujemy pod numerem telefonu: 660 913 432 lub e-mailowo na adres: poradnia@fev.wroclaw.pl<br \/>Warsztaty s\u0105 bezp\u0142atne, wsp\u00f3\u0142finansowane ze \u015brodk\u00f3w gminy Wroc\u0142aw.<\/p>\n<p>Skorzystaj i zadbaj o dobr\u0105 relacj\u0119 ze swoim dzieckiem!<\/p>\n<\/div>\n<\/div>\n<\/div>\n<\/div>\n<\/div>\n<p>&nbsp;<\/p>\n<p><a href=\"https:\/\/umilowani.pl\/wp-content\/uploads\/2024\/10\/Szczesliwi_2026.jpg\"><img loading=\"lazy\" decoding=\"async\" class=\"aligncenter wp-image-19062\" src=\"https:\/\/umilowani.pl\/wp-content\/uploads\/2024\/10\/Szczesliwi_2026-225x300.jpg\" alt=\"\" width=\"451\" height=\"600\" \/><\/a><\/p>\n<p>&nbsp;<\/p>\n<div class=\"et_pb_slide_content\" style=\"text-align: center;\">\n<div class=\"et_pb_slide_content\">\n<div>\n<div class=\"et_pb_slide_content\">\n<div class=\"et_pb_slide_content\">\n<h3>Wybrane opinie uczestnik\u00f3w o warsztatach \u201eSzcz\u0119\u015bliwi Rodzice&#8221;<\/h3>\n<p>&nbsp;<\/p>\n<div>\n<p><strong>&#8211;<\/strong> <strong><em>\u201eJak najwi\u0119cej os\u00f3b powinno posiada\u0107 tak\u0105 wiedz\u0119, \u017ca\u0142uj\u0119, \u017ce ja trafi\u0142am na nie tak p\u00f3\u017ano i \u017ce m\u00f3j m\u0105\u017c nie m\u00f3g\u0142 ze mn\u0105 uczestniczy\u0107 w warsztatach.\u201d<\/em><\/strong><\/p>\n<p><strong><em>&#8211; \u201eBardzo dobrze przygotowane warsztaty pod wzgl\u0119dem merytorycznym, tematycznym, technicznym. Rewelacja, nam bardzo du\u017co uzmys\u0142owi\u0142y i pomog\u0142y zrozumie\u0107 i zobaczy\u0107 du\u017co wi\u0119cej.\u201d<\/em><\/strong><\/p>\n<p><strong><em>&#8211; \u201eDzi\u0119kuj\u0119 za wytrwa\u0142e i rzetelne przygotowanie bardzo wielu zagadnie\u0144, z szerokiego zakresu warsztatu o praktykowaniu rodzicielstwa. Ale te\u017c za wskazywanie wa\u017cnych kwestii zwi\u0105zanych ze wsp\u00f3\u0142ma\u0142\u017conkiem. Dzi\u0119kuj\u0119 za wskazanie aspekt\u00f3w psychologicznych w odniesieniu, do mnie, mojego wsp\u00f3\u0142ma\u0142\u017conka i naszych dzieci, kt\u00f3re wspieraj\u0105 i os\u0142abiaj\u0105, i sposob\u00f3w radzenia sobie z nimi.\u201d<\/em><\/strong><\/p>\n<p><strong><em>&#8211; \u201eProwadz\u0105ca bardzo jasno i w przyjaznej atmosferze przekaza\u0142a to co najwa\u017cniejsze. Pi\u0119kne prezentacje.. Do us\u0142yszenia, zobaczenia na innych warsztatach.\u201d<\/em><\/strong><\/p>\n<p><strong><em>&#8211; \u201eWspania\u0142e warsztaty. U\u015bwiadamiaj\u0105 wiele wa\u017cnych spraw w relacji rodzic &#8211; dziecko. Ciesze si\u0119, \u017ce mog\u0142am uczestniczy\u0107 w tych zaj\u0119ciach.\u201d<\/em><\/strong><\/p>\n<p><strong><em>&#8211; \u201eBardzo dobra i przyjazna atmosfera podczas warsztat\u00f3w. Mo\u017cna zadawa\u0107 pytania i dzieli\u0107 si\u0119 swoimi problemami, kt\u00f3re kto\u015b rozumie i stara si\u0119 im zaradzi\u0107.\u201d<\/em><\/strong><\/p>\n<p><strong><em>&#8211; \u201eCiekawe zaj\u0119cia, kt\u00f3re otwieraj\u0105 oczy na wiele spraw. Rodzicielstwo sta\u0142o si\u0119 bardziej przyjazne, a dzieci mo\u017cna jeszcze lepiej zrozumie\u0107\u201d<\/em><\/strong><\/p>\n<\/div>\n<\/div>\n<\/div>\n<\/div>\n<\/div>\n<\/div>\n<p>[\/et_pb_blurb][\/et_pb_column][\/et_pb_row][\/et_pb_section]<\/p>\n","protected":false},"excerpt":{"rendered":"<p>[et_pb_section fb_built=&#8221;1&#8243; custom_padding_last_edited=&#8221;on|desktop&#8221; admin_label=&#8221;section&#8221; _builder_version=&#8221;4.9.3&#8243; background_color=&#8221;#FFFFFF&#8221; custom_padding_tablet=&#8221;50px|0|50px|0&#8243; custom_padding_phone=&#8221;&#8221; transparent_background=&#8221;on&#8221; padding_mobile=&#8221;off&#8221; make_fullwidth=&#8221;off&#8221; use_custom_width=&#8221;off&#8221; width_unit=&#8221;on&#8221; custom_width_px=&#8221;1080px&#8221; custom_width_percent=&#8221;80%&#8221;][et_pb_row padding_mobile=&#8221;off&#8221; column_padding_mobile=&#8221;on&#8221; admin_label=&#8221;row&#8221; _builder_version=&#8221;4.9.3&#8243; background_size=&#8221;initial&#8221; background_position=&#8221;top_left&#8221; background_repeat=&#8221;repeat&#8221; width=&#8221;100%&#8221; max_width=&#8221;100%&#8221; make_fullwidth=&#8221;off&#8221; use_custom_width=&#8221;on&#8221; width_unit=&#8221;off&#8221; custom_width_percent=&#8221;90%&#8221;][et_pb_column type=&#8221;4_4&#8243; _builder_version=&#8221;4.9.3&#8243; background_color=&#8221;rgba(0,0,0,0)&#8221; custom_padding=&#8221;|||&#8221; custom_padding__hover=&#8221;|||&#8221;][et_pb_blurb title=&#8221;SZCZ\u0118\u015aLIWI RODZICE&#8221; image=&#8221;https:\/\/umilowani.pl\/wp-content\/uploads\/2024\/12\/Szczesliwi-rodzice2.jpg&#8221; alt=&#8221;Zamys\u0142&#8221; image_max_width=&#8221;75%&#8221; content_max_width=&#8221;90%&#8221; admin_label=&#8221;Blurb&#8221; _builder_version=&#8221;4.9.3&#8243; header_font_size=&#8221;16&#8243; header_line_height=&#8221;1.6em&#8221; body_font_size=&#8221;16px&#8221; background_size=&#8221;initial&#8221; background_position=&#8221;top_left&#8221; background_repeat=&#8221;repeat&#8221; text_orientation=&#8221;center&#8221; animation=&#8221;off&#8221; hover_enabled=&#8221;0&#8243; border_color_all=&#8221;#000000&#8243; border_width_all_image=&#8221;1px&#8221; border_color_all_image=&#8221;#043518&#8243; use_border_color=&#8221;off&#8221; border_color=&#8221;#ffffff&#8221; [&hellip;]<\/p>\n","protected":false},"author":1,"featured_media":0,"parent":0,"menu_order":0,"comment_status":"closed","ping_status":"closed","template":"","meta":{"_et_pb_use_builder":"on","_et_pb_old_content":"","_et_gb_content_width":"","footnotes":""},"class_list":["post-124","page","type-page","status-publish","hentry"],"yoast_head":"<!-- This site is optimized with the Yoast SEO plugin v27.4 - https:\/\/yoast.com\/product\/yoast-seo-wordpress\/ -->\n<title>Szcz\u0119\u015bliwi Rodzice - UMILOWANI.PL<\/title>\n<meta name=\"description\" content=\"Celem warsztat\u00f3w \u201eSzcz\u0119\u015bliwi Rodzice\u201d jest podniesienie kompetencji wychowawczych w\u015br\u00f3d rodzic\u00f3w i pomoc w budowaniu relacji z dzieckiem.\" \/>\n<meta name=\"robots\" content=\"index, follow, max-snippet:-1, max-image-preview:large, max-video-preview:-1\" \/>\n<link rel=\"canonical\" href=\"https:\/\/umilowani.pl\/index.php\/szczesliwi-rodzice\/\" \/>\n<meta property=\"og:locale\" content=\"pl_PL\" \/>\n<meta property=\"og:type\" content=\"article\" \/>\n<meta property=\"og:title\" content=\"Szcz\u0119\u015bliwi Rodzice - UMILOWANI.PL\" \/>\n<meta property=\"og:description\" content=\"Celem warsztat\u00f3w \u201eSzcz\u0119\u015bliwi Rodzice\u201d jest podniesienie kompetencji wychowawczych w\u015br\u00f3d rodzic\u00f3w i pomoc w budowaniu relacji z dzieckiem.\" \/>\n<meta property=\"og:url\" content=\"https:\/\/umilowani.pl\/index.php\/szczesliwi-rodzice\/\" \/>\n<meta property=\"og:site_name\" content=\"UMILOWANI.PL\" \/>\n<meta property=\"article:modified_time\" content=\"2026-01-09T09:06:11+00:00\" \/>\n<meta property=\"og:image\" content=\"https:\/\/umilowani.pl\/wp-content\/uploads\/2024\/10\/Szczesliwi_2026-225x300.jpg\" \/>\n<meta name=\"twitter:card\" content=\"summary_large_image\" \/>\n<meta name=\"twitter:label1\" content=\"Szacowany czas czytania\" \/>\n\t<meta name=\"twitter:data1\" content=\"3 minuty\" \/>\n<script type=\"application\/ld+json\" class=\"yoast-schema-graph\">{\"@context\":\"https:\\\/\\\/schema.org\",\"@graph\":[{\"@type\":\"WebPage\",\"@id\":\"https:\\\/\\\/umilowani.pl\\\/index.php\\\/szczesliwi-rodzice\\\/\",\"url\":\"https:\\\/\\\/umilowani.pl\\\/index.php\\\/szczesliwi-rodzice\\\/\",\"name\":\"Szcz\u0119\u015bliwi Rodzice - UMILOWANI.PL\",\"isPartOf\":{\"@id\":\"https:\\\/\\\/umilowani.pl\\\/#website\"},\"primaryImageOfPage\":{\"@id\":\"https:\\\/\\\/umilowani.pl\\\/index.php\\\/szczesliwi-rodzice\\\/#primaryimage\"},\"image\":{\"@id\":\"https:\\\/\\\/umilowani.pl\\\/index.php\\\/szczesliwi-rodzice\\\/#primaryimage\"},\"thumbnailUrl\":\"https:\\\/\\\/umilowani.pl\\\/wp-content\\\/uploads\\\/2024\\\/10\\\/Szczesliwi_2026-225x300.jpg\",\"datePublished\":\"2016-10-28T19:29:46+00:00\",\"dateModified\":\"2026-01-09T09:06:11+00:00\",\"description\":\"Celem warsztat\u00f3w \u201eSzcz\u0119\u015bliwi Rodzice\u201d jest podniesienie kompetencji wychowawczych w\u015br\u00f3d rodzic\u00f3w i pomoc w budowaniu relacji z dzieckiem.\",\"breadcrumb\":{\"@id\":\"https:\\\/\\\/umilowani.pl\\\/index.php\\\/szczesliwi-rodzice\\\/#breadcrumb\"},\"inLanguage\":\"pl-PL\",\"potentialAction\":[{\"@type\":\"ReadAction\",\"target\":[\"https:\\\/\\\/umilowani.pl\\\/index.php\\\/szczesliwi-rodzice\\\/\"]}]},{\"@type\":\"ImageObject\",\"inLanguage\":\"pl-PL\",\"@id\":\"https:\\\/\\\/umilowani.pl\\\/index.php\\\/szczesliwi-rodzice\\\/#primaryimage\",\"url\":\"https:\\\/\\\/umilowani.pl\\\/wp-content\\\/uploads\\\/2024\\\/10\\\/Szczesliwi_2026.jpg\",\"contentUrl\":\"https:\\\/\\\/umilowani.pl\\\/wp-content\\\/uploads\\\/2024\\\/10\\\/Szczesliwi_2026.jpg\",\"width\":1499,\"height\":1996},{\"@type\":\"BreadcrumbList\",\"@id\":\"https:\\\/\\\/umilowani.pl\\\/index.php\\\/szczesliwi-rodzice\\\/#breadcrumb\",\"itemListElement\":[{\"@type\":\"ListItem\",\"position\":1,\"name\":\"Strona g\u0142\u00f3wna\",\"item\":\"https:\\\/\\\/umilowani.pl\\\/\"},{\"@type\":\"ListItem\",\"position\":2,\"name\":\"Szcz\u0119\u015bliwi Rodzice\"}]},{\"@type\":\"WebSite\",\"@id\":\"https:\\\/\\\/umilowani.pl\\\/#website\",\"url\":\"https:\\\/\\\/umilowani.pl\\\/\",\"name\":\"UMILOWANI.PL\",\"description\":\"Ma\u0142\u017ce\u0144stwo, mi\u0142o\u015b\u0107\",\"publisher\":{\"@id\":\"https:\\\/\\\/umilowani.pl\\\/#\\\/schema\\\/person\\\/600a3e0031b2b450828be24ac2027c8a\"},\"potentialAction\":[{\"@type\":\"SearchAction\",\"target\":{\"@type\":\"EntryPoint\",\"urlTemplate\":\"https:\\\/\\\/umilowani.pl\\\/?s={search_term_string}\"},\"query-input\":{\"@type\":\"PropertyValueSpecification\",\"valueRequired\":true,\"valueName\":\"search_term_string\"}}],\"inLanguage\":\"pl-PL\"},{\"@type\":[\"Person\",\"Organization\"],\"@id\":\"https:\\\/\\\/umilowani.pl\\\/#\\\/schema\\\/person\\\/600a3e0031b2b450828be24ac2027c8a\",\"name\":\"UMILOWANI.PL\",\"image\":{\"@type\":\"ImageObject\",\"inLanguage\":\"pl-PL\",\"@id\":\"https:\\\/\\\/umilowani.pl\\\/wp-content\\\/uploads\\\/2022\\\/07\\\/cropped-6.png\",\"url\":\"https:\\\/\\\/umilowani.pl\\\/wp-content\\\/uploads\\\/2022\\\/07\\\/cropped-6.png\",\"contentUrl\":\"https:\\\/\\\/umilowani.pl\\\/wp-content\\\/uploads\\\/2022\\\/07\\\/cropped-6.png\",\"width\":512,\"height\":512,\"caption\":\"UMILOWANI.PL\"},\"logo\":{\"@id\":\"https:\\\/\\\/umilowani.pl\\\/wp-content\\\/uploads\\\/2022\\\/07\\\/cropped-6.png\"}}]}<\/script>\n<!-- \/ Yoast SEO plugin. -->","yoast_head_json":{"title":"Szcz\u0119\u015bliwi Rodzice - UMILOWANI.PL","description":"Celem warsztat\u00f3w \u201eSzcz\u0119\u015bliwi Rodzice\u201d jest podniesienie kompetencji wychowawczych w\u015br\u00f3d rodzic\u00f3w i pomoc w budowaniu relacji z dzieckiem.","robots":{"index":"index","follow":"follow","max-snippet":"max-snippet:-1","max-image-preview":"max-image-preview:large","max-video-preview":"max-video-preview:-1"},"canonical":"https:\/\/umilowani.pl\/index.php\/szczesliwi-rodzice\/","og_locale":"pl_PL","og_type":"article","og_title":"Szcz\u0119\u015bliwi Rodzice - UMILOWANI.PL","og_description":"Celem warsztat\u00f3w \u201eSzcz\u0119\u015bliwi Rodzice\u201d jest podniesienie kompetencji wychowawczych w\u015br\u00f3d rodzic\u00f3w i pomoc w budowaniu relacji z dzieckiem.","og_url":"https:\/\/umilowani.pl\/index.php\/szczesliwi-rodzice\/","og_site_name":"UMILOWANI.PL","article_modified_time":"2026-01-09T09:06:11+00:00","og_image":[{"url":"https:\/\/umilowani.pl\/wp-content\/uploads\/2024\/10\/Szczesliwi_2026-225x300.jpg","type":"","width":"","height":""}],"twitter_card":"summary_large_image","twitter_misc":{"Szacowany czas czytania":"3 minuty"},"schema":{"@context":"https:\/\/schema.org","@graph":[{"@type":"WebPage","@id":"https:\/\/umilowani.pl\/index.php\/szczesliwi-rodzice\/","url":"https:\/\/umilowani.pl\/index.php\/szczesliwi-rodzice\/","name":"Szcz\u0119\u015bliwi Rodzice - UMILOWANI.PL","isPartOf":{"@id":"https:\/\/umilowani.pl\/#website"},"primaryImageOfPage":{"@id":"https:\/\/umilowani.pl\/index.php\/szczesliwi-rodzice\/#primaryimage"},"image":{"@id":"https:\/\/umilowani.pl\/index.php\/szczesliwi-rodzice\/#primaryimage"},"thumbnailUrl":"https:\/\/umilowani.pl\/wp-content\/uploads\/2024\/10\/Szczesliwi_2026-225x300.jpg","datePublished":"2016-10-28T19:29:46+00:00","dateModified":"2026-01-09T09:06:11+00:00","description":"Celem warsztat\u00f3w \u201eSzcz\u0119\u015bliwi Rodzice\u201d jest podniesienie kompetencji wychowawczych w\u015br\u00f3d rodzic\u00f3w i pomoc w budowaniu relacji z dzieckiem.","breadcrumb":{"@id":"https:\/\/umilowani.pl\/index.php\/szczesliwi-rodzice\/#breadcrumb"},"inLanguage":"pl-PL","potentialAction":[{"@type":"ReadAction","target":["https:\/\/umilowani.pl\/index.php\/szczesliwi-rodzice\/"]}]},{"@type":"ImageObject","inLanguage":"pl-PL","@id":"https:\/\/umilowani.pl\/index.php\/szczesliwi-rodzice\/#primaryimage","url":"https:\/\/umilowani.pl\/wp-content\/uploads\/2024\/10\/Szczesliwi_2026.jpg","contentUrl":"https:\/\/umilowani.pl\/wp-content\/uploads\/2024\/10\/Szczesliwi_2026.jpg","width":1499,"height":1996},{"@type":"BreadcrumbList","@id":"https:\/\/umilowani.pl\/index.php\/szczesliwi-rodzice\/#breadcrumb","itemListElement":[{"@type":"ListItem","position":1,"name":"Strona g\u0142\u00f3wna","item":"https:\/\/umilowani.pl\/"},{"@type":"ListItem","position":2,"name":"Szcz\u0119\u015bliwi Rodzice"}]},{"@type":"WebSite","@id":"https:\/\/umilowani.pl\/#website","url":"https:\/\/umilowani.pl\/","name":"UMILOWANI.PL","description":"Ma\u0142\u017ce\u0144stwo, mi\u0142o\u015b\u0107","publisher":{"@id":"https:\/\/umilowani.pl\/#\/schema\/person\/600a3e0031b2b450828be24ac2027c8a"},"potentialAction":[{"@type":"SearchAction","target":{"@type":"EntryPoint","urlTemplate":"https:\/\/umilowani.pl\/?s={search_term_string}"},"query-input":{"@type":"PropertyValueSpecification","valueRequired":true,"valueName":"search_term_string"}}],"inLanguage":"pl-PL"},{"@type":["Person","Organization"],"@id":"https:\/\/umilowani.pl\/#\/schema\/person\/600a3e0031b2b450828be24ac2027c8a","name":"UMILOWANI.PL","image":{"@type":"ImageObject","inLanguage":"pl-PL","@id":"https:\/\/umilowani.pl\/wp-content\/uploads\/2022\/07\/cropped-6.png","url":"https:\/\/umilowani.pl\/wp-content\/uploads\/2022\/07\/cropped-6.png","contentUrl":"https:\/\/umilowani.pl\/wp-content\/uploads\/2022\/07\/cropped-6.png","width":512,"height":512,"caption":"UMILOWANI.PL"},"logo":{"@id":"https:\/\/umilowani.pl\/wp-content\/uploads\/2022\/07\/cropped-6.png"}}]}},"_links":{"self":[{"href":"https:\/\/umilowani.pl\/index.php\/wp-json\/wp\/v2\/pages\/124","targetHints":{"allow":["GET"]}}],"collection":[{"href":"https:\/\/umilowani.pl\/index.php\/wp-json\/wp\/v2\/pages"}],"about":[{"href":"https:\/\/umilowani.pl\/index.php\/wp-json\/wp\/v2\/types\/page"}],"author":[{"embeddable":true,"href":"https:\/\/umilowani.pl\/index.php\/wp-json\/wp\/v2\/users\/1"}],"replies":[{"embeddable":true,"href":"https:\/\/umilowani.pl\/index.php\/wp-json\/wp\/v2\/comments?post=124"}],"version-history":[{"count":7,"href":"https:\/\/umilowani.pl\/index.php\/wp-json\/wp\/v2\/pages\/124\/revisions"}],"predecessor-version":[{"id":19155,"href":"https:\/\/umilowani.pl\/index.php\/wp-json\/wp\/v2\/pages\/124\/revisions\/19155"}],"wp:attachment":[{"href":"https:\/\/umilowani.pl\/index.php\/wp-json\/wp\/v2\/media?parent=124"}],"curies":[{"name":"wp","href":"https:\/\/api.w.org\/{rel}","templated":true}]}}