{"id":1333,"date":"2017-01-02T21:04:14","date_gmt":"2017-01-02T20:04:14","guid":{"rendered":"http:\/\/umilowani.pl\/?page_id=1333"},"modified":"2024-12-02T11:01:10","modified_gmt":"2024-12-02T10:01:10","slug":"intymnosc","status":"publish","type":"page","link":"https:\/\/umilowani.pl\/index.php\/intymnosc\/","title":{"rendered":"Intymno\u015b\u0107"},"content":{"rendered":"<p>[et_pb_section fb_built=&#8221;1&#8243; custom_padding_last_edited=&#8221;on|desktop&#8221; admin_label=&#8221;section&#8221; _builder_version=&#8221;4.9.3&#8243; background_color=&#8221;#FFFFFF&#8221; custom_padding_tablet=&#8221;50px|0|50px|0&#8243; custom_padding_phone=&#8221;&#8221; transparent_background=&#8221;on&#8221; padding_mobile=&#8221;off&#8221; make_fullwidth=&#8221;off&#8221; use_custom_width=&#8221;off&#8221; width_unit=&#8221;on&#8221; custom_width_px=&#8221;1080px&#8221; custom_width_percent=&#8221;80%&#8221;][et_pb_row padding_mobile=&#8221;off&#8221; column_padding_mobile=&#8221;on&#8221; admin_label=&#8221;row&#8221; _builder_version=&#8221;4.9.3&#8243; background_size=&#8221;initial&#8221; background_position=&#8221;top_left&#8221; background_repeat=&#8221;repeat&#8221; width=&#8221;100%&#8221; max_width=&#8221;100%&#8221; make_fullwidth=&#8221;off&#8221; use_custom_width=&#8221;on&#8221; width_unit=&#8221;off&#8221; custom_width_percent=&#8221;90%&#8221;][et_pb_column type=&#8221;4_4&#8243; _builder_version=&#8221;4.9.3&#8243; background_color=&#8221;rgba(0,0,0,0)&#8221; custom_padding=&#8221;|||&#8221; custom_padding__hover=&#8221;|||&#8221;][et_pb_blurb title=&#8221;INTYMNO\u015a\u0106&#8221; image=&#8221;https:\/\/umilowani.pl\/wp-content\/uploads\/2024\/12\/Intymnosc_obrazek2.jpg&#8221; alt=&#8221;Zamys\u0142&#8221; image_max_width=&#8221;75%&#8221; content_max_width=&#8221;90%&#8221; admin_label=&#8221;Blurb&#8221; _builder_version=&#8221;4.9.3&#8243; header_font_size=&#8221;16&#8243; header_line_height=&#8221;1.6em&#8221; body_font_size=&#8221;16px&#8221; background_size=&#8221;initial&#8221; background_position=&#8221;top_left&#8221; background_repeat=&#8221;repeat&#8221; text_orientation=&#8221;center&#8221; animation=&#8221;off&#8221; hover_enabled=&#8221;0&#8243; border_color_all=&#8221;#000000&#8243; border_width_all_image=&#8221;1px&#8221; border_color_all_image=&#8221;#043518&#8243; use_border_color=&#8221;off&#8221; border_color=&#8221;#ffffff&#8221; border_style=&#8221;solid&#8221; sticky_enabled=&#8221;0&#8243;]<\/p>\n<div class=\"et_pb_slide_content\" style=\"text-align: center;\">\n<div class=\"et_pb_slide_content\">\n<div>\n<p>&nbsp;<\/p>\n<p><span style=\"color: #a0b34d;\"><strong><em>\u201e\u017bONATY M\u0118\u017bCZYZNA NIE POWINIEN UTRZYMYWA\u0106 BLISKICH RELACJI Z \u017bADN\u0104 KOBIET\u0104 POZA W\u0141ASN\u0104 \u017bON\u0104\u201d.<br \/><\/em><\/strong>Jan Budziaszek \u201eDo nieba idzie si\u0119\u2026\u201d<\/span><\/p>\n<div class=\"et_pb_slide_content\">\n<div class=\"et_pb_slide_content\">\n<p><strong><em>\u00a0<\/em><\/strong><\/p>\n<p>Seksualno\u015b\u0107 i intymno\u015b\u0107 to najbardziej osobista i delikatna sfera \u017cycia ma\u0142\u017ce\u0144skiego, kt\u00f3ra odzwierciedla og\u00f3lny stan ma\u0142\u017ce\u0144stwa. Upraszczaj\u0105c, satysfakcjonuj\u0105ce \u017cycie seksualne w ma\u0142\u017ce\u0144stwie jest przejawem udanej relacji ma\u0142\u017ce\u0144skiej. Brak spe\u0142nienia w tej sferze wskazuje na trudno\u015bci, z kt\u00f3rymi mniej lub bardziej \u015bwiadomie, borykaj\u0105 si\u0119 ma\u0142\u017conkowie.<\/p>\n<h3>\u00a0<\/h3>\n<h3>Intymno\u015b\u0107 a ma\u0142\u017ce\u0144stwo<\/h3>\n<p>&nbsp;<\/p>\n<p>Zanim rozpoczniemy rozwa\u017cania na temat seksualno\u015bci, zastan\u00f3wmy si\u0119 nad zwi\u0105zkiem mi\u0119dzy wsp\u00f3\u0142\u017cyciem seksualnym i ma\u0142\u017ce\u0144stwem (Chapman G., 2014, 2016; Dziewiecki M., 2014a, 2014b; Gungor M., 2008; Guzewicz M., 2011, 2018; Hart A.D., Weber C.H., Taylor D.L., 2009; Knotz K., 2009, 2010; Pulikowski J., 2008, 2012, 2017; Wo\u0142ochowicz M. i P., 2012a):<\/p>\n<div class=\"et_pb_slide_content\">\n<div class=\"et_pb_slide_content\">\n<div>\n<p>&#8211; Wsp\u00f3\u0142\u017cycie seksualne to wyj\u0105tkowa relacja mi\u0119dzy kobiet\u0105 i m\u0119\u017cczyzn\u0105, kt\u00f3ra przenika wszystkie dziedziny osobowo\u015bci cz\u0142owieka.<br \/>&#8211; Akt seksualny wyp\u0142ywaj\u0105cy z mi\u0142o\u015bci domaga si\u0119 bezpiecze\u0144stwa, czysto\u015bci, wierno\u015bci i wy\u0142\u0105czno\u015bci.<br \/>&#8211; Wsp\u00f3\u0142\u017cycie seksualne to jedyny aspekt w ludzkiej relacji, kt\u00f3rym powinni\u015bmy dzieli\u0107 si\u0119 wy\u0142\u0105cznie z jedn\u0105 osob\u0105 (wsp\u00f3\u0142ma\u0142\u017conkiem).<br \/>&#8211; Przez swoj\u0105 wyj\u0105tkowo\u015b\u0107 i g\u0142\u0119bi\u0119 oraz mo\u017cliwo\u015b\u0107 pocz\u0119cia dziecka, wsp\u00f3\u0142\u017cycie seksualne jest zarezerwowane do szczeg\u00f3lnej formy zwi\u0105zku, jak\u0105 jest ma\u0142\u017ce\u0144stwo.<\/p>\n<p><em>\u201eMi\u0142o\u015b\u0107, kt\u00f3ra \u0142\u0105czy m\u0119\u017ca i \u017con\u0119 jest najsilniejsz\u0105 z wyobra\u017calnych wi\u0119zi, dlatego nieod\u0142\u0105cznie wi\u0105\u017ce si\u0119 z najsilniejszym z wyobra\u017calnych gest\u00f3w jakim jest akt ma\u0142\u017ce\u0144ski<\/em> (Dziewiecki M., 2014)\u201d. W\u0142a\u015bnie dlatego mi\u0142o\u015b\u0107 i wsp\u00f3\u0142\u017cycie s\u0105 przywilejem wy\u0142\u0105cznie ma\u0142\u017ce\u0144stwa. \u017bycie w ma\u0142\u017ce\u0144stwie, a tym samym, cieszenie si\u0119 aktem seksualnym, nie jest drog\u0105 dla wszystkich. Istnieje jednak bardzo silna pokusa, by korzysta\u0107 ze wsp\u00f3\u0142\u017cycia poza ma\u0142\u017ce\u0144stwem. Taka postawa jest bardzo egoistyczna i zdecydowanie daleka od mi\u0142o\u015bci. Niesie ze sob\u0105 r\u00f3wnie\u017c wiele zagro\u017ce\u0144.<\/p>\n<p>Je\u015bli zgodzimy si\u0119 z powy\u017cszymi pogl\u0105dami na temat wsp\u00f3\u0142\u017cycia i ma\u0142\u017ce\u0144stwa \u0142atwiej b\u0119dzie nam przyj\u0105\u0107 dwa najwa\u017cniejsze cele aktu ma\u0142\u017ce\u0144skiego. S\u0105 nimi: jedno\u015b\u0107 ma\u0142\u017ce\u0144ska i rodzicielstwo. Nie w ka\u017cdym akcie ma\u0142\u017ce\u0144skim jest mo\u017cliwe pocz\u0119cie dziecka, ale w ka\u017cdym akcie realizuje si\u0119 jedno\u015b\u0107 pary ma\u0142\u017ce\u0144skiej. Sam akt ma\u0142\u017ce\u0144ski jest inaczej prze\u017cywany przez kobiet\u0119 i m\u0119\u017cczyzn\u0119, co ilustruje tabela (Wo\u0142ochowicz M. i P., 2012a<em>;<\/em> Tab. 1):<\/p>\n<p>&nbsp;<\/p>\n<h3>Intymno\u015b\u0107 a czysto\u015b\u0107 ma\u0142\u017ce\u0144ska<\/h3>\n<p>&nbsp;<\/p>\n<p>M\u00f3wi\u0105c o wsp\u00f3\u0142\u017cyciu warto wspomnie\u0107 o czysto\u015bci ma\u0142\u017ce\u0144skiej. Rozumiemy j\u0105 jako powierzenie sfery seksualnej wy\u0142\u0105cznie wsp\u00f3\u0142ma\u0142\u017conkowi bez naruszania wzajemnej godno\u015bci. Czysto\u015b\u0107 jest jednocze\u015bnie wyrazem ich wzajemnej mi\u0142o\u015bci i zaufania oraz jednym z przejaw\u00f3w wsp\u00f3lnego, ma\u0142\u017ce\u0144skiego \u017cycia. <em>\u201eCzysto\u015b\u0107 to owoc mi\u0142o\u015bci, gdy\u017c tylko mi\u0142o\u015b\u0107 sprawia,<\/em> <em>\u017ce druga osoba staje si\u0119 dla nas wa\u017cniejsza ni\u017c przyjemno\u015b\u0107<\/em>\u201d (Dziewiecki M., 2017). Kszta\u0142towaniu i umacnianiu czysto\u015bci ma\u0142\u017ce\u0144skiej s\u0142u\u017c\u0105 m.in.: (Dziewiecki M., 2014b; Guzewicz M., 2018; Knotz K., 2009, 2010; Wo\u0142ochowicz M. i P., 2012a).<\/p>\n<p>&#8211; wierno\u015b\u0107 wsp\u00f3\u0142ma\u0142\u017conkowi,<br \/>&#8211; budowanie g\u0142\u0119bszej relacji (szczeg\u00f3lnie intymnej) wy\u0142\u0105cznie z ma\u0142\u017conkiem,<br \/>&#8211; traktowanie aktu ma\u0142\u017ce\u0144skiego jako daru z siebie (szczeg\u00f3lnie nago\u015bci),<br \/>&#8211; eliminowanie i demaskowanie u siebie i os\u00f3b trzecich tych zachowa\u0144, kt\u00f3re zagra\u017caj\u0105 wierno\u015bci ma\u0142\u017ce\u0144skiej,<br \/>&#8211; poznawanie r\u00f3\u017cnic seksualnych,<br \/>&#8211; jedno\u015b\u0107 w sypialni (wsp\u00f3lne \u0142\u00f3\u017cko i ko\u0142dra, ta sama pora zasypiania),<br \/>&#8211; \u017cycie zgodne z Naturalnym Planowaniem Rodziny.<\/p>\n<p>Czysto\u015b\u0107 ma\u0142\u017ce\u0144ska sprawia, \u017ce seks jest wyrazem mi\u0142o\u015bci do wsp\u00f3\u0142ma\u0142\u017conka, a nie jedynie po\u017c\u0105daniem jego cia\u0142a. Pomaga umocni\u0107 wi\u0119\u017a i mi\u0142o\u015b\u0107 ma\u0142\u017ce\u0144sk\u0105 oraz odpiera\u0107 egoistyczne, seksualne pokusy (onanizm, pornografia, zdrady, antykoncepcja itd.). Czysto\u015b\u0107 ma\u0142\u017ce\u0144ska po prostu chroni nas przed wyuzdaniem i grzechem (Dziewiecki M., 2012, 2014a, 2014b; Gungor M., 2008; Guzewicz M., 2011, 2017, 2018; Knotz K., 2009, 2010; Wo\u0142ochowicz M. i P., 2012a).<\/p>\n<p>&nbsp;<\/p>\n<h3>R\u00f3\u017cnice mi\u0119dzy kobiet\u0105 i m\u0119\u017cczyzn\u0105<\/h3>\n<p>&nbsp;<\/p>\n<p>Kobieta i m\u0119\u017cczyzna r\u00f3\u017cni\u0105 si\u0119 w swojej seksualno\u015bci. By zrozumie\u0107, co mamy na my\u015bli, pos\u0142u\u017cymy si\u0119 uproszczonym stwierdzeniem.<\/p>\n<p>&#8211; Dla kobiety wsp\u00f3\u0142\u017cycie jest najg\u0142\u0119bszym wyrazem mi\u0142o\u015bci do m\u0119\u017ca.<br \/>&#8211; Dla m\u0119\u017cczyzny wsp\u00f3\u0142\u017cycie umacnia i wzmaga mi\u0142o\u015b\u0107 do \u017cony.<\/p>\n<p>\u015awiadomo\u015b\u0107 r\u00f3\u017cnic seksualnych mi\u0119dzy kobiet\u0105 i m\u0119\u017cczyzn\u0105 nie jest recept\u0105 na udane \u017cycie intymne w ma\u0142\u017ce\u0144stwie. Najwa\u017cniejsze jest to, by zda\u0107 sobie z nich spraw\u0119, zaakceptowa\u0107 je, porozmawia\u0107 o nich. Tylko w spokojnym dialogu istnieje szansa na wypracowanie wsp\u00f3lnej wizji aktu ma\u0142\u017ce\u0144skiego.<\/p>\n<p>Przypatrzmy si\u0119 zatem wybranym i schematycznym r\u00f3\u017cnicom seksualnym mi\u0119dzy kobiet\u0105 i m\u0119\u017cczyzn\u0105 (Chapman G., 2016,; Dillow L., 2011; Gungor M., 2008; Guzewicz M., 2011, 2018; Hart A.D., Weber C.H., Taylor D.L., 2009; Knotz K., 2009; Larimore W. i B., 2019; Thomas G. L., 2017; Wo\u0142ochowicz M. i P., 2012a; Tab. 2). Nie szukajmy u siebie wszystkich wymienionych cech na si\u0142\u0119, bo mo\u017ce okaza\u0107 si\u0119, \u017ce cz\u0119\u015b\u0107 z nich bardziej charakteryzuje naszego wsp\u00f3\u0142ma\u0142\u017conka. Zach\u0119camy do tego, by zastanowi\u0107 si\u0119 nad tym jacy naprawd\u0119 jeste\u015bmy.<\/p>\n<p>W kolejnej tabeli podajemy kilka wskaz\u00f3wek w kontek\u015bcie aktu ma\u0142\u017ce\u0144skiego. Wskaz\u00f3wki te mog\u0105 nam pom\u00f3c pi\u0119knie prze\u017cywa\u0107 ma\u0142\u017ce\u0144sk\u0105 sfer\u0119 intymn\u0105 (Chapman G., 2016,; Dillow L., 2011; Gungor M., 2008; Guzewicz M., 2011; Hart A.D., Weber C.H., Taylor D.L., 2009; Knotz K., 2009; Larimore W. i B., 2019; Wo\u0142ochowicz M. i P., 2012a; Tab. 3).<\/p>\n<p>&nbsp;<\/p>\n<p><a href=\"https:\/\/umilowani.pl\/wp-content\/uploads\/2024\/10\/Intymnosc-tabela-pierwsza.jpg\"><img loading=\"lazy\" decoding=\"async\" class=\"aligncenter wp-image-17309\" src=\"https:\/\/umilowani.pl\/wp-content\/uploads\/2024\/10\/Intymnosc-tabela-pierwsza-300x107.jpg\" alt=\"\" width=\"842\" height=\"300\" \/><\/a><\/p>\n<p>&nbsp;<\/p>\n<p><a href=\"https:\/\/umilowani.pl\/wp-content\/uploads\/2024\/10\/Intymnosc-tabela-druga.jpg\"><img loading=\"lazy\" decoding=\"async\" class=\"aligncenter wp-image-17308\" src=\"https:\/\/umilowani.pl\/wp-content\/uploads\/2024\/10\/Intymnosc-tabela-druga-300x138.jpg\" alt=\"\" width=\"654\" height=\"300\" \/><\/a><\/p>\n<p>&nbsp;<\/p>\n<p><a href=\"https:\/\/umilowani.pl\/wp-content\/uploads\/2024\/10\/Intymnosc-tabela-trzecia.jpg\"><img loading=\"lazy\" decoding=\"async\" class=\"aligncenter wp-image-17310\" src=\"https:\/\/umilowani.pl\/wp-content\/uploads\/2024\/10\/Intymnosc-tabela-trzecia-300x138.jpg\" alt=\"\" width=\"654\" height=\"300\" \/><\/a><\/p>\n<\/div>\n<\/div>\n<\/div>\n<\/div>\n<\/div>\n<\/div>\n<\/div>\n<\/div>\n<p>[\/et_pb_blurb][\/et_pb_column][\/et_pb_row][\/et_pb_section]<\/p>\n","protected":false},"excerpt":{"rendered":"<p>[et_pb_section fb_built=&#8221;1&#8243; custom_padding_last_edited=&#8221;on|desktop&#8221; admin_label=&#8221;section&#8221; _builder_version=&#8221;4.9.3&#8243; background_color=&#8221;#FFFFFF&#8221; custom_padding_tablet=&#8221;50px|0|50px|0&#8243; custom_padding_phone=&#8221;&#8221; transparent_background=&#8221;on&#8221; padding_mobile=&#8221;off&#8221; make_fullwidth=&#8221;off&#8221; use_custom_width=&#8221;off&#8221; width_unit=&#8221;on&#8221; custom_width_px=&#8221;1080px&#8221; custom_width_percent=&#8221;80%&#8221;][et_pb_row padding_mobile=&#8221;off&#8221; column_padding_mobile=&#8221;on&#8221; admin_label=&#8221;row&#8221; _builder_version=&#8221;4.9.3&#8243; background_size=&#8221;initial&#8221; background_position=&#8221;top_left&#8221; background_repeat=&#8221;repeat&#8221; width=&#8221;100%&#8221; max_width=&#8221;100%&#8221; make_fullwidth=&#8221;off&#8221; use_custom_width=&#8221;on&#8221; width_unit=&#8221;off&#8221; custom_width_percent=&#8221;90%&#8221;][et_pb_column type=&#8221;4_4&#8243; _builder_version=&#8221;4.9.3&#8243; background_color=&#8221;rgba(0,0,0,0)&#8221; custom_padding=&#8221;|||&#8221; custom_padding__hover=&#8221;|||&#8221;][et_pb_blurb title=&#8221;INTYMNO\u015a\u0106&#8221; image=&#8221;https:\/\/umilowani.pl\/wp-content\/uploads\/2024\/12\/Intymnosc_obrazek2.jpg&#8221; alt=&#8221;Zamys\u0142&#8221; image_max_width=&#8221;75%&#8221; content_max_width=&#8221;90%&#8221; admin_label=&#8221;Blurb&#8221; _builder_version=&#8221;4.9.3&#8243; header_font_size=&#8221;16&#8243; header_line_height=&#8221;1.6em&#8221; body_font_size=&#8221;16px&#8221; background_size=&#8221;initial&#8221; background_position=&#8221;top_left&#8221; background_repeat=&#8221;repeat&#8221; text_orientation=&#8221;center&#8221; animation=&#8221;off&#8221; hover_enabled=&#8221;0&#8243; border_color_all=&#8221;#000000&#8243; border_width_all_image=&#8221;1px&#8221; border_color_all_image=&#8221;#043518&#8243; use_border_color=&#8221;off&#8221; border_color=&#8221;#ffffff&#8221; border_style=&#8221;solid&#8221; [&hellip;]<\/p>\n","protected":false},"author":1,"featured_media":0,"parent":0,"menu_order":0,"comment_status":"closed","ping_status":"closed","template":"","meta":{"_et_pb_use_builder":"on","_et_pb_old_content":"","_et_gb_content_width":"","footnotes":""},"class_list":["post-1333","page","type-page","status-publish","hentry"],"yoast_head":"<!-- This site is optimized with the Yoast SEO plugin v27.4 - https:\/\/yoast.com\/product\/yoast-seo-wordpress\/ -->\n<title>Intymno\u015b\u0107 - UMILOWANI.PL<\/title>\n<meta name=\"description\" content=\"Intymno\u015b\u0107 seksualna to najbardziej osobista i delikatna sfera \u017cycia ma\u0142\u017ce\u0144skiego, kt\u00f3ra odzwierciedla og\u00f3lny stan ma\u0142\u017ce\u0144stwa.\" \/>\n<meta name=\"robots\" content=\"index, follow, max-snippet:-1, max-image-preview:large, max-video-preview:-1\" \/>\n<link rel=\"canonical\" href=\"https:\/\/umilowani.pl\/index.php\/intymnosc\/\" \/>\n<meta property=\"og:locale\" content=\"pl_PL\" \/>\n<meta property=\"og:type\" content=\"article\" \/>\n<meta property=\"og:title\" content=\"Intymno\u015b\u0107 - UMILOWANI.PL\" \/>\n<meta property=\"og:description\" content=\"Intymno\u015b\u0107 seksualna to najbardziej osobista i delikatna sfera \u017cycia ma\u0142\u017ce\u0144skiego, kt\u00f3ra odzwierciedla og\u00f3lny stan ma\u0142\u017ce\u0144stwa.\" \/>\n<meta property=\"og:url\" content=\"https:\/\/umilowani.pl\/index.php\/intymnosc\/\" \/>\n<meta property=\"og:site_name\" content=\"UMILOWANI.PL\" \/>\n<meta property=\"article:modified_time\" content=\"2024-12-02T10:01:10+00:00\" \/>\n<meta property=\"og:image\" content=\"https:\/\/umilowani.pl\/wp-content\/uploads\/2024\/10\/Intymnosc-tabela-pierwsza-300x107.jpg\" \/>\n<meta name=\"twitter:card\" content=\"summary_large_image\" \/>\n<meta name=\"twitter:label1\" content=\"Szacowany czas czytania\" \/>\n\t<meta name=\"twitter:data1\" content=\"11 minut\" \/>\n<script type=\"application\/ld+json\" class=\"yoast-schema-graph\">{\"@context\":\"https:\\\/\\\/schema.org\",\"@graph\":[{\"@type\":\"WebPage\",\"@id\":\"https:\\\/\\\/umilowani.pl\\\/index.php\\\/intymnosc\\\/\",\"url\":\"https:\\\/\\\/umilowani.pl\\\/index.php\\\/intymnosc\\\/\",\"name\":\"Intymno\u015b\u0107 - UMILOWANI.PL\",\"isPartOf\":{\"@id\":\"https:\\\/\\\/umilowani.pl\\\/#website\"},\"primaryImageOfPage\":{\"@id\":\"https:\\\/\\\/umilowani.pl\\\/index.php\\\/intymnosc\\\/#primaryimage\"},\"image\":{\"@id\":\"https:\\\/\\\/umilowani.pl\\\/index.php\\\/intymnosc\\\/#primaryimage\"},\"thumbnailUrl\":\"https:\\\/\\\/umilowani.pl\\\/wp-content\\\/uploads\\\/2024\\\/10\\\/Intymnosc-tabela-pierwsza-300x107.jpg\",\"datePublished\":\"2017-01-02T20:04:14+00:00\",\"dateModified\":\"2024-12-02T10:01:10+00:00\",\"description\":\"Intymno\u015b\u0107 seksualna to najbardziej osobista i delikatna sfera \u017cycia ma\u0142\u017ce\u0144skiego, kt\u00f3ra odzwierciedla og\u00f3lny stan ma\u0142\u017ce\u0144stwa.\",\"breadcrumb\":{\"@id\":\"https:\\\/\\\/umilowani.pl\\\/index.php\\\/intymnosc\\\/#breadcrumb\"},\"inLanguage\":\"pl-PL\",\"potentialAction\":[{\"@type\":\"ReadAction\",\"target\":[\"https:\\\/\\\/umilowani.pl\\\/index.php\\\/intymnosc\\\/\"]}]},{\"@type\":\"ImageObject\",\"inLanguage\":\"pl-PL\",\"@id\":\"https:\\\/\\\/umilowani.pl\\\/index.php\\\/intymnosc\\\/#primaryimage\",\"url\":\"https:\\\/\\\/umilowani.pl\\\/wp-content\\\/uploads\\\/2024\\\/10\\\/Intymnosc-tabela-pierwsza.jpg\",\"contentUrl\":\"https:\\\/\\\/umilowani.pl\\\/wp-content\\\/uploads\\\/2024\\\/10\\\/Intymnosc-tabela-pierwsza.jpg\",\"width\":1934,\"height\":689,\"caption\":\"Intymno\u015b\u0107, tabela pierwsza\"},{\"@type\":\"BreadcrumbList\",\"@id\":\"https:\\\/\\\/umilowani.pl\\\/index.php\\\/intymnosc\\\/#breadcrumb\",\"itemListElement\":[{\"@type\":\"ListItem\",\"position\":1,\"name\":\"Strona g\u0142\u00f3wna\",\"item\":\"https:\\\/\\\/umilowani.pl\\\/\"},{\"@type\":\"ListItem\",\"position\":2,\"name\":\"Intymno\u015b\u0107\"}]},{\"@type\":\"WebSite\",\"@id\":\"https:\\\/\\\/umilowani.pl\\\/#website\",\"url\":\"https:\\\/\\\/umilowani.pl\\\/\",\"name\":\"UMILOWANI.PL\",\"description\":\"Ma\u0142\u017ce\u0144stwo, mi\u0142o\u015b\u0107\",\"publisher\":{\"@id\":\"https:\\\/\\\/umilowani.pl\\\/#\\\/schema\\\/person\\\/600a3e0031b2b450828be24ac2027c8a\"},\"potentialAction\":[{\"@type\":\"SearchAction\",\"target\":{\"@type\":\"EntryPoint\",\"urlTemplate\":\"https:\\\/\\\/umilowani.pl\\\/?s={search_term_string}\"},\"query-input\":{\"@type\":\"PropertyValueSpecification\",\"valueRequired\":true,\"valueName\":\"search_term_string\"}}],\"inLanguage\":\"pl-PL\"},{\"@type\":[\"Person\",\"Organization\"],\"@id\":\"https:\\\/\\\/umilowani.pl\\\/#\\\/schema\\\/person\\\/600a3e0031b2b450828be24ac2027c8a\",\"name\":\"UMILOWANI.PL\",\"image\":{\"@type\":\"ImageObject\",\"inLanguage\":\"pl-PL\",\"@id\":\"https:\\\/\\\/umilowani.pl\\\/wp-content\\\/uploads\\\/2022\\\/07\\\/cropped-6.png\",\"url\":\"https:\\\/\\\/umilowani.pl\\\/wp-content\\\/uploads\\\/2022\\\/07\\\/cropped-6.png\",\"contentUrl\":\"https:\\\/\\\/umilowani.pl\\\/wp-content\\\/uploads\\\/2022\\\/07\\\/cropped-6.png\",\"width\":512,\"height\":512,\"caption\":\"UMILOWANI.PL\"},\"logo\":{\"@id\":\"https:\\\/\\\/umilowani.pl\\\/wp-content\\\/uploads\\\/2022\\\/07\\\/cropped-6.png\"}}]}<\/script>\n<!-- \/ Yoast SEO plugin. -->","yoast_head_json":{"title":"Intymno\u015b\u0107 - UMILOWANI.PL","description":"Intymno\u015b\u0107 seksualna to najbardziej osobista i delikatna sfera \u017cycia ma\u0142\u017ce\u0144skiego, kt\u00f3ra odzwierciedla og\u00f3lny stan ma\u0142\u017ce\u0144stwa.","robots":{"index":"index","follow":"follow","max-snippet":"max-snippet:-1","max-image-preview":"max-image-preview:large","max-video-preview":"max-video-preview:-1"},"canonical":"https:\/\/umilowani.pl\/index.php\/intymnosc\/","og_locale":"pl_PL","og_type":"article","og_title":"Intymno\u015b\u0107 - UMILOWANI.PL","og_description":"Intymno\u015b\u0107 seksualna to najbardziej osobista i delikatna sfera \u017cycia ma\u0142\u017ce\u0144skiego, kt\u00f3ra odzwierciedla og\u00f3lny stan ma\u0142\u017ce\u0144stwa.","og_url":"https:\/\/umilowani.pl\/index.php\/intymnosc\/","og_site_name":"UMILOWANI.PL","article_modified_time":"2024-12-02T10:01:10+00:00","og_image":[{"url":"https:\/\/umilowani.pl\/wp-content\/uploads\/2024\/10\/Intymnosc-tabela-pierwsza-300x107.jpg","type":"","width":"","height":""}],"twitter_card":"summary_large_image","twitter_misc":{"Szacowany czas czytania":"11 minut"},"schema":{"@context":"https:\/\/schema.org","@graph":[{"@type":"WebPage","@id":"https:\/\/umilowani.pl\/index.php\/intymnosc\/","url":"https:\/\/umilowani.pl\/index.php\/intymnosc\/","name":"Intymno\u015b\u0107 - UMILOWANI.PL","isPartOf":{"@id":"https:\/\/umilowani.pl\/#website"},"primaryImageOfPage":{"@id":"https:\/\/umilowani.pl\/index.php\/intymnosc\/#primaryimage"},"image":{"@id":"https:\/\/umilowani.pl\/index.php\/intymnosc\/#primaryimage"},"thumbnailUrl":"https:\/\/umilowani.pl\/wp-content\/uploads\/2024\/10\/Intymnosc-tabela-pierwsza-300x107.jpg","datePublished":"2017-01-02T20:04:14+00:00","dateModified":"2024-12-02T10:01:10+00:00","description":"Intymno\u015b\u0107 seksualna to najbardziej osobista i delikatna sfera \u017cycia ma\u0142\u017ce\u0144skiego, kt\u00f3ra odzwierciedla og\u00f3lny stan ma\u0142\u017ce\u0144stwa.","breadcrumb":{"@id":"https:\/\/umilowani.pl\/index.php\/intymnosc\/#breadcrumb"},"inLanguage":"pl-PL","potentialAction":[{"@type":"ReadAction","target":["https:\/\/umilowani.pl\/index.php\/intymnosc\/"]}]},{"@type":"ImageObject","inLanguage":"pl-PL","@id":"https:\/\/umilowani.pl\/index.php\/intymnosc\/#primaryimage","url":"https:\/\/umilowani.pl\/wp-content\/uploads\/2024\/10\/Intymnosc-tabela-pierwsza.jpg","contentUrl":"https:\/\/umilowani.pl\/wp-content\/uploads\/2024\/10\/Intymnosc-tabela-pierwsza.jpg","width":1934,"height":689,"caption":"Intymno\u015b\u0107, tabela pierwsza"},{"@type":"BreadcrumbList","@id":"https:\/\/umilowani.pl\/index.php\/intymnosc\/#breadcrumb","itemListElement":[{"@type":"ListItem","position":1,"name":"Strona g\u0142\u00f3wna","item":"https:\/\/umilowani.pl\/"},{"@type":"ListItem","position":2,"name":"Intymno\u015b\u0107"}]},{"@type":"WebSite","@id":"https:\/\/umilowani.pl\/#website","url":"https:\/\/umilowani.pl\/","name":"UMILOWANI.PL","description":"Ma\u0142\u017ce\u0144stwo, mi\u0142o\u015b\u0107","publisher":{"@id":"https:\/\/umilowani.pl\/#\/schema\/person\/600a3e0031b2b450828be24ac2027c8a"},"potentialAction":[{"@type":"SearchAction","target":{"@type":"EntryPoint","urlTemplate":"https:\/\/umilowani.pl\/?s={search_term_string}"},"query-input":{"@type":"PropertyValueSpecification","valueRequired":true,"valueName":"search_term_string"}}],"inLanguage":"pl-PL"},{"@type":["Person","Organization"],"@id":"https:\/\/umilowani.pl\/#\/schema\/person\/600a3e0031b2b450828be24ac2027c8a","name":"UMILOWANI.PL","image":{"@type":"ImageObject","inLanguage":"pl-PL","@id":"https:\/\/umilowani.pl\/wp-content\/uploads\/2022\/07\/cropped-6.png","url":"https:\/\/umilowani.pl\/wp-content\/uploads\/2022\/07\/cropped-6.png","contentUrl":"https:\/\/umilowani.pl\/wp-content\/uploads\/2022\/07\/cropped-6.png","width":512,"height":512,"caption":"UMILOWANI.PL"},"logo":{"@id":"https:\/\/umilowani.pl\/wp-content\/uploads\/2022\/07\/cropped-6.png"}}]}},"_links":{"self":[{"href":"https:\/\/umilowani.pl\/index.php\/wp-json\/wp\/v2\/pages\/1333","targetHints":{"allow":["GET"]}}],"collection":[{"href":"https:\/\/umilowani.pl\/index.php\/wp-json\/wp\/v2\/pages"}],"about":[{"href":"https:\/\/umilowani.pl\/index.php\/wp-json\/wp\/v2\/types\/page"}],"author":[{"embeddable":true,"href":"https:\/\/umilowani.pl\/index.php\/wp-json\/wp\/v2\/users\/1"}],"replies":[{"embeddable":true,"href":"https:\/\/umilowani.pl\/index.php\/wp-json\/wp\/v2\/comments?post=1333"}],"version-history":[{"count":12,"href":"https:\/\/umilowani.pl\/index.php\/wp-json\/wp\/v2\/pages\/1333\/revisions"}],"predecessor-version":[{"id":18468,"href":"https:\/\/umilowani.pl\/index.php\/wp-json\/wp\/v2\/pages\/1333\/revisions\/18468"}],"wp:attachment":[{"href":"https:\/\/umilowani.pl\/index.php\/wp-json\/wp\/v2\/media?parent=1333"}],"curies":[{"name":"wp","href":"https:\/\/api.w.org\/{rel}","templated":true}]}}