{"id":2,"date":"2016-10-28T10:05:46","date_gmt":"2016-10-28T08:05:46","guid":{"rendered":"http:\/\/umilowani.pl\/?page_id=2"},"modified":"2025-01-15T08:42:46","modified_gmt":"2025-01-15T07:42:46","slug":"o-nas","status":"publish","type":"page","link":"https:\/\/umilowani.pl\/index.php\/o-nas\/","title":{"rendered":"O nas"},"content":{"rendered":"<p>[et_pb_section fb_built=&#8221;1&#8243; custom_padding_last_edited=&#8221;on|desktop&#8221; disabled_on=&#8221;off|off|off&#8221; admin_label=&#8221;section&#8221; _builder_version=&#8221;4.9.3&#8243; background_color=&#8221;#FFFFFF&#8221; background_enable_image=&#8221;off&#8221; custom_padding_tablet=&#8221;50px|0|50px|0&#8243; custom_padding_phone=&#8221;&#8221; transparent_background=&#8221;on&#8221; padding_mobile=&#8221;off&#8221; make_fullwidth=&#8221;off&#8221; use_custom_width=&#8221;off&#8221; width_unit=&#8221;on&#8221; custom_width_px=&#8221;1080px&#8221; custom_width_percent=&#8221;80%&#8221;][et_pb_row disabled_on=&#8221;off|off|off&#8221; _builder_version=&#8221;4.9.3&#8243; _module_preset=&#8221;default&#8221;][et_pb_column type=&#8221;4_4&#8243; _builder_version=&#8221;4.9.3&#8243; _module_preset=&#8221;default&#8221;][et_pb_blurb title=&#8221;O NAS&#8221; image=&#8221;https:\/\/umilowani.pl\/wp-content\/uploads\/2024\/11\/1.jpg&#8221; alt=&#8221;O nas&#8221; image_max_width=&#8221;75%&#8221; content_max_width=&#8221;90%&#8221; admin_label=&#8221;Blurb&#8221; _builder_version=&#8221;4.9.3&#8243; header_font_size=&#8221;16&#8243; header_line_height=&#8221;1.6em&#8221; body_font_size=&#8221;16px&#8221; background_size=&#8221;initial&#8221; background_position=&#8221;top_left&#8221; background_repeat=&#8221;repeat&#8221; text_orientation=&#8221;center&#8221; animation=&#8221;off&#8221; hover_enabled=&#8221;0&#8243; border_color_all=&#8221;#000000&#8243; border_width_all_image=&#8221;1px&#8221; border_color_all_image=&#8221;#043518&#8243; use_border_color=&#8221;off&#8221; border_color=&#8221;#ffffff&#8221; border_style=&#8221;solid&#8221; sticky_enabled=&#8221;0&#8243;]<\/p>\n<h1 style=\"text-align: center;\"><strong>\u00a0<\/strong><\/h1>\n<div class=\"et_pb_slide_content\" style=\"text-align: center;\">\n<div class=\"et_pb_slide_content\">\n<div>\n<p><span style=\"color: #a0b34d;\"><strong><em>\u201e\u015aLUBOWA\u0141EM, \u017bE NIE OPUSZCZ\u0118 CI\u0118 A\u017b DO \u015aMIERCI I WIEDZ, \u017bE GDYBY CI\u0118 NAWET NIE BY\u0141O KILKA LAT, KIEDY WR\u00d3CISZ, ZAWSZE B\u0118DZIE CZEKA\u0141A NA CIEBIE MICHA Z ZUP\u0104 I B\u0118D\u0118 GOT\u00d3W UMY\u0106 CI NOGI\u201d.<br \/><\/em><\/strong>Jan Budziaszek \u201eDo nieba idzie si\u0119\u2026\u201d<\/span><\/p>\n<p>&nbsp;<\/p>\n<p>Powy\u017cszy cytat z ksi\u0105\u017cki Jana Budziaszka pt.: <em>\u201eDo nieba idzie si\u0119&#8230;\u201d, <\/em>podobnie jak wiele innych, kt\u00f3re przytaczamy na tej stronie, towarzyszy\u0142 nam od pocz\u0105tku naszej znajomo\u015bci. Przytoczone zdanie jest nam bardzo bliskie, gdy\u017c rozumiemy je jako praktyczn\u0105 parafraz\u0119 z\u0142o\u017conej przysi\u0119gi ma\u0142\u017ce\u0144skiej,<\/p>\n<p>Pi\u0119tna\u015bcie lat temu zostali\u015bmy doradcami \u017cycia rodzinnego. Ania jest jednocze\u015bnie mediatorem pojednawczym i profilaktykiem uzale\u017cnie\u0144, natomiast Krzysztof instruktorem <a href=\"https:\/\/umilowani.pl\/index.php\/model-creighton\/\" target=\"_blank\" rel=\"noopener noreferrer\">Modelu Creighton.<\/a><\/p>\n<p>Z czasem przekonali\u015bmy si\u0119, \u017ce naszym powo\u0142aniem jest wspieranie ma\u0142\u017ce\u0144stw i rodzin na r\u00f3\u017cnych p\u0142aszczyznach. Oferujemy poradnictwo indywidualne jak r\u00f3wnie\u017c prowadzimy <a href=\"https:\/\/umilowani.pl\/index.php\/warsztaty\/\" target=\"_blank\" rel=\"noopener\">warsztaty profilaktyczne.<\/a><\/p>\n<p>W 2016 roku stworzyli\u015bmy stron\u0119 o ma\u0142\u017ce\u0144stwie: www.umilowani.pl. Zamieszczamy na niej aktualne informacje o naszych warsztatach i spotkaniach wst\u0119pnych na temat modelu Creighton.<\/p>\n<p>Wsp\u00f3\u0142pracujemy z Fundacj\u0105 Evangelium Vitae, w kt\u00f3rej Ania pe\u0142ni funkcj\u0119 dyrektora Specjalistycznej Poradni Rodzinnej wsp\u00f3\u0142finansowanej ze \u015brodk\u00f3w Gminy Wroc\u0142aw.<\/p>\n<p>Podejmujemy r\u00f3\u017cnorodne prace, ale nie zapominamy o naszych zainteresowaniach m.in.: czytaniu ksi\u0105\u017cek, grafice, grach planszowych, chodzeniu po g\u00f3rach i wylegiwaniu si\u0119 nad morzem, \u015bpiewaniu oraz grze na gitarze.<\/p>\n<p>Od kilkunastu lat nale\u017cymy do katolickiej wsp\u00f3lnoty Domowego Ko\u015bcio\u0142a \u2013 rodzinnej ga\u0142\u0119zi Ruchu \u015awiat\u0142o-\u017bycie.<\/p>\n<p>W kwietniu 2006 roku po\u0142\u0105czyli\u015bmy si\u0119 w\u0119z\u0142em ma\u0142\u017ce\u0144skim. Jeste\u015bmy rodzicami tr\u00f3jki nastolatk\u00f3w.<\/p>\n<\/div>\n<\/div>\n<\/div>\n<p>[\/et_pb_blurb][et_pb_blurb title=&#8221;NASZE DO\u015aWIADCZENIE&#8221; image_max_width=&#8221;none&#8221; content_max_width=&#8221;90%&#8221; admin_label=&#8221;Blurb&#8221; _builder_version=&#8221;4.9.3&#8243; header_font_size=&#8221;16&#8243; body_font_size=&#8221;16&#8243; body_line_height=&#8221;1.8em&#8221; background_color=&#8221;#FFFFFF&#8221; background_size=&#8221;initial&#8221; background_position=&#8221;top_left&#8221; background_repeat=&#8221;repeat&#8221; text_orientation=&#8221;center&#8221; animation=&#8221;off&#8221; hover_enabled=&#8221;0&#8243; border_color_all=&#8221;#000000&#8243; border_width_all_image=&#8221;1px&#8221; border_color_all_image=&#8221;#043518&#8243; use_border_color=&#8221;off&#8221; border_color=&#8221;#ffffff&#8221; border_style=&#8221;solid&#8221; sticky_enabled=&#8221;0&#8243;][\/et_pb_blurb][\/et_pb_column][\/et_pb_row][et_pb_row column_structure=&#8221;1_2,1_2&#8243; padding_mobile=&#8221;off&#8221; column_padding_mobile=&#8221;on&#8221; disabled_on=&#8221;off|off|off&#8221; admin_label=&#8221;Wiersz&#8221; _builder_version=&#8221;4.9.3&#8243; background_size=&#8221;initial&#8221; background_position=&#8221;top_left&#8221; background_repeat=&#8221;repeat&#8221; max_width=&#8221;90%&#8221; make_fullwidth=&#8221;off&#8221; use_custom_width=&#8221;on&#8221; width_unit=&#8221;off&#8221; custom_width_percent=&#8221;90%&#8221;][et_pb_column type=&#8221;1_2&#8243; _builder_version=&#8221;3.25&#8243; custom_padding=&#8221;|||&#8221; custom_padding__hover=&#8221;|||&#8221;][et_pb_blurb title=&#8221;ANNA&#8221; url=&#8221;https:\/\/umilowani.pl\/index.php\/2024\/02\/12\/anna\/&#8221; image=&#8221;https:\/\/umilowani.pl\/wp-content\/uploads\/2024\/12\/Anna2.jpg&#8221; alt=&#8221;Anna&#8221; image_max_width=&#8221;85%&#8221; admin_label=&#8221;Blurb&#8221; _builder_version=&#8221;4.9.3&#8243; header_font_size=&#8221;16&#8243; body_font_size=&#8221;16&#8243; background_size=&#8221;initial&#8221; background_position=&#8221;top_left&#8221; background_repeat=&#8221;repeat&#8221; text_orientation=&#8221;center&#8221; animation=&#8221;off&#8221; border_width_all_image=&#8221;1px&#8221; border_color_all_image=&#8221;#043518&#8243; use_border_color=&#8221;off&#8221; border_color=&#8221;#ffffff&#8221; border_style=&#8221;solid&#8221;]<\/p>\n<div class=\"post-content\">\n<div class=\"post-content-inner\">\n<p style=\"text-align: center;\">Doradca rodzinny, Profilaktyk uzale\u017cnie\u0144, Mediator, Socjolog<\/p>\n<p style=\"text-align: center;\">Oferuj\u0119 pomoc w zakresie wsparcia ma\u0142\u017ce\u0144stw do\u015bwiadczaj\u0105cych kryzysu oraz pomagam rodzicom prze\u017cywaj\u0105cym problemy wychowawcze, zw\u0142aszcza z nastolatkami. Prowadz\u0119 warsztaty dla ma\u0142\u017conk\u00f3w i rodzic\u00f3w, jak r\u00f3wnie\u017c zaj\u0119cia dla m\u0142odych mam.<\/p>\n<\/div>\n<\/div>\n<p>[\/et_pb_blurb][et_pb_button button_url=&#8221;https:\/\/umilowani.pl\/index.php\/2024\/02\/12\/anna\/&#8221; button_text=&#8221;Czytaj wi\u0119cej&#8221; button_alignment=&#8221;center&#8221; _builder_version=&#8221;4.9.3&#8243; _module_preset=&#8221;default&#8221;][\/et_pb_button][\/et_pb_column][et_pb_column type=&#8221;1_2&#8243; _builder_version=&#8221;3.25&#8243; custom_padding=&#8221;|||&#8221; custom_padding__hover=&#8221;|||&#8221;][et_pb_blurb title=&#8221;KRZYSZTOF&#8221; url=&#8221;https:\/\/umilowani.pl\/index.php\/2024\/02\/12\/krzysztof\/&#8221; image=&#8221;https:\/\/umilowani.pl\/wp-content\/uploads\/2024\/12\/Krzysztof2.jpg&#8221; alt=&#8221;Krzysztof&#8221; image_max_width=&#8221;85%&#8221; admin_label=&#8221;Blurb&#8221; _builder_version=&#8221;4.9.3&#8243; header_font_size=&#8221;16&#8243; body_font_size=&#8221;16px&#8221; background_size=&#8221;initial&#8221; background_position=&#8221;top_left&#8221; background_repeat=&#8221;repeat&#8221; text_orientation=&#8221;center&#8221; animation=&#8221;off&#8221; border_color_all=&#8221;#000000&#8243; border_width_all_image=&#8221;1px&#8221; border_color_all_image=&#8221;#043518&#8243; use_border_color=&#8221;off&#8221; border_color=&#8221;#ffffff&#8221; border_style=&#8221;solid&#8221;]<\/p>\n<div class=\"post-content\">\n<div class=\"post-content-inner\">\n<p style=\"text-align: center;\">Instruktor modelu Creighton, Doradca rodzinny<\/p>\n<p style=\"text-align: center;\">Oferuj\u0119 pomoc w zakresie wspierania ma\u0142\u017ce\u0144stw do\u015bwiadczaj\u0105cych kryzysu oraz zrozumienia skutecznych metod komunikacji. Pomagam ma\u0142\u017ce\u0144stwom, kt\u00f3re prze\u017cywaj\u0105 trudno\u015bci z pocz\u0119ciem dziecka, jak r\u00f3wnie\u017c osobom pragn\u0105cym rozpoznawa\u0107 swoj\u0105 p\u0142odno\u015b\u0107.<strong><em><br \/><\/em><\/strong><\/p>\n<\/div>\n<\/div>\n<p>[\/et_pb_blurb][et_pb_button button_url=&#8221;https:\/\/umilowani.pl\/index.php\/2024\/02\/12\/krzysztof\/&#8221; button_text=&#8221;Czytaj wi\u0119cej&#8221; button_alignment=&#8221;center&#8221; _builder_version=&#8221;4.9.3&#8243; _module_preset=&#8221;default&#8221;][\/et_pb_button][\/et_pb_column][\/et_pb_row][et_pb_row column_structure=&#8221;1_2,1_2&#8243; disabled_on=&#8221;on|on|on&#8221; _builder_version=&#8221;4.9.3&#8243; _module_preset=&#8221;default&#8221; background_color=&#8221;RGBA(0,0,0,0)&#8221; disabled=&#8221;on&#8221;][et_pb_column type=&#8221;1_2&#8243; _builder_version=&#8221;4.9.3&#8243; _module_preset=&#8221;default&#8221;][et_pb_blog fullwidth=&#8221;off&#8221; posts_number=&#8221;1&#8243; include_categories=&#8221;30&#8243; show_author=&#8221;off&#8221; show_date=&#8221;off&#8221; show_categories=&#8221;off&#8221; _builder_version=&#8221;4.9.3&#8243; _module_preset=&#8221;default&#8221; link_option_url=&#8221;https:\/\/umilowani.pl\/index.php\/2024\/02\/12\/ania\/&#8221;][\/et_pb_blog][\/et_pb_column][et_pb_column type=&#8221;1_2&#8243; _builder_version=&#8221;4.9.3&#8243; _module_preset=&#8221;default&#8221;][et_pb_blog fullwidth=&#8221;off&#8221; posts_number=&#8221;1&#8243; include_categories=&#8221;31&#8243; show_author=&#8221;off&#8221; show_date=&#8221;off&#8221; show_categories=&#8221;off&#8221; _builder_version=&#8221;4.9.3&#8243; _module_preset=&#8221;default&#8221; link_option_url=&#8221;https:\/\/umilowani.pl\/index.php\/2024\/02\/12\/krzysztof\/&#8221;][\/et_pb_blog][\/et_pb_column][\/et_pb_row][\/et_pb_section]<\/p>\n","protected":false},"excerpt":{"rendered":"<p>[et_pb_section fb_built=&#8221;1&#8243; custom_padding_last_edited=&#8221;on|desktop&#8221; disabled_on=&#8221;off|off|off&#8221; admin_label=&#8221;section&#8221; _builder_version=&#8221;4.9.3&#8243; background_color=&#8221;#FFFFFF&#8221; background_enable_image=&#8221;off&#8221; custom_padding_tablet=&#8221;50px|0|50px|0&#8243; custom_padding_phone=&#8221;&#8221; transparent_background=&#8221;on&#8221; padding_mobile=&#8221;off&#8221; make_fullwidth=&#8221;off&#8221; use_custom_width=&#8221;off&#8221; width_unit=&#8221;on&#8221; custom_width_px=&#8221;1080px&#8221; custom_width_percent=&#8221;80%&#8221;][et_pb_row disabled_on=&#8221;off|off|off&#8221; _builder_version=&#8221;4.9.3&#8243; _module_preset=&#8221;default&#8221;][et_pb_column type=&#8221;4_4&#8243; _builder_version=&#8221;4.9.3&#8243; _module_preset=&#8221;default&#8221;][et_pb_blurb title=&#8221;O NAS&#8221; image=&#8221;https:\/\/umilowani.pl\/wp-content\/uploads\/2024\/11\/1.jpg&#8221; alt=&#8221;O nas&#8221; image_max_width=&#8221;75%&#8221; content_max_width=&#8221;90%&#8221; admin_label=&#8221;Blurb&#8221; _builder_version=&#8221;4.9.3&#8243; header_font_size=&#8221;16&#8243; header_line_height=&#8221;1.6em&#8221; body_font_size=&#8221;16px&#8221; background_size=&#8221;initial&#8221; background_position=&#8221;top_left&#8221; background_repeat=&#8221;repeat&#8221; text_orientation=&#8221;center&#8221; animation=&#8221;off&#8221; hover_enabled=&#8221;0&#8243; border_color_all=&#8221;#000000&#8243; border_width_all_image=&#8221;1px&#8221; border_color_all_image=&#8221;#043518&#8243; use_border_color=&#8221;off&#8221; border_color=&#8221;#ffffff&#8221; border_style=&#8221;solid&#8221; sticky_enabled=&#8221;0&#8243;] \u00a0 \u201e\u015aLUBOWA\u0141EM, \u017bE NIE OPUSZCZ\u0118 CI\u0118 A\u017b [&hellip;]<\/p>\n","protected":false},"author":1,"featured_media":0,"parent":0,"menu_order":0,"comment_status":"closed","ping_status":"open","template":"","meta":{"_et_pb_use_builder":"on","_et_pb_old_content":"","_et_gb_content_width":"","footnotes":""},"class_list":["post-2","page","type-page","status-publish","hentry"],"yoast_head":"<!-- This site is optimized with the Yoast SEO plugin v27.4 - https:\/\/yoast.com\/product\/yoast-seo-wordpress\/ -->\n<title>O nas - UMILOWANI.PL<\/title>\n<meta name=\"description\" content=\"O nas kilka zda\u0144: wspieramy ma\u0142\u017ce\u0144stwa i rodziny na r\u00f3\u017cnych p\u0142aszczyznach, oferujemy poradnictwo indywidualne i prowadzimy warsztaty.\" \/>\n<meta name=\"robots\" content=\"index, follow, max-snippet:-1, max-image-preview:large, max-video-preview:-1\" \/>\n<link rel=\"canonical\" href=\"https:\/\/umilowani.pl\/index.php\/o-nas\/\" \/>\n<meta property=\"og:locale\" content=\"pl_PL\" \/>\n<meta property=\"og:type\" content=\"article\" \/>\n<meta property=\"og:title\" content=\"O nas - UMILOWANI.PL\" \/>\n<meta property=\"og:description\" content=\"O nas kilka zda\u0144: wspieramy ma\u0142\u017ce\u0144stwa i rodziny na r\u00f3\u017cnych p\u0142aszczyznach, oferujemy poradnictwo indywidualne i prowadzimy warsztaty.\" \/>\n<meta property=\"og:url\" content=\"https:\/\/umilowani.pl\/index.php\/o-nas\/\" \/>\n<meta property=\"og:site_name\" content=\"UMILOWANI.PL\" \/>\n<meta property=\"article:modified_time\" content=\"2025-01-15T07:42:46+00:00\" \/>\n<meta name=\"twitter:card\" content=\"summary_large_image\" \/>\n<meta name=\"twitter:label1\" content=\"Szacowany czas czytania\" \/>\n\t<meta name=\"twitter:data1\" content=\"3 minuty\" \/>\n<script type=\"application\/ld+json\" class=\"yoast-schema-graph\">{\"@context\":\"https:\\\/\\\/schema.org\",\"@graph\":[{\"@type\":\"WebPage\",\"@id\":\"https:\\\/\\\/umilowani.pl\\\/index.php\\\/o-nas\\\/\",\"url\":\"https:\\\/\\\/umilowani.pl\\\/index.php\\\/o-nas\\\/\",\"name\":\"O nas - UMILOWANI.PL\",\"isPartOf\":{\"@id\":\"https:\\\/\\\/umilowani.pl\\\/#website\"},\"datePublished\":\"2016-10-28T08:05:46+00:00\",\"dateModified\":\"2025-01-15T07:42:46+00:00\",\"description\":\"O nas kilka zda\u0144: wspieramy ma\u0142\u017ce\u0144stwa i rodziny na r\u00f3\u017cnych p\u0142aszczyznach, oferujemy poradnictwo indywidualne i prowadzimy warsztaty.\",\"breadcrumb\":{\"@id\":\"https:\\\/\\\/umilowani.pl\\\/index.php\\\/o-nas\\\/#breadcrumb\"},\"inLanguage\":\"pl-PL\",\"potentialAction\":[{\"@type\":\"ReadAction\",\"target\":[\"https:\\\/\\\/umilowani.pl\\\/index.php\\\/o-nas\\\/\"]}]},{\"@type\":\"BreadcrumbList\",\"@id\":\"https:\\\/\\\/umilowani.pl\\\/index.php\\\/o-nas\\\/#breadcrumb\",\"itemListElement\":[{\"@type\":\"ListItem\",\"position\":1,\"name\":\"Strona g\u0142\u00f3wna\",\"item\":\"https:\\\/\\\/umilowani.pl\\\/\"},{\"@type\":\"ListItem\",\"position\":2,\"name\":\"O nas\"}]},{\"@type\":\"WebSite\",\"@id\":\"https:\\\/\\\/umilowani.pl\\\/#website\",\"url\":\"https:\\\/\\\/umilowani.pl\\\/\",\"name\":\"UMILOWANI.PL\",\"description\":\"Ma\u0142\u017ce\u0144stwo, mi\u0142o\u015b\u0107\",\"publisher\":{\"@id\":\"https:\\\/\\\/umilowani.pl\\\/#\\\/schema\\\/person\\\/600a3e0031b2b450828be24ac2027c8a\"},\"potentialAction\":[{\"@type\":\"SearchAction\",\"target\":{\"@type\":\"EntryPoint\",\"urlTemplate\":\"https:\\\/\\\/umilowani.pl\\\/?s={search_term_string}\"},\"query-input\":{\"@type\":\"PropertyValueSpecification\",\"valueRequired\":true,\"valueName\":\"search_term_string\"}}],\"inLanguage\":\"pl-PL\"},{\"@type\":[\"Person\",\"Organization\"],\"@id\":\"https:\\\/\\\/umilowani.pl\\\/#\\\/schema\\\/person\\\/600a3e0031b2b450828be24ac2027c8a\",\"name\":\"UMILOWANI.PL\",\"image\":{\"@type\":\"ImageObject\",\"inLanguage\":\"pl-PL\",\"@id\":\"https:\\\/\\\/umilowani.pl\\\/wp-content\\\/uploads\\\/2022\\\/07\\\/cropped-6.png\",\"url\":\"https:\\\/\\\/umilowani.pl\\\/wp-content\\\/uploads\\\/2022\\\/07\\\/cropped-6.png\",\"contentUrl\":\"https:\\\/\\\/umilowani.pl\\\/wp-content\\\/uploads\\\/2022\\\/07\\\/cropped-6.png\",\"width\":512,\"height\":512,\"caption\":\"UMILOWANI.PL\"},\"logo\":{\"@id\":\"https:\\\/\\\/umilowani.pl\\\/wp-content\\\/uploads\\\/2022\\\/07\\\/cropped-6.png\"}}]}<\/script>\n<!-- \/ Yoast SEO plugin. -->","yoast_head_json":{"title":"O nas - UMILOWANI.PL","description":"O nas kilka zda\u0144: wspieramy ma\u0142\u017ce\u0144stwa i rodziny na r\u00f3\u017cnych p\u0142aszczyznach, oferujemy poradnictwo indywidualne i prowadzimy warsztaty.","robots":{"index":"index","follow":"follow","max-snippet":"max-snippet:-1","max-image-preview":"max-image-preview:large","max-video-preview":"max-video-preview:-1"},"canonical":"https:\/\/umilowani.pl\/index.php\/o-nas\/","og_locale":"pl_PL","og_type":"article","og_title":"O nas - UMILOWANI.PL","og_description":"O nas kilka zda\u0144: wspieramy ma\u0142\u017ce\u0144stwa i rodziny na r\u00f3\u017cnych p\u0142aszczyznach, oferujemy poradnictwo indywidualne i prowadzimy warsztaty.","og_url":"https:\/\/umilowani.pl\/index.php\/o-nas\/","og_site_name":"UMILOWANI.PL","article_modified_time":"2025-01-15T07:42:46+00:00","twitter_card":"summary_large_image","twitter_misc":{"Szacowany czas czytania":"3 minuty"},"schema":{"@context":"https:\/\/schema.org","@graph":[{"@type":"WebPage","@id":"https:\/\/umilowani.pl\/index.php\/o-nas\/","url":"https:\/\/umilowani.pl\/index.php\/o-nas\/","name":"O nas - UMILOWANI.PL","isPartOf":{"@id":"https:\/\/umilowani.pl\/#website"},"datePublished":"2016-10-28T08:05:46+00:00","dateModified":"2025-01-15T07:42:46+00:00","description":"O nas kilka zda\u0144: wspieramy ma\u0142\u017ce\u0144stwa i rodziny na r\u00f3\u017cnych p\u0142aszczyznach, oferujemy poradnictwo indywidualne i prowadzimy warsztaty.","breadcrumb":{"@id":"https:\/\/umilowani.pl\/index.php\/o-nas\/#breadcrumb"},"inLanguage":"pl-PL","potentialAction":[{"@type":"ReadAction","target":["https:\/\/umilowani.pl\/index.php\/o-nas\/"]}]},{"@type":"BreadcrumbList","@id":"https:\/\/umilowani.pl\/index.php\/o-nas\/#breadcrumb","itemListElement":[{"@type":"ListItem","position":1,"name":"Strona g\u0142\u00f3wna","item":"https:\/\/umilowani.pl\/"},{"@type":"ListItem","position":2,"name":"O nas"}]},{"@type":"WebSite","@id":"https:\/\/umilowani.pl\/#website","url":"https:\/\/umilowani.pl\/","name":"UMILOWANI.PL","description":"Ma\u0142\u017ce\u0144stwo, mi\u0142o\u015b\u0107","publisher":{"@id":"https:\/\/umilowani.pl\/#\/schema\/person\/600a3e0031b2b450828be24ac2027c8a"},"potentialAction":[{"@type":"SearchAction","target":{"@type":"EntryPoint","urlTemplate":"https:\/\/umilowani.pl\/?s={search_term_string}"},"query-input":{"@type":"PropertyValueSpecification","valueRequired":true,"valueName":"search_term_string"}}],"inLanguage":"pl-PL"},{"@type":["Person","Organization"],"@id":"https:\/\/umilowani.pl\/#\/schema\/person\/600a3e0031b2b450828be24ac2027c8a","name":"UMILOWANI.PL","image":{"@type":"ImageObject","inLanguage":"pl-PL","@id":"https:\/\/umilowani.pl\/wp-content\/uploads\/2022\/07\/cropped-6.png","url":"https:\/\/umilowani.pl\/wp-content\/uploads\/2022\/07\/cropped-6.png","contentUrl":"https:\/\/umilowani.pl\/wp-content\/uploads\/2022\/07\/cropped-6.png","width":512,"height":512,"caption":"UMILOWANI.PL"},"logo":{"@id":"https:\/\/umilowani.pl\/wp-content\/uploads\/2022\/07\/cropped-6.png"}}]}},"_links":{"self":[{"href":"https:\/\/umilowani.pl\/index.php\/wp-json\/wp\/v2\/pages\/2","targetHints":{"allow":["GET"]}}],"collection":[{"href":"https:\/\/umilowani.pl\/index.php\/wp-json\/wp\/v2\/pages"}],"about":[{"href":"https:\/\/umilowani.pl\/index.php\/wp-json\/wp\/v2\/types\/page"}],"author":[{"embeddable":true,"href":"https:\/\/umilowani.pl\/index.php\/wp-json\/wp\/v2\/users\/1"}],"replies":[{"embeddable":true,"href":"https:\/\/umilowani.pl\/index.php\/wp-json\/wp\/v2\/comments?post=2"}],"version-history":[{"count":17,"href":"https:\/\/umilowani.pl\/index.php\/wp-json\/wp\/v2\/pages\/2\/revisions"}],"predecessor-version":[{"id":18670,"href":"https:\/\/umilowani.pl\/index.php\/wp-json\/wp\/v2\/pages\/2\/revisions\/18670"}],"wp:attachment":[{"href":"https:\/\/umilowani.pl\/index.php\/wp-json\/wp\/v2\/media?parent=2"}],"curies":[{"name":"wp","href":"https:\/\/api.w.org\/{rel}","templated":true}]}}