{"id":26,"date":"2016-10-28T11:49:48","date_gmt":"2016-10-28T09:49:48","guid":{"rendered":"http:\/\/umilowani.pl\/?page_id=26"},"modified":"2024-12-02T10:35:47","modified_gmt":"2024-12-02T09:35:47","slug":"duchowosc","status":"publish","type":"page","link":"https:\/\/umilowani.pl\/index.php\/duchowosc\/","title":{"rendered":"Duchowo\u015b\u0107"},"content":{"rendered":"<p>[et_pb_section fb_built=&#8221;1&#8243; custom_padding_last_edited=&#8221;on|desktop&#8221; admin_label=&#8221;section&#8221; _builder_version=&#8221;4.9.3&#8243; background_color=&#8221;#FFFFFF&#8221; custom_padding_tablet=&#8221;50px|0|50px|0&#8243; custom_padding_phone=&#8221;&#8221; transparent_background=&#8221;on&#8221; padding_mobile=&#8221;off&#8221; make_fullwidth=&#8221;off&#8221; use_custom_width=&#8221;off&#8221; width_unit=&#8221;on&#8221; custom_width_px=&#8221;1080px&#8221; custom_width_percent=&#8221;80%&#8221;][et_pb_row padding_mobile=&#8221;off&#8221; column_padding_mobile=&#8221;on&#8221; admin_label=&#8221;row&#8221; _builder_version=&#8221;4.9.3&#8243; background_size=&#8221;initial&#8221; background_position=&#8221;top_left&#8221; background_repeat=&#8221;repeat&#8221; width=&#8221;100%&#8221; max_width=&#8221;100%&#8221; make_fullwidth=&#8221;off&#8221; use_custom_width=&#8221;on&#8221; width_unit=&#8221;off&#8221; custom_width_percent=&#8221;90%&#8221;][et_pb_column type=&#8221;4_4&#8243; _builder_version=&#8221;4.9.3&#8243; background_color=&#8221;rgba(0,0,0,0)&#8221; custom_padding=&#8221;|||&#8221; custom_padding__hover=&#8221;|||&#8221;][et_pb_blurb title=&#8221;DUCHOWO\u015a\u0106&#8221; image=&#8221;https:\/\/umilowani.pl\/wp-content\/uploads\/2024\/12\/Ewangelicznie2.jpg&#8221; alt=&#8221;Zamys\u0142&#8221; image_max_width=&#8221;75%&#8221; content_max_width=&#8221;90%&#8221; admin_label=&#8221;Blurb&#8221; _builder_version=&#8221;4.9.3&#8243; header_font_size=&#8221;16&#8243; header_line_height=&#8221;1.6em&#8221; body_font_size=&#8221;16px&#8221; background_size=&#8221;initial&#8221; background_position=&#8221;top_left&#8221; background_repeat=&#8221;repeat&#8221; text_orientation=&#8221;center&#8221; animation=&#8221;off&#8221; hover_enabled=&#8221;0&#8243; border_color_all=&#8221;#000000&#8243; border_width_all_image=&#8221;1px&#8221; border_color_all_image=&#8221;#043518&#8243; use_border_color=&#8221;off&#8221; border_color=&#8221;#ffffff&#8221; border_style=&#8221;solid&#8221; sticky_enabled=&#8221;0&#8243; title_text=&#8221;Ewangelicznie2&#8243;]<\/p>\n<div class=\"et_pb_slide_content\" style=\"text-align: center;\">\n<div class=\"et_pb_slide_content\">\n<div>\n<p>&nbsp;<\/p>\n<div class=\"et_pb_slide_content\">\n<div class=\"et_pb_slide_content\">\n<p><span style=\"color: #a0b34d;\"><em><strong>\u201eJESTE\u015a K\u0141AMC\u0104, JE\u015aLI TWIERDZISZ, \u017bE NIE MASZ CZASU NA MODLITW\u0118\u201d.<br \/><\/strong><\/em>Jan Budziaszek \u201eDo nieba idzie si\u0119\u2026\u201d<\/span><\/p>\n<p>&nbsp;<\/p>\n<p>Sens istnienia ma\u0142\u017ce\u0144stwa i rodziny pomaga nam odkry\u0107 duchowo\u015b\u0107 cz\u0142owieka. Dzi\u0119ki niemu potrafimy przetrwa\u0107 chwile najgorszego kryzysu i za\u0142amania (Chapman G., 2016; Dziewiecki M., 2014b; Guzewicz M., 2011, 2017; Pulikowski J., 2008). Wymiar duchowy relacji ma\u0142\u017ce\u0144skiej mo\u017ce si\u0119 wyra\u017ca\u0107 w nast\u0119puj\u0105cy spos\u00f3b:<\/p>\n<p>&nbsp;<\/p>\n<h3>Modlitwa osobista<\/h3>\n<p>&nbsp;<\/p>\n<p>Modlitwa osobista, ma\u0142\u017ce\u0144ska i rodzinna. Czasem jej brakuje, czasem jest u\u0142omna, ale bez trwania na niej nasze ma\u0142\u017ce\u0144stwo nie przetrwa\u0142oby kryzys\u00f3w, kt\u00f3rych ju\u017c kilka pokonali\u015bmy. Widzimy wyra\u017anie prost\u0105 zale\u017cno\u015b\u0107: kiedy modlimy si\u0119 szczerze i codziennie, to obserwujemy wzrost mi\u0142o\u015bci w naszym ma\u0142\u017ce\u0144stwie. Je\u017celi przestajemy si\u0119 modli\u0107, to szybko staczamy si\u0119 w przepa\u015b\u0107 marazmu, k\u0142\u00f3tni i wzajemnych oskar\u017ce\u0144. Staramy si\u0119, by modlitwa by\u0142a podstawowym budulcem naszej mi\u0142o\u015bci ma\u0142\u017ce\u0144skiej.<\/p>\n<p>&nbsp;<\/p>\n<h3>Pismo \u015awi\u0119te<\/h3>\n<p>&nbsp;<\/p>\n<p>Pismo \u015awi\u0119te to \u015bwiadectwo niezwyk\u0142ej mi\u0142o\u015bci Pana Boga do ludzi. Inspiruje nas do walki o ci\u0105g\u0142e przebaczenie i pojednanie w naszym ma\u0142\u017ce\u0144stwie. Cz\u0119sta lektura Pisma \u015awi\u0119tego umacnia ka\u017cdego dnia nasz\u0105 wiar\u0119, nadziej\u0119 i mi\u0142o\u015b\u0107.<\/p>\n<p>&nbsp;<\/p>\n<h3>Sakramenty<\/h3>\n<p>&nbsp;<\/p>\n<p>Sakramenty utrzymuj\u0105 nas na powierzchni cz\u0142owiecze\u0144stwa i odnawiaj\u0105 \u015bwiadomo\u015b\u0107 mi\u0142o\u015bci Pana Boga do nas i drugiego cz\u0142owieka \u2013 szczeg\u00f3lnie wsp\u00f3\u0142ma\u0142\u017conka.<\/p>\n<p>&nbsp;<\/p>\n<h3>Rekolekcje<\/h3>\n<p>&nbsp;<\/p>\n<p>Rekolekcje to czas osobistego nawr\u00f3cenia si\u0119 do Pana Boga u boku wsp\u00f3\u0142ma\u0142\u017conka. Miejsce spotkania si\u0119 z DOBRYMI lud\u017ami i odpowiednio d\u0142ugi czas do na\u0142adowania duchowych \u201eakumulator\u00f3w\u201d. Dla nas 15-dniowe rekolekcje wakacyjne sp\u0119dzone wraz z dzie\u0107mi, to najlepszy czas na odnow\u0119 naszego ma\u0142\u017ce\u0144stwa.<\/p>\n<p>&nbsp;<\/p>\n<h3>Dialog ma\u0142\u017ce\u0144ski<\/h3>\n<p>&nbsp;<\/p>\n<p>Dialog ma\u0142\u017ce\u0144ski to wspania\u0142a forma d\u0142u\u017cszej rozmowy ma\u0142\u017ce\u0144skiej, podczas kt\u00f3rej poruszamy fundamentalne tematy z naszego \u017cycia (B\u00f3g, ma\u0142\u017ce\u0144stwo, dzieci, rodzice, dom itd.). W czasie dialogu szukamy odpowiedzi na nurtuj\u0105ce nas pytania. Dzi\u0119ki rozmowie jeste\u015bmy bli\u017cej siebie, staramy si\u0119 wzajemnie zrozumie\u0107 i wci\u0105\u017c na nowo poznawa\u0107 Bo\u017ce plany wzgl\u0119dem naszego ma\u0142\u017ce\u0144stwa. w ten w\u0142a\u015bnie spos\u00f3b budujemy nasz\u0105 duchowo\u015b\u0107 ma\u0142\u017ce\u0144sk\u0105.<\/p>\n<p>&nbsp;<\/p>\n<h3>Wsp\u00f3lnota<\/h3>\n<p>&nbsp;<\/p>\n<p>Od kilkunastu lat nale\u017cymy do <a href=\"http:\/\/www.dk.oaza.pl\/\" target=\"_blank\" rel=\"noopener noreferrer\">Domowego Ko\u015bcio\u0142a \u2013 rodzinnej ga\u0142\u0119zi Ruchu \u015awiat\u0142o-\u017bycie.<\/a> Ta katolicka wsp\u00f3lnota pokaza\u0142a nam sens powo\u0142ania kobiety i m\u0119\u017cczyzny do ma\u0142\u017ce\u0144stwa. Jako ma\u0142\u017ce\u0144stwo jeste\u015bmy powo\u0142ani nie tylko do tego, by zrodzi\u0107 i wychowa\u0107 dzieci, ale tak\u017ce by\u015bmy zbli\u017cali si\u0119 do Pana Boga i siebie nawzajem.<\/p>\n<p>&nbsp;<\/p>\n<h3>O\u0142tarz domowy<\/h3>\n<p>&nbsp;<\/p>\n<p>W naszym domu takim ma\u0142ym o\u0142tarzem domowym jest krzy\u017c wisz\u0105cy na \u015bcianie. To szczeg\u00f3lne miejsce naszej modlitwy.<\/p>\n<\/div>\n<\/div>\n<\/div>\n<\/div>\n<\/div>\n<p>[\/et_pb_blurb][\/et_pb_column][\/et_pb_row][\/et_pb_section]<\/p>\n","protected":false},"excerpt":{"rendered":"<p>[et_pb_section fb_built=&#8221;1&#8243; custom_padding_last_edited=&#8221;on|desktop&#8221; admin_label=&#8221;section&#8221; _builder_version=&#8221;4.9.3&#8243; background_color=&#8221;#FFFFFF&#8221; custom_padding_tablet=&#8221;50px|0|50px|0&#8243; custom_padding_phone=&#8221;&#8221; transparent_background=&#8221;on&#8221; padding_mobile=&#8221;off&#8221; make_fullwidth=&#8221;off&#8221; use_custom_width=&#8221;off&#8221; width_unit=&#8221;on&#8221; custom_width_px=&#8221;1080px&#8221; custom_width_percent=&#8221;80%&#8221;][et_pb_row padding_mobile=&#8221;off&#8221; column_padding_mobile=&#8221;on&#8221; admin_label=&#8221;row&#8221; _builder_version=&#8221;4.9.3&#8243; background_size=&#8221;initial&#8221; background_position=&#8221;top_left&#8221; background_repeat=&#8221;repeat&#8221; width=&#8221;100%&#8221; max_width=&#8221;100%&#8221; make_fullwidth=&#8221;off&#8221; use_custom_width=&#8221;on&#8221; width_unit=&#8221;off&#8221; custom_width_percent=&#8221;90%&#8221;][et_pb_column type=&#8221;4_4&#8243; _builder_version=&#8221;4.9.3&#8243; background_color=&#8221;rgba(0,0,0,0)&#8221; custom_padding=&#8221;|||&#8221; custom_padding__hover=&#8221;|||&#8221;][et_pb_blurb title=&#8221;DUCHOWO\u015a\u0106&#8221; image=&#8221;https:\/\/umilowani.pl\/wp-content\/uploads\/2024\/12\/Ewangelicznie2.jpg&#8221; alt=&#8221;Zamys\u0142&#8221; image_max_width=&#8221;75%&#8221; content_max_width=&#8221;90%&#8221; admin_label=&#8221;Blurb&#8221; _builder_version=&#8221;4.9.3&#8243; header_font_size=&#8221;16&#8243; header_line_height=&#8221;1.6em&#8221; body_font_size=&#8221;16px&#8221; background_size=&#8221;initial&#8221; background_position=&#8221;top_left&#8221; background_repeat=&#8221;repeat&#8221; text_orientation=&#8221;center&#8221; animation=&#8221;off&#8221; hover_enabled=&#8221;0&#8243; border_color_all=&#8221;#000000&#8243; border_width_all_image=&#8221;1px&#8221; border_color_all_image=&#8221;#043518&#8243; use_border_color=&#8221;off&#8221; border_color=&#8221;#ffffff&#8221; border_style=&#8221;solid&#8221; [&hellip;]<\/p>\n","protected":false},"author":1,"featured_media":0,"parent":0,"menu_order":0,"comment_status":"closed","ping_status":"closed","template":"","meta":{"_et_pb_use_builder":"on","_et_pb_old_content":"","_et_gb_content_width":"","footnotes":""},"class_list":["post-26","page","type-page","status-publish","hentry"],"yoast_head":"<!-- This site is optimized with the Yoast SEO plugin v27.4 - https:\/\/yoast.com\/product\/yoast-seo-wordpress\/ -->\n<title>Duchowo\u015b\u0107 - UMILOWANI.PL<\/title>\n<meta name=\"description\" content=\"Opisujemy tutaj w jaki spos\u00f3b wyra\u017ca si\u0119 duchowo\u015b\u0107 cz\u0142owieka, kt\u00f3ry zdecydowa\u0142 si\u0119 na \u017cycie w relacji ma\u0142\u017ce\u0144skiej.\" \/>\n<meta name=\"robots\" content=\"index, follow, max-snippet:-1, max-image-preview:large, max-video-preview:-1\" \/>\n<link rel=\"canonical\" href=\"https:\/\/umilowani.pl\/index.php\/duchowosc\/\" \/>\n<meta property=\"og:locale\" content=\"pl_PL\" \/>\n<meta property=\"og:type\" content=\"article\" \/>\n<meta property=\"og:title\" content=\"Duchowo\u015b\u0107 - UMILOWANI.PL\" \/>\n<meta property=\"og:description\" content=\"Opisujemy tutaj w jaki spos\u00f3b wyra\u017ca si\u0119 duchowo\u015b\u0107 cz\u0142owieka, kt\u00f3ry zdecydowa\u0142 si\u0119 na \u017cycie w relacji ma\u0142\u017ce\u0144skiej.\" \/>\n<meta property=\"og:url\" content=\"https:\/\/umilowani.pl\/index.php\/duchowosc\/\" \/>\n<meta property=\"og:site_name\" content=\"UMILOWANI.PL\" \/>\n<meta property=\"article:modified_time\" content=\"2024-12-02T09:35:47+00:00\" \/>\n<meta name=\"twitter:card\" content=\"summary_large_image\" \/>\n<meta name=\"twitter:label1\" content=\"Szacowany czas czytania\" \/>\n\t<meta name=\"twitter:data1\" content=\"3 minuty\" \/>\n<script type=\"application\/ld+json\" class=\"yoast-schema-graph\">{\"@context\":\"https:\\\/\\\/schema.org\",\"@graph\":[{\"@type\":\"WebPage\",\"@id\":\"https:\\\/\\\/umilowani.pl\\\/index.php\\\/duchowosc\\\/\",\"url\":\"https:\\\/\\\/umilowani.pl\\\/index.php\\\/duchowosc\\\/\",\"name\":\"Duchowo\u015b\u0107 - UMILOWANI.PL\",\"isPartOf\":{\"@id\":\"https:\\\/\\\/umilowani.pl\\\/#website\"},\"datePublished\":\"2016-10-28T09:49:48+00:00\",\"dateModified\":\"2024-12-02T09:35:47+00:00\",\"description\":\"Opisujemy tutaj w jaki spos\u00f3b wyra\u017ca si\u0119 duchowo\u015b\u0107 cz\u0142owieka, kt\u00f3ry zdecydowa\u0142 si\u0119 na \u017cycie w relacji ma\u0142\u017ce\u0144skiej.\",\"breadcrumb\":{\"@id\":\"https:\\\/\\\/umilowani.pl\\\/index.php\\\/duchowosc\\\/#breadcrumb\"},\"inLanguage\":\"pl-PL\",\"potentialAction\":[{\"@type\":\"ReadAction\",\"target\":[\"https:\\\/\\\/umilowani.pl\\\/index.php\\\/duchowosc\\\/\"]}]},{\"@type\":\"BreadcrumbList\",\"@id\":\"https:\\\/\\\/umilowani.pl\\\/index.php\\\/duchowosc\\\/#breadcrumb\",\"itemListElement\":[{\"@type\":\"ListItem\",\"position\":1,\"name\":\"Strona g\u0142\u00f3wna\",\"item\":\"https:\\\/\\\/umilowani.pl\\\/\"},{\"@type\":\"ListItem\",\"position\":2,\"name\":\"Duchowo\u015b\u0107\"}]},{\"@type\":\"WebSite\",\"@id\":\"https:\\\/\\\/umilowani.pl\\\/#website\",\"url\":\"https:\\\/\\\/umilowani.pl\\\/\",\"name\":\"UMILOWANI.PL\",\"description\":\"Ma\u0142\u017ce\u0144stwo, mi\u0142o\u015b\u0107\",\"publisher\":{\"@id\":\"https:\\\/\\\/umilowani.pl\\\/#\\\/schema\\\/person\\\/600a3e0031b2b450828be24ac2027c8a\"},\"potentialAction\":[{\"@type\":\"SearchAction\",\"target\":{\"@type\":\"EntryPoint\",\"urlTemplate\":\"https:\\\/\\\/umilowani.pl\\\/?s={search_term_string}\"},\"query-input\":{\"@type\":\"PropertyValueSpecification\",\"valueRequired\":true,\"valueName\":\"search_term_string\"}}],\"inLanguage\":\"pl-PL\"},{\"@type\":[\"Person\",\"Organization\"],\"@id\":\"https:\\\/\\\/umilowani.pl\\\/#\\\/schema\\\/person\\\/600a3e0031b2b450828be24ac2027c8a\",\"name\":\"UMILOWANI.PL\",\"image\":{\"@type\":\"ImageObject\",\"inLanguage\":\"pl-PL\",\"@id\":\"https:\\\/\\\/umilowani.pl\\\/wp-content\\\/uploads\\\/2022\\\/07\\\/cropped-6.png\",\"url\":\"https:\\\/\\\/umilowani.pl\\\/wp-content\\\/uploads\\\/2022\\\/07\\\/cropped-6.png\",\"contentUrl\":\"https:\\\/\\\/umilowani.pl\\\/wp-content\\\/uploads\\\/2022\\\/07\\\/cropped-6.png\",\"width\":512,\"height\":512,\"caption\":\"UMILOWANI.PL\"},\"logo\":{\"@id\":\"https:\\\/\\\/umilowani.pl\\\/wp-content\\\/uploads\\\/2022\\\/07\\\/cropped-6.png\"}}]}<\/script>\n<!-- \/ Yoast SEO plugin. -->","yoast_head_json":{"title":"Duchowo\u015b\u0107 - UMILOWANI.PL","description":"Opisujemy tutaj w jaki spos\u00f3b wyra\u017ca si\u0119 duchowo\u015b\u0107 cz\u0142owieka, kt\u00f3ry zdecydowa\u0142 si\u0119 na \u017cycie w relacji ma\u0142\u017ce\u0144skiej.","robots":{"index":"index","follow":"follow","max-snippet":"max-snippet:-1","max-image-preview":"max-image-preview:large","max-video-preview":"max-video-preview:-1"},"canonical":"https:\/\/umilowani.pl\/index.php\/duchowosc\/","og_locale":"pl_PL","og_type":"article","og_title":"Duchowo\u015b\u0107 - UMILOWANI.PL","og_description":"Opisujemy tutaj w jaki spos\u00f3b wyra\u017ca si\u0119 duchowo\u015b\u0107 cz\u0142owieka, kt\u00f3ry zdecydowa\u0142 si\u0119 na \u017cycie w relacji ma\u0142\u017ce\u0144skiej.","og_url":"https:\/\/umilowani.pl\/index.php\/duchowosc\/","og_site_name":"UMILOWANI.PL","article_modified_time":"2024-12-02T09:35:47+00:00","twitter_card":"summary_large_image","twitter_misc":{"Szacowany czas czytania":"3 minuty"},"schema":{"@context":"https:\/\/schema.org","@graph":[{"@type":"WebPage","@id":"https:\/\/umilowani.pl\/index.php\/duchowosc\/","url":"https:\/\/umilowani.pl\/index.php\/duchowosc\/","name":"Duchowo\u015b\u0107 - UMILOWANI.PL","isPartOf":{"@id":"https:\/\/umilowani.pl\/#website"},"datePublished":"2016-10-28T09:49:48+00:00","dateModified":"2024-12-02T09:35:47+00:00","description":"Opisujemy tutaj w jaki spos\u00f3b wyra\u017ca si\u0119 duchowo\u015b\u0107 cz\u0142owieka, kt\u00f3ry zdecydowa\u0142 si\u0119 na \u017cycie w relacji ma\u0142\u017ce\u0144skiej.","breadcrumb":{"@id":"https:\/\/umilowani.pl\/index.php\/duchowosc\/#breadcrumb"},"inLanguage":"pl-PL","potentialAction":[{"@type":"ReadAction","target":["https:\/\/umilowani.pl\/index.php\/duchowosc\/"]}]},{"@type":"BreadcrumbList","@id":"https:\/\/umilowani.pl\/index.php\/duchowosc\/#breadcrumb","itemListElement":[{"@type":"ListItem","position":1,"name":"Strona g\u0142\u00f3wna","item":"https:\/\/umilowani.pl\/"},{"@type":"ListItem","position":2,"name":"Duchowo\u015b\u0107"}]},{"@type":"WebSite","@id":"https:\/\/umilowani.pl\/#website","url":"https:\/\/umilowani.pl\/","name":"UMILOWANI.PL","description":"Ma\u0142\u017ce\u0144stwo, mi\u0142o\u015b\u0107","publisher":{"@id":"https:\/\/umilowani.pl\/#\/schema\/person\/600a3e0031b2b450828be24ac2027c8a"},"potentialAction":[{"@type":"SearchAction","target":{"@type":"EntryPoint","urlTemplate":"https:\/\/umilowani.pl\/?s={search_term_string}"},"query-input":{"@type":"PropertyValueSpecification","valueRequired":true,"valueName":"search_term_string"}}],"inLanguage":"pl-PL"},{"@type":["Person","Organization"],"@id":"https:\/\/umilowani.pl\/#\/schema\/person\/600a3e0031b2b450828be24ac2027c8a","name":"UMILOWANI.PL","image":{"@type":"ImageObject","inLanguage":"pl-PL","@id":"https:\/\/umilowani.pl\/wp-content\/uploads\/2022\/07\/cropped-6.png","url":"https:\/\/umilowani.pl\/wp-content\/uploads\/2022\/07\/cropped-6.png","contentUrl":"https:\/\/umilowani.pl\/wp-content\/uploads\/2022\/07\/cropped-6.png","width":512,"height":512,"caption":"UMILOWANI.PL"},"logo":{"@id":"https:\/\/umilowani.pl\/wp-content\/uploads\/2022\/07\/cropped-6.png"}}]}},"_links":{"self":[{"href":"https:\/\/umilowani.pl\/index.php\/wp-json\/wp\/v2\/pages\/26","targetHints":{"allow":["GET"]}}],"collection":[{"href":"https:\/\/umilowani.pl\/index.php\/wp-json\/wp\/v2\/pages"}],"about":[{"href":"https:\/\/umilowani.pl\/index.php\/wp-json\/wp\/v2\/types\/page"}],"author":[{"embeddable":true,"href":"https:\/\/umilowani.pl\/index.php\/wp-json\/wp\/v2\/users\/1"}],"replies":[{"embeddable":true,"href":"https:\/\/umilowani.pl\/index.php\/wp-json\/wp\/v2\/comments?post=26"}],"version-history":[{"count":1,"href":"https:\/\/umilowani.pl\/index.php\/wp-json\/wp\/v2\/pages\/26\/revisions"}],"predecessor-version":[{"id":18433,"href":"https:\/\/umilowani.pl\/index.php\/wp-json\/wp\/v2\/pages\/26\/revisions\/18433"}],"wp:attachment":[{"href":"https:\/\/umilowani.pl\/index.php\/wp-json\/wp\/v2\/media?parent=26"}],"curies":[{"name":"wp","href":"https:\/\/api.w.org\/{rel}","templated":true}]}}