{"id":30,"date":"2016-10-28T11:23:33","date_gmt":"2016-10-28T09:23:33","guid":{"rendered":"http:\/\/umilowani.pl\/?page_id=30"},"modified":"2024-12-02T12:53:52","modified_gmt":"2024-12-02T11:53:52","slug":"npr","status":"publish","type":"page","link":"https:\/\/umilowani.pl\/index.php\/npr\/","title":{"rendered":"NPR"},"content":{"rendered":"<p>[et_pb_section fb_built=&#8221;1&#8243; custom_padding_last_edited=&#8221;on|desktop&#8221; admin_label=&#8221;section&#8221; _builder_version=&#8221;4.9.3&#8243; background_color=&#8221;#FFFFFF&#8221; custom_padding_tablet=&#8221;50px|0|50px|0&#8243; custom_padding_phone=&#8221;&#8221; transparent_background=&#8221;on&#8221; padding_mobile=&#8221;off&#8221; make_fullwidth=&#8221;off&#8221; use_custom_width=&#8221;off&#8221; width_unit=&#8221;on&#8221;][et_pb_row padding_mobile=&#8221;off&#8221; column_padding_mobile=&#8221;on&#8221; admin_label=&#8221;row&#8221; _builder_version=&#8221;3.25&#8243; background_size=&#8221;initial&#8221; background_position=&#8221;top_left&#8221; background_repeat=&#8221;repeat&#8221; max_width=&#8221;90%&#8221; make_fullwidth=&#8221;off&#8221; use_custom_width=&#8221;on&#8221; width_unit=&#8221;off&#8221; custom_width_percent=&#8221;90%&#8221;][et_pb_column type=&#8221;4_4&#8243; _builder_version=&#8221;3.25&#8243; custom_padding=&#8221;|||&#8221; custom_padding__hover=&#8221;|||&#8221;][et_pb_blurb title=&#8221;NPR&#8221; image=&#8221;https:\/\/umilowani.pl\/wp-content\/uploads\/2024\/11\/NPR2.jpg&#8221; alt=&#8221;NPR&#8221; image_max_width=&#8221;75%&#8221; content_max_width=&#8221;90%&#8221; admin_label=&#8221;Blurb&#8221; _builder_version=&#8221;4.9.3&#8243; header_font_size=&#8221;16&#8243; header_line_height=&#8221;1.6em&#8221; body_font_size=&#8221;16px&#8221; background_size=&#8221;initial&#8221; background_position=&#8221;top_left&#8221; background_repeat=&#8221;repeat&#8221; text_orientation=&#8221;center&#8221; animation=&#8221;off&#8221; border_color_all=&#8221;#000000&#8243; border_width_all_image=&#8221;1px&#8221; border_color_all_image=&#8221;#043518&#8243; use_border_color=&#8221;off&#8221; border_color=&#8221;#ffffff&#8221; border_style=&#8221;solid&#8221;]<\/p>\n<p>&nbsp;<\/p>\n<p align=\"center\"><span style=\"color: #a0b34d;\"><em><b>\u201eNATURALNE PLANOWANIE RODZINY JEST ODPOWIEDZI\u0104 NA TO, JAK W MA\u0141\u017bE\u0143STWIE POGODZI\u0106 POTRZEB\u0118 MI\u0141O\u015aCI I SEKSUALNO\u015aCI. STOSOWANIE ANTYKONCEPCJI W MA\u0141\u017bE\u0143STWIE JEST PRZEJAWEM STAWIANIA WY\u017bEJ PRZYJEMNO\u015aCI P\u0141YN\u0104CEJ Z AKTU SEKSUALNEGO NI\u017b MI\u0141O\u015aCI DO WSP\u00d3\u0141MA\u0141\u017bONKA\u201d.<br \/><\/b><\/em>UMILOWANI.PL<\/span><\/p>\n<p style=\"text-align: center;\">Na stronie UMILOWANI.PL chcieliby\u015bmy wyja\u015bni\u0107, korzystaj\u0105c z dost\u0119pnej wiedzy i w\u0142asnych do\u015bwiadcze\u0144, <a href=\"https:\/\/umilowani.pl\/index.php\/czym-jest-npr\/\">czym jest Naturalne Planowanie Rodziny<\/a> czyli tzw. NPR (Billings E. i J., Catarinich M., 1998; Hilgers T. W. 2012; Kippley J. i S., 2002; Kramarek T., 2007; R\u00f6tzer J., 2005; Troszy\u0144ski M., (red.), 2013; W\u00f3jcik E., 2005) Od chwili kiedy zetkn\u0119li\u015bmy si\u0119 z tym tematem po raz pierwszy, zdecydowali\u015bmy si\u0119 na p\u00f3j\u015bcie t\u0105 drog\u0105, by p\u00f3\u017aniej zrobi\u0107 kolejny krok i sta\u0107 si\u0119 entuzjastycznymi propagatorami nowoczesnych metod rozpoznawania p\u0142odno\u015bci. Bardzo zale\u017cy nam na przekazaniu prawdy o tej niezwykle wa\u017cnej sferze \u017cycia i za\u015bwiadczeniu, \u017ce mo\u017cna cieszy\u0107 si\u0119 wsp\u00f3\u0142\u017cyciem ma\u0142\u017ce\u0144skim zar\u00f3wno gdy my\u015blimy o pocz\u0119ciu dziecka, jak r\u00f3wnie\u017c gdy\u00a0 zostawiamy t\u0105 decyzj\u0119 na dalsz\u0105 przysz\u0142o\u015b\u0107. Przy tym zagadnieniu om\u00f3wimy r\u00f3wnie\u017c w\u0105tek <a href=\"http:\/\/umilowani.pl\/index.php\/antykoncepcja\/\" target=\"_blank\" rel=\"noopener noreferrer\">antykoncepcji.<\/a><\/p>\n<p style=\"text-align: center;\">Je\u015bli kogo\u015b zainteresujemy tematem NPR, to informujemy, \u017ce nauk\u0119 nowoczesnych metod rozpoznawania p\u0142odno\u015bci mo\u017cna rozpocz\u0105\u0107 indywidualnie. Jest to mo\u017cliwe w ka\u017cdej Poradni Rodzinnej b\u0105d\u017a w trakcie zorganizowanego kursu z danej metody. Oboje jeste\u015bmy przeszkoleni w tym zakresie i s\u0142u\u017cymy pomoc\u0105 w Poradniach Rodzinnych we Wroc\u0142awiu, w kt\u00f3rych pracujemy. Zach\u0119camy do zapoznania si\u0119 z Modelem Creighton, czyli najnowsz\u0105 metod\u0105 rozpoznawania p\u0142odno\u015bci. <a href=\"http:\/\/umilowani.pl\/index.php\/model-creighton\/\" target=\"_blank\" rel=\"noopener noreferrer\">Model Creighton<\/a> to metoda obserwacji kobiecego cyklu umo\u017cliwiaj\u0105ca poznanie w\u0142asnej p\u0142odno\u015bci w celu zaplanowania lub od\u0142o\u017cenia pocz\u0119cia dziecka w czasie oraz wykrycie potencjalnych nieprawid\u0142owo\u015bci w zakresie zdrowia prokreacyjnego, co wykorzystywane jest w leczeniu niep\u0142odno\u015bci przy u\u017cyciu NaProTechnologii.<\/p>\n<p>[\/et_pb_blurb][et_pb_blurb title=&#8221;Z R\u00d3\u017bNYCH STRON O NPR&#8221; image_max_width=&#8221;none&#8221; content_max_width=&#8221;90%&#8221; admin_label=&#8221;Blurb&#8221; _builder_version=&#8221;4.9.3&#8243; header_font_size=&#8221;16&#8243; body_font_size=&#8221;16&#8243; body_line_height=&#8221;1.8em&#8221; background_color=&#8221;#FFFFFF&#8221; background_size=&#8221;initial&#8221; background_position=&#8221;top_left&#8221; background_repeat=&#8221;repeat&#8221; text_orientation=&#8221;center&#8221; animation=&#8221;off&#8221; border_color_all=&#8221;#000000&#8243; border_width_all_image=&#8221;1px&#8221; border_color_all_image=&#8221;#043518&#8243; use_border_color=&#8221;off&#8221; border_color=&#8221;#ffffff&#8221; border_style=&#8221;solid&#8221;][\/et_pb_blurb][\/et_pb_column][\/et_pb_row][et_pb_row column_structure=&#8221;1_3,1_3,1_3&#8243; _builder_version=&#8221;4.9.3&#8243; _module_preset=&#8221;default&#8221; max_width=&#8221;90%&#8221;][et_pb_column type=&#8221;1_3&#8243; _builder_version=&#8221;4.9.3&#8243; _module_preset=&#8221;default&#8221;][et_pb_blurb title=&#8221;Troch\u0119 o p\u0142odno\u015bci&#8221; url=&#8221;http:\/\/umilowani.pl\/index.php\/troche-o-plodnosci\/&#8221; image=&#8221;https:\/\/umilowani.pl\/wp-content\/uploads\/2024\/12\/Troche-o-plodnosci2.jpg&#8221; alt=&#8221;Troch\u0119 o p\u0142odno\u015bci&#8221; image_max_width=&#8221;85%&#8221; admin_label=&#8221;Notka&#8221; _builder_version=&#8221;4.9.3&#8243; background_size=&#8221;initial&#8221; background_position=&#8221;top_left&#8221; background_repeat=&#8221;repeat&#8221; text_orientation=&#8221;center&#8221; animation=&#8221;off&#8221; use_border_color=&#8221;off&#8221; border_color=&#8221;#ffffff&#8221; border_style=&#8221;solid&#8221;][\/et_pb_blurb][et_pb_button button_url=&#8221;http:\/\/umilowani.pl\/index.php\/troche-o-plodnosci\/&#8221; button_text=&#8221;Czytaj wi\u0119cej&#8221; button_alignment=&#8221;center&#8221; _builder_version=&#8221;4.9.3&#8243; _module_preset=&#8221;default&#8221;][\/et_pb_button][et_pb_blurb title=&#8221;Antykoncepcja&#8221; url=&#8221;http:\/\/umilowani.pl\/index.php\/antykoncepcja\/&#8221; image=&#8221;https:\/\/umilowani.pl\/wp-content\/uploads\/2024\/12\/Antykoncepcja2.jpg&#8221; alt=&#8221;Antykoncepcja&#8221; image_max_width=&#8221;85%&#8221; admin_label=&#8221;Notka&#8221; _builder_version=&#8221;4.9.3&#8243; background_size=&#8221;initial&#8221; background_position=&#8221;top_left&#8221; background_repeat=&#8221;repeat&#8221; text_orientation=&#8221;center&#8221; animation=&#8221;off&#8221; use_border_color=&#8221;off&#8221; border_color=&#8221;#ffffff&#8221; border_style=&#8221;solid&#8221;][\/et_pb_blurb][et_pb_button button_url=&#8221;http:\/\/umilowani.pl\/index.php\/antykoncepcja\/&#8221; button_text=&#8221;Czytaj wi\u0119cej&#8221; button_alignment=&#8221;center&#8221; _builder_version=&#8221;4.9.3&#8243; _module_preset=&#8221;default&#8221;][\/et_pb_button][\/et_pb_column][et_pb_column type=&#8221;1_3&#8243; _builder_version=&#8221;4.9.3&#8243; _module_preset=&#8221;default&#8221;][et_pb_blurb title=&#8221;Czym jest NPR?&#8221; url=&#8221;http:\/\/umilowani.pl\/index.php\/CZYM-JEST-NPR\/&#8221; image=&#8221;https:\/\/umilowani.pl\/wp-content\/uploads\/2024\/12\/Czym-jest-NPR2.jpg&#8221; alt=&#8221;Czym jest NPR&#8221; image_max_width=&#8221;85%&#8221; admin_label=&#8221;Notka&#8221; _builder_version=&#8221;4.9.3&#8243; background_size=&#8221;initial&#8221; background_position=&#8221;top_left&#8221; background_repeat=&#8221;repeat&#8221; text_orientation=&#8221;center&#8221; animation=&#8221;off&#8221; use_border_color=&#8221;off&#8221; border_color=&#8221;#ffffff&#8221; border_style=&#8221;solid&#8221;][\/et_pb_blurb][et_pb_button button_url=&#8221;http:\/\/umilowani.pl\/index.php\/CZYM-JEST-NPR\/&#8221; button_text=&#8221;Czytaj wi\u0119cej&#8221; button_alignment=&#8221;center&#8221; _builder_version=&#8221;4.9.3&#8243; _module_preset=&#8221;default&#8221;][\/et_pb_button][et_pb_blurb title=&#8221;Czy NPR to antykoncepcja?&#8221; url=&#8221;http:\/\/umilowani.pl\/index.php\/czy-npr-to-antykoncepcja\/&#8221; image=&#8221;https:\/\/umilowani.pl\/wp-content\/uploads\/2024\/12\/Czym-NPR-to-antykoncepcja_obrazek-glowny2.jpg&#8221; alt=&#8221;Czym NPR to antykoncepcja_obrazek g\u0142\u00f3wny&#8221; image_max_width=&#8221;85%&#8221; admin_label=&#8221;Notka&#8221; _builder_version=&#8221;4.9.3&#8243; background_size=&#8221;initial&#8221; background_position=&#8221;top_left&#8221; background_repeat=&#8221;repeat&#8221; text_orientation=&#8221;center&#8221; animation=&#8221;off&#8221; use_border_color=&#8221;off&#8221; border_color=&#8221;#ffffff&#8221; border_style=&#8221;solid&#8221;][\/et_pb_blurb][et_pb_button button_url=&#8221;http:\/\/umilowani.pl\/index.php\/czy-npr-to-antykoncepcja\/&#8221; button_text=&#8221;Czytaj wi\u0119cej&#8221; button_alignment=&#8221;center&#8221; _builder_version=&#8221;4.9.3&#8243; _module_preset=&#8221;default&#8221;][\/et_pb_button][\/et_pb_column][et_pb_column type=&#8221;1_3&#8243; _builder_version=&#8221;4.9.3&#8243; _module_preset=&#8221;default&#8221;][et_pb_blurb title=&#8221;Zalety NPR&#8221; url=&#8221;http:\/\/umilowani.pl\/index.php\/zalety-npr\/&#8221; image=&#8221;https:\/\/umilowani.pl\/wp-content\/uploads\/2024\/12\/Zalety-NPR2.jpg&#8221; alt=&#8221;Zalety NPR&#8221; image_max_width=&#8221;85%&#8221; admin_label=&#8221;Notka&#8221; _builder_version=&#8221;4.9.3&#8243; background_size=&#8221;initial&#8221; background_position=&#8221;top_left&#8221; background_repeat=&#8221;repeat&#8221; text_orientation=&#8221;center&#8221; animation=&#8221;off&#8221; use_border_color=&#8221;off&#8221; border_color=&#8221;#ffffff&#8221; border_style=&#8221;solid&#8221;][\/et_pb_blurb][et_pb_button button_url=&#8221;http:\/\/umilowani.pl\/index.php\/zalety-npr\/&#8221; button_text=&#8221;Czytaj wi\u0119cej&#8221; button_alignment=&#8221;center&#8221; _builder_version=&#8221;4.9.3&#8243; _module_preset=&#8221;default&#8221;][\/et_pb_button][et_pb_blurb title=&#8221;Skuteczno\u015b\u0107&#8221; url=&#8221;http:\/\/umilowani.pl\/index.php\/skutecznosc\/&#8221; image=&#8221;https:\/\/umilowani.pl\/wp-content\/uploads\/2024\/12\/Skutecznosc-NPR2.jpg&#8221; alt=&#8221;Skuteczno\u015b\u0107 NPR&#8221; image_max_width=&#8221;85%&#8221; admin_label=&#8221;Notka&#8221; _builder_version=&#8221;4.9.3&#8243; background_size=&#8221;initial&#8221; background_position=&#8221;top_left&#8221; background_repeat=&#8221;repeat&#8221; text_orientation=&#8221;center&#8221; animation=&#8221;off&#8221; use_border_color=&#8221;off&#8221; border_color=&#8221;#ffffff&#8221; border_style=&#8221;solid&#8221;][\/et_pb_blurb][et_pb_button button_url=&#8221;http:\/\/umilowani.pl\/index.php\/skutecznosc\/&#8221; button_text=&#8221;Czytaj wi\u0119cej&#8221; button_alignment=&#8221;center&#8221; _builder_version=&#8221;4.9.3&#8243; _module_preset=&#8221;default&#8221;][\/et_pb_button][\/et_pb_column][\/et_pb_row][\/et_pb_section]<\/p>\n","protected":false},"excerpt":{"rendered":"<p>[et_pb_section fb_built=&#8221;1&#8243; custom_padding_last_edited=&#8221;on|desktop&#8221; admin_label=&#8221;section&#8221; _builder_version=&#8221;4.9.3&#8243; background_color=&#8221;#FFFFFF&#8221; custom_padding_tablet=&#8221;50px|0|50px|0&#8243; custom_padding_phone=&#8221;&#8221; transparent_background=&#8221;on&#8221; padding_mobile=&#8221;off&#8221; make_fullwidth=&#8221;off&#8221; use_custom_width=&#8221;off&#8221; width_unit=&#8221;on&#8221;][et_pb_row padding_mobile=&#8221;off&#8221; column_padding_mobile=&#8221;on&#8221; admin_label=&#8221;row&#8221; _builder_version=&#8221;3.25&#8243; background_size=&#8221;initial&#8221; background_position=&#8221;top_left&#8221; background_repeat=&#8221;repeat&#8221; max_width=&#8221;90%&#8221; make_fullwidth=&#8221;off&#8221; use_custom_width=&#8221;on&#8221; width_unit=&#8221;off&#8221; custom_width_percent=&#8221;90%&#8221;][et_pb_column type=&#8221;4_4&#8243; _builder_version=&#8221;3.25&#8243; custom_padding=&#8221;|||&#8221; custom_padding__hover=&#8221;|||&#8221;][et_pb_blurb title=&#8221;NPR&#8221; image=&#8221;https:\/\/umilowani.pl\/wp-content\/uploads\/2024\/11\/NPR2.jpg&#8221; alt=&#8221;NPR&#8221; image_max_width=&#8221;75%&#8221; content_max_width=&#8221;90%&#8221; admin_label=&#8221;Blurb&#8221; _builder_version=&#8221;4.9.3&#8243; header_font_size=&#8221;16&#8243; header_line_height=&#8221;1.6em&#8221; body_font_size=&#8221;16px&#8221; background_size=&#8221;initial&#8221; background_position=&#8221;top_left&#8221; background_repeat=&#8221;repeat&#8221; text_orientation=&#8221;center&#8221; animation=&#8221;off&#8221; border_color_all=&#8221;#000000&#8243; border_width_all_image=&#8221;1px&#8221; border_color_all_image=&#8221;#043518&#8243; use_border_color=&#8221;off&#8221; border_color=&#8221;#ffffff&#8221; border_style=&#8221;solid&#8221;] &nbsp; \u201eNATURALNE PLANOWANIE RODZINY JEST [&hellip;]<\/p>\n","protected":false},"author":1,"featured_media":0,"parent":0,"menu_order":0,"comment_status":"closed","ping_status":"closed","template":"","meta":{"_et_pb_use_builder":"on","_et_pb_old_content":"","_et_gb_content_width":"","footnotes":""},"class_list":["post-30","page","type-page","status-publish","hentry"],"yoast_head":"<!-- This site is optimized with the Yoast SEO plugin v27.5 - https:\/\/yoast.com\/product\/yoast-seo-wordpress\/ -->\n<title>NPR - UMILOWANI.PL<\/title>\n<meta name=\"description\" content=\"Wyja\u015bniamy tutaj, korzystaj\u0105c z dost\u0119pnej wiedzy i w\u0142asnych do\u015bwiadcze\u0144, czym jest Naturalne Planowanie Rodziny czyli tzw. NPR.\" \/>\n<meta name=\"robots\" content=\"index, follow, max-snippet:-1, max-image-preview:large, max-video-preview:-1\" \/>\n<link rel=\"canonical\" href=\"https:\/\/umilowani.pl\/index.php\/npr\/\" \/>\n<meta property=\"og:locale\" content=\"pl_PL\" \/>\n<meta property=\"og:type\" content=\"article\" \/>\n<meta property=\"og:title\" content=\"NPR - UMILOWANI.PL\" \/>\n<meta property=\"og:description\" content=\"Wyja\u015bniamy tutaj, korzystaj\u0105c z dost\u0119pnej wiedzy i w\u0142asnych do\u015bwiadcze\u0144, czym jest Naturalne Planowanie Rodziny czyli tzw. NPR.\" \/>\n<meta property=\"og:url\" content=\"https:\/\/umilowani.pl\/index.php\/npr\/\" \/>\n<meta property=\"og:site_name\" content=\"UMILOWANI.PL\" \/>\n<meta property=\"article:modified_time\" content=\"2024-12-02T11:53:52+00:00\" \/>\n<meta name=\"twitter:card\" content=\"summary_large_image\" \/>\n<meta name=\"twitter:label1\" content=\"Szacowany czas czytania\" \/>\n\t<meta name=\"twitter:data1\" content=\"4 minuty\" \/>\n<script type=\"application\/ld+json\" class=\"yoast-schema-graph\">{\"@context\":\"https:\\\/\\\/schema.org\",\"@graph\":[{\"@type\":\"WebPage\",\"@id\":\"https:\\\/\\\/umilowani.pl\\\/index.php\\\/npr\\\/\",\"url\":\"https:\\\/\\\/umilowani.pl\\\/index.php\\\/npr\\\/\",\"name\":\"NPR - UMILOWANI.PL\",\"isPartOf\":{\"@id\":\"https:\\\/\\\/umilowani.pl\\\/#website\"},\"datePublished\":\"2016-10-28T09:23:33+00:00\",\"dateModified\":\"2024-12-02T11:53:52+00:00\",\"description\":\"Wyja\u015bniamy tutaj, korzystaj\u0105c z dost\u0119pnej wiedzy i w\u0142asnych do\u015bwiadcze\u0144, czym jest Naturalne Planowanie Rodziny czyli tzw. NPR.\",\"breadcrumb\":{\"@id\":\"https:\\\/\\\/umilowani.pl\\\/index.php\\\/npr\\\/#breadcrumb\"},\"inLanguage\":\"pl-PL\",\"potentialAction\":[{\"@type\":\"ReadAction\",\"target\":[\"https:\\\/\\\/umilowani.pl\\\/index.php\\\/npr\\\/\"]}]},{\"@type\":\"BreadcrumbList\",\"@id\":\"https:\\\/\\\/umilowani.pl\\\/index.php\\\/npr\\\/#breadcrumb\",\"itemListElement\":[{\"@type\":\"ListItem\",\"position\":1,\"name\":\"Strona g\u0142\u00f3wna\",\"item\":\"https:\\\/\\\/umilowani.pl\\\/\"},{\"@type\":\"ListItem\",\"position\":2,\"name\":\"NPR\"}]},{\"@type\":\"WebSite\",\"@id\":\"https:\\\/\\\/umilowani.pl\\\/#website\",\"url\":\"https:\\\/\\\/umilowani.pl\\\/\",\"name\":\"UMILOWANI.PL\",\"description\":\"Ma\u0142\u017ce\u0144stwo, mi\u0142o\u015b\u0107\",\"publisher\":{\"@id\":\"https:\\\/\\\/umilowani.pl\\\/#\\\/schema\\\/person\\\/600a3e0031b2b450828be24ac2027c8a\"},\"potentialAction\":[{\"@type\":\"SearchAction\",\"target\":{\"@type\":\"EntryPoint\",\"urlTemplate\":\"https:\\\/\\\/umilowani.pl\\\/?s={search_term_string}\"},\"query-input\":{\"@type\":\"PropertyValueSpecification\",\"valueRequired\":true,\"valueName\":\"search_term_string\"}}],\"inLanguage\":\"pl-PL\"},{\"@type\":[\"Person\",\"Organization\"],\"@id\":\"https:\\\/\\\/umilowani.pl\\\/#\\\/schema\\\/person\\\/600a3e0031b2b450828be24ac2027c8a\",\"name\":\"UMILOWANI.PL\",\"image\":{\"@type\":\"ImageObject\",\"inLanguage\":\"pl-PL\",\"@id\":\"https:\\\/\\\/umilowani.pl\\\/wp-content\\\/uploads\\\/2022\\\/07\\\/cropped-6.png\",\"url\":\"https:\\\/\\\/umilowani.pl\\\/wp-content\\\/uploads\\\/2022\\\/07\\\/cropped-6.png\",\"contentUrl\":\"https:\\\/\\\/umilowani.pl\\\/wp-content\\\/uploads\\\/2022\\\/07\\\/cropped-6.png\",\"width\":512,\"height\":512,\"caption\":\"UMILOWANI.PL\"},\"logo\":{\"@id\":\"https:\\\/\\\/umilowani.pl\\\/wp-content\\\/uploads\\\/2022\\\/07\\\/cropped-6.png\"}}]}<\/script>\n<!-- \/ Yoast SEO plugin. -->","yoast_head_json":{"title":"NPR - UMILOWANI.PL","description":"Wyja\u015bniamy tutaj, korzystaj\u0105c z dost\u0119pnej wiedzy i w\u0142asnych do\u015bwiadcze\u0144, czym jest Naturalne Planowanie Rodziny czyli tzw. NPR.","robots":{"index":"index","follow":"follow","max-snippet":"max-snippet:-1","max-image-preview":"max-image-preview:large","max-video-preview":"max-video-preview:-1"},"canonical":"https:\/\/umilowani.pl\/index.php\/npr\/","og_locale":"pl_PL","og_type":"article","og_title":"NPR - UMILOWANI.PL","og_description":"Wyja\u015bniamy tutaj, korzystaj\u0105c z dost\u0119pnej wiedzy i w\u0142asnych do\u015bwiadcze\u0144, czym jest Naturalne Planowanie Rodziny czyli tzw. NPR.","og_url":"https:\/\/umilowani.pl\/index.php\/npr\/","og_site_name":"UMILOWANI.PL","article_modified_time":"2024-12-02T11:53:52+00:00","twitter_card":"summary_large_image","twitter_misc":{"Szacowany czas czytania":"4 minuty"},"schema":{"@context":"https:\/\/schema.org","@graph":[{"@type":"WebPage","@id":"https:\/\/umilowani.pl\/index.php\/npr\/","url":"https:\/\/umilowani.pl\/index.php\/npr\/","name":"NPR - UMILOWANI.PL","isPartOf":{"@id":"https:\/\/umilowani.pl\/#website"},"datePublished":"2016-10-28T09:23:33+00:00","dateModified":"2024-12-02T11:53:52+00:00","description":"Wyja\u015bniamy tutaj, korzystaj\u0105c z dost\u0119pnej wiedzy i w\u0142asnych do\u015bwiadcze\u0144, czym jest Naturalne Planowanie Rodziny czyli tzw. NPR.","breadcrumb":{"@id":"https:\/\/umilowani.pl\/index.php\/npr\/#breadcrumb"},"inLanguage":"pl-PL","potentialAction":[{"@type":"ReadAction","target":["https:\/\/umilowani.pl\/index.php\/npr\/"]}]},{"@type":"BreadcrumbList","@id":"https:\/\/umilowani.pl\/index.php\/npr\/#breadcrumb","itemListElement":[{"@type":"ListItem","position":1,"name":"Strona g\u0142\u00f3wna","item":"https:\/\/umilowani.pl\/"},{"@type":"ListItem","position":2,"name":"NPR"}]},{"@type":"WebSite","@id":"https:\/\/umilowani.pl\/#website","url":"https:\/\/umilowani.pl\/","name":"UMILOWANI.PL","description":"Ma\u0142\u017ce\u0144stwo, mi\u0142o\u015b\u0107","publisher":{"@id":"https:\/\/umilowani.pl\/#\/schema\/person\/600a3e0031b2b450828be24ac2027c8a"},"potentialAction":[{"@type":"SearchAction","target":{"@type":"EntryPoint","urlTemplate":"https:\/\/umilowani.pl\/?s={search_term_string}"},"query-input":{"@type":"PropertyValueSpecification","valueRequired":true,"valueName":"search_term_string"}}],"inLanguage":"pl-PL"},{"@type":["Person","Organization"],"@id":"https:\/\/umilowani.pl\/#\/schema\/person\/600a3e0031b2b450828be24ac2027c8a","name":"UMILOWANI.PL","image":{"@type":"ImageObject","inLanguage":"pl-PL","@id":"https:\/\/umilowani.pl\/wp-content\/uploads\/2022\/07\/cropped-6.png","url":"https:\/\/umilowani.pl\/wp-content\/uploads\/2022\/07\/cropped-6.png","contentUrl":"https:\/\/umilowani.pl\/wp-content\/uploads\/2022\/07\/cropped-6.png","width":512,"height":512,"caption":"UMILOWANI.PL"},"logo":{"@id":"https:\/\/umilowani.pl\/wp-content\/uploads\/2022\/07\/cropped-6.png"}}]}},"_links":{"self":[{"href":"https:\/\/umilowani.pl\/index.php\/wp-json\/wp\/v2\/pages\/30","targetHints":{"allow":["GET"]}}],"collection":[{"href":"https:\/\/umilowani.pl\/index.php\/wp-json\/wp\/v2\/pages"}],"about":[{"href":"https:\/\/umilowani.pl\/index.php\/wp-json\/wp\/v2\/types\/page"}],"author":[{"embeddable":true,"href":"https:\/\/umilowani.pl\/index.php\/wp-json\/wp\/v2\/users\/1"}],"replies":[{"embeddable":true,"href":"https:\/\/umilowani.pl\/index.php\/wp-json\/wp\/v2\/comments?post=30"}],"version-history":[{"count":9,"href":"https:\/\/umilowani.pl\/index.php\/wp-json\/wp\/v2\/pages\/30\/revisions"}],"predecessor-version":[{"id":18538,"href":"https:\/\/umilowani.pl\/index.php\/wp-json\/wp\/v2\/pages\/30\/revisions\/18538"}],"wp:attachment":[{"href":"https:\/\/umilowani.pl\/index.php\/wp-json\/wp\/v2\/media?parent=30"}],"curies":[{"name":"wp","href":"https:\/\/api.w.org\/{rel}","templated":true}]}}