{"id":38,"date":"2016-10-28T11:49:32","date_gmt":"2016-10-28T09:49:32","guid":{"rendered":"http:\/\/umilowani.pl\/?page_id=38"},"modified":"2026-01-09T10:18:37","modified_gmt":"2026-01-09T09:18:37","slug":"randki-malzenskie","status":"publish","type":"page","link":"https:\/\/umilowani.pl\/index.php\/randki-malzenskie\/","title":{"rendered":"Randki Ma\u0142\u017ce\u0144skie"},"content":{"rendered":"<p>[et_pb_section fb_built=&#8221;1&#8243; custom_padding_last_edited=&#8221;on|desktop&#8221; admin_label=&#8221;section&#8221; _builder_version=&#8221;4.9.3&#8243; background_color=&#8221;#FFFFFF&#8221; custom_padding_tablet=&#8221;50px|0|50px|0&#8243; custom_padding_phone=&#8221;&#8221; transparent_background=&#8221;on&#8221; padding_mobile=&#8221;off&#8221; make_fullwidth=&#8221;off&#8221; use_custom_width=&#8221;off&#8221; width_unit=&#8221;on&#8221; custom_width_px=&#8221;1080px&#8221; custom_width_percent=&#8221;80%&#8221;][et_pb_row padding_mobile=&#8221;off&#8221; column_padding_mobile=&#8221;on&#8221; admin_label=&#8221;row&#8221; _builder_version=&#8221;4.9.3&#8243; background_size=&#8221;initial&#8221; background_position=&#8221;top_left&#8221; background_repeat=&#8221;repeat&#8221; width=&#8221;100%&#8221; max_width=&#8221;100%&#8221; make_fullwidth=&#8221;off&#8221; use_custom_width=&#8221;on&#8221; width_unit=&#8221;off&#8221; custom_width_percent=&#8221;90%&#8221;][et_pb_column type=&#8221;4_4&#8243; _builder_version=&#8221;4.9.3&#8243; background_color=&#8221;rgba(0,0,0,0)&#8221; custom_padding=&#8221;|||&#8221; custom_padding__hover=&#8221;|||&#8221;][et_pb_blurb title=&#8221;RANDKI MA\u0141\u017bE\u0143SKIE&#8221; image=&#8221;https:\/\/umilowani.pl\/wp-content\/uploads\/2024\/12\/Randki-malzenskie2.jpg&#8221; alt=&#8221;Zamys\u0142&#8221; image_max_width=&#8221;75%&#8221; content_max_width=&#8221;90%&#8221; admin_label=&#8221;Blurb&#8221; _builder_version=&#8221;4.9.3&#8243; header_font_size=&#8221;16&#8243; header_line_height=&#8221;1.6em&#8221; body_font_size=&#8221;16px&#8221; background_size=&#8221;initial&#8221; background_position=&#8221;top_left&#8221; background_repeat=&#8221;repeat&#8221; text_orientation=&#8221;center&#8221; animation=&#8221;off&#8221; hover_enabled=&#8221;0&#8243; border_color_all=&#8221;#000000&#8243; border_width_all_image=&#8221;1px&#8221; border_color_all_image=&#8221;#043518&#8243; use_border_color=&#8221;off&#8221; border_color=&#8221;#ffffff&#8221; border_style=&#8221;solid&#8221; sticky_enabled=&#8221;0&#8243;]<\/p>\n<div class=\"et_pb_slide_content\" style=\"text-align: center;\">\n<div class=\"et_pb_slide_content\">\n<div>\n<p>&nbsp;<\/p>\n<p><span style=\"color: #a0b34d;\"><strong><em>\u201eJESTE\u015aMY POWO\u0141ANI DO ZMIENIANIA \u015aWIATA NA LEPSZE. MAMY SI\u0141\u0118 ZMIENIA\u0106 TEN \u015aWIAT, ALE TYLKO PRZEZ ZMIAN\u0118 SAMEGO SIEBIE\u201d.<br \/><\/em><\/strong>Jan Budziaszek \u201eDo nieba idzie si\u0119\u2026\u201d<\/span><\/p>\n<p>&nbsp;<\/p>\n<div class=\"et_pb_slide_content\">\n<div class=\"et_pb_slide_content\">\n<p>\u201eRandki Ma\u0142\u017ce\u0144skie\u201d to cykl warsztat\u00f3w \u0142\u0105cz\u0105cych w sobie form\u0119 prelekcji, \u0107wicze\u0144 oraz wsp\u00f3lnego dzielenia si\u0119 do\u015bwiadczeniami. Podczas warsztat\u00f3w omawiamy najwa\u017cniejsze zagadnienia dotycz\u0105ce ma\u0142\u017ce\u0144stwa oraz zach\u0119camy do refleksji nad sob\u0105. Naszym celem jest wsparcie relacji mi\u0119dzy ma\u0142\u017conkami, a przede wszystkim pomoc w budowaniu mi\u0142o\u015bci ma\u0142\u017ce\u0144skiej na wielu p\u0142aszczyznach. W czasie warsztat\u00f3w wsp\u00f3lnie poszukujemy odpowiedzi na m. in. nast\u0119puj\u0105ce pytania :<\/p>\n<p>&#8211; W jaki spos\u00f3b rozmawia\u0107, by wyrazi\u0107 siebie i nie rani\u0107 wsp\u00f3\u0142ma\u0142\u017conka?<br \/>&#8211; Jak zrozumie\u0107 nasze r\u00f3\u017cnice psychologiczne i uczyni\u0107 z nich nasze wsp\u00f3lne bogactwo?<br \/>&#8211; Jak pozna\u0107 i m\u00f3wi\u0107 w j\u0119zyku mi\u0142o\u015bci wsp\u00f3\u0142ma\u0142\u017conka?<br \/>&#8211; W jaki spos\u00f3b piel\u0119gnowa\u0107 sfer\u0119 intymn\u0105 w ma\u0142\u017ce\u0144stwie?<br \/>&#8211; Jak radzi\u0107 sobie z nieuchronnymi konfliktami w ma\u0142\u017ce\u0144stwie?<br \/>&#8211; Jak nie zagubi\u0107 si\u0119 w szarej codzienno\u015bci i uczyni\u0107 j\u0105 bardziej kolorow\u0105?<\/p>\n<p>Do tej pory odby\u0142o si\u0119 26 edycji zaj\u0119\u0107, w kt\u00f3rych uczestniczy\u0142o 200 ma\u0142\u017ce\u0144stw!<\/p>\n<p>&nbsp;<\/p>\n<h4 class=\"et_pb_module_header\">KOLEJNE WARSZTATY ROZPOCZN\u0104 SI\u0118 26 PA\u0179DZIERNIKA 2026 ROKU<\/h4>\n<p>Spotkania odbywaj\u0105 si\u0119 w Fundacji Evangelium Vitae, w sali \u015bw. Anny (budynek D), przy ul. Rydygiera 22-28 we Wroc\u0142awiu.<br \/>Zapisy przyjmujemy pod numerem telefonu: 660 913 432 lub e-mailowo na adres: poradnia@fev.wroclaw.pl<br \/>Warsztaty s\u0105 bezp\u0142atne, wsp\u00f3\u0142finansowane ze \u015brodk\u00f3w gminy Wroc\u0142aw.<\/p>\n<p>Skorzystaj i zadbaj o dobr\u0105 relacj\u0119 ze swoim wsp\u00f3\u0142ma\u0142\u017conkiem!<\/p>\n<p>&nbsp;<\/p>\n<h4 class=\"et_pb_module_header\"><a href=\"https:\/\/umilowani.pl\/wp-content\/uploads\/2026\/01\/Randki_20262.jpg\"><img loading=\"lazy\" decoding=\"async\" class=\"aligncenter wp-image-19340\" src=\"https:\/\/umilowani.pl\/wp-content\/uploads\/2026\/01\/Randki_20262-225x300.jpg\" alt=\"\" width=\"451\" height=\"600\" \/><\/a><\/h4>\n<p>&nbsp;<\/p>\n<\/div>\n<\/div>\n<h3>Wybrane opinie uczestnik\u00f3w o warsztatach \u201eRandki Ma\u0142\u017ce\u0144skie\u201d<\/h3>\n<p>&nbsp;<\/p>\n<p><strong><em>\u2013 \u201eW szko\u0142ach, rodzinach nikt nie uczy\u0142 nas post\u0119powania z samym sob\u0105, a co dopiero porozumiewania si\u0119 z innymi. Wielokrotnie nie wiedzia\u0142am dlaczego akurat tak post\u0119puj\u0119, z czego to wynika\u2026 Podczas warsztat\u00f3w us\u0142ysza\u0142am o szczeg\u00f3\u0142ach KOMUNIKACJI, o r\u00f3\u017cnicach w potrzebach kobiet i m\u0119\u017cczyzn, a wypo\u017cyczone lektury poszerzy\u0142y wiedz\u0119, kt\u00f3r\u0105 przekazano nam w bardzo przyst\u0119pny spos\u00f3b..\u201d<\/em><\/strong><\/p>\n<p><strong><em>\u2013 \u201eKa\u017cde ma\u0142\u017ce\u0144stwo, na ka\u017cdym etapie wymaga pracy obojga ma\u0142\u017conk\u00f3w \u2013 i to jest jedna ze \u015bwietnych propozycji :)\u201d<\/em><\/strong><\/p>\n<p><strong><em>\u2013 \u201eWarsztaty by\u0142y super i by\u0142o w nich bardzo du\u017co ciekawych i pomocnych informacji, kt\u00f3re mi na pewno pomog\u0105 i zostan\u0105 w pami\u0119ci. Bardzo dzi\u0119kujemy! \u201d<\/em><\/strong><\/p>\n<p><strong><em>\u2013 \u201eWarsztaty by\u0142y interesuj\u0105ce, tematyka bardzo trafnie dopasowana i om\u00f3wiona do \u017cycia codziennego. Spotkania odbywa\u0142y si\u0119 w mi\u0142ej atmosferze, ka\u017cdy mia\u0142 swobod\u0119 wypowiedzi. Tre\u015bci by\u0142y przekazywane w zrozumia\u0142y spos\u00f3b. Doceniamy czas i zaanga\u017cowanie.\u201d<\/em><\/strong><\/p>\n<p><strong><em>\u2013 \u201eDu\u017co wiedzy, konkretnie przekazanej. Tematy do rozmowy dla ma\u0142\u017conk\u00f3w. Zdecydowanie rozwijaj\u0105ce zwi\u0105zek.\u201d<\/em><\/strong><\/p>\n<p><strong><em>\u2013 \u201eNa pewno warto przyj\u015b\u0107, bo mo\u017ce to pom\u00f3c unikn\u0105\u0107 wielu kryzys\u00f3w ma\u0142\u017ce\u0144skich. Daje szans\u0119 na lepsze zrozumienie siebie nawzajem i przy dobrych intencjach obu stron, szans\u0119 na budowanie szcz\u0119\u015bliwych ma\u0142\u017ce\u0144stw.\u201d<\/em><\/strong><\/p>\n<p><strong><em>\u2013 \u201ePolecam wszystkim, kt\u00f3rzy chc\u0105 piel\u0119gnowa\u0107 rodzin\u0119 i sw\u00f3j zwi\u0105zek jak pi\u0119kny ogr\u00f3d.\u201d<\/em><\/strong><\/p>\n<p><strong><em>\u2013 \u201ePolecam Randki, poniewa\u017c wnosz\u0105 \u015bwie\u017co\u015b\u0107 w relacje, daj\u0105 poczucie, \u017ce to, co si\u0119 dzieje u nas w ma\u0142\u017ce\u0144stwie nie jest wyj\u0105tkowe i \u017ce wiele ma\u0142\u017ce\u0144stw prze\u017cywa te same problemy, co my. Rekomenduj\u0119 takie spotkania, aby pog\u0142\u0119bi\u0107 wi\u0119\u017a ma\u0142\u017ce\u0144sk\u0105 i zwi\u0119kszy\u0107 \u015bwiadomo\u015b\u0107, by by\u0107 szcz\u0119\u015bliwszymi w ma\u0142\u017ce\u0144stwie.\u201d<\/em><\/strong><\/p>\n<p><strong><em>\u2013 \u201eWsp\u00f3lny czas, u\u015bwiadomienie sobie wielu rzeczy, o kt\u00f3rych si\u0119 nie wiedzia\u0142o\/nie my\u015bla\u0142o, szczeg\u00f3lnie, gdy w codzienno\u015bci brakuje na to czasu, si\u0142y, ch\u0119ci, warunk\u00f3w.\u201d<\/em><\/strong><\/p>\n<p><strong><em>\u2013 \u201eNiekt\u00f3re tre\u015bci nowe, kt\u00f3re mo\u017cna przemy\u015ble\u0107, PRZEGADA\u0106 i wprowadzi\u0107. Ma\u0142\u017ce\u0144stwo przedstawione jako priorytet a nie co\u015b, co gdzie\u015b sobie jest na poboczu.\u201d<\/em><\/strong><\/p>\n<p><strong><em>\u2013 \u201eDobrze zorganizowane, przyst\u0119pne zaj\u0119cia, kt\u00f3re przekazuj\u0105 warto\u015bciowe tre\u015bci i przede wszystkim mog\u0105 przyczyni\u0107 si\u0119 do poprawy \u017cycia ma\u0142\u017ce\u0144skiego.\u201d<\/em><\/strong><\/p>\n<\/div>\n<\/div>\n<\/div>\n<p>[\/et_pb_blurb][\/et_pb_column][\/et_pb_row][\/et_pb_section]<\/p>\n","protected":false},"excerpt":{"rendered":"<p>[et_pb_section fb_built=&#8221;1&#8243; custom_padding_last_edited=&#8221;on|desktop&#8221; admin_label=&#8221;section&#8221; _builder_version=&#8221;4.9.3&#8243; background_color=&#8221;#FFFFFF&#8221; custom_padding_tablet=&#8221;50px|0|50px|0&#8243; custom_padding_phone=&#8221;&#8221; transparent_background=&#8221;on&#8221; padding_mobile=&#8221;off&#8221; make_fullwidth=&#8221;off&#8221; use_custom_width=&#8221;off&#8221; width_unit=&#8221;on&#8221; custom_width_px=&#8221;1080px&#8221; custom_width_percent=&#8221;80%&#8221;][et_pb_row padding_mobile=&#8221;off&#8221; column_padding_mobile=&#8221;on&#8221; admin_label=&#8221;row&#8221; _builder_version=&#8221;4.9.3&#8243; background_size=&#8221;initial&#8221; background_position=&#8221;top_left&#8221; background_repeat=&#8221;repeat&#8221; width=&#8221;100%&#8221; max_width=&#8221;100%&#8221; make_fullwidth=&#8221;off&#8221; use_custom_width=&#8221;on&#8221; width_unit=&#8221;off&#8221; custom_width_percent=&#8221;90%&#8221;][et_pb_column type=&#8221;4_4&#8243; _builder_version=&#8221;4.9.3&#8243; background_color=&#8221;rgba(0,0,0,0)&#8221; custom_padding=&#8221;|||&#8221; custom_padding__hover=&#8221;|||&#8221;][et_pb_blurb title=&#8221;RANDKI MA\u0141\u017bE\u0143SKIE&#8221; image=&#8221;https:\/\/umilowani.pl\/wp-content\/uploads\/2024\/12\/Randki-malzenskie2.jpg&#8221; alt=&#8221;Zamys\u0142&#8221; image_max_width=&#8221;75%&#8221; content_max_width=&#8221;90%&#8221; admin_label=&#8221;Blurb&#8221; _builder_version=&#8221;4.9.3&#8243; header_font_size=&#8221;16&#8243; header_line_height=&#8221;1.6em&#8221; body_font_size=&#8221;16px&#8221; background_size=&#8221;initial&#8221; background_position=&#8221;top_left&#8221; background_repeat=&#8221;repeat&#8221; text_orientation=&#8221;center&#8221; animation=&#8221;off&#8221; hover_enabled=&#8221;0&#8243; border_color_all=&#8221;#000000&#8243; border_width_all_image=&#8221;1px&#8221; border_color_all_image=&#8221;#043518&#8243; use_border_color=&#8221;off&#8221; border_color=&#8221;#ffffff&#8221; [&hellip;]<\/p>\n","protected":false},"author":1,"featured_media":0,"parent":0,"menu_order":0,"comment_status":"closed","ping_status":"closed","template":"","meta":{"_et_pb_use_builder":"on","_et_pb_old_content":"","_et_gb_content_width":"","footnotes":""},"class_list":["post-38","page","type-page","status-publish","hentry"],"yoast_head":"<!-- This site is optimized with the Yoast SEO plugin v27.5 - https:\/\/yoast.com\/product\/yoast-seo-wordpress\/ -->\n<title>Randki Ma\u0142\u017ce\u0144skie - UMILOWANI.PL<\/title>\n<meta name=\"description\" content=\"Celem warsztat\u00f3w &quot;Randki ma\u0142\u017ce\u0144skie&quot; jest wsparcie relacji mi\u0119dzy ma\u0142\u017conkami i pomoc w budowaniu mi\u0142o\u015bci ma\u0142\u017ce\u0144skiej na wielu p\u0142aszczyznach.\" \/>\n<meta name=\"robots\" content=\"index, follow, max-snippet:-1, max-image-preview:large, max-video-preview:-1\" \/>\n<link rel=\"canonical\" href=\"https:\/\/umilowani.pl\/index.php\/randki-malzenskie\/\" \/>\n<meta property=\"og:locale\" content=\"pl_PL\" \/>\n<meta property=\"og:type\" content=\"article\" \/>\n<meta property=\"og:title\" content=\"Randki Ma\u0142\u017ce\u0144skie - UMILOWANI.PL\" \/>\n<meta property=\"og:description\" content=\"Celem warsztat\u00f3w &quot;Randki ma\u0142\u017ce\u0144skie&quot; jest wsparcie relacji mi\u0119dzy ma\u0142\u017conkami i pomoc w budowaniu mi\u0142o\u015bci ma\u0142\u017ce\u0144skiej na wielu p\u0142aszczyznach.\" \/>\n<meta property=\"og:url\" content=\"https:\/\/umilowani.pl\/index.php\/randki-malzenskie\/\" \/>\n<meta property=\"og:site_name\" content=\"UMILOWANI.PL\" \/>\n<meta property=\"article:modified_time\" content=\"2026-01-09T09:18:37+00:00\" \/>\n<meta property=\"og:image\" content=\"https:\/\/umilowani.pl\/wp-content\/uploads\/2026\/01\/Randki_20262-225x300.jpg\" \/>\n<meta name=\"twitter:card\" content=\"summary_large_image\" \/>\n<meta name=\"twitter:label1\" content=\"Szacowany czas czytania\" \/>\n\t<meta name=\"twitter:data1\" content=\"4 minuty\" \/>\n<script type=\"application\/ld+json\" class=\"yoast-schema-graph\">{\"@context\":\"https:\\\/\\\/schema.org\",\"@graph\":[{\"@type\":\"WebPage\",\"@id\":\"https:\\\/\\\/umilowani.pl\\\/index.php\\\/randki-malzenskie\\\/\",\"url\":\"https:\\\/\\\/umilowani.pl\\\/index.php\\\/randki-malzenskie\\\/\",\"name\":\"Randki Ma\u0142\u017ce\u0144skie - UMILOWANI.PL\",\"isPartOf\":{\"@id\":\"https:\\\/\\\/umilowani.pl\\\/#website\"},\"primaryImageOfPage\":{\"@id\":\"https:\\\/\\\/umilowani.pl\\\/index.php\\\/randki-malzenskie\\\/#primaryimage\"},\"image\":{\"@id\":\"https:\\\/\\\/umilowani.pl\\\/index.php\\\/randki-malzenskie\\\/#primaryimage\"},\"thumbnailUrl\":\"https:\\\/\\\/umilowani.pl\\\/wp-content\\\/uploads\\\/2026\\\/01\\\/Randki_20262-225x300.jpg\",\"datePublished\":\"2016-10-28T09:49:32+00:00\",\"dateModified\":\"2026-01-09T09:18:37+00:00\",\"description\":\"Celem warsztat\u00f3w \\\"Randki ma\u0142\u017ce\u0144skie\\\" jest wsparcie relacji mi\u0119dzy ma\u0142\u017conkami i pomoc w budowaniu mi\u0142o\u015bci ma\u0142\u017ce\u0144skiej na wielu p\u0142aszczyznach.\",\"breadcrumb\":{\"@id\":\"https:\\\/\\\/umilowani.pl\\\/index.php\\\/randki-malzenskie\\\/#breadcrumb\"},\"inLanguage\":\"pl-PL\",\"potentialAction\":[{\"@type\":\"ReadAction\",\"target\":[\"https:\\\/\\\/umilowani.pl\\\/index.php\\\/randki-malzenskie\\\/\"]}]},{\"@type\":\"ImageObject\",\"inLanguage\":\"pl-PL\",\"@id\":\"https:\\\/\\\/umilowani.pl\\\/index.php\\\/randki-malzenskie\\\/#primaryimage\",\"url\":\"https:\\\/\\\/umilowani.pl\\\/wp-content\\\/uploads\\\/2026\\\/01\\\/Randki_20262.jpg\",\"contentUrl\":\"https:\\\/\\\/umilowani.pl\\\/wp-content\\\/uploads\\\/2026\\\/01\\\/Randki_20262.jpg\",\"width\":1499,\"height\":1996},{\"@type\":\"BreadcrumbList\",\"@id\":\"https:\\\/\\\/umilowani.pl\\\/index.php\\\/randki-malzenskie\\\/#breadcrumb\",\"itemListElement\":[{\"@type\":\"ListItem\",\"position\":1,\"name\":\"Strona g\u0142\u00f3wna\",\"item\":\"https:\\\/\\\/umilowani.pl\\\/\"},{\"@type\":\"ListItem\",\"position\":2,\"name\":\"Randki Ma\u0142\u017ce\u0144skie\"}]},{\"@type\":\"WebSite\",\"@id\":\"https:\\\/\\\/umilowani.pl\\\/#website\",\"url\":\"https:\\\/\\\/umilowani.pl\\\/\",\"name\":\"UMILOWANI.PL\",\"description\":\"Ma\u0142\u017ce\u0144stwo, mi\u0142o\u015b\u0107\",\"publisher\":{\"@id\":\"https:\\\/\\\/umilowani.pl\\\/#\\\/schema\\\/person\\\/600a3e0031b2b450828be24ac2027c8a\"},\"potentialAction\":[{\"@type\":\"SearchAction\",\"target\":{\"@type\":\"EntryPoint\",\"urlTemplate\":\"https:\\\/\\\/umilowani.pl\\\/?s={search_term_string}\"},\"query-input\":{\"@type\":\"PropertyValueSpecification\",\"valueRequired\":true,\"valueName\":\"search_term_string\"}}],\"inLanguage\":\"pl-PL\"},{\"@type\":[\"Person\",\"Organization\"],\"@id\":\"https:\\\/\\\/umilowani.pl\\\/#\\\/schema\\\/person\\\/600a3e0031b2b450828be24ac2027c8a\",\"name\":\"UMILOWANI.PL\",\"image\":{\"@type\":\"ImageObject\",\"inLanguage\":\"pl-PL\",\"@id\":\"https:\\\/\\\/umilowani.pl\\\/wp-content\\\/uploads\\\/2022\\\/07\\\/cropped-6.png\",\"url\":\"https:\\\/\\\/umilowani.pl\\\/wp-content\\\/uploads\\\/2022\\\/07\\\/cropped-6.png\",\"contentUrl\":\"https:\\\/\\\/umilowani.pl\\\/wp-content\\\/uploads\\\/2022\\\/07\\\/cropped-6.png\",\"width\":512,\"height\":512,\"caption\":\"UMILOWANI.PL\"},\"logo\":{\"@id\":\"https:\\\/\\\/umilowani.pl\\\/wp-content\\\/uploads\\\/2022\\\/07\\\/cropped-6.png\"}}]}<\/script>\n<!-- \/ Yoast SEO plugin. -->","yoast_head_json":{"title":"Randki Ma\u0142\u017ce\u0144skie - UMILOWANI.PL","description":"Celem warsztat\u00f3w \"Randki ma\u0142\u017ce\u0144skie\" jest wsparcie relacji mi\u0119dzy ma\u0142\u017conkami i pomoc w budowaniu mi\u0142o\u015bci ma\u0142\u017ce\u0144skiej na wielu p\u0142aszczyznach.","robots":{"index":"index","follow":"follow","max-snippet":"max-snippet:-1","max-image-preview":"max-image-preview:large","max-video-preview":"max-video-preview:-1"},"canonical":"https:\/\/umilowani.pl\/index.php\/randki-malzenskie\/","og_locale":"pl_PL","og_type":"article","og_title":"Randki Ma\u0142\u017ce\u0144skie - UMILOWANI.PL","og_description":"Celem warsztat\u00f3w \"Randki ma\u0142\u017ce\u0144skie\" jest wsparcie relacji mi\u0119dzy ma\u0142\u017conkami i pomoc w budowaniu mi\u0142o\u015bci ma\u0142\u017ce\u0144skiej na wielu p\u0142aszczyznach.","og_url":"https:\/\/umilowani.pl\/index.php\/randki-malzenskie\/","og_site_name":"UMILOWANI.PL","article_modified_time":"2026-01-09T09:18:37+00:00","og_image":[{"url":"https:\/\/umilowani.pl\/wp-content\/uploads\/2026\/01\/Randki_20262-225x300.jpg","type":"","width":"","height":""}],"twitter_card":"summary_large_image","twitter_misc":{"Szacowany czas czytania":"4 minuty"},"schema":{"@context":"https:\/\/schema.org","@graph":[{"@type":"WebPage","@id":"https:\/\/umilowani.pl\/index.php\/randki-malzenskie\/","url":"https:\/\/umilowani.pl\/index.php\/randki-malzenskie\/","name":"Randki Ma\u0142\u017ce\u0144skie - UMILOWANI.PL","isPartOf":{"@id":"https:\/\/umilowani.pl\/#website"},"primaryImageOfPage":{"@id":"https:\/\/umilowani.pl\/index.php\/randki-malzenskie\/#primaryimage"},"image":{"@id":"https:\/\/umilowani.pl\/index.php\/randki-malzenskie\/#primaryimage"},"thumbnailUrl":"https:\/\/umilowani.pl\/wp-content\/uploads\/2026\/01\/Randki_20262-225x300.jpg","datePublished":"2016-10-28T09:49:32+00:00","dateModified":"2026-01-09T09:18:37+00:00","description":"Celem warsztat\u00f3w \"Randki ma\u0142\u017ce\u0144skie\" jest wsparcie relacji mi\u0119dzy ma\u0142\u017conkami i pomoc w budowaniu mi\u0142o\u015bci ma\u0142\u017ce\u0144skiej na wielu p\u0142aszczyznach.","breadcrumb":{"@id":"https:\/\/umilowani.pl\/index.php\/randki-malzenskie\/#breadcrumb"},"inLanguage":"pl-PL","potentialAction":[{"@type":"ReadAction","target":["https:\/\/umilowani.pl\/index.php\/randki-malzenskie\/"]}]},{"@type":"ImageObject","inLanguage":"pl-PL","@id":"https:\/\/umilowani.pl\/index.php\/randki-malzenskie\/#primaryimage","url":"https:\/\/umilowani.pl\/wp-content\/uploads\/2026\/01\/Randki_20262.jpg","contentUrl":"https:\/\/umilowani.pl\/wp-content\/uploads\/2026\/01\/Randki_20262.jpg","width":1499,"height":1996},{"@type":"BreadcrumbList","@id":"https:\/\/umilowani.pl\/index.php\/randki-malzenskie\/#breadcrumb","itemListElement":[{"@type":"ListItem","position":1,"name":"Strona g\u0142\u00f3wna","item":"https:\/\/umilowani.pl\/"},{"@type":"ListItem","position":2,"name":"Randki Ma\u0142\u017ce\u0144skie"}]},{"@type":"WebSite","@id":"https:\/\/umilowani.pl\/#website","url":"https:\/\/umilowani.pl\/","name":"UMILOWANI.PL","description":"Ma\u0142\u017ce\u0144stwo, mi\u0142o\u015b\u0107","publisher":{"@id":"https:\/\/umilowani.pl\/#\/schema\/person\/600a3e0031b2b450828be24ac2027c8a"},"potentialAction":[{"@type":"SearchAction","target":{"@type":"EntryPoint","urlTemplate":"https:\/\/umilowani.pl\/?s={search_term_string}"},"query-input":{"@type":"PropertyValueSpecification","valueRequired":true,"valueName":"search_term_string"}}],"inLanguage":"pl-PL"},{"@type":["Person","Organization"],"@id":"https:\/\/umilowani.pl\/#\/schema\/person\/600a3e0031b2b450828be24ac2027c8a","name":"UMILOWANI.PL","image":{"@type":"ImageObject","inLanguage":"pl-PL","@id":"https:\/\/umilowani.pl\/wp-content\/uploads\/2022\/07\/cropped-6.png","url":"https:\/\/umilowani.pl\/wp-content\/uploads\/2022\/07\/cropped-6.png","contentUrl":"https:\/\/umilowani.pl\/wp-content\/uploads\/2022\/07\/cropped-6.png","width":512,"height":512,"caption":"UMILOWANI.PL"},"logo":{"@id":"https:\/\/umilowani.pl\/wp-content\/uploads\/2022\/07\/cropped-6.png"}}]}},"_links":{"self":[{"href":"https:\/\/umilowani.pl\/index.php\/wp-json\/wp\/v2\/pages\/38","targetHints":{"allow":["GET"]}}],"collection":[{"href":"https:\/\/umilowani.pl\/index.php\/wp-json\/wp\/v2\/pages"}],"about":[{"href":"https:\/\/umilowani.pl\/index.php\/wp-json\/wp\/v2\/types\/page"}],"author":[{"embeddable":true,"href":"https:\/\/umilowani.pl\/index.php\/wp-json\/wp\/v2\/users\/1"}],"replies":[{"embeddable":true,"href":"https:\/\/umilowani.pl\/index.php\/wp-json\/wp\/v2\/comments?post=38"}],"version-history":[{"count":16,"href":"https:\/\/umilowani.pl\/index.php\/wp-json\/wp\/v2\/pages\/38\/revisions"}],"predecessor-version":[{"id":19394,"href":"https:\/\/umilowani.pl\/index.php\/wp-json\/wp\/v2\/pages\/38\/revisions\/19394"}],"wp:attachment":[{"href":"https:\/\/umilowani.pl\/index.php\/wp-json\/wp\/v2\/media?parent=38"}],"curies":[{"name":"wp","href":"https:\/\/api.w.org\/{rel}","templated":true}]}}