{"id":4043,"date":"2019-10-05T23:18:01","date_gmt":"2019-10-05T21:18:01","guid":{"rendered":"https:\/\/umilowani.pl\/?page_id=4043"},"modified":"2024-12-02T08:59:26","modified_gmt":"2024-12-02T07:59:26","slug":"zamysl","status":"publish","type":"page","link":"https:\/\/umilowani.pl\/index.php\/zamysl\/","title":{"rendered":"Zamys\u0142"},"content":{"rendered":"<p>[et_pb_section fb_built=&#8221;1&#8243; custom_padding_last_edited=&#8221;on|desktop&#8221; disabled_on=&#8221;off|off|off&#8221; admin_label=&#8221;section&#8221; _builder_version=&#8221;4.9.3&#8243; background_color=&#8221;#FFFFFF&#8221; background_enable_image=&#8221;off&#8221; custom_padding_tablet=&#8221;50px|0|50px|0&#8243; custom_padding_phone=&#8221;&#8221; transparent_background=&#8221;on&#8221; padding_mobile=&#8221;off&#8221; make_fullwidth=&#8221;off&#8221; use_custom_width=&#8221;off&#8221; width_unit=&#8221;on&#8221; custom_width_px=&#8221;1080px&#8221; custom_width_percent=&#8221;80%&#8221;][et_pb_row disabled_on=&#8221;off|off|off&#8221; _builder_version=&#8221;4.9.3&#8243; _module_preset=&#8221;default&#8221;][et_pb_column type=&#8221;4_4&#8243; _builder_version=&#8221;4.9.3&#8243; _module_preset=&#8221;default&#8221;][et_pb_blurb title=&#8221;ZAMYS\u0141&#8221; image=&#8221;https:\/\/umilowani.pl\/wp-content\/uploads\/2024\/12\/4.jpg&#8221; alt=&#8221;Zamys\u0142&#8221; image_max_width=&#8221;75%&#8221; content_max_width=&#8221;90%&#8221; admin_label=&#8221;Blurb&#8221; _builder_version=&#8221;4.9.3&#8243; header_font_size=&#8221;16&#8243; header_line_height=&#8221;1.6em&#8221; body_font_size=&#8221;16px&#8221; background_size=&#8221;initial&#8221; background_position=&#8221;top_left&#8221; background_repeat=&#8221;repeat&#8221; text_orientation=&#8221;center&#8221; animation=&#8221;off&#8221; border_color_all=&#8221;#000000&#8243; border_width_all_image=&#8221;1px&#8221; border_color_all_image=&#8221;#043518&#8243; use_border_color=&#8221;off&#8221; border_color=&#8221;#ffffff&#8221; border_style=&#8221;solid&#8221;]<\/p>\n<div class=\"et_pb_slide_content\" style=\"text-align: center;\">\n<div class=\"et_pb_slide_content\">\n<div>\n<p>&nbsp;<\/p>\n<p><span style=\"color: #a0b34d;\"><strong><em>\u201eNIE OPOWIADAJ O MI\u0141O\u015aCI. KOCHAJ\u201d.<br \/><\/em><\/strong>Jan Budziaszek \u201eDo nieba idzie si\u0119\u2026\u201d<\/span><\/p>\n<p>&nbsp;<\/p>\n<div class=\"et_pb_slide_content\">\n<div class=\"et_pb_slide_content\">\n<p>Stworzyli\u015bmy stron\u0119 internetow\u0105 UMILOWANI.PL, poniewa\u017c chcemy podzieli\u0107 si\u0119 widz\u0105 oraz naszym ma\u0142\u017ce\u0144skim i zawodowym do\u015bwiadczeniem. Naszym celem jest wspieranie ma\u0142\u017conk\u00f3w na r\u00f3\u017cnych etapach dojrzewania ich mi\u0142o\u015bci. Chcemy m\u00f3wi\u0107 o pi\u0119knie ma\u0142\u017ce\u0144stwa i o tym, \u017ce w relacji mi\u0119dzy kobiet\u0105 i m\u0119\u017cczyzn\u0105 nie ma bardziej doskona\u0142ego rozwi\u0105zania na wzajemne okazywanie sobie mi\u0142o\u015bci (Dziewiecki M., 2012, 2014a, 2014b; Guzewicz M., 2017, 2018). \u201e<em>Nikt nie zaproponuje bardziej niezwyk\u0142ej mi\u0142o\u015bci od tej, kt\u00f3r\u0105 zaproponowa\u0142 B\u00f3g na pocz\u0105tku historii ludzko\u015bci. W\u00f3wczas m\u0119\u017cczyzna i kobieta stali si\u0119 stworzeni wzajemnie dla siebie<\/em> (Dziewiecki M., 2012)\u201d.<\/p>\n<p>Na stronie znajdziemy r\u00f3\u017cne wskaz\u00f3wki, kt\u00f3re poruszaj\u0105 najwa\u017cniejsze aspekty \u017cycia ma\u0142\u017ce\u0144skiego i zach\u0119caj\u0105 do pracy nad sob\u0105. Je\u015bli je dobrze przepracujemy, to naszym zdaniem daj\u0105 szans\u0119 na sukces, jakim jest udane i szcz\u0119\u015bliwe ma\u0142\u017ce\u0144stwo. W celu zg\u0142\u0119bienia poruszanych przez nas kwestii proponujemy <a href=\"http:\/\/umilowani.pl\/index.php\/warsztaty\/\">warsztaty.<\/a> Kierujemy je do ma\u0142\u017ce\u0144stw \u201ezwyczajnych-niezwyczajnych\u201d i prze\u017cywaj\u0105cych trudno\u015bci, dla rodzic\u00f3w dzieci m\u0142odszych i rodzic\u00f3w nastolatk\u00f3w oraz dla os\u00f3b doros\u0142ych.<\/p>\n<p>Nasz zamys\u0142 by\u0142 taki, aby po\u015bwi\u0119ci\u0107 stron\u0119 internetow\u0105 g\u0142\u00f3wnie ma\u0142\u017ce\u0144stwu. Dlaczego? Dla dziecka zawsze znajdziemy czas \u2013 ono ci\u0105gle upomina si\u0119 o nas, ale ze wsp\u00f3\u0142ma\u0142\u017conkiem nie zawsze potrafimy po prostu.. BY\u0106. Dziecko, kt\u00f3re widzi i do\u015bwiadcza prawdziwej mi\u0142o\u015bci swoich rodzic\u00f3w dostaje najcenniejszy z prezent\u00f3w jaki mo\u017cna mu w og\u00f3le da\u0107. Dr J. Pulikowski tak, to podsumowuje: <em>\u201eNajwa\u017cniejsze, co mo\u017ce ojciec da\u0107 swoim dzieciom to po prostu prawdziwie, odpowiedzialnie, m\u0105drze, dojrzale, wiernie, wy\u0142\u0105cznie i dozgonnie kocha\u0107 ich matk\u0119\u201d <\/em>(Pulikowski J., 2017).<\/p>\n<\/div>\n<\/div>\n<\/div>\n<\/div>\n<\/div>\n<p>[\/et_pb_blurb][et_pb_blurb title=&#8221;\u0179R\u00d3D\u0141A INSPIRACJI I WIEDZY O MA\u0141\u017bE\u0143STWIE&#8221; image_max_width=&#8221;none&#8221; content_max_width=&#8221;90%&#8221; admin_label=&#8221;Blurb&#8221; _builder_version=&#8221;4.9.3&#8243; header_font_size=&#8221;16&#8243; body_font_size=&#8221;16&#8243; body_line_height=&#8221;1.8em&#8221; background_color=&#8221;#FFFFFF&#8221; background_size=&#8221;initial&#8221; background_position=&#8221;top_left&#8221; background_repeat=&#8221;repeat&#8221; text_orientation=&#8221;center&#8221; animation=&#8221;off&#8221; border_color_all=&#8221;#000000&#8243; border_width_all_image=&#8221;1px&#8221; border_color_all_image=&#8221;#043518&#8243; use_border_color=&#8221;off&#8221; border_color=&#8221;#ffffff&#8221; border_style=&#8221;solid&#8221;][\/et_pb_blurb][\/et_pb_column][\/et_pb_row][et_pb_row column_structure=&#8221;1_2,1_2&#8243; _builder_version=&#8221;4.9.3&#8243; _module_preset=&#8221;default&#8221; background_color=&#8221;RGBA(0,0,0,0)&#8221;][et_pb_column type=&#8221;1_2&#8243; _builder_version=&#8221;4.9.3&#8243; _module_preset=&#8221;default&#8221;][et_pb_blurb title=&#8221;Recenzja&#8221; url=&#8221;https:\/\/umilowani.pl\/index.php\/recenzja\/&#8221; image=&#8221;https:\/\/umilowani.pl\/wp-content\/uploads\/2024\/12\/Recenzja2.jpg&#8221; alt=&#8221;Trudno\u015bci z NPR&#8221; image_max_width=&#8221;85%&#8221; _builder_version=&#8221;4.9.3&#8243; _module_preset=&#8221;default&#8221; header_text_align=&#8221;center&#8221; animation=&#8221;off&#8221; hover_enabled=&#8221;0&#8243; sticky_enabled=&#8221;0&#8243;][\/et_pb_blurb][et_pb_button button_url=&#8221;https:\/\/umilowani.pl\/index.php\/recenzja\/&#8221; button_text=&#8221;Czytaj wi\u0119cej&#8221; button_alignment=&#8221;center&#8221; _builder_version=&#8221;4.9.3&#8243; _module_preset=&#8221;default&#8221;][\/et_pb_button][\/et_pb_column][et_pb_column type=&#8221;1_2&#8243; _builder_version=&#8221;4.9.3&#8243; _module_preset=&#8221;default&#8221;][et_pb_blurb title=&#8221;Ksi\u0105\u017cki&#8221; url=&#8221;https:\/\/umilowani.pl\/index.php\/ksiazki\/&#8221; image=&#8221;https:\/\/umilowani.pl\/wp-content\/uploads\/2024\/12\/Ksiazki2.jpg&#8221; alt=&#8221;Ksi\u0105\u017cki&#8221; image_max_width=&#8221;85%&#8221; _builder_version=&#8221;4.9.3&#8243; _module_preset=&#8221;default&#8221; header_text_align=&#8221;center&#8221; animation=&#8221;off&#8221; hover_enabled=&#8221;0&#8243; border_color_all_image=&#8221;#000000&#8243; sticky_enabled=&#8221;0&#8243;][\/et_pb_blurb][et_pb_button button_url=&#8221;https:\/\/umilowani.pl\/index.php\/ksiazki\/&#8221; button_text=&#8221;Czytaj wi\u0119cej&#8221; button_alignment=&#8221;center&#8221; _builder_version=&#8221;4.9.3&#8243; _module_preset=&#8221;default&#8221;][\/et_pb_button][\/et_pb_column][\/et_pb_row][\/et_pb_section]<\/p>\n","protected":false},"excerpt":{"rendered":"<p>[et_pb_section fb_built=&#8221;1&#8243; custom_padding_last_edited=&#8221;on|desktop&#8221; disabled_on=&#8221;off|off|off&#8221; admin_label=&#8221;section&#8221; _builder_version=&#8221;4.9.3&#8243; background_color=&#8221;#FFFFFF&#8221; background_enable_image=&#8221;off&#8221; custom_padding_tablet=&#8221;50px|0|50px|0&#8243; custom_padding_phone=&#8221;&#8221; transparent_background=&#8221;on&#8221; padding_mobile=&#8221;off&#8221; make_fullwidth=&#8221;off&#8221; use_custom_width=&#8221;off&#8221; width_unit=&#8221;on&#8221; custom_width_px=&#8221;1080px&#8221; custom_width_percent=&#8221;80%&#8221;][et_pb_row disabled_on=&#8221;off|off|off&#8221; _builder_version=&#8221;4.9.3&#8243; _module_preset=&#8221;default&#8221;][et_pb_column type=&#8221;4_4&#8243; _builder_version=&#8221;4.9.3&#8243; _module_preset=&#8221;default&#8221;][et_pb_blurb title=&#8221;ZAMYS\u0141&#8221; image=&#8221;https:\/\/umilowani.pl\/wp-content\/uploads\/2024\/12\/4.jpg&#8221; alt=&#8221;Zamys\u0142&#8221; image_max_width=&#8221;75%&#8221; content_max_width=&#8221;90%&#8221; admin_label=&#8221;Blurb&#8221; _builder_version=&#8221;4.9.3&#8243; header_font_size=&#8221;16&#8243; header_line_height=&#8221;1.6em&#8221; body_font_size=&#8221;16px&#8221; background_size=&#8221;initial&#8221; background_position=&#8221;top_left&#8221; background_repeat=&#8221;repeat&#8221; text_orientation=&#8221;center&#8221; animation=&#8221;off&#8221; border_color_all=&#8221;#000000&#8243; border_width_all_image=&#8221;1px&#8221; border_color_all_image=&#8221;#043518&#8243; use_border_color=&#8221;off&#8221; border_color=&#8221;#ffffff&#8221; border_style=&#8221;solid&#8221;] &nbsp; \u201eNIE OPOWIADAJ O MI\u0141O\u015aCI. KOCHAJ\u201d.Jan Budziaszek \u201eDo nieba idzie si\u0119\u2026\u201d [&hellip;]<\/p>\n","protected":false},"author":1,"featured_media":0,"parent":0,"menu_order":0,"comment_status":"closed","ping_status":"closed","template":"","meta":{"_et_pb_use_builder":"on","_et_pb_old_content":"","_et_gb_content_width":"","footnotes":""},"class_list":["post-4043","page","type-page","status-publish","hentry"],"yoast_head":"<!-- This site is optimized with the Yoast SEO plugin v27.6 - https:\/\/yoast.com\/product\/yoast-seo-wordpress\/ -->\n<title>Zamys\u0142 - UMILOWANI.PL<\/title>\n<meta name=\"description\" content=\"Zamys\u0142, kt\u00f3ry nam przy\u015bwieca\u0142, gdy tworzyli\u015bmy stron\u0119 internetow\u0105 polega\u0142 na wspieraniu ma\u0142\u017conk\u00f3w na r\u00f3\u017cnych etapach dojrzewania ich mi\u0142o\u015bci.\" \/>\n<meta name=\"robots\" content=\"index, follow, max-snippet:-1, max-image-preview:large, max-video-preview:-1\" \/>\n<link rel=\"canonical\" href=\"https:\/\/umilowani.pl\/index.php\/zamysl\/\" \/>\n<meta property=\"og:locale\" content=\"pl_PL\" \/>\n<meta property=\"og:type\" content=\"article\" \/>\n<meta property=\"og:title\" content=\"Zamys\u0142 - UMILOWANI.PL\" \/>\n<meta property=\"og:description\" content=\"Zamys\u0142, kt\u00f3ry nam przy\u015bwieca\u0142, gdy tworzyli\u015bmy stron\u0119 internetow\u0105 polega\u0142 na wspieraniu ma\u0142\u017conk\u00f3w na r\u00f3\u017cnych etapach dojrzewania ich mi\u0142o\u015bci.\" \/>\n<meta property=\"og:url\" content=\"https:\/\/umilowani.pl\/index.php\/zamysl\/\" \/>\n<meta property=\"og:site_name\" content=\"UMILOWANI.PL\" \/>\n<meta property=\"article:modified_time\" content=\"2024-12-02T07:59:26+00:00\" \/>\n<meta name=\"twitter:card\" content=\"summary_large_image\" \/>\n<meta name=\"twitter:label1\" content=\"Szacowany czas czytania\" \/>\n\t<meta name=\"twitter:data1\" content=\"3 minuty\" \/>\n<script type=\"application\/ld+json\" class=\"yoast-schema-graph\">{\"@context\":\"https:\\\/\\\/schema.org\",\"@graph\":[{\"@type\":\"WebPage\",\"@id\":\"https:\\\/\\\/umilowani.pl\\\/index.php\\\/zamysl\\\/\",\"url\":\"https:\\\/\\\/umilowani.pl\\\/index.php\\\/zamysl\\\/\",\"name\":\"Zamys\u0142 - UMILOWANI.PL\",\"isPartOf\":{\"@id\":\"https:\\\/\\\/umilowani.pl\\\/#website\"},\"datePublished\":\"2019-10-05T21:18:01+00:00\",\"dateModified\":\"2024-12-02T07:59:26+00:00\",\"description\":\"Zamys\u0142, kt\u00f3ry nam przy\u015bwieca\u0142, gdy tworzyli\u015bmy stron\u0119 internetow\u0105 polega\u0142 na wspieraniu ma\u0142\u017conk\u00f3w na r\u00f3\u017cnych etapach dojrzewania ich mi\u0142o\u015bci.\",\"breadcrumb\":{\"@id\":\"https:\\\/\\\/umilowani.pl\\\/index.php\\\/zamysl\\\/#breadcrumb\"},\"inLanguage\":\"pl-PL\",\"potentialAction\":[{\"@type\":\"ReadAction\",\"target\":[\"https:\\\/\\\/umilowani.pl\\\/index.php\\\/zamysl\\\/\"]}]},{\"@type\":\"BreadcrumbList\",\"@id\":\"https:\\\/\\\/umilowani.pl\\\/index.php\\\/zamysl\\\/#breadcrumb\",\"itemListElement\":[{\"@type\":\"ListItem\",\"position\":1,\"name\":\"Strona g\u0142\u00f3wna\",\"item\":\"https:\\\/\\\/umilowani.pl\\\/\"},{\"@type\":\"ListItem\",\"position\":2,\"name\":\"Zamys\u0142\"}]},{\"@type\":\"WebSite\",\"@id\":\"https:\\\/\\\/umilowani.pl\\\/#website\",\"url\":\"https:\\\/\\\/umilowani.pl\\\/\",\"name\":\"UMILOWANI.PL\",\"description\":\"Ma\u0142\u017ce\u0144stwo, mi\u0142o\u015b\u0107\",\"publisher\":{\"@id\":\"https:\\\/\\\/umilowani.pl\\\/#\\\/schema\\\/person\\\/600a3e0031b2b450828be24ac2027c8a\"},\"potentialAction\":[{\"@type\":\"SearchAction\",\"target\":{\"@type\":\"EntryPoint\",\"urlTemplate\":\"https:\\\/\\\/umilowani.pl\\\/?s={search_term_string}\"},\"query-input\":{\"@type\":\"PropertyValueSpecification\",\"valueRequired\":true,\"valueName\":\"search_term_string\"}}],\"inLanguage\":\"pl-PL\"},{\"@type\":[\"Person\",\"Organization\"],\"@id\":\"https:\\\/\\\/umilowani.pl\\\/#\\\/schema\\\/person\\\/600a3e0031b2b450828be24ac2027c8a\",\"name\":\"UMILOWANI.PL\",\"image\":{\"@type\":\"ImageObject\",\"inLanguage\":\"pl-PL\",\"@id\":\"https:\\\/\\\/umilowani.pl\\\/wp-content\\\/uploads\\\/2022\\\/07\\\/cropped-6.png\",\"url\":\"https:\\\/\\\/umilowani.pl\\\/wp-content\\\/uploads\\\/2022\\\/07\\\/cropped-6.png\",\"contentUrl\":\"https:\\\/\\\/umilowani.pl\\\/wp-content\\\/uploads\\\/2022\\\/07\\\/cropped-6.png\",\"width\":512,\"height\":512,\"caption\":\"UMILOWANI.PL\"},\"logo\":{\"@id\":\"https:\\\/\\\/umilowani.pl\\\/wp-content\\\/uploads\\\/2022\\\/07\\\/cropped-6.png\"}}]}<\/script>\n<!-- \/ Yoast SEO plugin. -->","yoast_head_json":{"title":"Zamys\u0142 - UMILOWANI.PL","description":"Zamys\u0142, kt\u00f3ry nam przy\u015bwieca\u0142, gdy tworzyli\u015bmy stron\u0119 internetow\u0105 polega\u0142 na wspieraniu ma\u0142\u017conk\u00f3w na r\u00f3\u017cnych etapach dojrzewania ich mi\u0142o\u015bci.","robots":{"index":"index","follow":"follow","max-snippet":"max-snippet:-1","max-image-preview":"max-image-preview:large","max-video-preview":"max-video-preview:-1"},"canonical":"https:\/\/umilowani.pl\/index.php\/zamysl\/","og_locale":"pl_PL","og_type":"article","og_title":"Zamys\u0142 - UMILOWANI.PL","og_description":"Zamys\u0142, kt\u00f3ry nam przy\u015bwieca\u0142, gdy tworzyli\u015bmy stron\u0119 internetow\u0105 polega\u0142 na wspieraniu ma\u0142\u017conk\u00f3w na r\u00f3\u017cnych etapach dojrzewania ich mi\u0142o\u015bci.","og_url":"https:\/\/umilowani.pl\/index.php\/zamysl\/","og_site_name":"UMILOWANI.PL","article_modified_time":"2024-12-02T07:59:26+00:00","twitter_card":"summary_large_image","twitter_misc":{"Szacowany czas czytania":"3 minuty"},"schema":{"@context":"https:\/\/schema.org","@graph":[{"@type":"WebPage","@id":"https:\/\/umilowani.pl\/index.php\/zamysl\/","url":"https:\/\/umilowani.pl\/index.php\/zamysl\/","name":"Zamys\u0142 - UMILOWANI.PL","isPartOf":{"@id":"https:\/\/umilowani.pl\/#website"},"datePublished":"2019-10-05T21:18:01+00:00","dateModified":"2024-12-02T07:59:26+00:00","description":"Zamys\u0142, kt\u00f3ry nam przy\u015bwieca\u0142, gdy tworzyli\u015bmy stron\u0119 internetow\u0105 polega\u0142 na wspieraniu ma\u0142\u017conk\u00f3w na r\u00f3\u017cnych etapach dojrzewania ich mi\u0142o\u015bci.","breadcrumb":{"@id":"https:\/\/umilowani.pl\/index.php\/zamysl\/#breadcrumb"},"inLanguage":"pl-PL","potentialAction":[{"@type":"ReadAction","target":["https:\/\/umilowani.pl\/index.php\/zamysl\/"]}]},{"@type":"BreadcrumbList","@id":"https:\/\/umilowani.pl\/index.php\/zamysl\/#breadcrumb","itemListElement":[{"@type":"ListItem","position":1,"name":"Strona g\u0142\u00f3wna","item":"https:\/\/umilowani.pl\/"},{"@type":"ListItem","position":2,"name":"Zamys\u0142"}]},{"@type":"WebSite","@id":"https:\/\/umilowani.pl\/#website","url":"https:\/\/umilowani.pl\/","name":"UMILOWANI.PL","description":"Ma\u0142\u017ce\u0144stwo, mi\u0142o\u015b\u0107","publisher":{"@id":"https:\/\/umilowani.pl\/#\/schema\/person\/600a3e0031b2b450828be24ac2027c8a"},"potentialAction":[{"@type":"SearchAction","target":{"@type":"EntryPoint","urlTemplate":"https:\/\/umilowani.pl\/?s={search_term_string}"},"query-input":{"@type":"PropertyValueSpecification","valueRequired":true,"valueName":"search_term_string"}}],"inLanguage":"pl-PL"},{"@type":["Person","Organization"],"@id":"https:\/\/umilowani.pl\/#\/schema\/person\/600a3e0031b2b450828be24ac2027c8a","name":"UMILOWANI.PL","image":{"@type":"ImageObject","inLanguage":"pl-PL","@id":"https:\/\/umilowani.pl\/wp-content\/uploads\/2022\/07\/cropped-6.png","url":"https:\/\/umilowani.pl\/wp-content\/uploads\/2022\/07\/cropped-6.png","contentUrl":"https:\/\/umilowani.pl\/wp-content\/uploads\/2022\/07\/cropped-6.png","width":512,"height":512,"caption":"UMILOWANI.PL"},"logo":{"@id":"https:\/\/umilowani.pl\/wp-content\/uploads\/2022\/07\/cropped-6.png"}}]}},"_links":{"self":[{"href":"https:\/\/umilowani.pl\/index.php\/wp-json\/wp\/v2\/pages\/4043","targetHints":{"allow":["GET"]}}],"collection":[{"href":"https:\/\/umilowani.pl\/index.php\/wp-json\/wp\/v2\/pages"}],"about":[{"href":"https:\/\/umilowani.pl\/index.php\/wp-json\/wp\/v2\/types\/page"}],"author":[{"embeddable":true,"href":"https:\/\/umilowani.pl\/index.php\/wp-json\/wp\/v2\/users\/1"}],"replies":[{"embeddable":true,"href":"https:\/\/umilowani.pl\/index.php\/wp-json\/wp\/v2\/comments?post=4043"}],"version-history":[{"count":15,"href":"https:\/\/umilowani.pl\/index.php\/wp-json\/wp\/v2\/pages\/4043\/revisions"}],"predecessor-version":[{"id":18396,"href":"https:\/\/umilowani.pl\/index.php\/wp-json\/wp\/v2\/pages\/4043\/revisions\/18396"}],"wp:attachment":[{"href":"https:\/\/umilowani.pl\/index.php\/wp-json\/wp\/v2\/media?parent=4043"}],"curies":[{"name":"wp","href":"https:\/\/api.w.org\/{rel}","templated":true}]}}