{"id":42,"date":"2016-10-28T11:30:11","date_gmt":"2016-10-28T09:30:11","guid":{"rendered":"http:\/\/umilowani.pl\/?page_id=42"},"modified":"2024-12-02T09:15:42","modified_gmt":"2024-12-02T08:15:42","slug":"malzenskie-sos","status":"publish","type":"page","link":"https:\/\/umilowani.pl\/index.php\/malzenskie-sos\/","title":{"rendered":"Ma\u0142\u017ce\u0144skie SOS"},"content":{"rendered":"<p>[et_pb_section fb_built=&#8221;1&#8243; custom_padding_last_edited=&#8221;on|desktop&#8221; admin_label=&#8221;section&#8221; _builder_version=&#8221;4.9.3&#8243; background_color=&#8221;#FFFFFF&#8221; custom_padding_tablet=&#8221;50px|0|50px|0&#8243; custom_padding_phone=&#8221;&#8221; transparent_background=&#8221;on&#8221; padding_mobile=&#8221;off&#8221; make_fullwidth=&#8221;off&#8221; use_custom_width=&#8221;off&#8221; width_unit=&#8221;on&#8221;][et_pb_row padding_mobile=&#8221;off&#8221; column_padding_mobile=&#8221;on&#8221; admin_label=&#8221;row&#8221; _builder_version=&#8221;3.25&#8243; background_size=&#8221;initial&#8221; background_position=&#8221;top_left&#8221; background_repeat=&#8221;repeat&#8221; max_width=&#8221;90%&#8221; make_fullwidth=&#8221;off&#8221; use_custom_width=&#8221;on&#8221; width_unit=&#8221;off&#8221; custom_width_percent=&#8221;90%&#8221;][et_pb_column type=&#8221;4_4&#8243; _builder_version=&#8221;3.25&#8243; custom_padding=&#8221;|||&#8221; custom_padding__hover=&#8221;|||&#8221;][et_pb_blurb title=&#8221;MA\u0141\u017bE\u0143SKIE SOS&#8221; image=&#8221;https:\/\/umilowani.pl\/wp-content\/uploads\/2024\/10\/Malzenskie-SOS.jpg&#8221; alt=&#8221;O nas&#8221; image_max_width=&#8221;75%&#8221; content_max_width=&#8221;90%&#8221; admin_label=&#8221;Blurb&#8221; _builder_version=&#8221;4.9.3&#8243; header_font_size=&#8221;16&#8243; header_line_height=&#8221;1.6em&#8221; body_font_size=&#8221;16px&#8221; background_size=&#8221;initial&#8221; background_position=&#8221;top_left&#8221; background_repeat=&#8221;repeat&#8221; text_orientation=&#8221;center&#8221; animation=&#8221;off&#8221; border_color_all=&#8221;#000000&#8243; border_width_all_image=&#8221;1px&#8221; border_color_all_image=&#8221;#043518&#8243; use_border_color=&#8221;off&#8221; border_color=&#8221;#ffffff&#8221; border_style=&#8221;solid&#8221;]<\/p>\n<p>&nbsp;<\/p>\n<p style=\"text-align: center;\"><span style=\"color: #a0b34d;\">\u00a0<em><strong>\u201eW SYTUACJI KONFLIKTU LUB KRYZYSU MA\u0141\u017bE\u0143SKIEGO NAJWA\u017bNIEJSZE JEST TO, BY CA\u0141O\u015a\u0106 PODJ\u0118TYCH WYSI\u0141K\u00d3W DOPROWADZI\u0141A NAS DO PRZEBACZENIA MA\u0141\u017bONKOWI, A NAST\u0118PNIE DO WZAJEMNEGO POJEDNANIA&#8221;.<br \/><\/strong><\/em>UMILOWANI.PL<\/span><\/p>\n<p style=\"text-align: center;\">\u00a0Konflikty i kryzysy maj\u0105 r\u00f3\u017cne przyczyny. U\u015bwiadomienie sobie tego, \u017ce dzieje si\u0119 co\u015b z\u0142ego mi\u0119dzy nami, jest pierwszym krokiem do zahamowania trudnej sytuacji w ma\u0142\u017ce\u0144stwie. Jak rozpozna\u0107 pierwsze symptomy nadchodz\u0105cego kryzysu? Ot\u00f3\u017c pocz\u0105tkiem \u201e<em>nie s\u0105 sprzeczki, problemy alkoholowe czy zdrady ma\u0142\u017ce\u0144skie. S\u0105 to te sytuacje, w kt\u00f3rych on czy ona przestaje okazywa\u0107 mi\u0142o\u015b\u0107 drugiej osobie. Ma\u0142\u017conkowie \u015blubuj\u0105 sobie bowiem to, \u017ce b\u0119d\u0105 siebie nawzajem kocha\u0107, Ne to, \u017ce powstrzymaj\u0105 si\u0119 wy\u0142\u0105cznie od wyrz\u0105dzania sobie krzywdy&#8221; <\/em>(Dziewiecki M., 2012)<em>. <\/em>Naszym zdaniem najcz\u0119stszymi przyczynami konflikt\u00f3w ma\u0142\u017ce\u0144skich s\u0105:<\/p>\n<p style=\"text-align: center;\"><a href=\"http:\/\/umilowani.pl\/index.php\/duchowosc\/\" target=\"_blank\" rel=\"noopener noreferrer\">&#8211; zaniedbanie duchowo\u015bci ma\u0142\u017ce\u0144skiej,<\/a><br \/><a href=\"http:\/\/umilowani.pl\/index.php\/rozmowa\/\" target=\"_blank\" rel=\"noopener noreferrer\">&#8211; nieprawid\u0142owa komunikacja,<\/a><br \/><a href=\"http:\/\/umilowani.pl\/index.php\/roznice\/\" target=\"_blank\" rel=\"noopener noreferrer\">&#8211; nieznajomo\u015b\u0107 r\u00f3\u017cnic psychologicznych,<\/a><br \/><a href=\"http:\/\/umilowani.pl\/index.php\/hierarchia-osob\/\" target=\"_blank\" rel=\"noopener noreferrer\">&#8211; odmienna hierarchia os\u00f3b,<\/a><br \/><a href=\"http:\/\/umilowani.pl\/index.php\/intymnosc\/\" target=\"_blank\" rel=\"noopener noreferrer\">&#8211; r\u00f3\u017cna wizja seksualno\u015bci w ma\u0142\u017ce\u0144stwie.<\/a><\/p>\n<h3 style=\"text-align: center;\">\u00a0<\/h3>\n<h3 style=\"text-align: center;\">Zmieni\u0107 tylko siebie<\/h3>\n<p style=\"text-align: center;\">Najlepsz\u0105 strategi\u0105 na wyj\u015bcie z nie\u0142atwej sytuacji jest zrozumienie, \u017ce mog\u0119 zmieni\u0107 TYLKO SIEBIE (Cloud H., Townsend J., 2015; Dillow L., 2011; Dziewiecki M., 2012, 2014a, 2014b; Grey J., 2016; Grzybowski J., 2016; Gungor M., 2008; Guzewicz M., 2011, 2018; Powell J., 1992, 2018; Pulikowski J., 2008, 2017; Stefan W., 2013; Sujak E., 1989; Thomas G. L., 2017)! Zacznijmy pracowa\u0107 wy\u0142\u0105cznie NAD SOB\u0104, bo <em>mi\u0142o\u015b\u0107 pracuje dla tych, kt\u00f3rzy nad ni\u0105 pracuj\u0105<\/em> (Powell J., 1992)! Wi\u0105\u017ce si\u0119 to bezpo\u015brednio z wyznaczeniem granic, czyli ustaleniem odpowiedzialno\u015bci za rozwi\u0105zywanie problem\u00f3w w relacji ma\u0142\u017ce\u0144skiej. <em>Granice mo\u017cna zakre\u015bli\u0107 tylko tej osobie, nad kt\u00f3r\u0105 ma si\u0119 w\u0142adz\u0119, czyli tylko samemu sobie\u00a0<\/em>(Cloud H., Townsend J., 2015)<em>. <\/em>Zatem, gdy uda nam si\u0119 zmieni\u0107 cz\u0105stk\u0119 siebie, nasz UMI\u0141OWANY wsp\u00f3\u0142ma\u0142\u017conek b\u0119dzie to widzia\u0142 i sam zacznie si\u0119 zmienia\u0107.<\/p>\n<p style=\"text-align: center;\">Oczywi\u015bcie nie mo\u017cna zapomina\u0107, by w\u0142a\u015bciwie komunikowa\u0107 o swoich zmartwieniach zwi\u0105zanych ze z\u0142ym post\u0119powaniem ukochanej osoby. Czasem jednak nawet najlepiej wypowiedziane s\u0142owa nie mog\u0105 powstrzyma\u0107 naszego wsp\u00f3\u0142ma\u0142\u017conka przed destrukcyjnym dzia\u0142aniem. W takich sytuacjach mamy zawsze prawo do obrony przed wyrz\u0105dzan\u0105 nam krzywd\u0105. Mo\u017cemy w\u00f3wczas zastosowa\u0107 wszystkie mo\u017cliwe konsekwencje wzgl\u0119dem wsp\u00f3\u0142ma\u0142\u017conka, z separacj\u0105 w\u0142\u0105cznie (Cloud H., Townsend J., 2015; Dziewiecki M., 2012, 2014a, 2014; Stefan W., 2013). Takie dzia\u0142ania podyktowane s\u0105 wy\u0142\u0105cznie tym, \u017ce osoby krzywdz\u0105ce czy<em> \u017cyj\u0105ce w k\u0142amstwie<\/em><em> s\u0105 g\u0142uche na s\u0142owa prawdy. Reaguj\u0105 one wy\u0142\u0105cznie na b\u00f3l i strat\u0119,<\/em> czyli w\u0142asne cierpienie (Cloud H., Townsend J., 2015; Dziewiecki M., 2014b).<\/p>\n<h3 style=\"text-align: center;\">\u00a0<\/h3>\n<h3 style=\"text-align: center;\">Praca nad sob\u0105<\/h3>\n<p style=\"text-align: center;\">Mo\u017cemy pracowa\u0107 nad sob\u0105 w r\u00f3\u017cny spos\u00f3b: indywidualnie b\u0105d\u017a z pomoc\u0105 os\u00f3b trzecich (rodziny, przyjaci\u00f3\u0142, ksi\u0119dza czy specjalisty). Zach\u0119camy do kontaktu z osobami \u201ez zewn\u0105trz\u201d naszego otoczenia. Osoby te maj\u0105 wiedz\u0119, do\u015bwiadczenie, a jednocze\u015bnie potrafi\u0105 obiektywnie spojrze\u0107 na trudn\u0105 sytuacj\u0119. B\u0119d\u0105c w kryzysie szukajmy wsparcia u os\u00f3b, kt\u00f3re nios\u0105 nadziej\u0119 i pomog\u0105 nam uratowa\u0107 ma\u0142\u017ce\u0144stwo. Jednocze\u015bnie w codziennej modlitwie nie zapominajmy, by prosi\u0107 Pana Boga o konkretn\u0105 pomoc w naszych trudno\u015bciach (Dillow L., 2011; Guzewicz M., 2011, 2017, 2018). Osobom, kt\u00f3re zmagaj\u0105 si\u0119 obecnie z konfliktem lub kryzysem ma\u0142\u017ce\u0144skim mamy do zaoferowania nast\u0119puj\u0105ce propozycje pomocy:<\/p>\n<p style=\"text-align: center;\">&#8211;\u00a0 skorzystanie z<a href=\"http:\/\/umilowani.pl\/index.php\/warsztaty\/\" target=\"_blank\" rel=\"noopener noreferrer\"> warsztat\u00f3w dla ma\u0142\u017ce\u0144stw <\/a>lub indywidualnych konsultacji w <a href=\"https:\/\/fev.wroclaw.pl\/poradnia-rodzinna\/\" target=\"_blank\" rel=\"noopener noreferrer\">Poradni Rodzinnej,<\/a><br \/>&#8211; zerkni\u0119cie do <a href=\"http:\/\/umilowani.pl\/index.php\/ksiazki\/\" target=\"_blank\" rel=\"noopener noreferrer\">ksi\u0105\u017cek i stron internetowych<\/a>, kt\u00f3re podejmuj\u0105 szeroko rozumiany temat ma\u0142\u017ce\u0144stwa,<br \/>&#8211; przejrzenie tre\u015bci zawartych na naszej strony internetowej <a href=\"http:\/\/umilowani.pl\/\" target=\"_blank\" rel=\"noopener noreferrer\">www.umilowani.pl.<\/a><\/p>\n<h3 style=\"text-align: center;\">\u00a0<\/h3>\n<h3 style=\"text-align: center;\">Przebaczenie<\/h3>\n<p style=\"text-align: center;\">W sytuacji konfliktu lub kryzysu ma\u0142\u017ce\u0144skiego najwa\u017cniejsze jest to, by ca\u0142o\u015b\u0107 podj\u0119tych wysi\u0142k\u00f3w doprowadzi\u0142a nas do przebaczenia ma\u0142\u017conkowi, a nast\u0119pnie do wzajemnego pojednania.\u00a0<em>Przebaczenie oznacza wyzbycie si\u0119 \u017calu i gniewu wobec krzywdziciela, a tak\u017ce darowanie mu krzywd i win, kt\u00f3re wobec nas zaci\u0105gn\u0105\u0142. Pojednanie wi\u0105\u017ce si\u0119 z odzyskaniem blisko\u015bci pomi\u0119dzy por\u00f3\u017cnionymi dot\u0105d stronami. Przebaczenie jest warunkiem i pocz\u0105tkiem pojednania <\/em>(Dziewiecki M., 2017).<em> Dokonuje si\u0119 ono w sercu danego cz\u0142owieka i zale\u017cy od niego samego&#8230; natomiast pojednanie zale\u017cy od dw\u00f3ch stron<\/em>. <em>Przebaczenie dotyczy przesz\u0142o\u015bci i nie ma nic wsp\u00f3lnego z dopuszczaniem dalszych nadu\u017cy\u0107.<\/em> <em>Natomiast przysz\u0142o\u015b\u0107 wi\u0105\u017ce si\u0119 z pojednaniem i granicami, kt\u00f3re nas strzeg\u0105 przed kolejnymi zranieniami<\/em> (Stefan W., 2013)&#8221;<em>.\u00a0Brak przebaczenia blokuje rozw\u00f3j osoby, a brak pojednania uniemo\u017cliwia rozw\u00f3j relacji mi\u0142o\u015bci (Pulikowski J., 2014c). <\/em><\/p>\n<p style=\"text-align: center;\">Pojednanie nast\u0119puje wtedy, gdy krzywdziciel we\u017amie odpowiedzialno\u015b\u0107 za swoje czyny: oka\u017ce skruch\u0119, przeprosi, zado\u015b\u0107uczyni i obieca zmian\u0119 w swoim \u017cyciu (Dillow L., 2011; Jedna A., 2015; Pulikowski J., 2014c; Stefan W., 2013).<\/p>\n<p>[\/et_pb_blurb][et_pb_blurb title=&#8221;O TRUDNYCH SYTUACJACH W \u017bYCIU MA\u0141\u017bE\u0143SKIM&#8221; image_max_width=&#8221;none&#8221; content_max_width=&#8221;90%&#8221; admin_label=&#8221;Blurb&#8221; _builder_version=&#8221;4.9.3&#8243; header_font_size=&#8221;16&#8243; body_font_size=&#8221;16&#8243; body_line_height=&#8221;1.8em&#8221; background_color=&#8221;#FFFFFF&#8221; background_size=&#8221;initial&#8221; background_position=&#8221;top_left&#8221; background_repeat=&#8221;repeat&#8221; text_orientation=&#8221;center&#8221; animation=&#8221;off&#8221; border_color_all=&#8221;#000000&#8243; border_width_all_image=&#8221;1px&#8221; border_color_all_image=&#8221;#043518&#8243; use_border_color=&#8221;off&#8221; border_color=&#8221;#ffffff&#8221; border_style=&#8221;solid&#8221;][\/et_pb_blurb][\/et_pb_column][\/et_pb_row][et_pb_row column_structure=&#8221;1_3,1_3,1_3&#8243; _builder_version=&#8221;4.9.3&#8243; _module_preset=&#8221;default&#8221; max_width=&#8221;90%&#8221;][et_pb_column type=&#8221;1_3&#8243; _builder_version=&#8221;4.9.3&#8243; _module_preset=&#8221;default&#8221;][et_pb_blurb title=&#8221;Konflikt szans\u0105&#8221; url=&#8221;http:\/\/umilowani.pl\/index.php\/konflikt-szansa\/&#8221; image=&#8221;https:\/\/umilowani.pl\/wp-content\/uploads\/2024\/12\/Konflikt-szansa2.jpg&#8221; alt=&#8221;Konflikt szans\u0105&#8221; image_max_width=&#8221;85%&#8221; admin_label=&#8221;Notka&#8221; _builder_version=&#8221;4.9.3&#8243; background_size=&#8221;initial&#8221; background_position=&#8221;top_left&#8221; background_repeat=&#8221;repeat&#8221; text_orientation=&#8221;center&#8221; animation=&#8221;off&#8221; hover_enabled=&#8221;0&#8243; use_border_color=&#8221;off&#8221; border_color=&#8221;#ffffff&#8221; border_style=&#8221;solid&#8221; sticky_enabled=&#8221;0&#8243; title_text=&#8221;Konflikt szans\u01052&#8243;][\/et_pb_blurb][et_pb_button button_url=&#8221;http:\/\/umilowani.pl\/index.php\/konflikt-szansa\/&#8221; button_text=&#8221;Czytaj wi\u0119cej&#8221; button_alignment=&#8221;center&#8221; _builder_version=&#8221;4.9.3&#8243; _module_preset=&#8221;default&#8221; hover_enabled=&#8221;0&#8243; sticky_enabled=&#8221;0&#8243;][\/et_pb_button][\/et_pb_column][et_pb_column type=&#8221;1_3&#8243; _builder_version=&#8221;4.9.3&#8243; _module_preset=&#8221;default&#8221;][et_pb_blurb title=&#8221;Kryzys ma\u0142\u017ce\u0144ski&#8221; url=&#8221;http:\/\/umilowani.pl\/index.php\/kryzys-malzenski\/&#8221; image=&#8221;https:\/\/umilowani.pl\/wp-content\/uploads\/2024\/12\/Kryzys-malzenski2.jpg&#8221; alt=&#8221;Kryzys ma\u0142\u017ce\u0144ski&#8221; image_max_width=&#8221;85%&#8221; admin_label=&#8221;Notka&#8221; _builder_version=&#8221;4.9.3&#8243; background_size=&#8221;initial&#8221; background_position=&#8221;top_left&#8221; background_repeat=&#8221;repeat&#8221; text_orientation=&#8221;center&#8221; animation=&#8221;off&#8221; hover_enabled=&#8221;0&#8243; use_border_color=&#8221;off&#8221; border_color=&#8221;#ffffff&#8221; border_style=&#8221;solid&#8221; sticky_enabled=&#8221;0&#8243; title_text=&#8221;Kryzys ma\u0142\u017ce\u0144ski2&#8243;][\/et_pb_blurb][et_pb_button button_url=&#8221;http:\/\/umilowani.pl\/index.php\/kryzys-malzenski\/&#8221; button_text=&#8221;Czytaj wi\u0119cej&#8221; button_alignment=&#8221;center&#8221; _builder_version=&#8221;4.9.3&#8243; _module_preset=&#8221;default&#8221; hover_enabled=&#8221;0&#8243; sticky_enabled=&#8221;0&#8243;][\/et_pb_button][\/et_pb_column][et_pb_column type=&#8221;1_3&#8243; _builder_version=&#8221;4.9.3&#8243; _module_preset=&#8221;default&#8221;][et_pb_blurb title=&#8221;Przebaczenie&#8221; url=&#8221;http:\/\/umilowani.pl\/index.php\/przebaczenie\/&#8221; image=&#8221;https:\/\/umilowani.pl\/wp-content\/uploads\/2024\/12\/Przebaczenie2.jpg&#8221; alt=&#8221;Przebaczenie&#8221; image_max_width=&#8221;85%&#8221; admin_label=&#8221;Notka&#8221; _builder_version=&#8221;4.9.3&#8243; background_size=&#8221;initial&#8221; background_position=&#8221;top_left&#8221; background_repeat=&#8221;repeat&#8221; text_orientation=&#8221;center&#8221; animation=&#8221;off&#8221; hover_enabled=&#8221;0&#8243; use_border_color=&#8221;off&#8221; border_color=&#8221;#ffffff&#8221; border_style=&#8221;solid&#8221; sticky_enabled=&#8221;0&#8243; title_text=&#8221;Przebaczenie2&#8243;][\/et_pb_blurb][et_pb_button button_url=&#8221;http:\/\/umilowani.pl\/index.php\/przebaczenie\/&#8221; button_text=&#8221;Czytaj wi\u0119cej&#8221; button_alignment=&#8221;center&#8221; _builder_version=&#8221;4.9.3&#8243; _module_preset=&#8221;default&#8221; hover_enabled=&#8221;0&#8243; sticky_enabled=&#8221;0&#8243;][\/et_pb_button][\/et_pb_column][\/et_pb_row][\/et_pb_section]<\/p>\n","protected":false},"excerpt":{"rendered":"<p>[et_pb_section fb_built=&#8221;1&#8243; custom_padding_last_edited=&#8221;on|desktop&#8221; admin_label=&#8221;section&#8221; _builder_version=&#8221;4.9.3&#8243; background_color=&#8221;#FFFFFF&#8221; custom_padding_tablet=&#8221;50px|0|50px|0&#8243; custom_padding_phone=&#8221;&#8221; transparent_background=&#8221;on&#8221; padding_mobile=&#8221;off&#8221; make_fullwidth=&#8221;off&#8221; use_custom_width=&#8221;off&#8221; width_unit=&#8221;on&#8221;][et_pb_row padding_mobile=&#8221;off&#8221; column_padding_mobile=&#8221;on&#8221; admin_label=&#8221;row&#8221; _builder_version=&#8221;3.25&#8243; background_size=&#8221;initial&#8221; background_position=&#8221;top_left&#8221; background_repeat=&#8221;repeat&#8221; max_width=&#8221;90%&#8221; make_fullwidth=&#8221;off&#8221; use_custom_width=&#8221;on&#8221; width_unit=&#8221;off&#8221; custom_width_percent=&#8221;90%&#8221;][et_pb_column type=&#8221;4_4&#8243; _builder_version=&#8221;3.25&#8243; custom_padding=&#8221;|||&#8221; custom_padding__hover=&#8221;|||&#8221;][et_pb_blurb title=&#8221;MA\u0141\u017bE\u0143SKIE SOS&#8221; image=&#8221;https:\/\/umilowani.pl\/wp-content\/uploads\/2024\/10\/Malzenskie-SOS.jpg&#8221; alt=&#8221;O nas&#8221; image_max_width=&#8221;75%&#8221; content_max_width=&#8221;90%&#8221; admin_label=&#8221;Blurb&#8221; _builder_version=&#8221;4.9.3&#8243; header_font_size=&#8221;16&#8243; header_line_height=&#8221;1.6em&#8221; body_font_size=&#8221;16px&#8221; background_size=&#8221;initial&#8221; background_position=&#8221;top_left&#8221; background_repeat=&#8221;repeat&#8221; text_orientation=&#8221;center&#8221; animation=&#8221;off&#8221; border_color_all=&#8221;#000000&#8243; border_width_all_image=&#8221;1px&#8221; border_color_all_image=&#8221;#043518&#8243; use_border_color=&#8221;off&#8221; border_color=&#8221;#ffffff&#8221; border_style=&#8221;solid&#8221;] &nbsp; \u00a0\u201eW SYTUACJI [&hellip;]<\/p>\n","protected":false},"author":1,"featured_media":0,"parent":0,"menu_order":0,"comment_status":"closed","ping_status":"closed","template":"","meta":{"_et_pb_use_builder":"on","_et_pb_old_content":"","_et_gb_content_width":"","footnotes":""},"class_list":["post-42","page","type-page","status-publish","hentry"],"yoast_head":"<!-- This site is optimized with the Yoast SEO plugin v27.4 - https:\/\/yoast.com\/product\/yoast-seo-wordpress\/ -->\n<title>Ma\u0142\u017ce\u0144skie SOS - UMILOWANI.PL<\/title>\n<meta name=\"description\" content=\"Ma\u0142\u017ce\u0144skie SOS u\u015bwiadamia nam, \u017ce konflikty i kryzysy maj\u0105 r\u00f3\u017cne przyczyny. Czy mo\u017cemy zapobiec trudnej sytuacji w ma\u0142\u017ce\u0144stwie?\" \/>\n<meta name=\"robots\" content=\"index, follow, max-snippet:-1, max-image-preview:large, max-video-preview:-1\" \/>\n<link rel=\"canonical\" href=\"https:\/\/umilowani.pl\/index.php\/malzenskie-sos\/\" \/>\n<meta property=\"og:locale\" content=\"pl_PL\" \/>\n<meta property=\"og:type\" content=\"article\" \/>\n<meta property=\"og:title\" content=\"Ma\u0142\u017ce\u0144skie SOS - UMILOWANI.PL\" \/>\n<meta property=\"og:description\" content=\"Ma\u0142\u017ce\u0144skie SOS u\u015bwiadamia nam, \u017ce konflikty i kryzysy maj\u0105 r\u00f3\u017cne przyczyny. Czy mo\u017cemy zapobiec trudnej sytuacji w ma\u0142\u017ce\u0144stwie?\" \/>\n<meta property=\"og:url\" content=\"https:\/\/umilowani.pl\/index.php\/malzenskie-sos\/\" \/>\n<meta property=\"og:site_name\" content=\"UMILOWANI.PL\" \/>\n<meta property=\"article:modified_time\" content=\"2024-12-02T08:15:42+00:00\" \/>\n<meta name=\"twitter:card\" content=\"summary_large_image\" \/>\n<meta name=\"twitter:label1\" content=\"Szacowany czas czytania\" \/>\n\t<meta name=\"twitter:data1\" content=\"5 minut\" \/>\n<script type=\"application\/ld+json\" class=\"yoast-schema-graph\">{\"@context\":\"https:\\\/\\\/schema.org\",\"@graph\":[{\"@type\":\"WebPage\",\"@id\":\"https:\\\/\\\/umilowani.pl\\\/index.php\\\/malzenskie-sos\\\/\",\"url\":\"https:\\\/\\\/umilowani.pl\\\/index.php\\\/malzenskie-sos\\\/\",\"name\":\"Ma\u0142\u017ce\u0144skie SOS - UMILOWANI.PL\",\"isPartOf\":{\"@id\":\"https:\\\/\\\/umilowani.pl\\\/#website\"},\"datePublished\":\"2016-10-28T09:30:11+00:00\",\"dateModified\":\"2024-12-02T08:15:42+00:00\",\"description\":\"Ma\u0142\u017ce\u0144skie SOS u\u015bwiadamia nam, \u017ce konflikty i kryzysy maj\u0105 r\u00f3\u017cne przyczyny. Czy mo\u017cemy zapobiec trudnej sytuacji w ma\u0142\u017ce\u0144stwie?\",\"breadcrumb\":{\"@id\":\"https:\\\/\\\/umilowani.pl\\\/index.php\\\/malzenskie-sos\\\/#breadcrumb\"},\"inLanguage\":\"pl-PL\",\"potentialAction\":[{\"@type\":\"ReadAction\",\"target\":[\"https:\\\/\\\/umilowani.pl\\\/index.php\\\/malzenskie-sos\\\/\"]}]},{\"@type\":\"BreadcrumbList\",\"@id\":\"https:\\\/\\\/umilowani.pl\\\/index.php\\\/malzenskie-sos\\\/#breadcrumb\",\"itemListElement\":[{\"@type\":\"ListItem\",\"position\":1,\"name\":\"Strona g\u0142\u00f3wna\",\"item\":\"https:\\\/\\\/umilowani.pl\\\/\"},{\"@type\":\"ListItem\",\"position\":2,\"name\":\"Ma\u0142\u017ce\u0144skie SOS\"}]},{\"@type\":\"WebSite\",\"@id\":\"https:\\\/\\\/umilowani.pl\\\/#website\",\"url\":\"https:\\\/\\\/umilowani.pl\\\/\",\"name\":\"UMILOWANI.PL\",\"description\":\"Ma\u0142\u017ce\u0144stwo, mi\u0142o\u015b\u0107\",\"publisher\":{\"@id\":\"https:\\\/\\\/umilowani.pl\\\/#\\\/schema\\\/person\\\/600a3e0031b2b450828be24ac2027c8a\"},\"potentialAction\":[{\"@type\":\"SearchAction\",\"target\":{\"@type\":\"EntryPoint\",\"urlTemplate\":\"https:\\\/\\\/umilowani.pl\\\/?s={search_term_string}\"},\"query-input\":{\"@type\":\"PropertyValueSpecification\",\"valueRequired\":true,\"valueName\":\"search_term_string\"}}],\"inLanguage\":\"pl-PL\"},{\"@type\":[\"Person\",\"Organization\"],\"@id\":\"https:\\\/\\\/umilowani.pl\\\/#\\\/schema\\\/person\\\/600a3e0031b2b450828be24ac2027c8a\",\"name\":\"UMILOWANI.PL\",\"image\":{\"@type\":\"ImageObject\",\"inLanguage\":\"pl-PL\",\"@id\":\"https:\\\/\\\/umilowani.pl\\\/wp-content\\\/uploads\\\/2022\\\/07\\\/cropped-6.png\",\"url\":\"https:\\\/\\\/umilowani.pl\\\/wp-content\\\/uploads\\\/2022\\\/07\\\/cropped-6.png\",\"contentUrl\":\"https:\\\/\\\/umilowani.pl\\\/wp-content\\\/uploads\\\/2022\\\/07\\\/cropped-6.png\",\"width\":512,\"height\":512,\"caption\":\"UMILOWANI.PL\"},\"logo\":{\"@id\":\"https:\\\/\\\/umilowani.pl\\\/wp-content\\\/uploads\\\/2022\\\/07\\\/cropped-6.png\"}}]}<\/script>\n<!-- \/ Yoast SEO plugin. -->","yoast_head_json":{"title":"Ma\u0142\u017ce\u0144skie SOS - UMILOWANI.PL","description":"Ma\u0142\u017ce\u0144skie SOS u\u015bwiadamia nam, \u017ce konflikty i kryzysy maj\u0105 r\u00f3\u017cne przyczyny. Czy mo\u017cemy zapobiec trudnej sytuacji w ma\u0142\u017ce\u0144stwie?","robots":{"index":"index","follow":"follow","max-snippet":"max-snippet:-1","max-image-preview":"max-image-preview:large","max-video-preview":"max-video-preview:-1"},"canonical":"https:\/\/umilowani.pl\/index.php\/malzenskie-sos\/","og_locale":"pl_PL","og_type":"article","og_title":"Ma\u0142\u017ce\u0144skie SOS - UMILOWANI.PL","og_description":"Ma\u0142\u017ce\u0144skie SOS u\u015bwiadamia nam, \u017ce konflikty i kryzysy maj\u0105 r\u00f3\u017cne przyczyny. Czy mo\u017cemy zapobiec trudnej sytuacji w ma\u0142\u017ce\u0144stwie?","og_url":"https:\/\/umilowani.pl\/index.php\/malzenskie-sos\/","og_site_name":"UMILOWANI.PL","article_modified_time":"2024-12-02T08:15:42+00:00","twitter_card":"summary_large_image","twitter_misc":{"Szacowany czas czytania":"5 minut"},"schema":{"@context":"https:\/\/schema.org","@graph":[{"@type":"WebPage","@id":"https:\/\/umilowani.pl\/index.php\/malzenskie-sos\/","url":"https:\/\/umilowani.pl\/index.php\/malzenskie-sos\/","name":"Ma\u0142\u017ce\u0144skie SOS - UMILOWANI.PL","isPartOf":{"@id":"https:\/\/umilowani.pl\/#website"},"datePublished":"2016-10-28T09:30:11+00:00","dateModified":"2024-12-02T08:15:42+00:00","description":"Ma\u0142\u017ce\u0144skie SOS u\u015bwiadamia nam, \u017ce konflikty i kryzysy maj\u0105 r\u00f3\u017cne przyczyny. Czy mo\u017cemy zapobiec trudnej sytuacji w ma\u0142\u017ce\u0144stwie?","breadcrumb":{"@id":"https:\/\/umilowani.pl\/index.php\/malzenskie-sos\/#breadcrumb"},"inLanguage":"pl-PL","potentialAction":[{"@type":"ReadAction","target":["https:\/\/umilowani.pl\/index.php\/malzenskie-sos\/"]}]},{"@type":"BreadcrumbList","@id":"https:\/\/umilowani.pl\/index.php\/malzenskie-sos\/#breadcrumb","itemListElement":[{"@type":"ListItem","position":1,"name":"Strona g\u0142\u00f3wna","item":"https:\/\/umilowani.pl\/"},{"@type":"ListItem","position":2,"name":"Ma\u0142\u017ce\u0144skie SOS"}]},{"@type":"WebSite","@id":"https:\/\/umilowani.pl\/#website","url":"https:\/\/umilowani.pl\/","name":"UMILOWANI.PL","description":"Ma\u0142\u017ce\u0144stwo, mi\u0142o\u015b\u0107","publisher":{"@id":"https:\/\/umilowani.pl\/#\/schema\/person\/600a3e0031b2b450828be24ac2027c8a"},"potentialAction":[{"@type":"SearchAction","target":{"@type":"EntryPoint","urlTemplate":"https:\/\/umilowani.pl\/?s={search_term_string}"},"query-input":{"@type":"PropertyValueSpecification","valueRequired":true,"valueName":"search_term_string"}}],"inLanguage":"pl-PL"},{"@type":["Person","Organization"],"@id":"https:\/\/umilowani.pl\/#\/schema\/person\/600a3e0031b2b450828be24ac2027c8a","name":"UMILOWANI.PL","image":{"@type":"ImageObject","inLanguage":"pl-PL","@id":"https:\/\/umilowani.pl\/wp-content\/uploads\/2022\/07\/cropped-6.png","url":"https:\/\/umilowani.pl\/wp-content\/uploads\/2022\/07\/cropped-6.png","contentUrl":"https:\/\/umilowani.pl\/wp-content\/uploads\/2022\/07\/cropped-6.png","width":512,"height":512,"caption":"UMILOWANI.PL"},"logo":{"@id":"https:\/\/umilowani.pl\/wp-content\/uploads\/2022\/07\/cropped-6.png"}}]}},"_links":{"self":[{"href":"https:\/\/umilowani.pl\/index.php\/wp-json\/wp\/v2\/pages\/42","targetHints":{"allow":["GET"]}}],"collection":[{"href":"https:\/\/umilowani.pl\/index.php\/wp-json\/wp\/v2\/pages"}],"about":[{"href":"https:\/\/umilowani.pl\/index.php\/wp-json\/wp\/v2\/types\/page"}],"author":[{"embeddable":true,"href":"https:\/\/umilowani.pl\/index.php\/wp-json\/wp\/v2\/users\/1"}],"replies":[{"embeddable":true,"href":"https:\/\/umilowani.pl\/index.php\/wp-json\/wp\/v2\/comments?post=42"}],"version-history":[{"count":5,"href":"https:\/\/umilowani.pl\/index.php\/wp-json\/wp\/v2\/pages\/42\/revisions"}],"predecessor-version":[{"id":18378,"href":"https:\/\/umilowani.pl\/index.php\/wp-json\/wp\/v2\/pages\/42\/revisions\/18378"}],"wp:attachment":[{"href":"https:\/\/umilowani.pl\/index.php\/wp-json\/wp\/v2\/media?parent=42"}],"curies":[{"name":"wp","href":"https:\/\/api.w.org\/{rel}","templated":true}]}}