{"id":4230,"date":"2019-10-07T19:57:50","date_gmt":"2019-10-07T17:57:50","guid":{"rendered":"https:\/\/umilowani.pl\/?page_id=4230"},"modified":"2026-04-14T08:26:17","modified_gmt":"2026-04-14T06:26:17","slug":"model-creighton","status":"publish","type":"page","link":"https:\/\/umilowani.pl\/index.php\/model-creighton\/","title":{"rendered":"Model Creighton"},"content":{"rendered":"<p>[et_pb_section fb_built=&#8221;1&#8243; custom_padding_last_edited=&#8221;on|desktop&#8221; disabled_on=&#8221;off|off|off&#8221; admin_label=&#8221;section&#8221; _builder_version=&#8221;4.9.3&#8243; background_color=&#8221;#FFFFFF&#8221; background_enable_image=&#8221;off&#8221; custom_padding_tablet=&#8221;50px|0|50px|0&#8243; custom_padding_phone=&#8221;&#8221; transparent_background=&#8221;on&#8221; padding_mobile=&#8221;off&#8221; make_fullwidth=&#8221;off&#8221; use_custom_width=&#8221;off&#8221; width_unit=&#8221;on&#8221; custom_width_px=&#8221;1080px&#8221; custom_width_percent=&#8221;80%&#8221;][et_pb_row disabled_on=&#8221;off|off|off&#8221; _builder_version=&#8221;4.9.3&#8243; _module_preset=&#8221;default&#8221;][et_pb_column type=&#8221;4_4&#8243; _builder_version=&#8221;4.9.3&#8243; _module_preset=&#8221;default&#8221;][et_pb_blurb title=&#8221;MODEL CREIGHTON&#8221; image=&#8221;https:\/\/umilowani.pl\/wp-content\/uploads\/2024\/12\/1.jpg&#8221; alt=&#8221;Model Creighton&#8221; image_max_width=&#8221;75%&#8221; content_max_width=&#8221;90%&#8221; admin_label=&#8221;Blurb&#8221; _builder_version=&#8221;4.9.3&#8243; header_font_size=&#8221;16&#8243; header_line_height=&#8221;1.6em&#8221; body_font_size=&#8221;16px&#8221; background_size=&#8221;initial&#8221; background_position=&#8221;top_left&#8221; background_repeat=&#8221;repeat&#8221; text_orientation=&#8221;center&#8221; animation=&#8221;off&#8221; border_color_all=&#8221;#000000&#8243; border_width_all_image=&#8221;1px&#8221; border_color_all_image=&#8221;#043518&#8243; use_border_color=&#8221;off&#8221; border_color=&#8221;#ffffff&#8221; border_style=&#8221;solid&#8221;]<\/p>\n<p>&nbsp;<\/p>\n<p style=\"text-align: center;\"><span style=\"color: #a0b34d;\"><strong><em>\u201eNIE MA NIC PI\u0118KNIEJSZEGO NAD TWARZ KOBIETY, KT\u00d3RA NIE PRAGNIE SI\u0118 PODOBA\u0106<\/em><em><span style=\"color: #a0b34d;\">\u201d.<\/span><\/em><em><br \/><\/em><\/strong>Jan Budziaszek \u201eDo nieba idzie si\u0119\u2026\u201d<\/span><strong><br \/><\/strong><\/p>\n<p>&nbsp;<\/p>\n<div class=\"et_pb_slide_content\" style=\"text-align: center;\">\n<div class=\"et_pb_slide_content\">\n<div>\n<p>Po trzydziestu latach niezwyk\u0142ych bada\u0144 naukowych, dzi\u0119ki Modelowi Creighton oraz nowej ga\u0142\u0119zi medycyny \u2013 <a href=\"http:\/\/plodnosc.wroclaw.pl\/naprotechnologia\/\" target=\"_blank\" rel=\"noopener\">NaProTechnologii<\/a>, rozwik\u0142ano tajemnice cyklu miesi\u0105czkowego i p\u0142odno\u015bci. Obecnie kobieta w pe\u0142ni mo\u017ce zrozumie\u0107 swoje cykle i odpowiednio wykorzysta\u0107 t\u0119 wiedz\u0119 w celu podtrzymania swojego zdrowia ginekologicznego i rozrodczego. Wiedza ta pomaga r\u00f3wnie\u017c ma\u0142\u017conkom planowa\u0107 w\u0142asn\u0105 rodzin\u0119 i kszta\u0142towa\u0107 przysz\u0142o\u015b\u0107!<\/p>\n<p><strong>Model Creighton<\/strong> to metoda obserwacji kobiecego cyklu umo\u017cliwiaj\u0105ca poznanie w\u0142asnej p\u0142odno\u015bci w celu zaplanowania lub od\u0142o\u017cenia pocz\u0119cia dziecka w czasie. Ta metoda pozwala wykrywa\u0107 potencjalne nieprawid\u0142owo\u015bci w zakresie zdrowia prokreacyjnego. Jest to wykorzystywane w leczeniu niep\u0142odno\u015bci przy u\u017cyciu <a href=\"http:\/\/plodnosc.wroclaw.pl\/naprotechnologia\/\" target=\"_blank\" rel=\"noopener\">NaProTechnologii<\/a> (NaProTECHNOLOGY\u00ae: Natural Procreative Technology \u2013 Wsparcie Naturalnej Rozrodczo\u015bci).<\/p>\n<p><strong>Model Creighton<\/strong> polega na wystandaryzowanych obserwacjach i zapisywaniu na karcie obserwacji biologicznych marker\u00f3w, kt\u00f3re s\u0105 kluczowe dla zdrowia i p\u0142odno\u015bci kobiety. Te \u201ebiomarkery\u201d s\u0105 wyznacznikami czasu p\u0142odno\u015bci i niep\u0142odno\u015bci. Dzi\u0119ki temu system mo\u017ce by\u0107 stosowany zar\u00f3wno w celu uzyskania pocz\u0119cia, jak i odk\u0142adania pocz\u0119cia w czasie.\u00a0Biomarkery mog\u0105 r\u00f3wnie\u017c sygnalizowa\u0107 nieprawid\u0142owo\u015bci wyst\u0119puj\u0105ce w cyklu. Model Creighton pozwala kobiecie doskonale pozna\u0107 tajniki jej cyklu miesi\u0105czkowego.<\/p>\n<p><strong>Model Creighton<\/strong> jest wystandaryzowan\u0105 modyfikacj\u0105 Metody Owulacyjnej Billings\u00f3w. Powsta\u0142 na podstawie prowadzonych bada\u0144 naukowych, procesu kszta\u0142cenia oraz \u015bwiadczonych us\u0142ug. Jest on zarazem zintegrowanym systemem edukacyjnym zaprojektowanym po to, by zapewni\u0107 najwy\u017csz\u0105 jako\u015b\u0107 us\u0142ug \u015bwiadczonych u\u017cytkownikom systemu przez instruktora i lekarza \u2013 konsultanta medycznego.<\/p>\n<p>&nbsp;<\/p>\n<h3>Model Creighton &#8211; za\u0142o\u017cenia i korzy\u015bci<\/h3>\n<p>&nbsp;<\/p>\n<p>Badania naukowe, kt\u00f3re doprowadzi\u0142y do powstania <strong>Modelu Creighton<\/strong>, rozpocz\u0119\u0142y si\u0119 w 1976 roku. Cztery lata p\u00f3\u017aniej opisano w pe\u0142ni ten system. Badania nad Modelem Creighton trwaj\u0105 nadal. Uzyskane wyniki daj\u0105 bardzo wysoki stopie\u0144 naukowego zrozumienia i trafno\u015bci.<\/p>\n<p>W ramach <strong>Modelu Creighton<\/strong> p\u0142odno\u015b\u0107 postrzega si\u0119 jako element zdrowia, a nie chorob\u0119, z kt\u00f3r\u0105 nale\u017cy walczy\u0107. System nie jest w \u017caden spos\u00f3b naturaln\u0105 antykoncepcj\u0105. Jest prawdziw\u0105 metod\u0105 rozpoznawania p\u0142odno\u015bci, kt\u00f3ra mo\u017ce by\u0107 u\u017cywana zar\u00f3wno w celu uzyskania pocz\u0119cia, jak i odk\u0142adania pocz\u0119cia w czasie. Te podstawowe zasady sprawiaj\u0105, \u017ce Model Creighton w samej istocie r\u00f3\u017cni si\u0119 zar\u00f3wno od sztuczne antykoncepcji.<\/p>\n<p><strong>Model Creighton<\/strong> bazuje na wiedzy zdobytej przez ma\u0142\u017conk\u00f3w oraz na ich rozumieniu naturalnie wyst\u0119puj\u0105cych okres\u00f3w p\u0142odno\u015bci i niep\u0142odno\u015bci. Dzi\u0119ki takiemu ma\u0142\u017conkowie mog\u0105 podejmowa\u0107 decyzje dotycz\u0105ce rozeznanej przez nich intencji stosowania systemu \u2013 w celu uzyskania pocz\u0119cia b\u0105d\u017a od\u0142o\u017cenia pocz\u0119cia w czasie. Ponadto system ten stanowi bezcenne \u017ar\u00f3d\u0142o informacji dotycz\u0105cych ca\u0142o\u015bciowego wymiaru zdolno\u015bci prokreacyjnych. Dodatkow\u0105 korzy\u015bci\u0105 dla kobiet jest to, \u017ce mog\u0105 przez ca\u0142e \u017cycie obserwowa\u0107 i podtrzymywa\u0107 swoje zdrowie rozrodcze i ginekologiczne. Model Creighton to istotnie jedyny system, kt\u00f3ry \u0142\u0105czy w sobie prawdziwe rozpoznawanie p\u0142odno\u015bci, opiek\u0119 medyczn\u0105 nad kobiet\u0105 oraz kompleksow\u0105 trosk\u0119 o jej zdrowie ginekologiczne i rozrodcze. Instruktorzy Modelu Creighton przeszli odpowiednie szkolenie w zakresie nauk spokrewnionych z medycyn\u0105. R\u00f3wnie\u017c lekarze \u2013 konsultanci medyczni zostali tak przygotowani, by mogli w\u0142\u0105cza\u0107 ten system w swoj\u0105 praktyk\u0119 lekarsk\u0105.<\/p>\n<p>Wi\u0119cej znajdziesz na stronach: <a href=\"http:\/\/plodnosc.wroclaw.pl\/\" target=\"_blank\" rel=\"noopener noreferrer\">http:\/\/plodnosc.wroclaw.pl\/<\/a>\u00a0i <a href=\"https:\/\/wtrosceoplodnosc.pl\/\" target=\"_blank\" rel=\"noopener\">https:\/\/wtrosceoplodnosc.pl\/<\/a><\/p>\n<\/div>\n<\/div>\n<\/div>\n<p>[\/et_pb_blurb][et_pb_blurb title=&#8221;MODEL CREIGHTON &#8211; NAJBLI\u017bSZE SPOTKANIA WPROWADZAJ\u0104CE&#8221; image_max_width=&#8221;none&#8221; content_max_width=&#8221;90%&#8221; admin_label=&#8221;Blurb&#8221; _builder_version=&#8221;4.9.3&#8243; header_font_size=&#8221;16&#8243; body_font_size=&#8221;16&#8243; body_line_height=&#8221;1.8em&#8221; background_color=&#8221;#FFFFFF&#8221; background_size=&#8221;initial&#8221; background_position=&#8221;top_left&#8221; background_repeat=&#8221;repeat&#8221; text_orientation=&#8221;center&#8221; animation=&#8221;bottom&#8221; border_color_all=&#8221;#000000&#8243; border_width_all_image=&#8221;1px&#8221; border_color_all_image=&#8221;#043518&#8243; use_border_color=&#8221;off&#8221; border_color=&#8221;#ffffff&#8221; border_style=&#8221;solid&#8221;][\/et_pb_blurb][\/et_pb_column][\/et_pb_row][et_pb_row column_structure=&#8221;1_3,1_3,1_3&#8243; padding_mobile=&#8221;off&#8221; column_padding_mobile=&#8221;on&#8221; disabled_on=&#8221;off|off|off&#8221; admin_label=&#8221;Wiersz&#8221; _builder_version=&#8221;4.9.3&#8243; background_size=&#8221;initial&#8221; background_position=&#8221;top_left&#8221; background_repeat=&#8221;repeat&#8221; max_width=&#8221;90%&#8221; make_fullwidth=&#8221;off&#8221; use_custom_width=&#8221;on&#8221; width_unit=&#8221;off&#8221; custom_width_percent=&#8221;90%&#8221;][et_pb_column type=&#8221;1_3&#8243; _builder_version=&#8221;3.25&#8243; custom_padding=&#8221;|||&#8221; custom_padding__hover=&#8221;|||&#8221;][et_pb_blurb title=&#8221;SPOTKANIE WPROWADZAJ\u0104CE &#8211; 22.04.2026&#8243; url=&#8221;https:\/\/umilowani.pl\/index.php\/2026\/01\/05\/spotkanie-o-modelu-creighton-21-04-2026\/&#8221; image=&#8221;https:\/\/umilowani.pl\/wp-content\/uploads\/2026\/01\/aci03.jpg&#8221; alt=&#8221;Spotkanie o Modelu Creighton 10.12.2024&#8243; image_max_width=&#8221;85%&#8221; admin_label=&#8221;Blurb&#8221; _builder_version=&#8221;4.9.3&#8243; header_font_size=&#8221;16&#8243; body_font_size=&#8221;16&#8243; background_size=&#8221;initial&#8221; background_position=&#8221;top_left&#8221; background_repeat=&#8221;repeat&#8221; text_orientation=&#8221;center&#8221; animation=&#8221;off&#8221; hover_enabled=&#8221;0&#8243; border_width_all_image=&#8221;1px&#8221; border_color_all_image=&#8221;#043518&#8243; use_border_color=&#8221;off&#8221; border_color=&#8221;#ffffff&#8221; border_style=&#8221;solid&#8221; sticky_enabled=&#8221;0&#8243;]<\/p>\n<p style=\"text-align: center;\">Serdecznie zapraszamy na spotkanie o MODELU CREIGHTON, kt\u00f3re odb\u0119dzie si\u0119 w sali poradni rodzinnej przy ul. Rydygiera 22-28 we Wroc\u0142awiu (I pi\u0119tro, budynek \u201eD\u201d), o godz. 18.00 w dniu 22.04.2026 r.<\/p>\n<p>[\/et_pb_blurb][et_pb_button button_url=&#8221;https:\/\/umilowani.pl\/index.php\/2026\/01\/05\/spotkanie-o-modelu-creighton-21-04-2026\/&#8221; button_text=&#8221;Czytaj wi\u0119cej&#8221; button_alignment=&#8221;center&#8221; _builder_version=&#8221;4.9.3&#8243; _module_preset=&#8221;default&#8221;][\/et_pb_button][\/et_pb_column][et_pb_column type=&#8221;1_3&#8243; _builder_version=&#8221;3.25&#8243; custom_padding=&#8221;|||&#8221; custom_padding__hover=&#8221;|||&#8221;][et_pb_blurb title=&#8221;SPOTKANIE WPROWADZAJ\u0104CE &#8211; 19.05.2026&#8243; url=&#8221;https:\/\/umilowani.pl\/index.php\/2026\/01\/05\/spotkanie-o-modelu-creighton-13-05-2026\/&#8221; image=&#8221;https:\/\/umilowani.pl\/wp-content\/uploads\/2026\/01\/aci01.jpg&#8221; alt=&#8221;Spotkanie o Modelu Creighton 18.02.2025&#8243; image_max_width=&#8221;85%&#8221; admin_label=&#8221;Blurb&#8221; _builder_version=&#8221;4.9.3&#8243; header_font_size=&#8221;16&#8243; body_font_size=&#8221;16px&#8221; background_size=&#8221;initial&#8221; background_position=&#8221;top_left&#8221; background_repeat=&#8221;repeat&#8221; text_orientation=&#8221;center&#8221; animation=&#8221;off&#8221; border_color_all=&#8221;#000000&#8243; border_width_all_image=&#8221;1px&#8221; border_color_all_image=&#8221;#043518&#8243; use_border_color=&#8221;off&#8221; border_color=&#8221;#ffffff&#8221; border_style=&#8221;solid&#8221;]<\/p>\n<p style=\"text-align: center;\">Serdecznie zapraszamy na spotkanie o MODELU CREIGHTON, kt\u00f3re odb\u0119dzie si\u0119 w sali poradni rodzinnej przy ul. Rydygiera 22-28 we Wroc\u0142awiu (I pi\u0119tro, budynek \u201eD\u201d), o godz. 18.00 w dniu 19.05.2026 r. <strong><em><br \/><\/em><\/strong><\/p>\n<p>[\/et_pb_blurb][et_pb_button button_url=&#8221;https:\/\/umilowani.pl\/index.php\/2026\/01\/05\/spotkanie-o-modelu-creighton-13-05-2026\/&#8221; button_text=&#8221;Czytaj wi\u0119cej&#8221; button_alignment=&#8221;center&#8221; _builder_version=&#8221;4.9.3&#8243; _module_preset=&#8221;default&#8221;][\/et_pb_button][\/et_pb_column][et_pb_column type=&#8221;1_3&#8243; _builder_version=&#8221;3.25&#8243; custom_padding=&#8221;|||&#8221; custom_padding__hover=&#8221;|||&#8221;][et_pb_blurb title=&#8221;SPOTKANIE WPROWADZAJ\u0104CE &#8211; 16.06.2026&#8243; url=&#8221;https:\/\/umilowani.pl\/index.php\/2026\/01\/05\/spotkanie-o-modelu-creighton-16-06-2026\/&#8221; image=&#8221;https:\/\/umilowani.pl\/wp-content\/uploads\/2026\/01\/aci02.jpg&#8221; alt=&#8221;Spotkanie o Modelu Creighton 18.02.2025&#8243; image_max_width=&#8221;85%&#8221; admin_label=&#8221;Blurb&#8221; _builder_version=&#8221;4.9.3&#8243; header_font_size=&#8221;16&#8243; body_font_size=&#8221;16px&#8221; background_size=&#8221;initial&#8221; background_position=&#8221;top_left&#8221; background_repeat=&#8221;repeat&#8221; text_orientation=&#8221;center&#8221; animation=&#8221;off&#8221; border_color_all=&#8221;#000000&#8243; border_width_all_image=&#8221;1px&#8221; border_color_all_image=&#8221;#043518&#8243; use_border_color=&#8221;off&#8221; border_color=&#8221;#ffffff&#8221; border_style=&#8221;solid&#8221;]<\/p>\n<p style=\"text-align: center;\">Serdecznie zapraszamy na spotkanie o MODELU CREIGHTON, kt\u00f3re odb\u0119dzie si\u0119 w sali poradni rodzinnej przy ul. Rydygiera 22-28 we Wroc\u0142awiu (I pi\u0119tro, budynek \u201eD\u201d), o godz. 18.00 w dniu 16.06.2026 r. <strong><em><br \/><\/em><\/strong><\/p>\n<p>[\/et_pb_blurb][et_pb_button button_url=&#8221;https:\/\/umilowani.pl\/index.php\/2026\/01\/05\/spotkanie-o-modelu-creighton-16-06-2026\/&#8221; button_text=&#8221;Czytaj wi\u0119cej&#8221; button_alignment=&#8221;center&#8221; _builder_version=&#8221;4.9.3&#8243; _module_preset=&#8221;default&#8221;][\/et_pb_button][et_pb_text _builder_version=&#8221;4.9.3&#8243; _module_preset=&#8221;default&#8221; background_layout=&#8221;dark&#8221;]<\/p>\n<p>.<\/p>\n<p>[\/et_pb_text][\/et_pb_column][\/et_pb_row][et_pb_row column_structure=&#8221;1_3,1_3,1_3&#8243; padding_mobile=&#8221;off&#8221; column_padding_mobile=&#8221;on&#8221; disabled_on=&#8221;on|on|on&#8221; admin_label=&#8221;row&#8221; _builder_version=&#8221;3.25&#8243; background_size=&#8221;initial&#8221; background_position=&#8221;top_left&#8221; background_repeat=&#8221;repeat&#8221; max_width=&#8221;90%&#8221; make_fullwidth=&#8221;off&#8221; use_custom_width=&#8221;on&#8221; width_unit=&#8221;off&#8221; custom_width_percent=&#8221;90%&#8221; disabled=&#8221;on&#8221;][et_pb_column type=&#8221;1_3&#8243; _builder_version=&#8221;3.25&#8243; custom_padding=&#8221;|||&#8221; custom_padding__hover=&#8221;|||&#8221;][et_pb_blog fullwidth=&#8221;off&#8221; posts_number=&#8221;6&#8243; include_categories=&#8221;35&#8243; show_author=&#8221;off&#8221; show_date=&#8221;off&#8221; show_categories=&#8221;off&#8221; _builder_version=&#8221;4.9.3&#8243; _module_preset=&#8221;default&#8221;][\/et_pb_blog][\/et_pb_column][et_pb_column type=&#8221;1_3&#8243; _builder_version=&#8221;3.25&#8243; custom_padding=&#8221;|||&#8221; custom_padding__hover=&#8221;|||&#8221;][et_pb_blog fullwidth=&#8221;off&#8221; posts_number=&#8221;6&#8243; include_categories=&#8221;37&#8243; show_author=&#8221;off&#8221; show_date=&#8221;off&#8221; show_categories=&#8221;off&#8221; _builder_version=&#8221;4.9.3&#8243; _module_preset=&#8221;default&#8221;][\/et_pb_blog][\/et_pb_column][et_pb_column type=&#8221;1_3&#8243; _builder_version=&#8221;3.25&#8243; custom_padding=&#8221;|||&#8221; custom_padding__hover=&#8221;|||&#8221;][et_pb_blog fullwidth=&#8221;off&#8221; posts_number=&#8221;6&#8243; include_categories=&#8221;34&#8243; show_author=&#8221;off&#8221; show_date=&#8221;off&#8221; show_categories=&#8221;off&#8221; _builder_version=&#8221;4.9.3&#8243; _module_preset=&#8221;default&#8221;][\/et_pb_blog][\/et_pb_column][\/et_pb_row][\/et_pb_section]<\/p>\n","protected":false},"excerpt":{"rendered":"<p>[et_pb_section fb_built=&#8221;1&#8243; custom_padding_last_edited=&#8221;on|desktop&#8221; disabled_on=&#8221;off|off|off&#8221; admin_label=&#8221;section&#8221; _builder_version=&#8221;4.9.3&#8243; background_color=&#8221;#FFFFFF&#8221; background_enable_image=&#8221;off&#8221; custom_padding_tablet=&#8221;50px|0|50px|0&#8243; custom_padding_phone=&#8221;&#8221; transparent_background=&#8221;on&#8221; padding_mobile=&#8221;off&#8221; make_fullwidth=&#8221;off&#8221; use_custom_width=&#8221;off&#8221; width_unit=&#8221;on&#8221; custom_width_px=&#8221;1080px&#8221; custom_width_percent=&#8221;80%&#8221;][et_pb_row disabled_on=&#8221;off|off|off&#8221; _builder_version=&#8221;4.9.3&#8243; _module_preset=&#8221;default&#8221;][et_pb_column type=&#8221;4_4&#8243; _builder_version=&#8221;4.9.3&#8243; _module_preset=&#8221;default&#8221;][et_pb_blurb title=&#8221;MODEL CREIGHTON&#8221; image=&#8221;https:\/\/umilowani.pl\/wp-content\/uploads\/2024\/12\/1.jpg&#8221; alt=&#8221;Model Creighton&#8221; image_max_width=&#8221;75%&#8221; content_max_width=&#8221;90%&#8221; admin_label=&#8221;Blurb&#8221; _builder_version=&#8221;4.9.3&#8243; header_font_size=&#8221;16&#8243; header_line_height=&#8221;1.6em&#8221; body_font_size=&#8221;16px&#8221; background_size=&#8221;initial&#8221; background_position=&#8221;top_left&#8221; background_repeat=&#8221;repeat&#8221; text_orientation=&#8221;center&#8221; animation=&#8221;off&#8221; border_color_all=&#8221;#000000&#8243; border_width_all_image=&#8221;1px&#8221; border_color_all_image=&#8221;#043518&#8243; use_border_color=&#8221;off&#8221; border_color=&#8221;#ffffff&#8221; border_style=&#8221;solid&#8221;] &nbsp; \u201eNIE MA NIC PI\u0118KNIEJSZEGO NAD TWARZ KOBIETY, KT\u00d3RA [&hellip;]<\/p>\n","protected":false},"author":1,"featured_media":0,"parent":0,"menu_order":0,"comment_status":"closed","ping_status":"closed","template":"","meta":{"_et_pb_use_builder":"on","_et_pb_old_content":"","_et_gb_content_width":"","footnotes":""},"class_list":["post-4230","page","type-page","status-publish","hentry"],"yoast_head":"<!-- This site is optimized with the Yoast SEO plugin v27.4 - https:\/\/yoast.com\/product\/yoast-seo-wordpress\/ -->\n<title>Model Creighton - UMILOWANI.PL<\/title>\n<meta name=\"description\" content=\"Model Creighton to metoda obserwacji kobiecego cyklu, umo\u017cliwiaj\u0105ca poznanie p\u0142odno\u015bci i wykorzystywana w leczeniu niep\u0142odno\u015bci.\" \/>\n<meta name=\"robots\" content=\"index, follow, max-snippet:-1, max-image-preview:large, max-video-preview:-1\" \/>\n<link rel=\"canonical\" href=\"https:\/\/umilowani.pl\/index.php\/model-creighton\/\" \/>\n<meta property=\"og:locale\" content=\"pl_PL\" \/>\n<meta property=\"og:type\" content=\"article\" \/>\n<meta property=\"og:title\" content=\"Model Creighton - UMILOWANI.PL\" \/>\n<meta property=\"og:description\" content=\"Model Creighton to metoda obserwacji kobiecego cyklu, umo\u017cliwiaj\u0105ca poznanie p\u0142odno\u015bci i wykorzystywana w leczeniu niep\u0142odno\u015bci.\" \/>\n<meta property=\"og:url\" content=\"https:\/\/umilowani.pl\/index.php\/model-creighton\/\" \/>\n<meta property=\"og:site_name\" content=\"UMILOWANI.PL\" \/>\n<meta property=\"article:modified_time\" content=\"2026-04-14T06:26:17+00:00\" \/>\n<meta name=\"twitter:card\" content=\"summary_large_image\" \/>\n<meta name=\"twitter:label1\" content=\"Szacowany czas czytania\" \/>\n\t<meta name=\"twitter:data1\" content=\"5 minut\" \/>\n<script type=\"application\/ld+json\" class=\"yoast-schema-graph\">{\"@context\":\"https:\\\/\\\/schema.org\",\"@graph\":[{\"@type\":\"WebPage\",\"@id\":\"https:\\\/\\\/umilowani.pl\\\/index.php\\\/model-creighton\\\/\",\"url\":\"https:\\\/\\\/umilowani.pl\\\/index.php\\\/model-creighton\\\/\",\"name\":\"Model Creighton - UMILOWANI.PL\",\"isPartOf\":{\"@id\":\"https:\\\/\\\/umilowani.pl\\\/#website\"},\"datePublished\":\"2019-10-07T17:57:50+00:00\",\"dateModified\":\"2026-04-14T06:26:17+00:00\",\"description\":\"Model Creighton to metoda obserwacji kobiecego cyklu, umo\u017cliwiaj\u0105ca poznanie p\u0142odno\u015bci i wykorzystywana w leczeniu niep\u0142odno\u015bci.\",\"breadcrumb\":{\"@id\":\"https:\\\/\\\/umilowani.pl\\\/index.php\\\/model-creighton\\\/#breadcrumb\"},\"inLanguage\":\"pl-PL\",\"potentialAction\":[{\"@type\":\"ReadAction\",\"target\":[\"https:\\\/\\\/umilowani.pl\\\/index.php\\\/model-creighton\\\/\"]}]},{\"@type\":\"BreadcrumbList\",\"@id\":\"https:\\\/\\\/umilowani.pl\\\/index.php\\\/model-creighton\\\/#breadcrumb\",\"itemListElement\":[{\"@type\":\"ListItem\",\"position\":1,\"name\":\"Strona g\u0142\u00f3wna\",\"item\":\"https:\\\/\\\/umilowani.pl\\\/\"},{\"@type\":\"ListItem\",\"position\":2,\"name\":\"Model Creighton\"}]},{\"@type\":\"WebSite\",\"@id\":\"https:\\\/\\\/umilowani.pl\\\/#website\",\"url\":\"https:\\\/\\\/umilowani.pl\\\/\",\"name\":\"UMILOWANI.PL\",\"description\":\"Ma\u0142\u017ce\u0144stwo, mi\u0142o\u015b\u0107\",\"publisher\":{\"@id\":\"https:\\\/\\\/umilowani.pl\\\/#\\\/schema\\\/person\\\/600a3e0031b2b450828be24ac2027c8a\"},\"potentialAction\":[{\"@type\":\"SearchAction\",\"target\":{\"@type\":\"EntryPoint\",\"urlTemplate\":\"https:\\\/\\\/umilowani.pl\\\/?s={search_term_string}\"},\"query-input\":{\"@type\":\"PropertyValueSpecification\",\"valueRequired\":true,\"valueName\":\"search_term_string\"}}],\"inLanguage\":\"pl-PL\"},{\"@type\":[\"Person\",\"Organization\"],\"@id\":\"https:\\\/\\\/umilowani.pl\\\/#\\\/schema\\\/person\\\/600a3e0031b2b450828be24ac2027c8a\",\"name\":\"UMILOWANI.PL\",\"image\":{\"@type\":\"ImageObject\",\"inLanguage\":\"pl-PL\",\"@id\":\"https:\\\/\\\/umilowani.pl\\\/wp-content\\\/uploads\\\/2022\\\/07\\\/cropped-6.png\",\"url\":\"https:\\\/\\\/umilowani.pl\\\/wp-content\\\/uploads\\\/2022\\\/07\\\/cropped-6.png\",\"contentUrl\":\"https:\\\/\\\/umilowani.pl\\\/wp-content\\\/uploads\\\/2022\\\/07\\\/cropped-6.png\",\"width\":512,\"height\":512,\"caption\":\"UMILOWANI.PL\"},\"logo\":{\"@id\":\"https:\\\/\\\/umilowani.pl\\\/wp-content\\\/uploads\\\/2022\\\/07\\\/cropped-6.png\"}}]}<\/script>\n<!-- \/ Yoast SEO plugin. -->","yoast_head_json":{"title":"Model Creighton - UMILOWANI.PL","description":"Model Creighton to metoda obserwacji kobiecego cyklu, umo\u017cliwiaj\u0105ca poznanie p\u0142odno\u015bci i wykorzystywana w leczeniu niep\u0142odno\u015bci.","robots":{"index":"index","follow":"follow","max-snippet":"max-snippet:-1","max-image-preview":"max-image-preview:large","max-video-preview":"max-video-preview:-1"},"canonical":"https:\/\/umilowani.pl\/index.php\/model-creighton\/","og_locale":"pl_PL","og_type":"article","og_title":"Model Creighton - UMILOWANI.PL","og_description":"Model Creighton to metoda obserwacji kobiecego cyklu, umo\u017cliwiaj\u0105ca poznanie p\u0142odno\u015bci i wykorzystywana w leczeniu niep\u0142odno\u015bci.","og_url":"https:\/\/umilowani.pl\/index.php\/model-creighton\/","og_site_name":"UMILOWANI.PL","article_modified_time":"2026-04-14T06:26:17+00:00","twitter_card":"summary_large_image","twitter_misc":{"Szacowany czas czytania":"5 minut"},"schema":{"@context":"https:\/\/schema.org","@graph":[{"@type":"WebPage","@id":"https:\/\/umilowani.pl\/index.php\/model-creighton\/","url":"https:\/\/umilowani.pl\/index.php\/model-creighton\/","name":"Model Creighton - UMILOWANI.PL","isPartOf":{"@id":"https:\/\/umilowani.pl\/#website"},"datePublished":"2019-10-07T17:57:50+00:00","dateModified":"2026-04-14T06:26:17+00:00","description":"Model Creighton to metoda obserwacji kobiecego cyklu, umo\u017cliwiaj\u0105ca poznanie p\u0142odno\u015bci i wykorzystywana w leczeniu niep\u0142odno\u015bci.","breadcrumb":{"@id":"https:\/\/umilowani.pl\/index.php\/model-creighton\/#breadcrumb"},"inLanguage":"pl-PL","potentialAction":[{"@type":"ReadAction","target":["https:\/\/umilowani.pl\/index.php\/model-creighton\/"]}]},{"@type":"BreadcrumbList","@id":"https:\/\/umilowani.pl\/index.php\/model-creighton\/#breadcrumb","itemListElement":[{"@type":"ListItem","position":1,"name":"Strona g\u0142\u00f3wna","item":"https:\/\/umilowani.pl\/"},{"@type":"ListItem","position":2,"name":"Model Creighton"}]},{"@type":"WebSite","@id":"https:\/\/umilowani.pl\/#website","url":"https:\/\/umilowani.pl\/","name":"UMILOWANI.PL","description":"Ma\u0142\u017ce\u0144stwo, mi\u0142o\u015b\u0107","publisher":{"@id":"https:\/\/umilowani.pl\/#\/schema\/person\/600a3e0031b2b450828be24ac2027c8a"},"potentialAction":[{"@type":"SearchAction","target":{"@type":"EntryPoint","urlTemplate":"https:\/\/umilowani.pl\/?s={search_term_string}"},"query-input":{"@type":"PropertyValueSpecification","valueRequired":true,"valueName":"search_term_string"}}],"inLanguage":"pl-PL"},{"@type":["Person","Organization"],"@id":"https:\/\/umilowani.pl\/#\/schema\/person\/600a3e0031b2b450828be24ac2027c8a","name":"UMILOWANI.PL","image":{"@type":"ImageObject","inLanguage":"pl-PL","@id":"https:\/\/umilowani.pl\/wp-content\/uploads\/2022\/07\/cropped-6.png","url":"https:\/\/umilowani.pl\/wp-content\/uploads\/2022\/07\/cropped-6.png","contentUrl":"https:\/\/umilowani.pl\/wp-content\/uploads\/2022\/07\/cropped-6.png","width":512,"height":512,"caption":"UMILOWANI.PL"},"logo":{"@id":"https:\/\/umilowani.pl\/wp-content\/uploads\/2022\/07\/cropped-6.png"}}]}},"_links":{"self":[{"href":"https:\/\/umilowani.pl\/index.php\/wp-json\/wp\/v2\/pages\/4230","targetHints":{"allow":["GET"]}}],"collection":[{"href":"https:\/\/umilowani.pl\/index.php\/wp-json\/wp\/v2\/pages"}],"about":[{"href":"https:\/\/umilowani.pl\/index.php\/wp-json\/wp\/v2\/types\/page"}],"author":[{"embeddable":true,"href":"https:\/\/umilowani.pl\/index.php\/wp-json\/wp\/v2\/users\/1"}],"replies":[{"embeddable":true,"href":"https:\/\/umilowani.pl\/index.php\/wp-json\/wp\/v2\/comments?post=4230"}],"version-history":[{"count":53,"href":"https:\/\/umilowani.pl\/index.php\/wp-json\/wp\/v2\/pages\/4230\/revisions"}],"predecessor-version":[{"id":19728,"href":"https:\/\/umilowani.pl\/index.php\/wp-json\/wp\/v2\/pages\/4230\/revisions\/19728"}],"wp:attachment":[{"href":"https:\/\/umilowani.pl\/index.php\/wp-json\/wp\/v2\/media?parent=4230"}],"curies":[{"name":"wp","href":"https:\/\/api.w.org\/{rel}","templated":true}]}}