{"id":46,"date":"2016-10-28T11:30:47","date_gmt":"2016-10-28T09:30:47","guid":{"rendered":"http:\/\/umilowani.pl\/?page_id=46"},"modified":"2024-12-02T11:13:02","modified_gmt":"2024-12-02T10:13:02","slug":"konflikt-szansa","status":"publish","type":"page","link":"https:\/\/umilowani.pl\/index.php\/konflikt-szansa\/","title":{"rendered":"Konflikt szans\u0105"},"content":{"rendered":"<p>[et_pb_section fb_built=&#8221;1&#8243; custom_padding_last_edited=&#8221;on|desktop&#8221; admin_label=&#8221;section&#8221; _builder_version=&#8221;4.9.3&#8243; background_color=&#8221;#FFFFFF&#8221; custom_padding_tablet=&#8221;50px|0|50px|0&#8243; custom_padding_phone=&#8221;&#8221; transparent_background=&#8221;on&#8221; padding_mobile=&#8221;off&#8221; make_fullwidth=&#8221;off&#8221; use_custom_width=&#8221;off&#8221; width_unit=&#8221;on&#8221; custom_width_px=&#8221;1080px&#8221; custom_width_percent=&#8221;80%&#8221;][et_pb_row padding_mobile=&#8221;off&#8221; column_padding_mobile=&#8221;on&#8221; admin_label=&#8221;row&#8221; _builder_version=&#8221;4.9.3&#8243; background_size=&#8221;initial&#8221; background_position=&#8221;top_left&#8221; background_repeat=&#8221;repeat&#8221; width=&#8221;100%&#8221; max_width=&#8221;100%&#8221; make_fullwidth=&#8221;off&#8221; use_custom_width=&#8221;on&#8221; width_unit=&#8221;off&#8221; custom_width_percent=&#8221;90%&#8221;][et_pb_column type=&#8221;4_4&#8243; _builder_version=&#8221;4.9.3&#8243; background_color=&#8221;rgba(0,0,0,0)&#8221; custom_padding=&#8221;|||&#8221; custom_padding__hover=&#8221;|||&#8221;][et_pb_blurb title=&#8221;KONFLIKT SZANS\u0104&#8221; image=&#8221;https:\/\/umilowani.pl\/wp-content\/uploads\/2024\/12\/Konflikt-szansa2.jpg&#8221; alt=&#8221;Zamys\u0142&#8221; image_max_width=&#8221;75%&#8221; content_max_width=&#8221;90%&#8221; admin_label=&#8221;Blurb&#8221; _builder_version=&#8221;4.9.3&#8243; header_font_size=&#8221;16&#8243; header_line_height=&#8221;1.6em&#8221; body_font_size=&#8221;16px&#8221; background_size=&#8221;initial&#8221; background_position=&#8221;top_left&#8221; background_repeat=&#8221;repeat&#8221; text_orientation=&#8221;center&#8221; animation=&#8221;off&#8221; hover_enabled=&#8221;0&#8243; border_color_all=&#8221;#000000&#8243; border_width_all_image=&#8221;1px&#8221; border_color_all_image=&#8221;#043518&#8243; use_border_color=&#8221;off&#8221; border_color=&#8221;#ffffff&#8221; border_style=&#8221;solid&#8221; title_text=&#8221;Konflikt szans\u01052&#8243; sticky_enabled=&#8221;0&#8243;]<\/p>\n<div class=\"et_pb_slide_content\" style=\"text-align: center;\">\n<div class=\"et_pb_slide_content\">\n<div>\n<p>&nbsp;<\/p>\n<p><span style=\"color: #a0b34d;\"><strong><em>\u201eWIELE NAJWI\u0118KSZYCH OKAZJI W NASZYM \u017bYCIU POJAWIA SI\u0118 W PRZEBRANIU PROBLEM\u00d3W\u201d.<br \/><\/em><\/strong>Jan Budziaszek \u201eDo nieba idzie si\u0119\u2026\u201d<\/span><\/p>\n<p>&nbsp;<\/p>\n<div class=\"et_pb_slide_content\">\n<div class=\"et_pb_slide_content\">\n<p>Konflikt rozumiemy jako kr\u00f3tkotrwa\u0142y stan niezrozumienia ze wsp\u00f3\u0142ma\u0142\u017conkiem, natomiast kryzys jako d\u0142ugotrwa\u0142y konflikt. Obie sytuacje s\u0105 wpisane w natur\u0119 ma\u0142\u017ce\u0144stwa z prostego powodu &#8211; nie jeste\u015bmy doskonali (Dillow L., 2011; Dziewiecki M., 2012, 2014a, 2014b, 2017; Gungor M., 2008; Guzewicz M., 2011, 2018; Pulikowski J., 2008, 2017). Oczywi\u015bcie omijanie konflikt\u00f3w i kryzys\u00f3w jest mo\u017cliwe, ale prawdopodobnie tylko w dw\u00f3ch przypadkach. Pierwszy, gdy jeste\u015bmy naprawd\u0119 \u015bwi\u0119tymi lud\u017ami, a drugi gdy udajemy, \u017ce zawsze jest wszystko w porz\u0105dku. Konflikty i kryzysy doprowadzaj\u0105 do r\u00f3\u017cnych negatywnych sytuacji, wliczaj\u0105c w to agresj\u0119 i r\u00f3\u017cnorodn\u0105 przemoc. Osobi\u015bcie nie jeste\u015bmy specjalistami w dziedzinie przemocy. W przypadku pojawienia si\u0119 takiej sytuacji, szukajmy pomocy pod nr telefonu 801 120 002 lub na stronie <a href=\"http:\/\/www.niebieskalinia.info\/\" target=\"_blank\" rel=\"noopener noreferrer\">www.niebieskalinia.info.<\/a><\/p>\n<p>Jedna ze szczeg\u00f3\u0142owych definicji konfliktu ma\u0142\u017ce\u0144skiego brzmi: <em>\u201eDwie zale\u017cne od siebie strony dostrzegaj\u0105 niemo\u017cno\u015b\u0107 jednoczesnego zaspokojenia swoich potrzeb (cz\u0119sto sprzecznych) i podejmuj\u0105 dzia\u0142anie (na og\u00f3\u0142 destruktywne) \u00a0w celu zmiany sytuacji\u201d <\/em>(www.niebieskalinia.info). Abstrahuj\u0105c od powy\u017cszej definicji uwa\u017camy, \u017ce pojawienie si\u0119 konfliktu jest pewnego rodzaju \u201eb\u0142ogos\u0142awie\u0144stwem\u201d. Dzieje si\u0119 tak, poniewa\u017c dzi\u0119ki konfliktowi mo\u017cemy u\u015bwiadomi\u0107 sobie kilka naprawd\u0119 wa\u017cnych spraw o naszym ma\u0142\u017ce\u0144stwie, a mianowicie, \u017ce:<\/p>\n<p>&#8211; zale\u017cy nam na UMI\u0141OWANEJ osobie, a zazwyczaj to kochane przez nas osoby zadaj\u0105 najbardziej bolesne rany,<br \/>&#8211; za ma\u0142o kochamy b\u0105d\u017a coraz mniej kochamy naszego wsp\u00f3\u0142ma\u0142\u017conka,<br \/>&#8211; nasze potrzeby nie s\u0105 zaspokojone i czujemy si\u0119 coraz mniej szcz\u0119\u015bliwi,<br \/>&#8211; nie chcemy ulega\u0107 drugiej osobie b\u0105d\u017a nie chcemy by\u0107 zwyczajnie oboj\u0119tni.<\/p>\n<p>&nbsp;<\/p>\n<h3>Przyczyny konflikt\u00f3w<\/h3>\n<p>&nbsp;<\/p>\n<p>S\u0105 r\u00f3\u017cne <a href=\"http:\/\/umilowani.pl\/index.php\/malzenskie-sos\/\" target=\"_blank\" rel=\"noopener noreferrer\">przyczyny konflikt\u00f3w<\/a>, ale warto przy tej okazji pami\u0119ta\u0107, \u017ce konflikt jest szans\u0105 i wyzwaniem dla rozwoju mi\u0142o\u015bci ma\u0142\u017ce\u0144skiej poprzez:<\/p>\n<p>&#8211; u\u015bwiadomienie sobie swojej odmienno\u015bci, dzi\u0119ki czemu uczymy si\u0119 akceptacji i szacunku do drugiej osoby,<br \/>&#8211; ws\u0142uchiwanie si\u0119 w potrzeby wsp\u00f3\u0142ma\u0142\u017conka, na kt\u00f3re mo\u017cemy odpowiedzie\u0107 i lepiej je zrozumie\u0107,<br \/>&#8211; anga\u017cowanie si\u0119 we wsp\u00f3\u0142prac\u0119 i wsp\u00f3lne szukanie rozwi\u0105za\u0144,<br \/>&#8211; ustalenie najwa\u017cniejszych priorytet\u00f3w w ma\u0142\u017ce\u0144stwie,<br \/>&#8211; szukanie obiektywnej prawdy (szczeg\u00f3lnie w sprawach moralnych),<br \/>&#8211; znajdowanie kompromisu (np.: gdzie sp\u0119dzimy wakacje?).<\/p>\n<p>Oczywi\u015bcie konflikt rodzi negatywne skutki (stres, agresj\u0119, l\u0119k itd.), ale najistotniejsze jest to, by nie zatrzymywa\u0107 si\u0119 wy\u0142\u0105cznie na tych trudno\u015bciach. W sytuacji konfliktu najlepiej znale\u017a\u0107 jego przyczyn\u0119 i szybko zacz\u0105\u0107 szuka\u0107 rozwi\u0105zania (Dziewiecki M., 2012, 2014a, 2014b; Grey J., 2016; Gungor M., 2008; Guzewicz M., 2011, 2018; Pulikowski J., 2008, 2017; Sujak E., 1989). Skuteczne (aczkolwiek nie jedyne) metody rozwi\u0105zywania konflikt\u00f3w to: <a href=\"http:\/\/umilowani.pl\/index.php\/duchowosc\/\" target=\"_blank\" rel=\"noopener noreferrer\">dialog ma\u0142\u017ce\u0144ski <\/a>i metoda bez pora\u017cek (Gordon T., 1991; Powell J., 1992; Sujak E., 1989<em>).<\/em> Pierwsza z metod polega na otwartej, szczerej rozmowie ma\u0142\u017ce\u0144skiej. Bardzo wa\u017cnym elementem dialogu ma\u0142\u017ce\u0144skiego jest dzielenie si\u0119 w\u0142asnymi emocjami i prze\u017cyciami, a nast\u0119pnie wsp\u00f3lne poszukiwanie rozwi\u0105zania problemu. Druga metoda, kt\u00f3ra nie wyklucza za\u0142o\u017ce\u0144 tej pierwszej, podlega pewnym regu\u0142om i zak\u0142ada, \u017ce rozwi\u0105zanie konfliktu zaspokoi potrzeby obu stron. Etapy rozwi\u0105zywania problemu metod\u0105 bez pora\u017cek s\u0105 nast\u0119puj\u0105ce:<\/p>\n<p>&#8211; rozpoznanie i nazwanie problemu,<br \/>&#8211; poszukiwanie rozwi\u0105za\u0144,<br \/>&#8211; ocena proponowanych rozwi\u0105za\u0144,<br \/>&#8211; wyb\u00f3r najlepszego rozwi\u0105zania,<br \/>&#8211; weryfikacja rozwi\u0105zania w praktyce.<\/p>\n<\/div>\n<\/div>\n<\/div>\n<\/div>\n<\/div>\n<p>[\/et_pb_blurb][\/et_pb_column][\/et_pb_row][\/et_pb_section]<\/p>\n","protected":false},"excerpt":{"rendered":"<p>[et_pb_section fb_built=&#8221;1&#8243; custom_padding_last_edited=&#8221;on|desktop&#8221; admin_label=&#8221;section&#8221; _builder_version=&#8221;4.9.3&#8243; background_color=&#8221;#FFFFFF&#8221; custom_padding_tablet=&#8221;50px|0|50px|0&#8243; custom_padding_phone=&#8221;&#8221; transparent_background=&#8221;on&#8221; padding_mobile=&#8221;off&#8221; make_fullwidth=&#8221;off&#8221; use_custom_width=&#8221;off&#8221; width_unit=&#8221;on&#8221; custom_width_px=&#8221;1080px&#8221; custom_width_percent=&#8221;80%&#8221;][et_pb_row padding_mobile=&#8221;off&#8221; column_padding_mobile=&#8221;on&#8221; admin_label=&#8221;row&#8221; _builder_version=&#8221;4.9.3&#8243; background_size=&#8221;initial&#8221; background_position=&#8221;top_left&#8221; background_repeat=&#8221;repeat&#8221; width=&#8221;100%&#8221; max_width=&#8221;100%&#8221; make_fullwidth=&#8221;off&#8221; use_custom_width=&#8221;on&#8221; width_unit=&#8221;off&#8221; custom_width_percent=&#8221;90%&#8221;][et_pb_column type=&#8221;4_4&#8243; _builder_version=&#8221;4.9.3&#8243; background_color=&#8221;rgba(0,0,0,0)&#8221; custom_padding=&#8221;|||&#8221; custom_padding__hover=&#8221;|||&#8221;][et_pb_blurb title=&#8221;KONFLIKT SZANS\u0104&#8221; image=&#8221;https:\/\/umilowani.pl\/wp-content\/uploads\/2024\/12\/Konflikt-szansa2.jpg&#8221; alt=&#8221;Zamys\u0142&#8221; image_max_width=&#8221;75%&#8221; content_max_width=&#8221;90%&#8221; admin_label=&#8221;Blurb&#8221; _builder_version=&#8221;4.9.3&#8243; header_font_size=&#8221;16&#8243; header_line_height=&#8221;1.6em&#8221; body_font_size=&#8221;16px&#8221; background_size=&#8221;initial&#8221; background_position=&#8221;top_left&#8221; background_repeat=&#8221;repeat&#8221; text_orientation=&#8221;center&#8221; animation=&#8221;off&#8221; hover_enabled=&#8221;0&#8243; border_color_all=&#8221;#000000&#8243; border_width_all_image=&#8221;1px&#8221; border_color_all_image=&#8221;#043518&#8243; use_border_color=&#8221;off&#8221; border_color=&#8221;#ffffff&#8221; [&hellip;]<\/p>\n","protected":false},"author":1,"featured_media":0,"parent":0,"menu_order":0,"comment_status":"closed","ping_status":"closed","template":"","meta":{"_et_pb_use_builder":"on","_et_pb_old_content":"","_et_gb_content_width":"","footnotes":""},"class_list":["post-46","page","type-page","status-publish","hentry"],"yoast_head":"<!-- This site is optimized with the Yoast SEO plugin v27.4 - https:\/\/yoast.com\/product\/yoast-seo-wordpress\/ -->\n<title>Konflikt szans\u0105 - UMILOWANI.PL<\/title>\n<meta name=\"description\" content=\"Konflikt jest wpisany w ma\u0142\u017ce\u0144stwo z prostego powodu \u2013 nie jeste\u015bmy doskonali. Tutaj dowiemy si\u0119, \u017ce konflikt jest szans\u0105 dla ma\u0142\u017conk\u00f3w.\" \/>\n<meta name=\"robots\" content=\"index, follow, max-snippet:-1, max-image-preview:large, max-video-preview:-1\" \/>\n<link rel=\"canonical\" href=\"https:\/\/umilowani.pl\/index.php\/konflikt-szansa\/\" \/>\n<meta property=\"og:locale\" content=\"pl_PL\" \/>\n<meta property=\"og:type\" content=\"article\" \/>\n<meta property=\"og:title\" content=\"Konflikt szans\u0105 - UMILOWANI.PL\" \/>\n<meta property=\"og:description\" content=\"Konflikt jest wpisany w ma\u0142\u017ce\u0144stwo z prostego powodu \u2013 nie jeste\u015bmy doskonali. Tutaj dowiemy si\u0119, \u017ce konflikt jest szans\u0105 dla ma\u0142\u017conk\u00f3w.\" \/>\n<meta property=\"og:url\" content=\"https:\/\/umilowani.pl\/index.php\/konflikt-szansa\/\" \/>\n<meta property=\"og:site_name\" content=\"UMILOWANI.PL\" \/>\n<meta property=\"article:modified_time\" content=\"2024-12-02T10:13:02+00:00\" \/>\n<meta name=\"twitter:card\" content=\"summary_large_image\" \/>\n<meta name=\"twitter:label1\" content=\"Szacowany czas czytania\" \/>\n\t<meta name=\"twitter:data1\" content=\"4 minuty\" \/>\n<script type=\"application\/ld+json\" class=\"yoast-schema-graph\">{\"@context\":\"https:\\\/\\\/schema.org\",\"@graph\":[{\"@type\":\"WebPage\",\"@id\":\"https:\\\/\\\/umilowani.pl\\\/index.php\\\/konflikt-szansa\\\/\",\"url\":\"https:\\\/\\\/umilowani.pl\\\/index.php\\\/konflikt-szansa\\\/\",\"name\":\"Konflikt szans\u0105 - UMILOWANI.PL\",\"isPartOf\":{\"@id\":\"https:\\\/\\\/umilowani.pl\\\/#website\"},\"datePublished\":\"2016-10-28T09:30:47+00:00\",\"dateModified\":\"2024-12-02T10:13:02+00:00\",\"description\":\"Konflikt jest wpisany w ma\u0142\u017ce\u0144stwo z prostego powodu \u2013 nie jeste\u015bmy doskonali. Tutaj dowiemy si\u0119, \u017ce konflikt jest szans\u0105 dla ma\u0142\u017conk\u00f3w.\",\"breadcrumb\":{\"@id\":\"https:\\\/\\\/umilowani.pl\\\/index.php\\\/konflikt-szansa\\\/#breadcrumb\"},\"inLanguage\":\"pl-PL\",\"potentialAction\":[{\"@type\":\"ReadAction\",\"target\":[\"https:\\\/\\\/umilowani.pl\\\/index.php\\\/konflikt-szansa\\\/\"]}]},{\"@type\":\"BreadcrumbList\",\"@id\":\"https:\\\/\\\/umilowani.pl\\\/index.php\\\/konflikt-szansa\\\/#breadcrumb\",\"itemListElement\":[{\"@type\":\"ListItem\",\"position\":1,\"name\":\"Strona g\u0142\u00f3wna\",\"item\":\"https:\\\/\\\/umilowani.pl\\\/\"},{\"@type\":\"ListItem\",\"position\":2,\"name\":\"Konflikt szans\u0105\"}]},{\"@type\":\"WebSite\",\"@id\":\"https:\\\/\\\/umilowani.pl\\\/#website\",\"url\":\"https:\\\/\\\/umilowani.pl\\\/\",\"name\":\"UMILOWANI.PL\",\"description\":\"Ma\u0142\u017ce\u0144stwo, mi\u0142o\u015b\u0107\",\"publisher\":{\"@id\":\"https:\\\/\\\/umilowani.pl\\\/#\\\/schema\\\/person\\\/600a3e0031b2b450828be24ac2027c8a\"},\"potentialAction\":[{\"@type\":\"SearchAction\",\"target\":{\"@type\":\"EntryPoint\",\"urlTemplate\":\"https:\\\/\\\/umilowani.pl\\\/?s={search_term_string}\"},\"query-input\":{\"@type\":\"PropertyValueSpecification\",\"valueRequired\":true,\"valueName\":\"search_term_string\"}}],\"inLanguage\":\"pl-PL\"},{\"@type\":[\"Person\",\"Organization\"],\"@id\":\"https:\\\/\\\/umilowani.pl\\\/#\\\/schema\\\/person\\\/600a3e0031b2b450828be24ac2027c8a\",\"name\":\"UMILOWANI.PL\",\"image\":{\"@type\":\"ImageObject\",\"inLanguage\":\"pl-PL\",\"@id\":\"https:\\\/\\\/umilowani.pl\\\/wp-content\\\/uploads\\\/2022\\\/07\\\/cropped-6.png\",\"url\":\"https:\\\/\\\/umilowani.pl\\\/wp-content\\\/uploads\\\/2022\\\/07\\\/cropped-6.png\",\"contentUrl\":\"https:\\\/\\\/umilowani.pl\\\/wp-content\\\/uploads\\\/2022\\\/07\\\/cropped-6.png\",\"width\":512,\"height\":512,\"caption\":\"UMILOWANI.PL\"},\"logo\":{\"@id\":\"https:\\\/\\\/umilowani.pl\\\/wp-content\\\/uploads\\\/2022\\\/07\\\/cropped-6.png\"}}]}<\/script>\n<!-- \/ Yoast SEO plugin. -->","yoast_head_json":{"title":"Konflikt szans\u0105 - UMILOWANI.PL","description":"Konflikt jest wpisany w ma\u0142\u017ce\u0144stwo z prostego powodu \u2013 nie jeste\u015bmy doskonali. Tutaj dowiemy si\u0119, \u017ce konflikt jest szans\u0105 dla ma\u0142\u017conk\u00f3w.","robots":{"index":"index","follow":"follow","max-snippet":"max-snippet:-1","max-image-preview":"max-image-preview:large","max-video-preview":"max-video-preview:-1"},"canonical":"https:\/\/umilowani.pl\/index.php\/konflikt-szansa\/","og_locale":"pl_PL","og_type":"article","og_title":"Konflikt szans\u0105 - UMILOWANI.PL","og_description":"Konflikt jest wpisany w ma\u0142\u017ce\u0144stwo z prostego powodu \u2013 nie jeste\u015bmy doskonali. Tutaj dowiemy si\u0119, \u017ce konflikt jest szans\u0105 dla ma\u0142\u017conk\u00f3w.","og_url":"https:\/\/umilowani.pl\/index.php\/konflikt-szansa\/","og_site_name":"UMILOWANI.PL","article_modified_time":"2024-12-02T10:13:02+00:00","twitter_card":"summary_large_image","twitter_misc":{"Szacowany czas czytania":"4 minuty"},"schema":{"@context":"https:\/\/schema.org","@graph":[{"@type":"WebPage","@id":"https:\/\/umilowani.pl\/index.php\/konflikt-szansa\/","url":"https:\/\/umilowani.pl\/index.php\/konflikt-szansa\/","name":"Konflikt szans\u0105 - UMILOWANI.PL","isPartOf":{"@id":"https:\/\/umilowani.pl\/#website"},"datePublished":"2016-10-28T09:30:47+00:00","dateModified":"2024-12-02T10:13:02+00:00","description":"Konflikt jest wpisany w ma\u0142\u017ce\u0144stwo z prostego powodu \u2013 nie jeste\u015bmy doskonali. Tutaj dowiemy si\u0119, \u017ce konflikt jest szans\u0105 dla ma\u0142\u017conk\u00f3w.","breadcrumb":{"@id":"https:\/\/umilowani.pl\/index.php\/konflikt-szansa\/#breadcrumb"},"inLanguage":"pl-PL","potentialAction":[{"@type":"ReadAction","target":["https:\/\/umilowani.pl\/index.php\/konflikt-szansa\/"]}]},{"@type":"BreadcrumbList","@id":"https:\/\/umilowani.pl\/index.php\/konflikt-szansa\/#breadcrumb","itemListElement":[{"@type":"ListItem","position":1,"name":"Strona g\u0142\u00f3wna","item":"https:\/\/umilowani.pl\/"},{"@type":"ListItem","position":2,"name":"Konflikt szans\u0105"}]},{"@type":"WebSite","@id":"https:\/\/umilowani.pl\/#website","url":"https:\/\/umilowani.pl\/","name":"UMILOWANI.PL","description":"Ma\u0142\u017ce\u0144stwo, mi\u0142o\u015b\u0107","publisher":{"@id":"https:\/\/umilowani.pl\/#\/schema\/person\/600a3e0031b2b450828be24ac2027c8a"},"potentialAction":[{"@type":"SearchAction","target":{"@type":"EntryPoint","urlTemplate":"https:\/\/umilowani.pl\/?s={search_term_string}"},"query-input":{"@type":"PropertyValueSpecification","valueRequired":true,"valueName":"search_term_string"}}],"inLanguage":"pl-PL"},{"@type":["Person","Organization"],"@id":"https:\/\/umilowani.pl\/#\/schema\/person\/600a3e0031b2b450828be24ac2027c8a","name":"UMILOWANI.PL","image":{"@type":"ImageObject","inLanguage":"pl-PL","@id":"https:\/\/umilowani.pl\/wp-content\/uploads\/2022\/07\/cropped-6.png","url":"https:\/\/umilowani.pl\/wp-content\/uploads\/2022\/07\/cropped-6.png","contentUrl":"https:\/\/umilowani.pl\/wp-content\/uploads\/2022\/07\/cropped-6.png","width":512,"height":512,"caption":"UMILOWANI.PL"},"logo":{"@id":"https:\/\/umilowani.pl\/wp-content\/uploads\/2022\/07\/cropped-6.png"}}]}},"_links":{"self":[{"href":"https:\/\/umilowani.pl\/index.php\/wp-json\/wp\/v2\/pages\/46","targetHints":{"allow":["GET"]}}],"collection":[{"href":"https:\/\/umilowani.pl\/index.php\/wp-json\/wp\/v2\/pages"}],"about":[{"href":"https:\/\/umilowani.pl\/index.php\/wp-json\/wp\/v2\/types\/page"}],"author":[{"embeddable":true,"href":"https:\/\/umilowani.pl\/index.php\/wp-json\/wp\/v2\/users\/1"}],"replies":[{"embeddable":true,"href":"https:\/\/umilowani.pl\/index.php\/wp-json\/wp\/v2\/comments?post=46"}],"version-history":[{"count":1,"href":"https:\/\/umilowani.pl\/index.php\/wp-json\/wp\/v2\/pages\/46\/revisions"}],"predecessor-version":[{"id":18473,"href":"https:\/\/umilowani.pl\/index.php\/wp-json\/wp\/v2\/pages\/46\/revisions\/18473"}],"wp:attachment":[{"href":"https:\/\/umilowani.pl\/index.php\/wp-json\/wp\/v2\/media?parent=46"}],"curies":[{"name":"wp","href":"https:\/\/api.w.org\/{rel}","templated":true}]}}