{"id":48,"date":"2016-10-28T11:50:59","date_gmt":"2016-10-28T09:50:59","guid":{"rendered":"http:\/\/umilowani.pl\/?page_id=48"},"modified":"2024-12-02T11:14:56","modified_gmt":"2024-12-02T10:14:56","slug":"kryzys-malzenski","status":"publish","type":"page","link":"https:\/\/umilowani.pl\/index.php\/kryzys-malzenski\/","title":{"rendered":"Kryzys ma\u0142\u017ce\u0144ski"},"content":{"rendered":"<p>[et_pb_section fb_built=&#8221;1&#8243; custom_padding_last_edited=&#8221;on|desktop&#8221; admin_label=&#8221;section&#8221; _builder_version=&#8221;4.9.3&#8243; background_color=&#8221;#FFFFFF&#8221; custom_padding_tablet=&#8221;50px|0|50px|0&#8243; custom_padding_phone=&#8221;&#8221; transparent_background=&#8221;on&#8221; padding_mobile=&#8221;off&#8221; make_fullwidth=&#8221;off&#8221; use_custom_width=&#8221;off&#8221; width_unit=&#8221;on&#8221; custom_width_px=&#8221;1080px&#8221; custom_width_percent=&#8221;80%&#8221;][et_pb_row padding_mobile=&#8221;off&#8221; column_padding_mobile=&#8221;on&#8221; admin_label=&#8221;row&#8221; _builder_version=&#8221;4.9.3&#8243; background_size=&#8221;initial&#8221; background_position=&#8221;top_left&#8221; background_repeat=&#8221;repeat&#8221; width=&#8221;100%&#8221; max_width=&#8221;100%&#8221; make_fullwidth=&#8221;off&#8221; use_custom_width=&#8221;on&#8221; width_unit=&#8221;off&#8221; custom_width_percent=&#8221;90%&#8221;][et_pb_column type=&#8221;4_4&#8243; _builder_version=&#8221;4.9.3&#8243; background_color=&#8221;rgba(0,0,0,0)&#8221; custom_padding=&#8221;|||&#8221; custom_padding__hover=&#8221;|||&#8221;][et_pb_blurb title=&#8221;KRYZYS MA\u0141\u017bE\u0143SKI&#8221; image=&#8221;https:\/\/umilowani.pl\/wp-content\/uploads\/2024\/12\/Kryzys-malzenski2.jpg&#8221; alt=&#8221;Zamys\u0142&#8221; image_max_width=&#8221;75%&#8221; content_max_width=&#8221;90%&#8221; admin_label=&#8221;Blurb&#8221; _builder_version=&#8221;4.9.3&#8243; header_font_size=&#8221;16&#8243; header_line_height=&#8221;1.6em&#8221; body_font_size=&#8221;16px&#8221; background_size=&#8221;initial&#8221; background_position=&#8221;top_left&#8221; background_repeat=&#8221;repeat&#8221; text_orientation=&#8221;center&#8221; animation=&#8221;off&#8221; hover_enabled=&#8221;0&#8243; border_color_all=&#8221;#000000&#8243; border_width_all_image=&#8221;1px&#8221; border_color_all_image=&#8221;#043518&#8243; use_border_color=&#8221;off&#8221; border_color=&#8221;#ffffff&#8221; border_style=&#8221;solid&#8221; title_text=&#8221;Kryzys ma\u0142\u017ce\u0144ski2&#8243; sticky_enabled=&#8221;0&#8243;]<\/p>\n<div class=\"et_pb_slide_content\" style=\"text-align: center;\">\n<div class=\"et_pb_slide_content\">\n<div>\n<p>&nbsp;<\/p>\n<p><span style=\"color: #a0b34d;\"><strong><em>\u201eMI\u0141O\u015a\u0106 TO NIE JEST MD\u0141E S\u0141OWO NA WYMALOWANYCH USTACH, ALE PRACA, \u0141ZY A CZASEM KREW\u201d.<br \/><\/em><\/strong>Jan Budziaszek \u201eDo nieba idzie si\u0119\u2026\u201d<\/span><\/p>\n<div class=\"et_pb_slide_content\">\n<div class=\"et_pb_slide_content\">\n<p>&nbsp;<\/p>\n<p>Trudno oceni\u0107, czy para tkwi jeszcze w konflikcie czy dotyka j\u0105 kryzys ma\u0142\u017ce\u0144ski. Wiemy jednak, \u017ce kryzys jest konsekwencj\u0105 nierozwi\u0105zanych problem\u00f3w wynikaj\u0105cych z wieloletnich zaniedba\u0144 w ma\u0142\u017ce\u0144stwie (Dziewiecki M., 2012, Jedna A., 2015). Wyj\u015bcie z kryzysu mo\u017cliwe jest poprzez wytrwa\u0142e <a href=\"http:\/\/umilowani.pl\/index.php\/malzenskie-sos\/\" target=\"_blank\" rel=\"noopener noreferrer\">rozwi\u0105zywanie konflikt\u00f3w.<\/a> O tym jak poradzi\u0107 sobie w kryzysie ma\u0142\u017ce\u0144skim mo\u017cemy dowiedzie\u0107 si\u0119 wi\u0119cej z <a href=\"https:\/\/umilowani.pl\/index.php\/ksiazki\/\" target=\"_blank\" rel=\"noopener\">pozycji ksi\u0105\u017ckowych<\/a> prof. Mieczys\u0142awa Guzewicza (Guzewicz M., 2011)\u00a0i ks. dra Marka Dziewieckiego (Dziewiecki M., 2014a, 2014b, 2017). Wszystkim ma\u0142\u017ce\u0144stwom zatroskanym o sw\u00f3j zwi\u0105zek polecamy r\u00f3wnie\u017c ksi\u0105\u017ck\u0119 pt.: \u201eIle jest warta twoja obr\u0105czka?&#8221; (Jedna A., 2015) oraz zapoznanie si\u0119 z tekstami <a href=\"http:\/\/sychar-ojacek.blogspot.com\/\" target=\"_blank\" rel=\"noopener noreferrer\">ks. prof. Jacka Salija<\/a>. W najtrudniejszych i skrajnych sytuacjach proponujemy wej\u015bcie do <a href=\"http:\/\/sychar.org\/\" target=\"_blank\" rel=\"noopener noreferrer\">Wsp\u00f3lnoty Trudnych Ma\u0142\u017ce\u0144stw SYCHAR.<\/a><em><br \/><\/em><\/p>\n<p><strong>Charyzmatem Wsp\u00f3lnoty Trudnych Ma\u0142\u017ce\u0144stw SYCHAR <\/strong>jest d\u0105\u017cenie jej cz\u0142onk\u00f3w do uzdrowienia sakramentalnego ma\u0142\u017ce\u0144stwa, kt\u00f3re prze\u017cywa kryzys. Wsp\u00f3\u0142pracuj\u0105c z Jezusem Chrystusem \u2013 Bogiem, w ka\u017cdej sytuacji nawet, po ludzku patrz\u0105c, beznadziejnej mo\u017cliwe jest odrodzenie ma\u0142\u017ce\u0144stwa. Dla Boga bowiem nie ma rzeczy niemo\u017cliwych. Prawda o mocy sakramentu oznacza, \u017ce nawet, je\u015bli ma\u0142\u017conkowie nie potrafi\u0105 ze sob\u0105 by\u0107 i odchodz\u0105 w stan separacji, czyli oddzielnego mieszkania, to ich ma\u0142\u017ce\u0144stwo \u2013 Sakramentalne Przymierze ma\u0142\u017conk\u00f3w z Bogiem \u2013 trwa nadal. Nadal s\u0105 m\u0119\u017cem i \u017con\u0105, i jako tacy stan\u0105 przed Bogiem. Sakrament ma\u0142\u017ce\u0144stwa jest darem Boga, kt\u00f3ry daje ma\u0142\u017conkom si\u0142\u0119 odtwarzania wsp\u00f3lnoty ma\u0142\u017ce\u0144skiej w\u0142a\u015bciwie w ka\u017cdej sytuacji. Wsp\u00f3lnota Trudnych Ma\u0142\u017ce\u0144stw SYCHAR jest Wsp\u00f3lnot\u0105 Wiernej Mi\u0142o\u015bci Ma\u0142\u017ce\u0144skiej, kt\u00f3r\u0105 za\u0142o\u017cyli sakramentalni ma\u0142\u017conkowie <a href=\"http:\/\/sychar.org\/\" target=\"_blank\" rel=\"noopener noreferrer\">(www.sychar.org)<\/a>.<\/p>\n<\/div>\n<\/div>\n<\/div>\n<\/div>\n<\/div>\n<p>[\/et_pb_blurb][\/et_pb_column][\/et_pb_row][\/et_pb_section]<\/p>\n","protected":false},"excerpt":{"rendered":"<p>[et_pb_section fb_built=&#8221;1&#8243; custom_padding_last_edited=&#8221;on|desktop&#8221; admin_label=&#8221;section&#8221; _builder_version=&#8221;4.9.3&#8243; background_color=&#8221;#FFFFFF&#8221; custom_padding_tablet=&#8221;50px|0|50px|0&#8243; custom_padding_phone=&#8221;&#8221; transparent_background=&#8221;on&#8221; padding_mobile=&#8221;off&#8221; make_fullwidth=&#8221;off&#8221; use_custom_width=&#8221;off&#8221; width_unit=&#8221;on&#8221; custom_width_px=&#8221;1080px&#8221; custom_width_percent=&#8221;80%&#8221;][et_pb_row padding_mobile=&#8221;off&#8221; column_padding_mobile=&#8221;on&#8221; admin_label=&#8221;row&#8221; _builder_version=&#8221;4.9.3&#8243; background_size=&#8221;initial&#8221; background_position=&#8221;top_left&#8221; background_repeat=&#8221;repeat&#8221; width=&#8221;100%&#8221; max_width=&#8221;100%&#8221; make_fullwidth=&#8221;off&#8221; use_custom_width=&#8221;on&#8221; width_unit=&#8221;off&#8221; custom_width_percent=&#8221;90%&#8221;][et_pb_column type=&#8221;4_4&#8243; _builder_version=&#8221;4.9.3&#8243; background_color=&#8221;rgba(0,0,0,0)&#8221; custom_padding=&#8221;|||&#8221; custom_padding__hover=&#8221;|||&#8221;][et_pb_blurb title=&#8221;KRYZYS MA\u0141\u017bE\u0143SKI&#8221; image=&#8221;https:\/\/umilowani.pl\/wp-content\/uploads\/2024\/12\/Kryzys-malzenski2.jpg&#8221; alt=&#8221;Zamys\u0142&#8221; image_max_width=&#8221;75%&#8221; content_max_width=&#8221;90%&#8221; admin_label=&#8221;Blurb&#8221; _builder_version=&#8221;4.9.3&#8243; header_font_size=&#8221;16&#8243; header_line_height=&#8221;1.6em&#8221; body_font_size=&#8221;16px&#8221; background_size=&#8221;initial&#8221; background_position=&#8221;top_left&#8221; background_repeat=&#8221;repeat&#8221; text_orientation=&#8221;center&#8221; animation=&#8221;off&#8221; hover_enabled=&#8221;0&#8243; border_color_all=&#8221;#000000&#8243; border_width_all_image=&#8221;1px&#8221; border_color_all_image=&#8221;#043518&#8243; use_border_color=&#8221;off&#8221; border_color=&#8221;#ffffff&#8221; [&hellip;]<\/p>\n","protected":false},"author":1,"featured_media":0,"parent":0,"menu_order":0,"comment_status":"closed","ping_status":"closed","template":"","meta":{"_et_pb_use_builder":"on","_et_pb_old_content":"","_et_gb_content_width":"","footnotes":""},"class_list":["post-48","page","type-page","status-publish","hentry"],"yoast_head":"<!-- This site is optimized with the Yoast SEO plugin v27.4 - https:\/\/yoast.com\/product\/yoast-seo-wordpress\/ -->\n<title>Kryzys ma\u0142\u017ce\u0144ski - UMILOWANI.PL<\/title>\n<meta name=\"description\" content=\"Kryzys ma\u0142\u017ce\u0144ski jest konsekwencj\u0105 nierozwi\u0105zanych problem\u00f3w wynikaj\u0105cych z wieloletnich zaniedba\u0144 w ma\u0142\u017ce\u0144stwie. Czy mo\u017cna temu zaradzi\u0107?\" \/>\n<meta name=\"robots\" content=\"index, follow, max-snippet:-1, max-image-preview:large, max-video-preview:-1\" \/>\n<link rel=\"canonical\" href=\"https:\/\/umilowani.pl\/index.php\/kryzys-malzenski\/\" \/>\n<meta property=\"og:locale\" content=\"pl_PL\" \/>\n<meta property=\"og:type\" content=\"article\" \/>\n<meta property=\"og:title\" content=\"Kryzys ma\u0142\u017ce\u0144ski - UMILOWANI.PL\" \/>\n<meta property=\"og:description\" content=\"Kryzys ma\u0142\u017ce\u0144ski jest konsekwencj\u0105 nierozwi\u0105zanych problem\u00f3w wynikaj\u0105cych z wieloletnich zaniedba\u0144 w ma\u0142\u017ce\u0144stwie. Czy mo\u017cna temu zaradzi\u0107?\" \/>\n<meta property=\"og:url\" content=\"https:\/\/umilowani.pl\/index.php\/kryzys-malzenski\/\" \/>\n<meta property=\"og:site_name\" content=\"UMILOWANI.PL\" \/>\n<meta property=\"article:modified_time\" content=\"2024-12-02T10:14:56+00:00\" \/>\n<meta name=\"twitter:card\" content=\"summary_large_image\" \/>\n<meta name=\"twitter:label1\" content=\"Szacowany czas czytania\" \/>\n\t<meta name=\"twitter:data1\" content=\"2 minuty\" \/>\n<script type=\"application\/ld+json\" class=\"yoast-schema-graph\">{\"@context\":\"https:\\\/\\\/schema.org\",\"@graph\":[{\"@type\":\"WebPage\",\"@id\":\"https:\\\/\\\/umilowani.pl\\\/index.php\\\/kryzys-malzenski\\\/\",\"url\":\"https:\\\/\\\/umilowani.pl\\\/index.php\\\/kryzys-malzenski\\\/\",\"name\":\"Kryzys ma\u0142\u017ce\u0144ski - UMILOWANI.PL\",\"isPartOf\":{\"@id\":\"https:\\\/\\\/umilowani.pl\\\/#website\"},\"datePublished\":\"2016-10-28T09:50:59+00:00\",\"dateModified\":\"2024-12-02T10:14:56+00:00\",\"description\":\"Kryzys ma\u0142\u017ce\u0144ski jest konsekwencj\u0105 nierozwi\u0105zanych problem\u00f3w wynikaj\u0105cych z wieloletnich zaniedba\u0144 w ma\u0142\u017ce\u0144stwie. Czy mo\u017cna temu zaradzi\u0107?\",\"breadcrumb\":{\"@id\":\"https:\\\/\\\/umilowani.pl\\\/index.php\\\/kryzys-malzenski\\\/#breadcrumb\"},\"inLanguage\":\"pl-PL\",\"potentialAction\":[{\"@type\":\"ReadAction\",\"target\":[\"https:\\\/\\\/umilowani.pl\\\/index.php\\\/kryzys-malzenski\\\/\"]}]},{\"@type\":\"BreadcrumbList\",\"@id\":\"https:\\\/\\\/umilowani.pl\\\/index.php\\\/kryzys-malzenski\\\/#breadcrumb\",\"itemListElement\":[{\"@type\":\"ListItem\",\"position\":1,\"name\":\"Strona g\u0142\u00f3wna\",\"item\":\"https:\\\/\\\/umilowani.pl\\\/\"},{\"@type\":\"ListItem\",\"position\":2,\"name\":\"Kryzys ma\u0142\u017ce\u0144ski\"}]},{\"@type\":\"WebSite\",\"@id\":\"https:\\\/\\\/umilowani.pl\\\/#website\",\"url\":\"https:\\\/\\\/umilowani.pl\\\/\",\"name\":\"UMILOWANI.PL\",\"description\":\"Ma\u0142\u017ce\u0144stwo, mi\u0142o\u015b\u0107\",\"publisher\":{\"@id\":\"https:\\\/\\\/umilowani.pl\\\/#\\\/schema\\\/person\\\/600a3e0031b2b450828be24ac2027c8a\"},\"potentialAction\":[{\"@type\":\"SearchAction\",\"target\":{\"@type\":\"EntryPoint\",\"urlTemplate\":\"https:\\\/\\\/umilowani.pl\\\/?s={search_term_string}\"},\"query-input\":{\"@type\":\"PropertyValueSpecification\",\"valueRequired\":true,\"valueName\":\"search_term_string\"}}],\"inLanguage\":\"pl-PL\"},{\"@type\":[\"Person\",\"Organization\"],\"@id\":\"https:\\\/\\\/umilowani.pl\\\/#\\\/schema\\\/person\\\/600a3e0031b2b450828be24ac2027c8a\",\"name\":\"UMILOWANI.PL\",\"image\":{\"@type\":\"ImageObject\",\"inLanguage\":\"pl-PL\",\"@id\":\"https:\\\/\\\/umilowani.pl\\\/wp-content\\\/uploads\\\/2022\\\/07\\\/cropped-6.png\",\"url\":\"https:\\\/\\\/umilowani.pl\\\/wp-content\\\/uploads\\\/2022\\\/07\\\/cropped-6.png\",\"contentUrl\":\"https:\\\/\\\/umilowani.pl\\\/wp-content\\\/uploads\\\/2022\\\/07\\\/cropped-6.png\",\"width\":512,\"height\":512,\"caption\":\"UMILOWANI.PL\"},\"logo\":{\"@id\":\"https:\\\/\\\/umilowani.pl\\\/wp-content\\\/uploads\\\/2022\\\/07\\\/cropped-6.png\"}}]}<\/script>\n<!-- \/ Yoast SEO plugin. -->","yoast_head_json":{"title":"Kryzys ma\u0142\u017ce\u0144ski - UMILOWANI.PL","description":"Kryzys ma\u0142\u017ce\u0144ski jest konsekwencj\u0105 nierozwi\u0105zanych problem\u00f3w wynikaj\u0105cych z wieloletnich zaniedba\u0144 w ma\u0142\u017ce\u0144stwie. Czy mo\u017cna temu zaradzi\u0107?","robots":{"index":"index","follow":"follow","max-snippet":"max-snippet:-1","max-image-preview":"max-image-preview:large","max-video-preview":"max-video-preview:-1"},"canonical":"https:\/\/umilowani.pl\/index.php\/kryzys-malzenski\/","og_locale":"pl_PL","og_type":"article","og_title":"Kryzys ma\u0142\u017ce\u0144ski - UMILOWANI.PL","og_description":"Kryzys ma\u0142\u017ce\u0144ski jest konsekwencj\u0105 nierozwi\u0105zanych problem\u00f3w wynikaj\u0105cych z wieloletnich zaniedba\u0144 w ma\u0142\u017ce\u0144stwie. Czy mo\u017cna temu zaradzi\u0107?","og_url":"https:\/\/umilowani.pl\/index.php\/kryzys-malzenski\/","og_site_name":"UMILOWANI.PL","article_modified_time":"2024-12-02T10:14:56+00:00","twitter_card":"summary_large_image","twitter_misc":{"Szacowany czas czytania":"2 minuty"},"schema":{"@context":"https:\/\/schema.org","@graph":[{"@type":"WebPage","@id":"https:\/\/umilowani.pl\/index.php\/kryzys-malzenski\/","url":"https:\/\/umilowani.pl\/index.php\/kryzys-malzenski\/","name":"Kryzys ma\u0142\u017ce\u0144ski - UMILOWANI.PL","isPartOf":{"@id":"https:\/\/umilowani.pl\/#website"},"datePublished":"2016-10-28T09:50:59+00:00","dateModified":"2024-12-02T10:14:56+00:00","description":"Kryzys ma\u0142\u017ce\u0144ski jest konsekwencj\u0105 nierozwi\u0105zanych problem\u00f3w wynikaj\u0105cych z wieloletnich zaniedba\u0144 w ma\u0142\u017ce\u0144stwie. Czy mo\u017cna temu zaradzi\u0107?","breadcrumb":{"@id":"https:\/\/umilowani.pl\/index.php\/kryzys-malzenski\/#breadcrumb"},"inLanguage":"pl-PL","potentialAction":[{"@type":"ReadAction","target":["https:\/\/umilowani.pl\/index.php\/kryzys-malzenski\/"]}]},{"@type":"BreadcrumbList","@id":"https:\/\/umilowani.pl\/index.php\/kryzys-malzenski\/#breadcrumb","itemListElement":[{"@type":"ListItem","position":1,"name":"Strona g\u0142\u00f3wna","item":"https:\/\/umilowani.pl\/"},{"@type":"ListItem","position":2,"name":"Kryzys ma\u0142\u017ce\u0144ski"}]},{"@type":"WebSite","@id":"https:\/\/umilowani.pl\/#website","url":"https:\/\/umilowani.pl\/","name":"UMILOWANI.PL","description":"Ma\u0142\u017ce\u0144stwo, mi\u0142o\u015b\u0107","publisher":{"@id":"https:\/\/umilowani.pl\/#\/schema\/person\/600a3e0031b2b450828be24ac2027c8a"},"potentialAction":[{"@type":"SearchAction","target":{"@type":"EntryPoint","urlTemplate":"https:\/\/umilowani.pl\/?s={search_term_string}"},"query-input":{"@type":"PropertyValueSpecification","valueRequired":true,"valueName":"search_term_string"}}],"inLanguage":"pl-PL"},{"@type":["Person","Organization"],"@id":"https:\/\/umilowani.pl\/#\/schema\/person\/600a3e0031b2b450828be24ac2027c8a","name":"UMILOWANI.PL","image":{"@type":"ImageObject","inLanguage":"pl-PL","@id":"https:\/\/umilowani.pl\/wp-content\/uploads\/2022\/07\/cropped-6.png","url":"https:\/\/umilowani.pl\/wp-content\/uploads\/2022\/07\/cropped-6.png","contentUrl":"https:\/\/umilowani.pl\/wp-content\/uploads\/2022\/07\/cropped-6.png","width":512,"height":512,"caption":"UMILOWANI.PL"},"logo":{"@id":"https:\/\/umilowani.pl\/wp-content\/uploads\/2022\/07\/cropped-6.png"}}]}},"_links":{"self":[{"href":"https:\/\/umilowani.pl\/index.php\/wp-json\/wp\/v2\/pages\/48","targetHints":{"allow":["GET"]}}],"collection":[{"href":"https:\/\/umilowani.pl\/index.php\/wp-json\/wp\/v2\/pages"}],"about":[{"href":"https:\/\/umilowani.pl\/index.php\/wp-json\/wp\/v2\/types\/page"}],"author":[{"embeddable":true,"href":"https:\/\/umilowani.pl\/index.php\/wp-json\/wp\/v2\/users\/1"}],"replies":[{"embeddable":true,"href":"https:\/\/umilowani.pl\/index.php\/wp-json\/wp\/v2\/comments?post=48"}],"version-history":[{"count":2,"href":"https:\/\/umilowani.pl\/index.php\/wp-json\/wp\/v2\/pages\/48\/revisions"}],"predecessor-version":[{"id":18476,"href":"https:\/\/umilowani.pl\/index.php\/wp-json\/wp\/v2\/pages\/48\/revisions\/18476"}],"wp:attachment":[{"href":"https:\/\/umilowani.pl\/index.php\/wp-json\/wp\/v2\/media?parent=48"}],"curies":[{"name":"wp","href":"https:\/\/api.w.org\/{rel}","templated":true}]}}