{"id":4957,"date":"2021-03-10T07:40:33","date_gmt":"2021-03-10T06:40:33","guid":{"rendered":"https:\/\/umilowani.pl\/?page_id=4957"},"modified":"2026-01-09T10:10:30","modified_gmt":"2026-01-09T09:10:30","slug":"przezyc-z-nastolatkiem","status":"publish","type":"page","link":"https:\/\/umilowani.pl\/index.php\/przezyc-z-nastolatkiem\/","title":{"rendered":"Prze\u017cy\u0107 z nastolatkiem"},"content":{"rendered":"<p>[et_pb_section fb_built=&#8221;1&#8243; custom_padding_last_edited=&#8221;on|desktop&#8221; admin_label=&#8221;section&#8221; _builder_version=&#8221;4.9.3&#8243; background_color=&#8221;#FFFFFF&#8221; custom_padding_tablet=&#8221;50px|0|50px|0&#8243; custom_padding_phone=&#8221;&#8221; transparent_background=&#8221;on&#8221; padding_mobile=&#8221;off&#8221; make_fullwidth=&#8221;off&#8221; use_custom_width=&#8221;off&#8221; width_unit=&#8221;on&#8221; custom_width_px=&#8221;1080px&#8221; custom_width_percent=&#8221;80%&#8221;][et_pb_row padding_mobile=&#8221;off&#8221; column_padding_mobile=&#8221;on&#8221; admin_label=&#8221;row&#8221; _builder_version=&#8221;4.9.3&#8243; background_size=&#8221;initial&#8221; background_position=&#8221;top_left&#8221; background_repeat=&#8221;repeat&#8221; width=&#8221;100%&#8221; max_width=&#8221;100%&#8221; make_fullwidth=&#8221;off&#8221; use_custom_width=&#8221;on&#8221; width_unit=&#8221;off&#8221; custom_width_percent=&#8221;90%&#8221;][et_pb_column type=&#8221;4_4&#8243; _builder_version=&#8221;4.9.3&#8243; background_color=&#8221;rgba(0,0,0,0)&#8221; custom_padding=&#8221;|||&#8221; custom_padding__hover=&#8221;|||&#8221;][et_pb_blurb title=&#8221;PRZE\u017bY\u0106 Z NASTOLATKIEM&#8221; image=&#8221;https:\/\/umilowani.pl\/wp-content\/uploads\/2024\/12\/Przezyc-z-nastolatkiem2.jpg&#8221; alt=&#8221;Zamys\u0142&#8221; image_max_width=&#8221;75%&#8221; content_max_width=&#8221;90%&#8221; admin_label=&#8221;Blurb&#8221; _builder_version=&#8221;4.9.3&#8243; header_font_size=&#8221;16&#8243; header_line_height=&#8221;1.6em&#8221; body_font_size=&#8221;16px&#8221; background_size=&#8221;initial&#8221; background_position=&#8221;top_left&#8221; background_repeat=&#8221;repeat&#8221; text_orientation=&#8221;center&#8221; animation=&#8221;off&#8221; hover_enabled=&#8221;0&#8243; border_color_all=&#8221;#000000&#8243; border_width_all_image=&#8221;1px&#8221; border_color_all_image=&#8221;#043518&#8243; use_border_color=&#8221;off&#8221; border_color=&#8221;#ffffff&#8221; border_style=&#8221;solid&#8221; sticky_enabled=&#8221;0&#8243;]<\/p>\n<div class=\"et_pb_slide_content\" style=\"text-align: center;\">\n<div class=\"et_pb_slide_content\">\n<div>\n<p>&nbsp;<\/p>\n<p><span style=\"color: #a0b34d;\"><strong><em>\u201eILE MI\u0141O\u015aCI DASZ SWOIM DZIECIOM, TYLE ONE PRZEKA\u017b\u0104 NAST\u0118PNYM POKOLENIOM\u201d.<br \/><\/em><\/strong><\/span><span style=\"color: #a0b34d;\">Jan Budziaszek \u201eDo nieba idzie si\u0119\u2026<\/span><\/p>\n<p>&nbsp;<\/p>\n<div class=\"et_pb_slide_content\">\n<div class=\"et_pb_slide_content\">\n<div class=\"et_pb_slide_content\">\n<div class=\"et_pb_slide_content\">\n<p>Warsztaty \u201eprze\u017bY\u0106 z NASTOLATKIEM\u201d to program edukacyjno \u2013 profilaktyczny skierowany do rodzic\u00f3w nastolatk\u00f3w. Celem projektu jest podniesienie kompetencji wychowawczych w\u015br\u00f3d rodzic\u00f3w, zwi\u0119kszenie wiedzy dotycz\u0105cej profilaktyki uzale\u017cnie\u0144 w\u015br\u00f3d dzieci i m\u0142odzie\u017cy, poprawa komunikacji z nastolatkiem, a przede wszystkim pomoc we wzajemnym zrozumieniu. Podczas warsztat\u00f3w podejmiemy nast\u0119puj\u0105ce tematy:<\/p>\n<p>&#8211; Fundamenty rodzicielstwa, czyli dok\u0105d zmierzamy jako rodzice.- Rozumienie emocji oraz potrzeb nastolatka, by budowa\u0107 szczere i trwa\u0142e relacje.<br \/>&#8211; Skuteczne m\u00f3wienie i aktywne s\u0142uchanie nastolatka.<br \/>&#8211; Granice w wychowaniu, jak zachowa\u0107 r\u00f3wnowag\u0119 mi\u0119dzy mi\u0142o\u015bci\u0105 a wymaganiami.<br \/>&#8211; Jak chroni\u0107 nastolatka przed uzale\u017cnieniami, czyli co mo\u017ce zrobi\u0107 aktywny i \u015bwiadomy rodzic.<\/p>\n<p>Warsztaty dedykowane s\u0105 dla tych rodzic\u00f3w, kt\u00f3rzy:<\/p>\n<p>&#8211; Nie mog\u0105 zupe\u0142nie porozumie\u0107 si\u0119 z nastolatkiem.<br \/>&#8211; Nie rozumiej\u0105 jego zachowania i nie wiedz\u0105 jak reagowa\u0107 na jego z\u0142o\u015b\u0107, agresj\u0119 czy lenistwo.<br \/>&#8211; Widz\u0105, \u017ce wsp\u00f3lna codzienno\u015b\u0107 to nieustanna walka.<br \/>&#8211; Martwi\u0105 si\u0119, \u017ce nastolatek jest na najlepszej drodze, by uzale\u017cni\u0107 si\u0119 od telefonu czy komputera.<\/p>\n<p>Do tej pory odby\u0142o si\u0119 12 edycji zaj\u0119\u0107, w kt\u00f3rych uczestniczy\u0142o ponad 150 rodzic\u00f3w!<\/p>\n<p>&nbsp;<\/p>\n<h4 class=\"et_pb_module_header\"><strong>KOLEJNE WARSZTATY ROZPOCZN\u0104 SI\u0118 12 STYCZNIA 2026 ROKU<\/strong><\/h4>\n<p>Spotkania odbywaj\u0105 si\u0119 w Fundacji Evangelium Vitae, w sali \u015bw. Anny (budynek D), przy ul. Rydygiera 22-28 we Wroc\u0142awiu.<br \/>Zapisy przyjmujemy pod numerem telefonu: 660 913 432 lub e-mailowo na adres: poradnia@fev.wroclaw.pl<br \/>Warsztaty s\u0105 bezp\u0142atne, wsp\u00f3\u0142finansowane ze \u015brodk\u00f3w gminy Wroc\u0142aw.<\/p>\n<p>Skorzystaj i zadbaj o dobr\u0105 relacj\u0119 ze swoim nastolatkiem!<\/p>\n<\/div>\n<\/div>\n<\/div>\n<\/div>\n<\/div>\n<\/div>\n<\/div>\n<h3>\u00a0<\/h3>\n<p><a href=\"https:\/\/umilowani.pl\/wp-content\/uploads\/2024\/10\/Nastolatki1_2026.jpg\"><img loading=\"lazy\" decoding=\"async\" class=\"aligncenter wp-image-19053\" src=\"https:\/\/umilowani.pl\/wp-content\/uploads\/2024\/10\/Nastolatki1_2026-225x300.jpg\" alt=\"\" width=\"451\" height=\"600\" \/><\/a><\/p>\n<p>&nbsp;<\/p>\n<div class=\"et_pb_slide_content\" style=\"text-align: center;\">\n<div class=\"et_pb_slide_content\">\n<div>\n<div class=\"et_pb_slide_content\">\n<div class=\"et_pb_slide_content\">\n<h3>Wybrane opinie uczestnik\u00f3w o warsztatach &#8222;Prze\u017bY\u0106 z nastolatkiem&#8221;<\/h3>\n<p>&nbsp;<\/p>\n<p><strong><em>&#8211; <\/em><\/strong> <strong><em>\u201eMa\u0142\u017conkowie mog\u0105 si\u0119 wiele nauczy\u0107, zar\u00f3wno w kwestii postrzegania rodzicielstwa, ale r\u00f3wnie\u017c zrozumienia wzajemnego podej\u015bcia do wychowywania dzieci.\u201d<\/em><\/strong><\/p>\n<p><strong><em>&#8211; <\/em><em>\u201eBardzo przydatne tre\u015bci, o kt\u00f3rych cz\u0119sto si\u0119 nie rozmawia. Du\u017co tre\u015bci do rozm\u00f3w ma\u0142\u017ce\u0144skich i wiele cennych wskaz\u00f3wek!\u201d<\/em><\/strong><\/p>\n<p><strong><em>&#8211; <\/em><em>\u201eBardzo kreatywne, daj\u0105ce do my\u015blenia warsztaty.\u201d<\/em><\/strong><\/p>\n<p><strong><em>&#8211; <\/em><em>\u201e\u015awietne prowadzenie, bardzo praktyczne przyk\u0142ady, ogrom cennej wiedzy, bardzo kompleksowo, narz\u0119dziowo.\u201d&#8221;<\/em><\/strong><\/p>\n<p><strong><em>&#8211; <\/em><em>\u201eDowiedzia\u0142em si\u0119 wiele nt. tego jakie wyzwania stawia przede mn\u0105 odpowiedzialne rodzicielstwo i jak wielki wp\u0142yw mamy na nasze dzieci. Dowiedzia\u0142em si\u0119 te\u017c jak podej\u015b\u0107 do wychowywania pociech i jak budowa\u0107 zdrowe relacje oparte na mi\u0142o\u015bci.\u201d<\/em><\/strong><\/p>\n<p><em><strong>&#8211; \u201eKurs by\u0142 bardzo profesjonalny, rzeczowy. Prowadz\u0105ca bardzo autentyczna i wiarygodna, wzbudza poczucie zaufania. Profesjonalizm, jasno\u015b\u0107 komunikacji, szeroka perspektywa i du\u017ce do\u015bwiadczenie.\u201d<\/strong><\/em><\/p>\n<p><em><strong>&#8211; \u201eWarsztaty pomagaj\u0105 zrozumie\u0107 dziecko, spojrze\u0107 ca\u0142o\u015bciowo na relacj\u0119. Daj\u0105 mo\u017cliwo\u015b\u0107 analizy codziennych sytuacji i wyci\u0105gania wniosk\u00f3w na przysz\u0142o\u015b\u0107. Konfrontuj\u0105 z postaw\u0105 innych rodzic\u00f3w. Uk\u0142adaj\u0105 wiadomo\u015bci i wa\u017cne tre\u015bci\u201d.<\/strong><\/em><\/p>\n<p><em><strong>&#8211; \u201ePrzydatne tre\u015bci, spojrzenie pozytywne i z r\u00f3\u017cnych perspektyw. My\u015bl\u0119, \u017ce s\u0105 przydatne dla wszystkich rodzic\u00f3w nastolatk\u00f3w.\u201d<\/strong><\/em><\/p>\n<p><em><strong>&#8211; \u201ePrzyk\u0142ady z \u017cycia, ca\u0142o\u015bciowe u\u0142o\u017cenie wiedzy. Przedstawienie motywacji i sposob\u00f3w jak nie zrywa\u0107 kontaktu z dzieckiem. Podobne do\u015bwiadczenia innych rodzic\u00f3w i mo\u017cliwo\u015b\u0107 dzielenia si\u0119. Ka\u017cdy rodzic powinien zdobywa\u0107, od\u015bwie\u017ca\u0107, utrwala\u0107 i weryfikowa\u0107 swoj\u0105 wiedz\u0119 o relacjach rodzinnych.\u201d<\/strong><\/em><\/p>\n<\/div>\n<\/div>\n<\/div>\n<\/div>\n<\/div>\n<p>[\/et_pb_blurb][\/et_pb_column][\/et_pb_row][\/et_pb_section]<\/p>\n","protected":false},"excerpt":{"rendered":"<p>[et_pb_section fb_built=&#8221;1&#8243; custom_padding_last_edited=&#8221;on|desktop&#8221; admin_label=&#8221;section&#8221; _builder_version=&#8221;4.9.3&#8243; background_color=&#8221;#FFFFFF&#8221; custom_padding_tablet=&#8221;50px|0|50px|0&#8243; custom_padding_phone=&#8221;&#8221; transparent_background=&#8221;on&#8221; padding_mobile=&#8221;off&#8221; make_fullwidth=&#8221;off&#8221; use_custom_width=&#8221;off&#8221; width_unit=&#8221;on&#8221; custom_width_px=&#8221;1080px&#8221; custom_width_percent=&#8221;80%&#8221;][et_pb_row padding_mobile=&#8221;off&#8221; column_padding_mobile=&#8221;on&#8221; admin_label=&#8221;row&#8221; _builder_version=&#8221;4.9.3&#8243; background_size=&#8221;initial&#8221; background_position=&#8221;top_left&#8221; background_repeat=&#8221;repeat&#8221; width=&#8221;100%&#8221; max_width=&#8221;100%&#8221; make_fullwidth=&#8221;off&#8221; use_custom_width=&#8221;on&#8221; width_unit=&#8221;off&#8221; custom_width_percent=&#8221;90%&#8221;][et_pb_column type=&#8221;4_4&#8243; _builder_version=&#8221;4.9.3&#8243; background_color=&#8221;rgba(0,0,0,0)&#8221; custom_padding=&#8221;|||&#8221; custom_padding__hover=&#8221;|||&#8221;][et_pb_blurb title=&#8221;PRZE\u017bY\u0106 Z NASTOLATKIEM&#8221; image=&#8221;https:\/\/umilowani.pl\/wp-content\/uploads\/2024\/12\/Przezyc-z-nastolatkiem2.jpg&#8221; alt=&#8221;Zamys\u0142&#8221; image_max_width=&#8221;75%&#8221; content_max_width=&#8221;90%&#8221; admin_label=&#8221;Blurb&#8221; _builder_version=&#8221;4.9.3&#8243; header_font_size=&#8221;16&#8243; header_line_height=&#8221;1.6em&#8221; body_font_size=&#8221;16px&#8221; background_size=&#8221;initial&#8221; background_position=&#8221;top_left&#8221; background_repeat=&#8221;repeat&#8221; text_orientation=&#8221;center&#8221; animation=&#8221;off&#8221; hover_enabled=&#8221;0&#8243; border_color_all=&#8221;#000000&#8243; border_width_all_image=&#8221;1px&#8221; border_color_all_image=&#8221;#043518&#8243; use_border_color=&#8221;off&#8221; [&hellip;]<\/p>\n","protected":false},"author":1,"featured_media":0,"parent":0,"menu_order":0,"comment_status":"closed","ping_status":"closed","template":"","meta":{"_et_pb_use_builder":"on","_et_pb_old_content":"","_et_gb_content_width":"","footnotes":""},"class_list":["post-4957","page","type-page","status-publish","hentry"],"yoast_head":"<!-- This site is optimized with the Yoast SEO plugin v27.4 - https:\/\/yoast.com\/product\/yoast-seo-wordpress\/ -->\n<title>Prze\u017cy\u0107 z nastolatkiem - UMILOWANI.PL<\/title>\n<meta name=\"description\" content=\"Celem warsztat\u00f3w \u201eprze\u017bY\u0106 z NASTOLATKIEM\u201d jest podniesienie kompetencji wychowawczych w\u015br\u00f3d rodzic\u00f3w i pomoc we wzajemnym zrozumieniu.\" \/>\n<meta name=\"robots\" content=\"index, follow, max-snippet:-1, max-image-preview:large, max-video-preview:-1\" \/>\n<link rel=\"canonical\" href=\"https:\/\/umilowani.pl\/index.php\/przezyc-z-nastolatkiem\/\" \/>\n<meta property=\"og:locale\" content=\"pl_PL\" \/>\n<meta property=\"og:type\" content=\"article\" \/>\n<meta property=\"og:title\" content=\"Prze\u017cy\u0107 z nastolatkiem - UMILOWANI.PL\" \/>\n<meta property=\"og:description\" content=\"Celem warsztat\u00f3w \u201eprze\u017bY\u0106 z NASTOLATKIEM\u201d jest podniesienie kompetencji wychowawczych w\u015br\u00f3d rodzic\u00f3w i pomoc we wzajemnym zrozumieniu.\" \/>\n<meta property=\"og:url\" content=\"https:\/\/umilowani.pl\/index.php\/przezyc-z-nastolatkiem\/\" \/>\n<meta property=\"og:site_name\" content=\"UMILOWANI.PL\" \/>\n<meta property=\"article:modified_time\" content=\"2026-01-09T09:10:30+00:00\" \/>\n<meta property=\"og:image\" content=\"https:\/\/umilowani.pl\/wp-content\/uploads\/2024\/10\/Nastolatki1_2026-225x300.jpg\" \/>\n<meta name=\"twitter:card\" content=\"summary_large_image\" \/>\n<meta name=\"twitter:label1\" content=\"Szacowany czas czytania\" \/>\n\t<meta name=\"twitter:data1\" content=\"4 minuty\" \/>\n<script type=\"application\/ld+json\" class=\"yoast-schema-graph\">{\"@context\":\"https:\\\/\\\/schema.org\",\"@graph\":[{\"@type\":\"WebPage\",\"@id\":\"https:\\\/\\\/umilowani.pl\\\/index.php\\\/przezyc-z-nastolatkiem\\\/\",\"url\":\"https:\\\/\\\/umilowani.pl\\\/index.php\\\/przezyc-z-nastolatkiem\\\/\",\"name\":\"Prze\u017cy\u0107 z nastolatkiem - UMILOWANI.PL\",\"isPartOf\":{\"@id\":\"https:\\\/\\\/umilowani.pl\\\/#website\"},\"primaryImageOfPage\":{\"@id\":\"https:\\\/\\\/umilowani.pl\\\/index.php\\\/przezyc-z-nastolatkiem\\\/#primaryimage\"},\"image\":{\"@id\":\"https:\\\/\\\/umilowani.pl\\\/index.php\\\/przezyc-z-nastolatkiem\\\/#primaryimage\"},\"thumbnailUrl\":\"https:\\\/\\\/umilowani.pl\\\/wp-content\\\/uploads\\\/2024\\\/10\\\/Nastolatki1_2026-225x300.jpg\",\"datePublished\":\"2021-03-10T06:40:33+00:00\",\"dateModified\":\"2026-01-09T09:10:30+00:00\",\"description\":\"Celem warsztat\u00f3w \u201eprze\u017bY\u0106 z NASTOLATKIEM\u201d jest podniesienie kompetencji wychowawczych w\u015br\u00f3d rodzic\u00f3w i pomoc we wzajemnym zrozumieniu.\",\"breadcrumb\":{\"@id\":\"https:\\\/\\\/umilowani.pl\\\/index.php\\\/przezyc-z-nastolatkiem\\\/#breadcrumb\"},\"inLanguage\":\"pl-PL\",\"potentialAction\":[{\"@type\":\"ReadAction\",\"target\":[\"https:\\\/\\\/umilowani.pl\\\/index.php\\\/przezyc-z-nastolatkiem\\\/\"]}]},{\"@type\":\"ImageObject\",\"inLanguage\":\"pl-PL\",\"@id\":\"https:\\\/\\\/umilowani.pl\\\/index.php\\\/przezyc-z-nastolatkiem\\\/#primaryimage\",\"url\":\"https:\\\/\\\/umilowani.pl\\\/wp-content\\\/uploads\\\/2024\\\/10\\\/Nastolatki1_2026.jpg\",\"contentUrl\":\"https:\\\/\\\/umilowani.pl\\\/wp-content\\\/uploads\\\/2024\\\/10\\\/Nastolatki1_2026.jpg\",\"width\":1499,\"height\":1996},{\"@type\":\"BreadcrumbList\",\"@id\":\"https:\\\/\\\/umilowani.pl\\\/index.php\\\/przezyc-z-nastolatkiem\\\/#breadcrumb\",\"itemListElement\":[{\"@type\":\"ListItem\",\"position\":1,\"name\":\"Strona g\u0142\u00f3wna\",\"item\":\"https:\\\/\\\/umilowani.pl\\\/\"},{\"@type\":\"ListItem\",\"position\":2,\"name\":\"Prze\u017cy\u0107 z nastolatkiem\"}]},{\"@type\":\"WebSite\",\"@id\":\"https:\\\/\\\/umilowani.pl\\\/#website\",\"url\":\"https:\\\/\\\/umilowani.pl\\\/\",\"name\":\"UMILOWANI.PL\",\"description\":\"Ma\u0142\u017ce\u0144stwo, mi\u0142o\u015b\u0107\",\"publisher\":{\"@id\":\"https:\\\/\\\/umilowani.pl\\\/#\\\/schema\\\/person\\\/600a3e0031b2b450828be24ac2027c8a\"},\"potentialAction\":[{\"@type\":\"SearchAction\",\"target\":{\"@type\":\"EntryPoint\",\"urlTemplate\":\"https:\\\/\\\/umilowani.pl\\\/?s={search_term_string}\"},\"query-input\":{\"@type\":\"PropertyValueSpecification\",\"valueRequired\":true,\"valueName\":\"search_term_string\"}}],\"inLanguage\":\"pl-PL\"},{\"@type\":[\"Person\",\"Organization\"],\"@id\":\"https:\\\/\\\/umilowani.pl\\\/#\\\/schema\\\/person\\\/600a3e0031b2b450828be24ac2027c8a\",\"name\":\"UMILOWANI.PL\",\"image\":{\"@type\":\"ImageObject\",\"inLanguage\":\"pl-PL\",\"@id\":\"https:\\\/\\\/umilowani.pl\\\/wp-content\\\/uploads\\\/2022\\\/07\\\/cropped-6.png\",\"url\":\"https:\\\/\\\/umilowani.pl\\\/wp-content\\\/uploads\\\/2022\\\/07\\\/cropped-6.png\",\"contentUrl\":\"https:\\\/\\\/umilowani.pl\\\/wp-content\\\/uploads\\\/2022\\\/07\\\/cropped-6.png\",\"width\":512,\"height\":512,\"caption\":\"UMILOWANI.PL\"},\"logo\":{\"@id\":\"https:\\\/\\\/umilowani.pl\\\/wp-content\\\/uploads\\\/2022\\\/07\\\/cropped-6.png\"}}]}<\/script>\n<!-- \/ Yoast SEO plugin. -->","yoast_head_json":{"title":"Prze\u017cy\u0107 z nastolatkiem - UMILOWANI.PL","description":"Celem warsztat\u00f3w \u201eprze\u017bY\u0106 z NASTOLATKIEM\u201d jest podniesienie kompetencji wychowawczych w\u015br\u00f3d rodzic\u00f3w i pomoc we wzajemnym zrozumieniu.","robots":{"index":"index","follow":"follow","max-snippet":"max-snippet:-1","max-image-preview":"max-image-preview:large","max-video-preview":"max-video-preview:-1"},"canonical":"https:\/\/umilowani.pl\/index.php\/przezyc-z-nastolatkiem\/","og_locale":"pl_PL","og_type":"article","og_title":"Prze\u017cy\u0107 z nastolatkiem - UMILOWANI.PL","og_description":"Celem warsztat\u00f3w \u201eprze\u017bY\u0106 z NASTOLATKIEM\u201d jest podniesienie kompetencji wychowawczych w\u015br\u00f3d rodzic\u00f3w i pomoc we wzajemnym zrozumieniu.","og_url":"https:\/\/umilowani.pl\/index.php\/przezyc-z-nastolatkiem\/","og_site_name":"UMILOWANI.PL","article_modified_time":"2026-01-09T09:10:30+00:00","og_image":[{"url":"https:\/\/umilowani.pl\/wp-content\/uploads\/2024\/10\/Nastolatki1_2026-225x300.jpg","type":"","width":"","height":""}],"twitter_card":"summary_large_image","twitter_misc":{"Szacowany czas czytania":"4 minuty"},"schema":{"@context":"https:\/\/schema.org","@graph":[{"@type":"WebPage","@id":"https:\/\/umilowani.pl\/index.php\/przezyc-z-nastolatkiem\/","url":"https:\/\/umilowani.pl\/index.php\/przezyc-z-nastolatkiem\/","name":"Prze\u017cy\u0107 z nastolatkiem - UMILOWANI.PL","isPartOf":{"@id":"https:\/\/umilowani.pl\/#website"},"primaryImageOfPage":{"@id":"https:\/\/umilowani.pl\/index.php\/przezyc-z-nastolatkiem\/#primaryimage"},"image":{"@id":"https:\/\/umilowani.pl\/index.php\/przezyc-z-nastolatkiem\/#primaryimage"},"thumbnailUrl":"https:\/\/umilowani.pl\/wp-content\/uploads\/2024\/10\/Nastolatki1_2026-225x300.jpg","datePublished":"2021-03-10T06:40:33+00:00","dateModified":"2026-01-09T09:10:30+00:00","description":"Celem warsztat\u00f3w \u201eprze\u017bY\u0106 z NASTOLATKIEM\u201d jest podniesienie kompetencji wychowawczych w\u015br\u00f3d rodzic\u00f3w i pomoc we wzajemnym zrozumieniu.","breadcrumb":{"@id":"https:\/\/umilowani.pl\/index.php\/przezyc-z-nastolatkiem\/#breadcrumb"},"inLanguage":"pl-PL","potentialAction":[{"@type":"ReadAction","target":["https:\/\/umilowani.pl\/index.php\/przezyc-z-nastolatkiem\/"]}]},{"@type":"ImageObject","inLanguage":"pl-PL","@id":"https:\/\/umilowani.pl\/index.php\/przezyc-z-nastolatkiem\/#primaryimage","url":"https:\/\/umilowani.pl\/wp-content\/uploads\/2024\/10\/Nastolatki1_2026.jpg","contentUrl":"https:\/\/umilowani.pl\/wp-content\/uploads\/2024\/10\/Nastolatki1_2026.jpg","width":1499,"height":1996},{"@type":"BreadcrumbList","@id":"https:\/\/umilowani.pl\/index.php\/przezyc-z-nastolatkiem\/#breadcrumb","itemListElement":[{"@type":"ListItem","position":1,"name":"Strona g\u0142\u00f3wna","item":"https:\/\/umilowani.pl\/"},{"@type":"ListItem","position":2,"name":"Prze\u017cy\u0107 z nastolatkiem"}]},{"@type":"WebSite","@id":"https:\/\/umilowani.pl\/#website","url":"https:\/\/umilowani.pl\/","name":"UMILOWANI.PL","description":"Ma\u0142\u017ce\u0144stwo, mi\u0142o\u015b\u0107","publisher":{"@id":"https:\/\/umilowani.pl\/#\/schema\/person\/600a3e0031b2b450828be24ac2027c8a"},"potentialAction":[{"@type":"SearchAction","target":{"@type":"EntryPoint","urlTemplate":"https:\/\/umilowani.pl\/?s={search_term_string}"},"query-input":{"@type":"PropertyValueSpecification","valueRequired":true,"valueName":"search_term_string"}}],"inLanguage":"pl-PL"},{"@type":["Person","Organization"],"@id":"https:\/\/umilowani.pl\/#\/schema\/person\/600a3e0031b2b450828be24ac2027c8a","name":"UMILOWANI.PL","image":{"@type":"ImageObject","inLanguage":"pl-PL","@id":"https:\/\/umilowani.pl\/wp-content\/uploads\/2022\/07\/cropped-6.png","url":"https:\/\/umilowani.pl\/wp-content\/uploads\/2022\/07\/cropped-6.png","contentUrl":"https:\/\/umilowani.pl\/wp-content\/uploads\/2022\/07\/cropped-6.png","width":512,"height":512,"caption":"UMILOWANI.PL"},"logo":{"@id":"https:\/\/umilowani.pl\/wp-content\/uploads\/2022\/07\/cropped-6.png"}}]}},"_links":{"self":[{"href":"https:\/\/umilowani.pl\/index.php\/wp-json\/wp\/v2\/pages\/4957","targetHints":{"allow":["GET"]}}],"collection":[{"href":"https:\/\/umilowani.pl\/index.php\/wp-json\/wp\/v2\/pages"}],"about":[{"href":"https:\/\/umilowani.pl\/index.php\/wp-json\/wp\/v2\/types\/page"}],"author":[{"embeddable":true,"href":"https:\/\/umilowani.pl\/index.php\/wp-json\/wp\/v2\/users\/1"}],"replies":[{"embeddable":true,"href":"https:\/\/umilowani.pl\/index.php\/wp-json\/wp\/v2\/comments?post=4957"}],"version-history":[{"count":11,"href":"https:\/\/umilowani.pl\/index.php\/wp-json\/wp\/v2\/pages\/4957\/revisions"}],"predecessor-version":[{"id":19391,"href":"https:\/\/umilowani.pl\/index.php\/wp-json\/wp\/v2\/pages\/4957\/revisions\/19391"}],"wp:attachment":[{"href":"https:\/\/umilowani.pl\/index.php\/wp-json\/wp\/v2\/media?parent=4957"}],"curies":[{"name":"wp","href":"https:\/\/api.w.org\/{rel}","templated":true}]}}