{"id":4996,"date":"2021-03-12T08:15:05","date_gmt":"2021-03-12T07:15:05","guid":{"rendered":"https:\/\/umilowani.pl\/?page_id=4996"},"modified":"2026-01-31T12:24:23","modified_gmt":"2026-01-31T11:24:23","slug":"rozmowa","status":"publish","type":"page","link":"https:\/\/umilowani.pl\/index.php\/rozmowa\/","title":{"rendered":"Rozmowa"},"content":{"rendered":"<p>[et_pb_section fb_built=&#8221;1&#8243; custom_padding_last_edited=&#8221;on|desktop&#8221; admin_label=&#8221;section&#8221; _builder_version=&#8221;4.9.3&#8243; background_color=&#8221;#FFFFFF&#8221; custom_padding_tablet=&#8221;50px|0|50px|0&#8243; custom_padding_phone=&#8221;&#8221; transparent_background=&#8221;on&#8221; padding_mobile=&#8221;off&#8221; make_fullwidth=&#8221;off&#8221; use_custom_width=&#8221;off&#8221; width_unit=&#8221;on&#8221;][et_pb_row padding_mobile=&#8221;off&#8221; column_padding_mobile=&#8221;on&#8221; admin_label=&#8221;row&#8221; _builder_version=&#8221;3.25&#8243; background_size=&#8221;initial&#8221; background_position=&#8221;top_left&#8221; background_repeat=&#8221;repeat&#8221; max_width=&#8221;90%&#8221; make_fullwidth=&#8221;off&#8221; use_custom_width=&#8221;on&#8221; width_unit=&#8221;off&#8221; custom_width_percent=&#8221;90%&#8221;][et_pb_column type=&#8221;4_4&#8243; _builder_version=&#8221;3.25&#8243; custom_padding=&#8221;|||&#8221; custom_padding__hover=&#8221;|||&#8221;][et_pb_blurb title=&#8221;ROZMOWA&#8221; image=&#8221;https:\/\/umilowani.pl\/wp-content\/uploads\/2024\/11\/Rozmowa2.jpg&#8221; alt=&#8221;Rozmowa&#8221; image_max_width=&#8221;75%&#8221; content_max_width=&#8221;90%&#8221; admin_label=&#8221;Blurb&#8221; _builder_version=&#8221;4.9.3&#8243; header_font_size=&#8221;16&#8243; header_line_height=&#8221;1.6em&#8221; body_font_size=&#8221;16px&#8221; background_size=&#8221;initial&#8221; background_position=&#8221;top_left&#8221; background_repeat=&#8221;repeat&#8221; text_orientation=&#8221;center&#8221; animation=&#8221;off&#8221; border_color_all=&#8221;#000000&#8243; border_width_all_image=&#8221;1px&#8221; border_color_all_image=&#8221;#043518&#8243; use_border_color=&#8221;off&#8221; border_color=&#8221;#ffffff&#8221; border_style=&#8221;solid&#8221;]<\/p>\n<p>&nbsp;<\/p>\n<p style=\"text-align: center;\"><span style=\"color: #a0b34d;\"><strong><em>\u201eOGL\u0104DACIE TELEWIZJ\u0118, BO INTERESUJE WAS, CO DZIEJE SI\u0118 NA \u015aWIECIE. NIE ROZMAWIACIE MIEDZY SOB\u0104, BO NIE INTERESUJE WAS, CO DZIEJE SI\u0118 MI\u0118DZY WAMI\u201d.<br \/><\/em><\/strong>Jan Budziaszek \u201eDo nieba idzie si\u0119\u2026\u201d<\/span><\/p>\n<p>&nbsp;<\/p>\n<p style=\"text-align: center;\">Rozmowa to podstawowy budulec wi\u0119zi w ma\u0142\u017ce\u0144stwie. Dobra komunikacja wzmacnia mi\u0142o\u015b\u0107 ma\u0142\u017ce\u0144sk\u0105, natomiast niew\u0142a\u015bciwa \u2013 b\u0119dzie j\u0105 powoli os\u0142abia\u0107. Mi\u0142o\u015bci, tak jak ka\u017cdej relacji wobec drugiego cz\u0142owieka, stale towarzysz\u0105 silne emocje.<\/p>\n<p style=\"text-align: center;\">Upraszczaj\u0105c, kobiety wyra\u017caj\u0105 emocje ca\u0142ym swoim cia\u0142em, czasem nie potrafi\u0105 ich nazwa\u0107 i maj\u0105 g\u0142\u0119boko zakorzenion\u0105 potrzeb\u0119 m\u00f3wienia o uczuciach. Zaspakajanie tej potrzeby urzeczywistnia si\u0119, je\u015bli kto\u015b bliski okazuje kobiecie swoje zainteresowanie. Ws\u0142uchuj\u0105c si\u0119 w emocje kobiet sprawiamy, \u017ce czuj\u0105 si\u0119 one zrelaksowane i szcz\u0119\u015bliwe. W takich sytuacjach kobiety do\u015bwiadczaj\u0105 g\u0142\u0119bokiego poczucia zrozumienia i prawdziwej mi\u0142o\u015bci.<\/p>\n<p style=\"text-align: center;\">Panowie w pierwszym momencie ukrywaj\u0105 swoje emocje wewn\u0105trz, chc\u0105 je ujarzmi\u0107, zneutralizowa\u0107 i zastanawiaj\u0105 si\u0119 nad ich przyczyn\u0105. Panowie do emocji podchodz\u0105 w inny spos\u00f3b ni\u017c kobiety &#8211; oni je rozwi\u0105zuj\u0105, a one je wyra\u017caj\u0105.<\/p>\n<p style=\"text-align: center;\">Nieznajomo\u015b\u0107 tematu komunikacji generuje cz\u0119sto wiele nieporozumie\u0144. Problemy mog\u0105 pojawi\u0107 si\u0119 w trakcie ka\u017cdej rozmowy ma\u0142\u017ce\u0144skiej &#8211; w\u00f3wczas oni czuj\u0105 si\u0119 niepotrzebni. a one czuj\u0105 si\u0119 niezrozumiane.<\/p>\n<p style=\"text-align: center;\">Przyzwyczaili\u015bmy si\u0119 krytykowa\u0107, ocenia\u0107 i uog\u00f3lnia\u0107 zamiast wyra\u017ca\u0107 swoje emocje. Cz\u0119sto nie potrafimy wyrazi\u0107 w nierani\u0105cy spos\u00f3b tego, co rzeczywi\u015bcie chcemy powiedzie\u0107. Zach\u0119camy, by zastanowi\u0107 si\u0119 nad swoj\u0105 komunikacj\u0105 ze wsp\u00f3\u0142ma\u0142\u017conkiem\u00a0 i zmieni\u0107 te praktyki, kt\u00f3re nie wzmacniaj\u0105 naszej relacji!<\/p>\n<p style=\"text-align: center;\">Poni\u017cej podzielimy si\u0119 kilkoma wskaz\u00f3wkami, jak wyra\u017ca\u0107 swoje emocje oraz jak komunikowa\u0107 si\u0119 w ma\u0142\u017ce\u0144stwie, by wypowiadane s\u0142owa nie by\u0142y pocz\u0105tkiem konfliktu, ale podstaw\u0105 zrozumienia, akceptacji i komfortu wyra\u017cania siebie bez ranienia drugiej osoby. Opracowuj\u0105c temat komunikacji skorzystali\u015bmy z<a href=\"http:\/\/umilowani.pl\/index.php\/ksiazki\/\" target=\"_blank\" rel=\"noopener noreferrer\"> publikacji nast\u0119puj\u0105cych autor\u00f3w:<\/a> Chapman G., 2016; Cloud H., Townsend J., 2015; Dziewiecki M., 2019<strong>;<\/strong> Faber A., Mazlish E., 2013a; Gordon T., 1991; Grey J., 2016; Grzybowski J., 2016; Gungor M., 2008; Holinger P.C.; Powell J., 1992; Powell J., Brady L., 1994; Pulikowski J., 2008 i Sujak E., 1989.<\/p>\n<p>[\/et_pb_blurb][et_pb_blurb title=&#8221;ROZMOWA Z R\u00d3\u017bNYCH PERSPEKTYW&#8221; image_max_width=&#8221;none&#8221; content_max_width=&#8221;90%&#8221; admin_label=&#8221;Blurb&#8221; _builder_version=&#8221;4.9.3&#8243; header_font_size=&#8221;16&#8243; body_font_size=&#8221;16&#8243; body_line_height=&#8221;1.8em&#8221; background_color=&#8221;#FFFFFF&#8221; background_size=&#8221;initial&#8221; background_position=&#8221;top_left&#8221; background_repeat=&#8221;repeat&#8221; text_orientation=&#8221;center&#8221; animation=&#8221;off&#8221; border_color_all=&#8221;#000000&#8243; border_width_all_image=&#8221;1px&#8221; border_color_all_image=&#8221;#043518&#8243; use_border_color=&#8221;off&#8221; border_color=&#8221;#ffffff&#8221; border_style=&#8221;solid&#8221;][\/et_pb_blurb][\/et_pb_column][\/et_pb_row][et_pb_row column_structure=&#8221;1_4,1_4,1_4,1_4&#8243; _builder_version=&#8221;4.9.3&#8243; _module_preset=&#8221;default&#8221; max_width=&#8221;90%&#8221;][et_pb_column type=&#8221;1_4&#8243; _builder_version=&#8221;4.9.3&#8243; _module_preset=&#8221;default&#8221;][et_pb_blurb title=&#8221;Emocje&#8221; url=&#8221;http:\/\/umilowani.pl\/index.php\/emocje\/&#8221; image=&#8221;https:\/\/umilowani.pl\/wp-content\/uploads\/2024\/12\/Emocje2.jpg&#8221; alt=&#8221;Emocje&#8221; image_max_width=&#8221;85%&#8221; admin_label=&#8221;Notka&#8221; _builder_version=&#8221;4.9.3&#8243; background_size=&#8221;initial&#8221; background_position=&#8221;top_left&#8221; background_repeat=&#8221;repeat&#8221; text_orientation=&#8221;center&#8221; animation=&#8221;off&#8221; use_border_color=&#8221;off&#8221; border_color=&#8221;#ffffff&#8221; border_style=&#8221;solid&#8221;][\/et_pb_blurb][et_pb_button button_url=&#8221;http:\/\/umilowani.pl\/index.php\/emocje\/&#8221; button_text=&#8221;Czytaj wi\u0119cej&#8221; button_alignment=&#8221;center&#8221; _builder_version=&#8221;4.9.3&#8243; _module_preset=&#8221;default&#8221;][\/et_pb_button][\/et_pb_column][et_pb_column type=&#8221;1_4&#8243; _builder_version=&#8221;4.9.3&#8243; _module_preset=&#8221;default&#8221;][et_pb_blurb title=&#8221;Komunikacja werbalna&#8221; url=&#8221;http:\/\/umilowani.pl\/index.php\/komunikacja-werbalna\/&#8221; image=&#8221;https:\/\/umilowani.pl\/wp-content\/uploads\/2024\/12\/Komunikacja-werbalna2.jpg&#8221; alt=&#8221;Komunikacja werbalna&#8221; image_max_width=&#8221;85%&#8221; admin_label=&#8221;Notka&#8221; _builder_version=&#8221;4.9.3&#8243; background_size=&#8221;initial&#8221; background_position=&#8221;top_left&#8221; background_repeat=&#8221;repeat&#8221; text_orientation=&#8221;center&#8221; animation=&#8221;off&#8221; use_border_color=&#8221;off&#8221; border_color=&#8221;#ffffff&#8221; border_style=&#8221;solid&#8221;][\/et_pb_blurb][et_pb_button button_url=&#8221;http:\/\/umilowani.pl\/index.php\/komunikacja-werbalna\/&#8221; button_text=&#8221;Czytaj wi\u0119cej&#8221; button_alignment=&#8221;center&#8221; _builder_version=&#8221;4.9.3&#8243; _module_preset=&#8221;default&#8221;][\/et_pb_button][\/et_pb_column][et_pb_column type=&#8221;1_4&#8243; _builder_version=&#8221;4.9.3&#8243; _module_preset=&#8221;default&#8221;][et_pb_blurb title=&#8221;Wyrazi\u0107 siebie&#8221; url=&#8221;http:\/\/umilowani.pl\/index.php\/wyrazic-siebie\/&#8221; image=&#8221;https:\/\/umilowani.pl\/wp-content\/uploads\/2024\/12\/Wyrazic-siebie2.jpg&#8221; alt=&#8221;Wyrazi\u0107 siebie&#8221; image_max_width=&#8221;85%&#8221; admin_label=&#8221;Notka&#8221; _builder_version=&#8221;4.9.3&#8243; background_size=&#8221;initial&#8221; background_position=&#8221;top_left&#8221; background_repeat=&#8221;repeat&#8221; text_orientation=&#8221;center&#8221; animation=&#8221;off&#8221; use_border_color=&#8221;off&#8221; border_color=&#8221;#ffffff&#8221; border_style=&#8221;solid&#8221;][\/et_pb_blurb][et_pb_button button_url=&#8221;http:\/\/umilowani.pl\/index.php\/wyrazic-siebie\/&#8221; button_text=&#8221;Czytaj wi\u0119cej&#8221; button_alignment=&#8221;center&#8221; _builder_version=&#8221;4.9.3&#8243; _module_preset=&#8221;default&#8221;][\/et_pb_button][\/et_pb_column][et_pb_column type=&#8221;1_4&#8243; _builder_version=&#8221;4.9.3&#8243; _module_preset=&#8221;default&#8221;][et_pb_blurb title=&#8221;Zrozumie\u0107 drugiego&#8221; url=&#8221;http:\/\/umilowani.pl\/index.php\/zrozumiec-drugiego\/&#8221; image=&#8221;https:\/\/umilowani.pl\/wp-content\/uploads\/2024\/12\/Zrozumiec-drugiego2.jpg&#8221; alt=&#8221;Zrozumie\u0107 drugiego&#8221; image_max_width=&#8221;85%&#8221; admin_label=&#8221;Notka&#8221; _builder_version=&#8221;4.9.3&#8243; background_size=&#8221;initial&#8221; background_position=&#8221;top_left&#8221; background_repeat=&#8221;repeat&#8221; text_orientation=&#8221;center&#8221; animation=&#8221;off&#8221; use_border_color=&#8221;off&#8221; border_color=&#8221;#ffffff&#8221; border_style=&#8221;solid&#8221;][\/et_pb_blurb][et_pb_button button_url=&#8221;http:\/\/umilowani.pl\/index.php\/zrozumiec-drugiego\/&#8221; button_text=&#8221;Czytaj wi\u0119cej&#8221; button_alignment=&#8221;center&#8221; _builder_version=&#8221;4.9.3&#8243; _module_preset=&#8221;default&#8221;][\/et_pb_button][\/et_pb_column][\/et_pb_row][\/et_pb_section]<\/p>\n","protected":false},"excerpt":{"rendered":"<p>[et_pb_section fb_built=&#8221;1&#8243; custom_padding_last_edited=&#8221;on|desktop&#8221; admin_label=&#8221;section&#8221; _builder_version=&#8221;4.9.3&#8243; background_color=&#8221;#FFFFFF&#8221; custom_padding_tablet=&#8221;50px|0|50px|0&#8243; custom_padding_phone=&#8221;&#8221; transparent_background=&#8221;on&#8221; padding_mobile=&#8221;off&#8221; make_fullwidth=&#8221;off&#8221; use_custom_width=&#8221;off&#8221; width_unit=&#8221;on&#8221;][et_pb_row padding_mobile=&#8221;off&#8221; column_padding_mobile=&#8221;on&#8221; admin_label=&#8221;row&#8221; _builder_version=&#8221;3.25&#8243; background_size=&#8221;initial&#8221; background_position=&#8221;top_left&#8221; background_repeat=&#8221;repeat&#8221; max_width=&#8221;90%&#8221; make_fullwidth=&#8221;off&#8221; use_custom_width=&#8221;on&#8221; width_unit=&#8221;off&#8221; custom_width_percent=&#8221;90%&#8221;][et_pb_column type=&#8221;4_4&#8243; _builder_version=&#8221;3.25&#8243; custom_padding=&#8221;|||&#8221; custom_padding__hover=&#8221;|||&#8221;][et_pb_blurb title=&#8221;ROZMOWA&#8221; image=&#8221;https:\/\/umilowani.pl\/wp-content\/uploads\/2024\/11\/Rozmowa2.jpg&#8221; alt=&#8221;Rozmowa&#8221; image_max_width=&#8221;75%&#8221; content_max_width=&#8221;90%&#8221; admin_label=&#8221;Blurb&#8221; _builder_version=&#8221;4.9.3&#8243; header_font_size=&#8221;16&#8243; header_line_height=&#8221;1.6em&#8221; body_font_size=&#8221;16px&#8221; background_size=&#8221;initial&#8221; background_position=&#8221;top_left&#8221; background_repeat=&#8221;repeat&#8221; text_orientation=&#8221;center&#8221; animation=&#8221;off&#8221; border_color_all=&#8221;#000000&#8243; border_width_all_image=&#8221;1px&#8221; border_color_all_image=&#8221;#043518&#8243; use_border_color=&#8221;off&#8221; border_color=&#8221;#ffffff&#8221; border_style=&#8221;solid&#8221;] &nbsp; \u201eOGL\u0104DACIE TELEWIZJ\u0118, BO INTERESUJE [&hellip;]<\/p>\n","protected":false},"author":1,"featured_media":0,"parent":0,"menu_order":0,"comment_status":"closed","ping_status":"closed","template":"","meta":{"_et_pb_use_builder":"on","_et_pb_old_content":"","_et_gb_content_width":"","footnotes":""},"class_list":["post-4996","page","type-page","status-publish","hentry"],"yoast_head":"<!-- This site is optimized with the Yoast SEO plugin v27.5 - https:\/\/yoast.com\/product\/yoast-seo-wordpress\/ -->\n<title>Rozmowa - UMILOWANI.PL<\/title>\n<meta name=\"description\" content=\"Rozmowa to podstawowy budulec wi\u0119zi w ma\u0142\u017ce\u0144stwie. Dobra komunikacja wzmacnia mi\u0142o\u015b\u0107 ma\u0142\u017ce\u0144sk\u0105, natomiast niew\u0142a\u015bciwa \u2013 os\u0142abia.\" \/>\n<meta name=\"robots\" content=\"index, follow, max-snippet:-1, max-image-preview:large, max-video-preview:-1\" \/>\n<link rel=\"canonical\" href=\"https:\/\/umilowani.pl\/index.php\/rozmowa\/\" \/>\n<meta property=\"og:locale\" content=\"pl_PL\" \/>\n<meta property=\"og:type\" content=\"article\" \/>\n<meta property=\"og:title\" content=\"Rozmowa - UMILOWANI.PL\" \/>\n<meta property=\"og:description\" content=\"Rozmowa to podstawowy budulec wi\u0119zi w ma\u0142\u017ce\u0144stwie. Dobra komunikacja wzmacnia mi\u0142o\u015b\u0107 ma\u0142\u017ce\u0144sk\u0105, natomiast niew\u0142a\u015bciwa \u2013 os\u0142abia.\" \/>\n<meta property=\"og:url\" content=\"https:\/\/umilowani.pl\/index.php\/rozmowa\/\" \/>\n<meta property=\"og:site_name\" content=\"UMILOWANI.PL\" \/>\n<meta property=\"article:modified_time\" content=\"2026-01-31T11:24:23+00:00\" \/>\n<meta name=\"twitter:card\" content=\"summary_large_image\" \/>\n<meta name=\"twitter:label1\" content=\"Szacowany czas czytania\" \/>\n\t<meta name=\"twitter:data1\" content=\"3 minuty\" \/>\n<script type=\"application\/ld+json\" class=\"yoast-schema-graph\">{\"@context\":\"https:\\\/\\\/schema.org\",\"@graph\":[{\"@type\":\"WebPage\",\"@id\":\"https:\\\/\\\/umilowani.pl\\\/index.php\\\/rozmowa\\\/\",\"url\":\"https:\\\/\\\/umilowani.pl\\\/index.php\\\/rozmowa\\\/\",\"name\":\"Rozmowa - UMILOWANI.PL\",\"isPartOf\":{\"@id\":\"https:\\\/\\\/umilowani.pl\\\/#website\"},\"datePublished\":\"2021-03-12T07:15:05+00:00\",\"dateModified\":\"2026-01-31T11:24:23+00:00\",\"description\":\"Rozmowa to podstawowy budulec wi\u0119zi w ma\u0142\u017ce\u0144stwie. Dobra komunikacja wzmacnia mi\u0142o\u015b\u0107 ma\u0142\u017ce\u0144sk\u0105, natomiast niew\u0142a\u015bciwa \u2013 os\u0142abia.\",\"breadcrumb\":{\"@id\":\"https:\\\/\\\/umilowani.pl\\\/index.php\\\/rozmowa\\\/#breadcrumb\"},\"inLanguage\":\"pl-PL\",\"potentialAction\":[{\"@type\":\"ReadAction\",\"target\":[\"https:\\\/\\\/umilowani.pl\\\/index.php\\\/rozmowa\\\/\"]}]},{\"@type\":\"BreadcrumbList\",\"@id\":\"https:\\\/\\\/umilowani.pl\\\/index.php\\\/rozmowa\\\/#breadcrumb\",\"itemListElement\":[{\"@type\":\"ListItem\",\"position\":1,\"name\":\"Strona g\u0142\u00f3wna\",\"item\":\"https:\\\/\\\/umilowani.pl\\\/\"},{\"@type\":\"ListItem\",\"position\":2,\"name\":\"Rozmowa\"}]},{\"@type\":\"WebSite\",\"@id\":\"https:\\\/\\\/umilowani.pl\\\/#website\",\"url\":\"https:\\\/\\\/umilowani.pl\\\/\",\"name\":\"UMILOWANI.PL\",\"description\":\"Ma\u0142\u017ce\u0144stwo, mi\u0142o\u015b\u0107\",\"publisher\":{\"@id\":\"https:\\\/\\\/umilowani.pl\\\/#\\\/schema\\\/person\\\/600a3e0031b2b450828be24ac2027c8a\"},\"potentialAction\":[{\"@type\":\"SearchAction\",\"target\":{\"@type\":\"EntryPoint\",\"urlTemplate\":\"https:\\\/\\\/umilowani.pl\\\/?s={search_term_string}\"},\"query-input\":{\"@type\":\"PropertyValueSpecification\",\"valueRequired\":true,\"valueName\":\"search_term_string\"}}],\"inLanguage\":\"pl-PL\"},{\"@type\":[\"Person\",\"Organization\"],\"@id\":\"https:\\\/\\\/umilowani.pl\\\/#\\\/schema\\\/person\\\/600a3e0031b2b450828be24ac2027c8a\",\"name\":\"UMILOWANI.PL\",\"image\":{\"@type\":\"ImageObject\",\"inLanguage\":\"pl-PL\",\"@id\":\"https:\\\/\\\/umilowani.pl\\\/wp-content\\\/uploads\\\/2022\\\/07\\\/cropped-6.png\",\"url\":\"https:\\\/\\\/umilowani.pl\\\/wp-content\\\/uploads\\\/2022\\\/07\\\/cropped-6.png\",\"contentUrl\":\"https:\\\/\\\/umilowani.pl\\\/wp-content\\\/uploads\\\/2022\\\/07\\\/cropped-6.png\",\"width\":512,\"height\":512,\"caption\":\"UMILOWANI.PL\"},\"logo\":{\"@id\":\"https:\\\/\\\/umilowani.pl\\\/wp-content\\\/uploads\\\/2022\\\/07\\\/cropped-6.png\"}}]}<\/script>\n<!-- \/ Yoast SEO plugin. -->","yoast_head_json":{"title":"Rozmowa - UMILOWANI.PL","description":"Rozmowa to podstawowy budulec wi\u0119zi w ma\u0142\u017ce\u0144stwie. Dobra komunikacja wzmacnia mi\u0142o\u015b\u0107 ma\u0142\u017ce\u0144sk\u0105, natomiast niew\u0142a\u015bciwa \u2013 os\u0142abia.","robots":{"index":"index","follow":"follow","max-snippet":"max-snippet:-1","max-image-preview":"max-image-preview:large","max-video-preview":"max-video-preview:-1"},"canonical":"https:\/\/umilowani.pl\/index.php\/rozmowa\/","og_locale":"pl_PL","og_type":"article","og_title":"Rozmowa - UMILOWANI.PL","og_description":"Rozmowa to podstawowy budulec wi\u0119zi w ma\u0142\u017ce\u0144stwie. Dobra komunikacja wzmacnia mi\u0142o\u015b\u0107 ma\u0142\u017ce\u0144sk\u0105, natomiast niew\u0142a\u015bciwa \u2013 os\u0142abia.","og_url":"https:\/\/umilowani.pl\/index.php\/rozmowa\/","og_site_name":"UMILOWANI.PL","article_modified_time":"2026-01-31T11:24:23+00:00","twitter_card":"summary_large_image","twitter_misc":{"Szacowany czas czytania":"3 minuty"},"schema":{"@context":"https:\/\/schema.org","@graph":[{"@type":"WebPage","@id":"https:\/\/umilowani.pl\/index.php\/rozmowa\/","url":"https:\/\/umilowani.pl\/index.php\/rozmowa\/","name":"Rozmowa - UMILOWANI.PL","isPartOf":{"@id":"https:\/\/umilowani.pl\/#website"},"datePublished":"2021-03-12T07:15:05+00:00","dateModified":"2026-01-31T11:24:23+00:00","description":"Rozmowa to podstawowy budulec wi\u0119zi w ma\u0142\u017ce\u0144stwie. Dobra komunikacja wzmacnia mi\u0142o\u015b\u0107 ma\u0142\u017ce\u0144sk\u0105, natomiast niew\u0142a\u015bciwa \u2013 os\u0142abia.","breadcrumb":{"@id":"https:\/\/umilowani.pl\/index.php\/rozmowa\/#breadcrumb"},"inLanguage":"pl-PL","potentialAction":[{"@type":"ReadAction","target":["https:\/\/umilowani.pl\/index.php\/rozmowa\/"]}]},{"@type":"BreadcrumbList","@id":"https:\/\/umilowani.pl\/index.php\/rozmowa\/#breadcrumb","itemListElement":[{"@type":"ListItem","position":1,"name":"Strona g\u0142\u00f3wna","item":"https:\/\/umilowani.pl\/"},{"@type":"ListItem","position":2,"name":"Rozmowa"}]},{"@type":"WebSite","@id":"https:\/\/umilowani.pl\/#website","url":"https:\/\/umilowani.pl\/","name":"UMILOWANI.PL","description":"Ma\u0142\u017ce\u0144stwo, mi\u0142o\u015b\u0107","publisher":{"@id":"https:\/\/umilowani.pl\/#\/schema\/person\/600a3e0031b2b450828be24ac2027c8a"},"potentialAction":[{"@type":"SearchAction","target":{"@type":"EntryPoint","urlTemplate":"https:\/\/umilowani.pl\/?s={search_term_string}"},"query-input":{"@type":"PropertyValueSpecification","valueRequired":true,"valueName":"search_term_string"}}],"inLanguage":"pl-PL"},{"@type":["Person","Organization"],"@id":"https:\/\/umilowani.pl\/#\/schema\/person\/600a3e0031b2b450828be24ac2027c8a","name":"UMILOWANI.PL","image":{"@type":"ImageObject","inLanguage":"pl-PL","@id":"https:\/\/umilowani.pl\/wp-content\/uploads\/2022\/07\/cropped-6.png","url":"https:\/\/umilowani.pl\/wp-content\/uploads\/2022\/07\/cropped-6.png","contentUrl":"https:\/\/umilowani.pl\/wp-content\/uploads\/2022\/07\/cropped-6.png","width":512,"height":512,"caption":"UMILOWANI.PL"},"logo":{"@id":"https:\/\/umilowani.pl\/wp-content\/uploads\/2022\/07\/cropped-6.png"}}]}},"_links":{"self":[{"href":"https:\/\/umilowani.pl\/index.php\/wp-json\/wp\/v2\/pages\/4996","targetHints":{"allow":["GET"]}}],"collection":[{"href":"https:\/\/umilowani.pl\/index.php\/wp-json\/wp\/v2\/pages"}],"about":[{"href":"https:\/\/umilowani.pl\/index.php\/wp-json\/wp\/v2\/types\/page"}],"author":[{"embeddable":true,"href":"https:\/\/umilowani.pl\/index.php\/wp-json\/wp\/v2\/users\/1"}],"replies":[{"embeddable":true,"href":"https:\/\/umilowani.pl\/index.php\/wp-json\/wp\/v2\/comments?post=4996"}],"version-history":[{"count":10,"href":"https:\/\/umilowani.pl\/index.php\/wp-json\/wp\/v2\/pages\/4996\/revisions"}],"predecessor-version":[{"id":19671,"href":"https:\/\/umilowani.pl\/index.php\/wp-json\/wp\/v2\/pages\/4996\/revisions\/19671"}],"wp:attachment":[{"href":"https:\/\/umilowani.pl\/index.php\/wp-json\/wp\/v2\/media?parent=4996"}],"curies":[{"name":"wp","href":"https:\/\/api.w.org\/{rel}","templated":true}]}}