{"id":582,"date":"2016-12-11T00:13:47","date_gmt":"2016-12-10T23:13:47","guid":{"rendered":"http:\/\/umilowani.pl\/?page_id=582"},"modified":"2024-12-02T11:18:37","modified_gmt":"2024-12-02T10:18:37","slug":"troche-o-plodnosci","status":"publish","type":"page","link":"https:\/\/umilowani.pl\/index.php\/troche-o-plodnosci\/","title":{"rendered":"Troch\u0119 o p\u0142odno\u015bci"},"content":{"rendered":"<p>[et_pb_section fb_built=&#8221;1&#8243; custom_padding_last_edited=&#8221;on|desktop&#8221; admin_label=&#8221;section&#8221; _builder_version=&#8221;4.9.3&#8243; background_color=&#8221;#FFFFFF&#8221; custom_padding_tablet=&#8221;50px|0|50px|0&#8243; custom_padding_phone=&#8221;&#8221; transparent_background=&#8221;on&#8221; padding_mobile=&#8221;off&#8221; make_fullwidth=&#8221;off&#8221; use_custom_width=&#8221;off&#8221; width_unit=&#8221;on&#8221; custom_width_px=&#8221;1080px&#8221; custom_width_percent=&#8221;80%&#8221;][et_pb_row padding_mobile=&#8221;off&#8221; column_padding_mobile=&#8221;on&#8221; admin_label=&#8221;row&#8221; _builder_version=&#8221;4.9.3&#8243; background_size=&#8221;initial&#8221; background_position=&#8221;top_left&#8221; background_repeat=&#8221;repeat&#8221; width=&#8221;100%&#8221; max_width=&#8221;100%&#8221; make_fullwidth=&#8221;off&#8221; use_custom_width=&#8221;on&#8221; width_unit=&#8221;off&#8221; custom_width_percent=&#8221;90%&#8221;][et_pb_column type=&#8221;4_4&#8243; _builder_version=&#8221;4.9.3&#8243; background_color=&#8221;rgba(0,0,0,0)&#8221; custom_padding=&#8221;|||&#8221; custom_padding__hover=&#8221;|||&#8221;][et_pb_blurb title=&#8221;TROCH\u0118 O P\u0141ODNO\u015aCI&#8221; image=&#8221;https:\/\/umilowani.pl\/wp-content\/uploads\/2024\/12\/Troche-o-plodnosci2.jpg&#8221; alt=&#8221;Zamys\u0142&#8221; image_max_width=&#8221;75%&#8221; content_max_width=&#8221;90%&#8221; admin_label=&#8221;Blurb&#8221; _builder_version=&#8221;4.9.3&#8243; header_font_size=&#8221;16&#8243; header_line_height=&#8221;1.6em&#8221; body_font_size=&#8221;16px&#8221; background_size=&#8221;initial&#8221; background_position=&#8221;top_left&#8221; background_repeat=&#8221;repeat&#8221; text_orientation=&#8221;center&#8221; animation=&#8221;off&#8221; hover_enabled=&#8221;0&#8243; border_color_all=&#8221;#000000&#8243; border_width_all_image=&#8221;1px&#8221; border_color_all_image=&#8221;#043518&#8243; use_border_color=&#8221;off&#8221; border_color=&#8221;#ffffff&#8221; border_style=&#8221;solid&#8221; title_text=&#8221;Troch\u0119 o p\u0142odno\u015bci2&#8243; sticky_enabled=&#8221;0&#8243;]<\/p>\n<div class=\"et_pb_slide_content\" style=\"text-align: center;\">\n<div class=\"et_pb_slide_content\">\n<div>\n<p>&nbsp;<\/p>\n<div class=\"et_pb_slide_content\">\n<div class=\"et_pb_slide_content\">\n<p>Zacznijmy od tego, \u017ce od momentu dojrzewania organizm kobiety jest p\u0142odny cyklicznie, w por\u00f3wnaniu do sta\u0142ej p\u0142odno\u015bci m\u0119\u017cczyzny. Schematyczn\u0105 ilustracj\u0119 zmian w cyklu miesi\u0119cznym kobiety przedstawia rysunek (Ryc. 5). Lewa strona obrazu to pierwszy dzie\u0144 krwawienia miesi\u0119cznego, prawa strona, to koniec cyklu miesi\u0119cznego.<\/p>\n<p>&nbsp;<\/p>\n<h3>I \u2013 Owulacja<\/h3>\n<p>&nbsp;<\/p>\n<p>W fazie przedowulacyjnej w jajniku ro\u015bnie p\u0119cherzyk (w nim dojrzewa kom\u00f3rka jajowa), kt\u00f3ry w fazie poowulacyjnej zmienia si\u0119 w cia\u0142ko \u017c\u00f3\u0142te. Moment krytyczny i zarazem najwa\u017cniejszy mi\u0119dzy tymi dwoma fazami, z punktu widzenia p\u0142odno\u015bci, nazywa si\u0119 owulacj\u0105. Warto nadmieni\u0107, \u017ce kom\u00f3rka jajowa po owulacji \u017cyje ok. 12 godzin. P\u0142odno\u015b\u0107 kobiety trwa zatem bardzo kr\u00f3tko. Zap\u0142odnienie kom\u00f3rki jajowej w tym okresie nazywamy pocz\u0119ciem. Od tego momentu rozpoczyna si\u0119 \u017cycie nowego cz\u0142owieka.<\/p>\n<p>&nbsp;<\/p>\n<h3>II &#8211; Hormony<\/h3>\n<p>&nbsp;<\/p>\n<p>Im bardziej zbli\u017camy si\u0119 do momentu owulacji, tym wy\u017cszy poziom estrogen\u00f3w (odpowiedzialnych m.in. za produkcj\u0119 \u015bluzu szyjkowego) obserwujemy. Po owulacji poziom estrogen\u00f3w obni\u017ca si\u0119. Poziom progesteronu (odpowiedzialnego m.in. za wzrost podstawowej temperatury cia\u0142a) wyra\u017anie wzrasta dopiero po owulacji.<\/p>\n<p>&nbsp;<\/p>\n<h3>III &#8211; Endometrium<\/h3>\n<p>&nbsp;<\/p>\n<p>To miejsce zagnie\u017cd\u017cenia si\u0119 ma\u0142ego cz\u0142owieka w macicy, co nast\u0119puje po oko\u0142o 1-2 tygodniach od momentu jego pocz\u0119cia. Endometrium odbudowuje si\u0119 po krwawieniu miesi\u0119cznym, a szczyt swojego rozwoju osi\u0105ga po owulacji.<\/p>\n<p>&nbsp;<\/p>\n<h3>IV &#8211; \u015aluz szyjkowy<\/h3>\n<p>&nbsp;<\/p>\n<p>Po pewnym czasie od krwawienia miesi\u0105czkowego (u jednych kobiet wcze\u015bniej, u innych nieco p\u00f3\u017aniej) pojawia si\u0119 \u015bluz szyjkowy. Przez \u015brednio 4-5 dni \u015bluz jest widoczny na zewn\u0119trznych drogach rodnych. \u015aluz szyjkowy jest niezb\u0119dny, by mog\u0142o naturalnie doj\u015b\u0107 do pocz\u0119cia. To w nim plemniki mog\u0105 prze\u017cy\u0107 nawet 5 dni, co skutkuje tym, \u017ce p\u0142odno\u015b\u0107 ma\u0142\u017conk\u00f3w jest d\u0142u\u017csza od p\u0142odno\u015bci samej kobiety. W wielkim uproszczeniu pojawienie si\u0119 \u015bluzu znamionuje pocz\u0105tek rozwoju p\u0142odno\u015bci, natomiast jego zanik powolne wygaszanie tego okresu.<\/p>\n<p>&nbsp;<\/p>\n<h3>V &#8211; Szyjka macicy<\/h3>\n<p>&nbsp;<\/p>\n<p>Po pewnym czasie od krwawienia miesi\u0105czkowego (u jednych kobiet wcze\u015bniej, u innych nieco p\u00f3\u017aniej) szyjka macicy unosi si\u0119 i otwiera na kilka dni, po czym obni\u017ca si\u0119 i zamyka. W wielkim uproszczeniu otwieranie si\u0119 szyjki macicy znamionuje pocz\u0105tek rozwoju p\u0142odno\u015bci, natomiast jej zamykanie powolne wygaszanie tego okresu.<\/p>\n<p>&nbsp;<\/p>\n<h3>VI \u2013 Temperatura<\/h3>\n<p>&nbsp;<\/p>\n<p>Generalnie w okresie owulacyjnym podstawowa temperatura cia\u0142a kobiety podnosi si\u0119 o kilka dziesi\u0119tnych stopni Celsjusza i prawie do samego ko\u0144ca cyklu jest na wy\u017cszym poziomie.<\/p>\n<p><a href=\"https:\/\/umilowani.pl\/wp-content\/uploads\/2024\/10\/Troche-o-plodnosci_rycina-piata.jpg\"><img loading=\"lazy\" decoding=\"async\" class=\"aligncenter wp-image-17314\" src=\"https:\/\/umilowani.pl\/wp-content\/uploads\/2024\/10\/Troche-o-plodnosci_rycina-piata-216x300.jpg\" alt=\"\" width=\"360\" height=\"500\" \/><\/a><\/p>\n<\/div>\n<\/div>\n<\/div>\n<\/div>\n<\/div>\n<p>[\/et_pb_blurb][\/et_pb_column][\/et_pb_row][\/et_pb_section]<\/p>\n","protected":false},"excerpt":{"rendered":"<p>[et_pb_section fb_built=&#8221;1&#8243; custom_padding_last_edited=&#8221;on|desktop&#8221; admin_label=&#8221;section&#8221; _builder_version=&#8221;4.9.3&#8243; background_color=&#8221;#FFFFFF&#8221; custom_padding_tablet=&#8221;50px|0|50px|0&#8243; custom_padding_phone=&#8221;&#8221; transparent_background=&#8221;on&#8221; padding_mobile=&#8221;off&#8221; make_fullwidth=&#8221;off&#8221; use_custom_width=&#8221;off&#8221; width_unit=&#8221;on&#8221; custom_width_px=&#8221;1080px&#8221; custom_width_percent=&#8221;80%&#8221;][et_pb_row padding_mobile=&#8221;off&#8221; column_padding_mobile=&#8221;on&#8221; admin_label=&#8221;row&#8221; _builder_version=&#8221;4.9.3&#8243; background_size=&#8221;initial&#8221; background_position=&#8221;top_left&#8221; background_repeat=&#8221;repeat&#8221; width=&#8221;100%&#8221; max_width=&#8221;100%&#8221; make_fullwidth=&#8221;off&#8221; use_custom_width=&#8221;on&#8221; width_unit=&#8221;off&#8221; custom_width_percent=&#8221;90%&#8221;][et_pb_column type=&#8221;4_4&#8243; _builder_version=&#8221;4.9.3&#8243; background_color=&#8221;rgba(0,0,0,0)&#8221; custom_padding=&#8221;|||&#8221; custom_padding__hover=&#8221;|||&#8221;][et_pb_blurb title=&#8221;TROCH\u0118 O P\u0141ODNO\u015aCI&#8221; image=&#8221;https:\/\/umilowani.pl\/wp-content\/uploads\/2024\/12\/Troche-o-plodnosci2.jpg&#8221; alt=&#8221;Zamys\u0142&#8221; image_max_width=&#8221;75%&#8221; content_max_width=&#8221;90%&#8221; admin_label=&#8221;Blurb&#8221; _builder_version=&#8221;4.9.3&#8243; header_font_size=&#8221;16&#8243; header_line_height=&#8221;1.6em&#8221; body_font_size=&#8221;16px&#8221; background_size=&#8221;initial&#8221; background_position=&#8221;top_left&#8221; background_repeat=&#8221;repeat&#8221; text_orientation=&#8221;center&#8221; animation=&#8221;off&#8221; hover_enabled=&#8221;0&#8243; border_color_all=&#8221;#000000&#8243; border_width_all_image=&#8221;1px&#8221; border_color_all_image=&#8221;#043518&#8243; use_border_color=&#8221;off&#8221; [&hellip;]<\/p>\n","protected":false},"author":1,"featured_media":0,"parent":0,"menu_order":0,"comment_status":"closed","ping_status":"closed","template":"","meta":{"_et_pb_use_builder":"on","_et_pb_old_content":"","_et_gb_content_width":"","footnotes":""},"class_list":["post-582","page","type-page","status-publish","hentry"],"yoast_head":"<!-- This site is optimized with the Yoast SEO plugin v27.4 - https:\/\/yoast.com\/product\/yoast-seo-wordpress\/ -->\n<title>Troch\u0119 o p\u0142odno\u015bci - UMILOWANI.PL<\/title>\n<meta name=\"description\" content=\"W tym miejscu m\u00f3wimy troch\u0119 o p\u0142odno\u015bci, ale skupiamy si\u0119 szczeg\u00f3lnie na zmianach w cyklu miesi\u0119cznym kobiety.\" \/>\n<meta name=\"robots\" content=\"index, follow, max-snippet:-1, max-image-preview:large, max-video-preview:-1\" \/>\n<link rel=\"canonical\" href=\"https:\/\/umilowani.pl\/index.php\/troche-o-plodnosci\/\" \/>\n<meta property=\"og:locale\" content=\"pl_PL\" \/>\n<meta property=\"og:type\" content=\"article\" \/>\n<meta property=\"og:title\" content=\"Troch\u0119 o p\u0142odno\u015bci - UMILOWANI.PL\" \/>\n<meta property=\"og:description\" content=\"W tym miejscu m\u00f3wimy troch\u0119 o p\u0142odno\u015bci, ale skupiamy si\u0119 szczeg\u00f3lnie na zmianach w cyklu miesi\u0119cznym kobiety.\" \/>\n<meta property=\"og:url\" content=\"https:\/\/umilowani.pl\/index.php\/troche-o-plodnosci\/\" \/>\n<meta property=\"og:site_name\" content=\"UMILOWANI.PL\" \/>\n<meta property=\"article:modified_time\" content=\"2024-12-02T10:18:37+00:00\" \/>\n<meta property=\"og:image\" content=\"https:\/\/umilowani.pl\/wp-content\/uploads\/2024\/10\/Troche-o-plodnosci_rycina-piata-216x300.jpg\" \/>\n<meta name=\"twitter:card\" content=\"summary_large_image\" \/>\n<meta name=\"twitter:label1\" content=\"Szacowany czas czytania\" \/>\n\t<meta name=\"twitter:data1\" content=\"3 minuty\" \/>\n<script type=\"application\/ld+json\" class=\"yoast-schema-graph\">{\"@context\":\"https:\\\/\\\/schema.org\",\"@graph\":[{\"@type\":\"WebPage\",\"@id\":\"https:\\\/\\\/umilowani.pl\\\/index.php\\\/troche-o-plodnosci\\\/\",\"url\":\"https:\\\/\\\/umilowani.pl\\\/index.php\\\/troche-o-plodnosci\\\/\",\"name\":\"Troch\u0119 o p\u0142odno\u015bci - UMILOWANI.PL\",\"isPartOf\":{\"@id\":\"https:\\\/\\\/umilowani.pl\\\/#website\"},\"primaryImageOfPage\":{\"@id\":\"https:\\\/\\\/umilowani.pl\\\/index.php\\\/troche-o-plodnosci\\\/#primaryimage\"},\"image\":{\"@id\":\"https:\\\/\\\/umilowani.pl\\\/index.php\\\/troche-o-plodnosci\\\/#primaryimage\"},\"thumbnailUrl\":\"https:\\\/\\\/umilowani.pl\\\/wp-content\\\/uploads\\\/2024\\\/10\\\/Troche-o-plodnosci_rycina-piata-216x300.jpg\",\"datePublished\":\"2016-12-10T23:13:47+00:00\",\"dateModified\":\"2024-12-02T10:18:37+00:00\",\"description\":\"W tym miejscu m\u00f3wimy troch\u0119 o p\u0142odno\u015bci, ale skupiamy si\u0119 szczeg\u00f3lnie na zmianach w cyklu miesi\u0119cznym kobiety.\",\"breadcrumb\":{\"@id\":\"https:\\\/\\\/umilowani.pl\\\/index.php\\\/troche-o-plodnosci\\\/#breadcrumb\"},\"inLanguage\":\"pl-PL\",\"potentialAction\":[{\"@type\":\"ReadAction\",\"target\":[\"https:\\\/\\\/umilowani.pl\\\/index.php\\\/troche-o-plodnosci\\\/\"]}]},{\"@type\":\"ImageObject\",\"inLanguage\":\"pl-PL\",\"@id\":\"https:\\\/\\\/umilowani.pl\\\/index.php\\\/troche-o-plodnosci\\\/#primaryimage\",\"url\":\"https:\\\/\\\/umilowani.pl\\\/wp-content\\\/uploads\\\/2024\\\/10\\\/Troche-o-plodnosci_rycina-piata.jpg\",\"contentUrl\":\"https:\\\/\\\/umilowani.pl\\\/wp-content\\\/uploads\\\/2024\\\/10\\\/Troche-o-plodnosci_rycina-piata.jpg\",\"width\":1209,\"height\":1678,\"caption\":\"Troch\u0119 o p\u0142odno\u015bci_rycina pi\u0105ta\"},{\"@type\":\"BreadcrumbList\",\"@id\":\"https:\\\/\\\/umilowani.pl\\\/index.php\\\/troche-o-plodnosci\\\/#breadcrumb\",\"itemListElement\":[{\"@type\":\"ListItem\",\"position\":1,\"name\":\"Strona g\u0142\u00f3wna\",\"item\":\"https:\\\/\\\/umilowani.pl\\\/\"},{\"@type\":\"ListItem\",\"position\":2,\"name\":\"Troch\u0119 o p\u0142odno\u015bci\"}]},{\"@type\":\"WebSite\",\"@id\":\"https:\\\/\\\/umilowani.pl\\\/#website\",\"url\":\"https:\\\/\\\/umilowani.pl\\\/\",\"name\":\"UMILOWANI.PL\",\"description\":\"Ma\u0142\u017ce\u0144stwo, mi\u0142o\u015b\u0107\",\"publisher\":{\"@id\":\"https:\\\/\\\/umilowani.pl\\\/#\\\/schema\\\/person\\\/600a3e0031b2b450828be24ac2027c8a\"},\"potentialAction\":[{\"@type\":\"SearchAction\",\"target\":{\"@type\":\"EntryPoint\",\"urlTemplate\":\"https:\\\/\\\/umilowani.pl\\\/?s={search_term_string}\"},\"query-input\":{\"@type\":\"PropertyValueSpecification\",\"valueRequired\":true,\"valueName\":\"search_term_string\"}}],\"inLanguage\":\"pl-PL\"},{\"@type\":[\"Person\",\"Organization\"],\"@id\":\"https:\\\/\\\/umilowani.pl\\\/#\\\/schema\\\/person\\\/600a3e0031b2b450828be24ac2027c8a\",\"name\":\"UMILOWANI.PL\",\"image\":{\"@type\":\"ImageObject\",\"inLanguage\":\"pl-PL\",\"@id\":\"https:\\\/\\\/umilowani.pl\\\/wp-content\\\/uploads\\\/2022\\\/07\\\/cropped-6.png\",\"url\":\"https:\\\/\\\/umilowani.pl\\\/wp-content\\\/uploads\\\/2022\\\/07\\\/cropped-6.png\",\"contentUrl\":\"https:\\\/\\\/umilowani.pl\\\/wp-content\\\/uploads\\\/2022\\\/07\\\/cropped-6.png\",\"width\":512,\"height\":512,\"caption\":\"UMILOWANI.PL\"},\"logo\":{\"@id\":\"https:\\\/\\\/umilowani.pl\\\/wp-content\\\/uploads\\\/2022\\\/07\\\/cropped-6.png\"}}]}<\/script>\n<!-- \/ Yoast SEO plugin. -->","yoast_head_json":{"title":"Troch\u0119 o p\u0142odno\u015bci - UMILOWANI.PL","description":"W tym miejscu m\u00f3wimy troch\u0119 o p\u0142odno\u015bci, ale skupiamy si\u0119 szczeg\u00f3lnie na zmianach w cyklu miesi\u0119cznym kobiety.","robots":{"index":"index","follow":"follow","max-snippet":"max-snippet:-1","max-image-preview":"max-image-preview:large","max-video-preview":"max-video-preview:-1"},"canonical":"https:\/\/umilowani.pl\/index.php\/troche-o-plodnosci\/","og_locale":"pl_PL","og_type":"article","og_title":"Troch\u0119 o p\u0142odno\u015bci - UMILOWANI.PL","og_description":"W tym miejscu m\u00f3wimy troch\u0119 o p\u0142odno\u015bci, ale skupiamy si\u0119 szczeg\u00f3lnie na zmianach w cyklu miesi\u0119cznym kobiety.","og_url":"https:\/\/umilowani.pl\/index.php\/troche-o-plodnosci\/","og_site_name":"UMILOWANI.PL","article_modified_time":"2024-12-02T10:18:37+00:00","og_image":[{"url":"https:\/\/umilowani.pl\/wp-content\/uploads\/2024\/10\/Troche-o-plodnosci_rycina-piata-216x300.jpg","type":"","width":"","height":""}],"twitter_card":"summary_large_image","twitter_misc":{"Szacowany czas czytania":"3 minuty"},"schema":{"@context":"https:\/\/schema.org","@graph":[{"@type":"WebPage","@id":"https:\/\/umilowani.pl\/index.php\/troche-o-plodnosci\/","url":"https:\/\/umilowani.pl\/index.php\/troche-o-plodnosci\/","name":"Troch\u0119 o p\u0142odno\u015bci - UMILOWANI.PL","isPartOf":{"@id":"https:\/\/umilowani.pl\/#website"},"primaryImageOfPage":{"@id":"https:\/\/umilowani.pl\/index.php\/troche-o-plodnosci\/#primaryimage"},"image":{"@id":"https:\/\/umilowani.pl\/index.php\/troche-o-plodnosci\/#primaryimage"},"thumbnailUrl":"https:\/\/umilowani.pl\/wp-content\/uploads\/2024\/10\/Troche-o-plodnosci_rycina-piata-216x300.jpg","datePublished":"2016-12-10T23:13:47+00:00","dateModified":"2024-12-02T10:18:37+00:00","description":"W tym miejscu m\u00f3wimy troch\u0119 o p\u0142odno\u015bci, ale skupiamy si\u0119 szczeg\u00f3lnie na zmianach w cyklu miesi\u0119cznym kobiety.","breadcrumb":{"@id":"https:\/\/umilowani.pl\/index.php\/troche-o-plodnosci\/#breadcrumb"},"inLanguage":"pl-PL","potentialAction":[{"@type":"ReadAction","target":["https:\/\/umilowani.pl\/index.php\/troche-o-plodnosci\/"]}]},{"@type":"ImageObject","inLanguage":"pl-PL","@id":"https:\/\/umilowani.pl\/index.php\/troche-o-plodnosci\/#primaryimage","url":"https:\/\/umilowani.pl\/wp-content\/uploads\/2024\/10\/Troche-o-plodnosci_rycina-piata.jpg","contentUrl":"https:\/\/umilowani.pl\/wp-content\/uploads\/2024\/10\/Troche-o-plodnosci_rycina-piata.jpg","width":1209,"height":1678,"caption":"Troch\u0119 o p\u0142odno\u015bci_rycina pi\u0105ta"},{"@type":"BreadcrumbList","@id":"https:\/\/umilowani.pl\/index.php\/troche-o-plodnosci\/#breadcrumb","itemListElement":[{"@type":"ListItem","position":1,"name":"Strona g\u0142\u00f3wna","item":"https:\/\/umilowani.pl\/"},{"@type":"ListItem","position":2,"name":"Troch\u0119 o p\u0142odno\u015bci"}]},{"@type":"WebSite","@id":"https:\/\/umilowani.pl\/#website","url":"https:\/\/umilowani.pl\/","name":"UMILOWANI.PL","description":"Ma\u0142\u017ce\u0144stwo, mi\u0142o\u015b\u0107","publisher":{"@id":"https:\/\/umilowani.pl\/#\/schema\/person\/600a3e0031b2b450828be24ac2027c8a"},"potentialAction":[{"@type":"SearchAction","target":{"@type":"EntryPoint","urlTemplate":"https:\/\/umilowani.pl\/?s={search_term_string}"},"query-input":{"@type":"PropertyValueSpecification","valueRequired":true,"valueName":"search_term_string"}}],"inLanguage":"pl-PL"},{"@type":["Person","Organization"],"@id":"https:\/\/umilowani.pl\/#\/schema\/person\/600a3e0031b2b450828be24ac2027c8a","name":"UMILOWANI.PL","image":{"@type":"ImageObject","inLanguage":"pl-PL","@id":"https:\/\/umilowani.pl\/wp-content\/uploads\/2022\/07\/cropped-6.png","url":"https:\/\/umilowani.pl\/wp-content\/uploads\/2022\/07\/cropped-6.png","contentUrl":"https:\/\/umilowani.pl\/wp-content\/uploads\/2022\/07\/cropped-6.png","width":512,"height":512,"caption":"UMILOWANI.PL"},"logo":{"@id":"https:\/\/umilowani.pl\/wp-content\/uploads\/2022\/07\/cropped-6.png"}}]}},"_links":{"self":[{"href":"https:\/\/umilowani.pl\/index.php\/wp-json\/wp\/v2\/pages\/582","targetHints":{"allow":["GET"]}}],"collection":[{"href":"https:\/\/umilowani.pl\/index.php\/wp-json\/wp\/v2\/pages"}],"about":[{"href":"https:\/\/umilowani.pl\/index.php\/wp-json\/wp\/v2\/types\/page"}],"author":[{"embeddable":true,"href":"https:\/\/umilowani.pl\/index.php\/wp-json\/wp\/v2\/users\/1"}],"replies":[{"embeddable":true,"href":"https:\/\/umilowani.pl\/index.php\/wp-json\/wp\/v2\/comments?post=582"}],"version-history":[{"count":1,"href":"https:\/\/umilowani.pl\/index.php\/wp-json\/wp\/v2\/pages\/582\/revisions"}],"predecessor-version":[{"id":18482,"href":"https:\/\/umilowani.pl\/index.php\/wp-json\/wp\/v2\/pages\/582\/revisions\/18482"}],"wp:attachment":[{"href":"https:\/\/umilowani.pl\/index.php\/wp-json\/wp\/v2\/media?parent=582"}],"curies":[{"name":"wp","href":"https:\/\/api.w.org\/{rel}","templated":true}]}}