{"id":599,"date":"2016-12-11T00:38:45","date_gmt":"2016-12-10T23:38:45","guid":{"rendered":"http:\/\/umilowani.pl\/?page_id=599"},"modified":"2024-12-02T11:21:41","modified_gmt":"2024-12-02T10:21:41","slug":"zalety-npr","status":"publish","type":"page","link":"https:\/\/umilowani.pl\/index.php\/zalety-npr\/","title":{"rendered":"Zalety NPR"},"content":{"rendered":"<p>[et_pb_section fb_built=&#8221;1&#8243; custom_padding_last_edited=&#8221;on|desktop&#8221; admin_label=&#8221;section&#8221; _builder_version=&#8221;4.9.3&#8243; background_color=&#8221;#FFFFFF&#8221; custom_padding_tablet=&#8221;50px|0|50px|0&#8243; custom_padding_phone=&#8221;&#8221; transparent_background=&#8221;on&#8221; padding_mobile=&#8221;off&#8221; make_fullwidth=&#8221;off&#8221; use_custom_width=&#8221;off&#8221; width_unit=&#8221;on&#8221; custom_width_px=&#8221;1080px&#8221; custom_width_percent=&#8221;80%&#8221;][et_pb_row padding_mobile=&#8221;off&#8221; column_padding_mobile=&#8221;on&#8221; admin_label=&#8221;row&#8221; _builder_version=&#8221;4.9.3&#8243; background_size=&#8221;initial&#8221; background_position=&#8221;top_left&#8221; background_repeat=&#8221;repeat&#8221; width=&#8221;100%&#8221; max_width=&#8221;100%&#8221; make_fullwidth=&#8221;off&#8221; use_custom_width=&#8221;on&#8221; width_unit=&#8221;off&#8221; custom_width_percent=&#8221;90%&#8221;][et_pb_column type=&#8221;4_4&#8243; _builder_version=&#8221;4.9.3&#8243; background_color=&#8221;rgba(0,0,0,0)&#8221; custom_padding=&#8221;|||&#8221; custom_padding__hover=&#8221;|||&#8221;][et_pb_blurb title=&#8221;ZALETY NPR&#8221; image=&#8221;https:\/\/umilowani.pl\/wp-content\/uploads\/2024\/12\/Zalety-NPR2.jpg&#8221; alt=&#8221;Zamys\u0142&#8221; image_max_width=&#8221;75%&#8221; content_max_width=&#8221;90%&#8221; admin_label=&#8221;Blurb&#8221; _builder_version=&#8221;4.9.3&#8243; header_font_size=&#8221;16&#8243; header_line_height=&#8221;1.6em&#8221; body_font_size=&#8221;16px&#8221; background_size=&#8221;initial&#8221; background_position=&#8221;top_left&#8221; background_repeat=&#8221;repeat&#8221; text_orientation=&#8221;center&#8221; animation=&#8221;off&#8221; hover_enabled=&#8221;0&#8243; border_color_all=&#8221;#000000&#8243; border_width_all_image=&#8221;1px&#8221; border_color_all_image=&#8221;#043518&#8243; use_border_color=&#8221;off&#8221; border_color=&#8221;#ffffff&#8221; border_style=&#8221;solid&#8221; sticky_enabled=&#8221;0&#8243;]<\/p>\n<div class=\"et_pb_slide_content\" style=\"text-align: center;\">\n<div class=\"et_pb_slide_content\">\n<div>\n<p>&nbsp;<\/p>\n<p>Stosuj\u0105c w praktyce obserwacje cyklu mo\u017cemy zauwa\u017cy\u0107 praktyczne zalety NPR. Wielu z nich do\u015bwiadczyli\u015bmy w naszym ma\u0142\u017ce\u0144stwie. Zach\u0119camy do zapoznania si\u0119 z nimi:<\/p>\n<p>&nbsp;<\/p>\n<h3>Wiedza i \u015bwiadomo\u015b\u0107 to nie jedyne zalety NPR<\/h3>\n<p>&nbsp;<\/p>\n<p>1. Jeste\u015bmy \u015bwiadomi swojej niep\u0142odno\u015bci lub p\u0142odno\u015bci przez ca\u0142y okres trwania cyklu. W zale\u017cno\u015bci od celu (pocz\u0119cie lub odk\u0142adanie pocz\u0119cia w czasie) wsp\u00f3\u0142\u017cyjemy b\u0105d\u017a rezygnujemy ze wsp\u00f3\u0142\u017cycia w danym dniu cyklu.<\/p>\n<p>2. W przypadku planowania pocz\u0119cia dziecka posiadamy bezcenn\u0105 wiedz\u0119 w postaci znajomo\u015bci najlepszego czasu na powi\u0119kszenie rodziny. Jest to przydatne zw\u0142aszcza wtedy, gdy pojawiaj\u0105 si\u0119 trudno\u015bci z pocz\u0119ciem dziecka.<\/p>\n<p>3. Znamy dok\u0142adn\u0105 dat\u0119 pocz\u0119cia dziecka i mamy mo\u017cliwo\u015b\u0107 wyznaczenia prawid\u0142owej daty porodu, co jest szczeg\u00f3lnie przydatne przy bardzo kr\u00f3tkich b\u0105d\u017a wyd\u0142u\u017conych cyklach.<\/p>\n<p>4. Wykazujemy si\u0119 odpowiedzialno\u015bci\u0105 za zdrowie i \u017cycie ewentualnie pocz\u0119tego dziecka. Dzieje si\u0119 tak zawsze, gdy wsp\u00f3\u0142\u017cyjemy w okresie p\u0142odnym. W\u00f3wczas zak\u0142adamy (stopie\u0144 prawdopodobie\u0144stwa jest w tym momencie nieistotny), \u017ce kobieta potencjalnie jest w ci\u0105\u017cy. Maj\u0105c t\u0105 \u015bwiadomo\u015b\u0107 unikamy, do momentu rozstrzygni\u0119cia kwestii \u201eczy jest w ci\u0105\u017cy\u201d, RTG, lek\u00f3w, alkoholu, papieros\u00f3w i wszystkiego, co mog\u0142oby zaszkodzi\u0107 dziecku.<\/p>\n<p>5. Mo\u017cemy wst\u0119pnie rozpozna\u0107 ci\u0105\u017c\u0119 pozamaciczn\u0105 i poronienie.<\/p>\n<p>6. Mo\u017cemy wst\u0119pnie rozpozna\u0107 stan zapalny\/infekcj\u0119 dr\u00f3g rodnych i nietypowe krwawienie &#8211; wykry\u0107 potencjalne nieprawid\u0142owo\u015bci zdrowotne.<\/p>\n<p>7. Jeste\u015bmy w stanie precyzyjnie ustali\u0107 najlepszy moment do wykonania bada\u0144 hormonalnych b\u0105d\u017a wyznaczy\u0107 w\u0142a\u015bciwy czas na rozpocz\u0119cie leczenia. Jest to szczeg\u00f3lnie wa\u017cne w przypadku nieregularnych cykli.<\/p>\n<p>&nbsp;<\/p>\n<h3>Relacja, zdrowie, finanse i duchowo\u015b\u0107<\/h3>\n<p>&nbsp;<\/p>\n<p>8. Jeste\u015bmy \u201eoswojeni\u201d z nawykiem abstynencji, kt\u00f3ry jest przydatny przy chorobie, po\u0142ogu i d\u0142u\u017cszych rozstaniach, a szczeg\u00f3lnie w okresie p\u0142odnym, gdy odk\u0142adamy pocz\u0119cie dziecka w czasie.<\/p>\n<p>9. Wstrzemi\u0119\u017aliwo\u015b\u0107, kt\u00f3ra jest naturaln\u0105 konsekwencj\u0105 odk\u0142adania pocz\u0119cia dziecka w czasie, wzmaga ch\u0119\u0107 do wsp\u00f3\u0142\u017cycia i zwi\u0119ksza jego atrakcyjno\u015b\u0107 po okresie abstynencji. Skutkuje to tym, \u017ce nie do\u015bwiadczamy syndromu \u201eprzejedzenia\u201d i znudzenia si\u0119 wsp\u00f3\u0142\u017cyciem seksualnym, a w konsekwencji zmniejszamy do minimum ryzyko szukania dodatkowych \u201edozna\u0144\u201d poza ma\u0142\u017ce\u0144stwem.<\/p>\n<p>10. Nie \u201ezabezpieczamy si\u0119\u201d przed dzieckiem i nie traktujemy go jako wroga czy niepo\u017c\u0105danego go\u015bcia.<\/p>\n<p>11. Nie tracimy pieni\u0119dzy. Jedyny wydatek, jaki trzeba ponie\u015b\u0107 rozpoczynaj\u0105c nauk\u0119 NPR, to jednorazowy koszt zakupu ksi\u0105\u017cki, termometru czy kart zapisu.<\/p>\n<p>12. W najmniejszym stopniu nie szkodzimy swojemu zdrowiu i nie do\u015bwiadczamy \u017cadnych skutk\u00f3w ubocznych.<\/p>\n<p>13. Poprawiamy komunikacj\u0119 ma\u0142\u017ce\u0144sk\u0105 poprzez zaanga\u017cowanie m\u0119\u017ca (analizowanie, planowanie, interpretowanie) w sprawy okresowej p\u0142odno\u015bci\/niep\u0142odno\u015bci i bierzemy za t\u0119 sfer\u0119 \u017cycia ma\u0142\u017ce\u0144skiego wsp\u00f3ln\u0105 odpowiedzialno\u015b\u0107.<\/p>\n<p>14. Nie mamy wyrzut\u00f3w sumienia i nie trwamy w permanentnym stanie grzechu ci\u0119\u017ckiego.<\/p>\n<h3>\u00a0<\/h3>\n<h3>Trudno\u015bci z NPR<strong><br \/><\/strong><\/h3>\n<p>&nbsp;<\/p>\n<p>Stosuj\u0105c w praktyce NPR mo\u017cemy do\u015bwiadczy\u0107 kilku trudno\u015bci, kt\u00f3re jednak w kr\u00f3tkim czasie przestan\u0105 by\u0107 problemem:<\/p>\n<p>1. Na pocz\u0105tku w trakcie prowadzenia obserwacji mog\u0105 pojawi\u0107 si\u0119 opory natury estetycznej. Oswojenie si\u0119 z czytelnymi objawami, kt\u00f3re wysy\u0142a organizm kobiety, wymaga pewnego czasu. Jednak pozytywne nastawienie i szereg wymienionych wy\u017cej zalet powinny u\u0142atwi\u0107 prze\u0142amanie delikatnej wra\u017cliwo\u015bci u niekt\u00f3rych kobiet.<\/p>\n<p>2. Poznanie ze szczeg\u00f3\u0142ami pomiar\u00f3w i interpretacji wynik\u00f3w obserwacji wed\u0142ug konkretnej <a href=\"http:\/\/umilowani.pl\/index.php\/czym-jest-npr\/\" target=\"_blank\" rel=\"noopener noreferrer\">metody<\/a> wymaga pewnego wysi\u0142ku i systematyczno\u015bci. Jest to szczeg\u00f3lnie istotne na pocz\u0105tku wdra\u017cania obserwacji. Z czasem (z regu\u0142y po 2-3 miesi\u0105cach stosowania) obserwacje staj\u0105 si\u0119 naturalne, a interpretacja prosta. Pokrzepiaj\u0105cy jest fakt, \u017ce konkretnej metody rozpoznawania p\u0142odno\u015bci mo\u017cemy uczy\u0107 si\u0119 pod okiem profesjonalnego instruktora. Taka osoba pomaga i na bie\u017c\u0105co monitoruje post\u0119py w nauce. Korzy\u015bci p\u0142yn\u0105ce ze stosowania NPR mog\u0105 dodatkowo pom\u00f3c w zmotywowaniu ma\u0142\u017ce\u0144stw do zapoznania si\u0119 z metodyk\u0105 obserwacji i interpretacji.<\/p>\n<p>3. Okresowa wstrzemi\u0119\u017aliwo\u015b\u0107, zwi\u0105zana z odk\u0142adaniem pocz\u0119cia dziecka, stanowi pewien trud i wyzwanie, szczeg\u00f3lnie dla m\u0119\u017cczyzny. Fakt, \u017ce potrafimy przez pewien czas powstrzyma\u0107 si\u0119 od wsp\u00f3\u0142\u017cycia i panowa\u0107 nad w\u0142asnym cia\u0142em sprawia, \u017ce mo\u017cemy czu\u0107 si\u0119 jego w\u0142odarzami, a nie niewolnikami. W ostateczno\u015bci taka postawa zaowocuje pog\u0142\u0119bieniem relacji ma\u0142\u017ce\u0144skiej. Warto w tym miejscu pami\u0119ta\u0107, \u017ce w sytuacji odk\u0142adania pocz\u0119cia dziecka w czasie, po nie\u0142atwym do\u015bwiadczeniu wstrzemi\u0119\u017aliwo\u015bci w okresie p\u0142odnym nastaje czas ma\u0142\u017ce\u0144skiej rado\u015bci w fazie niep\u0142odnej.<\/p>\n<\/div>\n<\/div>\n<\/div>\n<p>[\/et_pb_blurb][\/et_pb_column][\/et_pb_row][\/et_pb_section]<\/p>\n","protected":false},"excerpt":{"rendered":"<p>[et_pb_section fb_built=&#8221;1&#8243; custom_padding_last_edited=&#8221;on|desktop&#8221; admin_label=&#8221;section&#8221; _builder_version=&#8221;4.9.3&#8243; background_color=&#8221;#FFFFFF&#8221; custom_padding_tablet=&#8221;50px|0|50px|0&#8243; custom_padding_phone=&#8221;&#8221; transparent_background=&#8221;on&#8221; padding_mobile=&#8221;off&#8221; make_fullwidth=&#8221;off&#8221; use_custom_width=&#8221;off&#8221; width_unit=&#8221;on&#8221; custom_width_px=&#8221;1080px&#8221; custom_width_percent=&#8221;80%&#8221;][et_pb_row padding_mobile=&#8221;off&#8221; column_padding_mobile=&#8221;on&#8221; admin_label=&#8221;row&#8221; _builder_version=&#8221;4.9.3&#8243; background_size=&#8221;initial&#8221; background_position=&#8221;top_left&#8221; background_repeat=&#8221;repeat&#8221; width=&#8221;100%&#8221; max_width=&#8221;100%&#8221; make_fullwidth=&#8221;off&#8221; use_custom_width=&#8221;on&#8221; width_unit=&#8221;off&#8221; custom_width_percent=&#8221;90%&#8221;][et_pb_column type=&#8221;4_4&#8243; _builder_version=&#8221;4.9.3&#8243; background_color=&#8221;rgba(0,0,0,0)&#8221; custom_padding=&#8221;|||&#8221; custom_padding__hover=&#8221;|||&#8221;][et_pb_blurb title=&#8221;ZALETY NPR&#8221; image=&#8221;https:\/\/umilowani.pl\/wp-content\/uploads\/2024\/12\/Zalety-NPR2.jpg&#8221; alt=&#8221;Zamys\u0142&#8221; image_max_width=&#8221;75%&#8221; content_max_width=&#8221;90%&#8221; admin_label=&#8221;Blurb&#8221; _builder_version=&#8221;4.9.3&#8243; header_font_size=&#8221;16&#8243; header_line_height=&#8221;1.6em&#8221; body_font_size=&#8221;16px&#8221; background_size=&#8221;initial&#8221; background_position=&#8221;top_left&#8221; background_repeat=&#8221;repeat&#8221; text_orientation=&#8221;center&#8221; animation=&#8221;off&#8221; hover_enabled=&#8221;0&#8243; border_color_all=&#8221;#000000&#8243; border_width_all_image=&#8221;1px&#8221; border_color_all_image=&#8221;#043518&#8243; use_border_color=&#8221;off&#8221; border_color=&#8221;#ffffff&#8221; [&hellip;]<\/p>\n","protected":false},"author":1,"featured_media":0,"parent":0,"menu_order":0,"comment_status":"closed","ping_status":"closed","template":"","meta":{"_et_pb_use_builder":"on","_et_pb_old_content":"","_et_gb_content_width":"","footnotes":""},"class_list":["post-599","page","type-page","status-publish","hentry"],"yoast_head":"<!-- This site is optimized with the Yoast SEO plugin v27.4 - https:\/\/yoast.com\/product\/yoast-seo-wordpress\/ -->\n<title>Zalety NPR - UMILOWANI.PL<\/title>\n<meta name=\"description\" content=\"Stosuj\u0105c w praktyce obserwacje mo\u017cemy zauwa\u017cy\u0107 zalety NPR. Wielu z nich do\u015bwiadczyli\u015bmy w naszym ma\u0142\u017ce\u0144stwie. Zapoznajmy si\u0119 z nimi.\" \/>\n<meta name=\"robots\" content=\"index, follow, max-snippet:-1, max-image-preview:large, max-video-preview:-1\" \/>\n<link rel=\"canonical\" href=\"https:\/\/umilowani.pl\/index.php\/zalety-npr\/\" \/>\n<meta property=\"og:locale\" content=\"pl_PL\" \/>\n<meta property=\"og:type\" content=\"article\" \/>\n<meta property=\"og:title\" content=\"Zalety NPR - UMILOWANI.PL\" \/>\n<meta property=\"og:description\" content=\"Stosuj\u0105c w praktyce obserwacje mo\u017cemy zauwa\u017cy\u0107 zalety NPR. Wielu z nich do\u015bwiadczyli\u015bmy w naszym ma\u0142\u017ce\u0144stwie. Zapoznajmy si\u0119 z nimi.\" \/>\n<meta property=\"og:url\" content=\"https:\/\/umilowani.pl\/index.php\/zalety-npr\/\" \/>\n<meta property=\"og:site_name\" content=\"UMILOWANI.PL\" \/>\n<meta property=\"article:modified_time\" content=\"2024-12-02T10:21:41+00:00\" \/>\n<meta name=\"twitter:card\" content=\"summary_large_image\" \/>\n<meta name=\"twitter:label1\" content=\"Szacowany czas czytania\" \/>\n\t<meta name=\"twitter:data1\" content=\"4 minuty\" \/>\n<script type=\"application\/ld+json\" class=\"yoast-schema-graph\">{\"@context\":\"https:\\\/\\\/schema.org\",\"@graph\":[{\"@type\":\"WebPage\",\"@id\":\"https:\\\/\\\/umilowani.pl\\\/index.php\\\/zalety-npr\\\/\",\"url\":\"https:\\\/\\\/umilowani.pl\\\/index.php\\\/zalety-npr\\\/\",\"name\":\"Zalety NPR - UMILOWANI.PL\",\"isPartOf\":{\"@id\":\"https:\\\/\\\/umilowani.pl\\\/#website\"},\"datePublished\":\"2016-12-10T23:38:45+00:00\",\"dateModified\":\"2024-12-02T10:21:41+00:00\",\"description\":\"Stosuj\u0105c w praktyce obserwacje mo\u017cemy zauwa\u017cy\u0107 zalety NPR. Wielu z nich do\u015bwiadczyli\u015bmy w naszym ma\u0142\u017ce\u0144stwie. Zapoznajmy si\u0119 z nimi.\",\"breadcrumb\":{\"@id\":\"https:\\\/\\\/umilowani.pl\\\/index.php\\\/zalety-npr\\\/#breadcrumb\"},\"inLanguage\":\"pl-PL\",\"potentialAction\":[{\"@type\":\"ReadAction\",\"target\":[\"https:\\\/\\\/umilowani.pl\\\/index.php\\\/zalety-npr\\\/\"]}]},{\"@type\":\"BreadcrumbList\",\"@id\":\"https:\\\/\\\/umilowani.pl\\\/index.php\\\/zalety-npr\\\/#breadcrumb\",\"itemListElement\":[{\"@type\":\"ListItem\",\"position\":1,\"name\":\"Strona g\u0142\u00f3wna\",\"item\":\"https:\\\/\\\/umilowani.pl\\\/\"},{\"@type\":\"ListItem\",\"position\":2,\"name\":\"Zalety NPR\"}]},{\"@type\":\"WebSite\",\"@id\":\"https:\\\/\\\/umilowani.pl\\\/#website\",\"url\":\"https:\\\/\\\/umilowani.pl\\\/\",\"name\":\"UMILOWANI.PL\",\"description\":\"Ma\u0142\u017ce\u0144stwo, mi\u0142o\u015b\u0107\",\"publisher\":{\"@id\":\"https:\\\/\\\/umilowani.pl\\\/#\\\/schema\\\/person\\\/600a3e0031b2b450828be24ac2027c8a\"},\"potentialAction\":[{\"@type\":\"SearchAction\",\"target\":{\"@type\":\"EntryPoint\",\"urlTemplate\":\"https:\\\/\\\/umilowani.pl\\\/?s={search_term_string}\"},\"query-input\":{\"@type\":\"PropertyValueSpecification\",\"valueRequired\":true,\"valueName\":\"search_term_string\"}}],\"inLanguage\":\"pl-PL\"},{\"@type\":[\"Person\",\"Organization\"],\"@id\":\"https:\\\/\\\/umilowani.pl\\\/#\\\/schema\\\/person\\\/600a3e0031b2b450828be24ac2027c8a\",\"name\":\"UMILOWANI.PL\",\"image\":{\"@type\":\"ImageObject\",\"inLanguage\":\"pl-PL\",\"@id\":\"https:\\\/\\\/umilowani.pl\\\/wp-content\\\/uploads\\\/2022\\\/07\\\/cropped-6.png\",\"url\":\"https:\\\/\\\/umilowani.pl\\\/wp-content\\\/uploads\\\/2022\\\/07\\\/cropped-6.png\",\"contentUrl\":\"https:\\\/\\\/umilowani.pl\\\/wp-content\\\/uploads\\\/2022\\\/07\\\/cropped-6.png\",\"width\":512,\"height\":512,\"caption\":\"UMILOWANI.PL\"},\"logo\":{\"@id\":\"https:\\\/\\\/umilowani.pl\\\/wp-content\\\/uploads\\\/2022\\\/07\\\/cropped-6.png\"}}]}<\/script>\n<!-- \/ Yoast SEO plugin. -->","yoast_head_json":{"title":"Zalety NPR - UMILOWANI.PL","description":"Stosuj\u0105c w praktyce obserwacje mo\u017cemy zauwa\u017cy\u0107 zalety NPR. Wielu z nich do\u015bwiadczyli\u015bmy w naszym ma\u0142\u017ce\u0144stwie. Zapoznajmy si\u0119 z nimi.","robots":{"index":"index","follow":"follow","max-snippet":"max-snippet:-1","max-image-preview":"max-image-preview:large","max-video-preview":"max-video-preview:-1"},"canonical":"https:\/\/umilowani.pl\/index.php\/zalety-npr\/","og_locale":"pl_PL","og_type":"article","og_title":"Zalety NPR - UMILOWANI.PL","og_description":"Stosuj\u0105c w praktyce obserwacje mo\u017cemy zauwa\u017cy\u0107 zalety NPR. Wielu z nich do\u015bwiadczyli\u015bmy w naszym ma\u0142\u017ce\u0144stwie. Zapoznajmy si\u0119 z nimi.","og_url":"https:\/\/umilowani.pl\/index.php\/zalety-npr\/","og_site_name":"UMILOWANI.PL","article_modified_time":"2024-12-02T10:21:41+00:00","twitter_card":"summary_large_image","twitter_misc":{"Szacowany czas czytania":"4 minuty"},"schema":{"@context":"https:\/\/schema.org","@graph":[{"@type":"WebPage","@id":"https:\/\/umilowani.pl\/index.php\/zalety-npr\/","url":"https:\/\/umilowani.pl\/index.php\/zalety-npr\/","name":"Zalety NPR - UMILOWANI.PL","isPartOf":{"@id":"https:\/\/umilowani.pl\/#website"},"datePublished":"2016-12-10T23:38:45+00:00","dateModified":"2024-12-02T10:21:41+00:00","description":"Stosuj\u0105c w praktyce obserwacje mo\u017cemy zauwa\u017cy\u0107 zalety NPR. Wielu z nich do\u015bwiadczyli\u015bmy w naszym ma\u0142\u017ce\u0144stwie. Zapoznajmy si\u0119 z nimi.","breadcrumb":{"@id":"https:\/\/umilowani.pl\/index.php\/zalety-npr\/#breadcrumb"},"inLanguage":"pl-PL","potentialAction":[{"@type":"ReadAction","target":["https:\/\/umilowani.pl\/index.php\/zalety-npr\/"]}]},{"@type":"BreadcrumbList","@id":"https:\/\/umilowani.pl\/index.php\/zalety-npr\/#breadcrumb","itemListElement":[{"@type":"ListItem","position":1,"name":"Strona g\u0142\u00f3wna","item":"https:\/\/umilowani.pl\/"},{"@type":"ListItem","position":2,"name":"Zalety NPR"}]},{"@type":"WebSite","@id":"https:\/\/umilowani.pl\/#website","url":"https:\/\/umilowani.pl\/","name":"UMILOWANI.PL","description":"Ma\u0142\u017ce\u0144stwo, mi\u0142o\u015b\u0107","publisher":{"@id":"https:\/\/umilowani.pl\/#\/schema\/person\/600a3e0031b2b450828be24ac2027c8a"},"potentialAction":[{"@type":"SearchAction","target":{"@type":"EntryPoint","urlTemplate":"https:\/\/umilowani.pl\/?s={search_term_string}"},"query-input":{"@type":"PropertyValueSpecification","valueRequired":true,"valueName":"search_term_string"}}],"inLanguage":"pl-PL"},{"@type":["Person","Organization"],"@id":"https:\/\/umilowani.pl\/#\/schema\/person\/600a3e0031b2b450828be24ac2027c8a","name":"UMILOWANI.PL","image":{"@type":"ImageObject","inLanguage":"pl-PL","@id":"https:\/\/umilowani.pl\/wp-content\/uploads\/2022\/07\/cropped-6.png","url":"https:\/\/umilowani.pl\/wp-content\/uploads\/2022\/07\/cropped-6.png","contentUrl":"https:\/\/umilowani.pl\/wp-content\/uploads\/2022\/07\/cropped-6.png","width":512,"height":512,"caption":"UMILOWANI.PL"},"logo":{"@id":"https:\/\/umilowani.pl\/wp-content\/uploads\/2022\/07\/cropped-6.png"}}]}},"_links":{"self":[{"href":"https:\/\/umilowani.pl\/index.php\/wp-json\/wp\/v2\/pages\/599","targetHints":{"allow":["GET"]}}],"collection":[{"href":"https:\/\/umilowani.pl\/index.php\/wp-json\/wp\/v2\/pages"}],"about":[{"href":"https:\/\/umilowani.pl\/index.php\/wp-json\/wp\/v2\/types\/page"}],"author":[{"embeddable":true,"href":"https:\/\/umilowani.pl\/index.php\/wp-json\/wp\/v2\/users\/1"}],"replies":[{"embeddable":true,"href":"https:\/\/umilowani.pl\/index.php\/wp-json\/wp\/v2\/comments?post=599"}],"version-history":[{"count":5,"href":"https:\/\/umilowani.pl\/index.php\/wp-json\/wp\/v2\/pages\/599\/revisions"}],"predecessor-version":[{"id":18490,"href":"https:\/\/umilowani.pl\/index.php\/wp-json\/wp\/v2\/pages\/599\/revisions\/18490"}],"wp:attachment":[{"href":"https:\/\/umilowani.pl\/index.php\/wp-json\/wp\/v2\/media?parent=599"}],"curies":[{"name":"wp","href":"https:\/\/api.w.org\/{rel}","templated":true}]}}