{"id":602,"date":"2016-12-11T00:41:56","date_gmt":"2016-12-10T23:41:56","guid":{"rendered":"http:\/\/umilowani.pl\/?page_id=602"},"modified":"2024-10-23T11:45:30","modified_gmt":"2024-10-23T09:45:30","slug":"trudnosci-z-npr","status":"publish","type":"page","link":"https:\/\/umilowani.pl\/index.php\/trudnosci-z-npr\/","title":{"rendered":"Trudno\u015bci z NPR"},"content":{"rendered":"<p>[et_pb_section fb_built=&#8221;1&#8243; custom_padding_last_edited=&#8221;on|desktop&#8221; admin_label=&#8221;section&#8221; _builder_version=&#8221;4.9.3&#8243; background_color=&#8221;#FFFFFF&#8221; custom_padding_tablet=&#8221;50px|0|50px|0&#8243; custom_padding_phone=&#8221;&#8221; transparent_background=&#8221;on&#8221; padding_mobile=&#8221;off&#8221; make_fullwidth=&#8221;off&#8221; use_custom_width=&#8221;off&#8221; width_unit=&#8221;on&#8221; custom_width_px=&#8221;1080px&#8221; custom_width_percent=&#8221;80%&#8221;][et_pb_row column_structure=&#8221;1_3,1_3,1_3&#8243; padding_mobile=&#8221;off&#8221; column_padding_mobile=&#8221;on&#8221; admin_label=&#8221;row&#8221; _builder_version=&#8221;4.9.3&#8243; background_size=&#8221;initial&#8221; background_position=&#8221;top_left&#8221; background_repeat=&#8221;repeat&#8221; max_width=&#8221;90%&#8221; make_fullwidth=&#8221;off&#8221; use_custom_width=&#8221;on&#8221; width_unit=&#8221;off&#8221; custom_width_percent=&#8221;90%&#8221;][et_pb_column type=&#8221;1_3&#8243; _builder_version=&#8221;3.25&#8243; custom_padding=&#8221;|||&#8221; custom_padding__hover=&#8221;|||&#8221;][\/et_pb_column][et_pb_column type=&#8221;1_3&#8243; _builder_version=&#8221;3.25&#8243; custom_padding=&#8221;|||&#8221; custom_padding__hover=&#8221;|||&#8221;][et_pb_image src=&#8221;https:\/\/umilowani.pl\/wp-content\/uploads\/2024\/10\/Trudnosci-z-NPR.webp&#8221; alt=&#8221;Trudno\u015bci z NPR&#8221; title_text=&#8221;Trudno\u015bci z NPR&#8221; _builder_version=&#8221;4.9.3&#8243; _module_preset=&#8221;default&#8221; hover_enabled=&#8221;0&#8243; sticky_enabled=&#8221;0&#8243;][\/et_pb_image][\/et_pb_column][et_pb_column type=&#8221;1_3&#8243; _builder_version=&#8221;3.25&#8243; custom_padding=&#8221;|||&#8221; custom_padding__hover=&#8221;|||&#8221;][\/et_pb_column][\/et_pb_row][et_pb_row padding_mobile=&#8221;off&#8221; column_padding_mobile=&#8221;on&#8221; admin_label=&#8221;row&#8221; _builder_version=&#8221;4.9.3&#8243; background_size=&#8221;initial&#8221; background_position=&#8221;top_left&#8221; background_repeat=&#8221;repeat&#8221; width=&#8221;100%&#8221; max_width=&#8221;100%&#8221; make_fullwidth=&#8221;off&#8221; use_custom_width=&#8221;on&#8221; width_unit=&#8221;off&#8221; custom_width_percent=&#8221;90%&#8221;][et_pb_column type=&#8221;4_4&#8243; _builder_version=&#8221;4.9.3&#8243; background_color=&#8221;rgba(0,0,0,0)&#8221; custom_padding=&#8221;|||&#8221; custom_padding__hover=&#8221;|||&#8221;][et_pb_slider disabled_on=&#8221;off|off|off&#8221; admin_label=&#8221;Slider&#8221; _builder_version=&#8221;4.9.3&#8243; content_max_width=&#8221;1500px&#8221; custom_padding=&#8221;|||&#8221; custom_padding_tablet=&#8221;|||&#8221; custom_padding_phone=&#8221;|||&#8221; remove_inner_shadow=&#8221;on&#8221; hide_content_on_mobile=&#8221;off&#8221; hide_cta_on_mobile=&#8221;off&#8221; show_inner_shadow=&#8221;off&#8221; button_letter_spacing_hover=&#8221;0&#8243; button_text_size__hover_enabled=&#8221;off&#8221; button_one_text_size__hover_enabled=&#8221;off&#8221; button_two_text_size__hover_enabled=&#8221;off&#8221; button_text_color__hover_enabled=&#8221;off&#8221; button_one_text_color__hover_enabled=&#8221;off&#8221; button_two_text_color__hover_enabled=&#8221;off&#8221; button_border_width__hover_enabled=&#8221;off&#8221; button_one_border_width__hover_enabled=&#8221;off&#8221; button_two_border_width__hover_enabled=&#8221;off&#8221; button_border_color__hover_enabled=&#8221;off&#8221; button_one_border_color__hover_enabled=&#8221;off&#8221; button_two_border_color__hover_enabled=&#8221;off&#8221; button_border_radius__hover_enabled=&#8221;off&#8221; button_one_border_radius__hover_enabled=&#8221;off&#8221; button_two_border_radius__hover_enabled=&#8221;off&#8221; button_letter_spacing__hover_enabled=&#8221;on&#8221; button_letter_spacing__hover=&#8221;0&#8243; button_one_letter_spacing__hover_enabled=&#8221;off&#8221; button_two_letter_spacing__hover_enabled=&#8221;off&#8221; button_bg_color__hover_enabled=&#8221;off&#8221; button_one_bg_color__hover_enabled=&#8221;off&#8221; button_two_bg_color__hover_enabled=&#8221;off&#8221;][et_pb_slide use_bg_overlay=&#8221;off&#8221; use_text_overlay=&#8221;off&#8221; _builder_version=&#8221;4.9.3&#8243; header_font=&#8221;||||&#8221; header_text_color=&#8221;#FFFFFF&#8221; header_line_height=&#8221;2em&#8221; body_font=&#8221;||||&#8221; background_color=&#8221;rgba(255,255,255,0)&#8221; background_enable_image=&#8221;off&#8221; button_icon_placement=&#8221;right&#8221; button_on_hover=&#8221;on&#8221; background_layout=&#8221;light&#8221; header_font_size_tablet=&#8221;&#8221; header_font_size_phone=&#8221;&#8221; header_font_size_last_edited=&#8221;on|desktop&#8221; header_line_height_tablet=&#8221;2em&#8221; header_line_height_phone=&#8221;2em&#8221; header_line_height_last_edited=&#8221;on|desktop&#8221; body_font_size_tablet=&#8221;&#8221; body_font_size_phone=&#8221;&#8221; body_font_size_last_edited=&#8221;on|phone&#8221; button_text_size__hover_enabled=&#8221;off&#8221; button_one_text_size__hover_enabled=&#8221;off&#8221; button_two_text_size__hover_enabled=&#8221;off&#8221; button_text_color__hover_enabled=&#8221;off&#8221; button_one_text_color__hover_enabled=&#8221;off&#8221; button_two_text_color__hover_enabled=&#8221;off&#8221; button_border_width__hover_enabled=&#8221;off&#8221; button_one_border_width__hover_enabled=&#8221;off&#8221; button_two_border_width__hover_enabled=&#8221;off&#8221; button_border_color__hover_enabled=&#8221;off&#8221; button_one_border_color__hover_enabled=&#8221;off&#8221; button_two_border_color__hover_enabled=&#8221;off&#8221; button_border_radius__hover_enabled=&#8221;off&#8221; button_one_border_radius__hover_enabled=&#8221;off&#8221; button_two_border_radius__hover_enabled=&#8221;off&#8221; button_letter_spacing__hover_enabled=&#8221;off&#8221; button_one_letter_spacing__hover_enabled=&#8221;off&#8221; button_two_letter_spacing__hover_enabled=&#8221;off&#8221; button_bg_color__hover_enabled=&#8221;off&#8221; button_one_bg_color__hover_enabled=&#8221;off&#8221; button_two_bg_color__hover_enabled=&#8221;off&#8221; sticky_transition=&#8221;on&#8221;]<\/p>\n<h1 style=\"text-align: center;\"><strong>TRUDNO\u015aCI Z NPR<br \/><\/strong><\/h1>\n<p>&nbsp;<\/p>\n<p style=\"text-align: center;\">Stosuj\u0105c w praktyce NPR mo\u017cemy do\u015bwiadczy\u0107 kilku trudno\u015bci, kt\u00f3re jednak w kr\u00f3tkim czasie przestan\u0105 by\u0107 problemem:<\/p>\n<p style=\"text-align: center;\">1. Na pocz\u0105tku w trakcie prowadzenia obserwacji mog\u0105 pojawi\u0107 si\u0119 opory natury estetycznej. Oswojenie si\u0119 z czytelnymi objawami, kt\u00f3re wysy\u0142a organizm kobiety, wymaga pewnego czasu. Jednak pozytywne nastawienie i <a href=\"http:\/\/umilowani.pl\/index.php\/zalety-npr\/\" target=\"_blank\" rel=\"noopener noreferrer\">szereg zalet NPR<\/a> powinny u\u0142atwi\u0107 prze\u0142amanie delikatnej wra\u017cliwo\u015bci u niekt\u00f3rych kobiet.<\/p>\n<p style=\"text-align: center;\">2. Poznanie ze szczeg\u00f3\u0142ami pomiar\u00f3w i interpretacji wynik\u00f3w obserwacji wed\u0142ug konkretnej <a href=\"http:\/\/umilowani.pl\/index.php\/czym-jest-npr\/\" target=\"_blank\" rel=\"noopener noreferrer\">metody<\/a> wymaga pewnego wysi\u0142ku i systematyczno\u015bci. Jest to szczeg\u00f3lnie istotne na pocz\u0105tku wdra\u017cania obserwacji. Z czasem (z regu\u0142y po 2-3 miesi\u0105cach stosowania) obserwacje staj\u0105 si\u0119 naturalne, a interpretacja prosta. Pokrzepiaj\u0105cy jest fakt, \u017ce konkretnej metody rozpoznawania p\u0142odno\u015bci mo\u017cemy uczy\u0107 si\u0119 pod okiem profesjonalnego instruktora. Taka osoba pomaga i na bie\u017c\u0105co monitoruje post\u0119py w nauce. Korzy\u015bci p\u0142yn\u0105ce ze stosowania NPR mog\u0105 dodatkowo pom\u00f3c w zmotywowaniu ma\u0142\u017ce\u0144stw do zapoznania si\u0119 z metodyk\u0105 obserwacji i interpretacji.<\/p>\n<p style=\"text-align: center;\">3. Okresowa wstrzemi\u0119\u017aliwo\u015b\u0107, zwi\u0105zana z odk\u0142adaniem pocz\u0119cia dziecka, stanowi pewien trud i wyzwanie, szczeg\u00f3lnie dla m\u0119\u017cczyzny. Fakt, \u017ce potrafimy przez pewien czas powstrzyma\u0107 si\u0119 od wsp\u00f3\u0142\u017cycia i panowa\u0107 nad w\u0142asnym cia\u0142em sprawia, \u017ce mo\u017cemy czu\u0107 si\u0119 jego w\u0142odarzami, a nie niewolnikami. W ostateczno\u015bci taka postawa zaowocuje pog\u0142\u0119bieniem relacji ma\u0142\u017ce\u0144skiej. Warto w tym miejscu pami\u0119ta\u0107, \u017ce w sytuacji odk\u0142adania pocz\u0119cia dziecka w czasie, po nie\u0142atwym do\u015bwiadczeniu wstrzemi\u0119\u017aliwo\u015bci w okresie p\u0142odnym nastaje czas ma\u0142\u017ce\u0144skiej rado\u015bci w fazie niep\u0142odnej.<\/p>\n<p>[\/et_pb_slide][\/et_pb_slider][\/et_pb_column][\/et_pb_row][\/et_pb_section]<\/p>\n","protected":false},"excerpt":{"rendered":"<p>[et_pb_section fb_built=&#8221;1&#8243; custom_padding_last_edited=&#8221;on|desktop&#8221; admin_label=&#8221;section&#8221; _builder_version=&#8221;4.9.3&#8243; background_color=&#8221;#FFFFFF&#8221; custom_padding_tablet=&#8221;50px|0|50px|0&#8243; custom_padding_phone=&#8221;&#8221; transparent_background=&#8221;on&#8221; padding_mobile=&#8221;off&#8221; make_fullwidth=&#8221;off&#8221; use_custom_width=&#8221;off&#8221; width_unit=&#8221;on&#8221; custom_width_px=&#8221;1080px&#8221; custom_width_percent=&#8221;80%&#8221;][et_pb_row column_structure=&#8221;1_3,1_3,1_3&#8243; padding_mobile=&#8221;off&#8221; column_padding_mobile=&#8221;on&#8221; admin_label=&#8221;row&#8221; _builder_version=&#8221;4.9.3&#8243; background_size=&#8221;initial&#8221; background_position=&#8221;top_left&#8221; background_repeat=&#8221;repeat&#8221; max_width=&#8221;90%&#8221; make_fullwidth=&#8221;off&#8221; use_custom_width=&#8221;on&#8221; width_unit=&#8221;off&#8221; custom_width_percent=&#8221;90%&#8221;][et_pb_column type=&#8221;1_3&#8243; _builder_version=&#8221;3.25&#8243; custom_padding=&#8221;|||&#8221; custom_padding__hover=&#8221;|||&#8221;][\/et_pb_column][et_pb_column type=&#8221;1_3&#8243; _builder_version=&#8221;3.25&#8243; custom_padding=&#8221;|||&#8221; custom_padding__hover=&#8221;|||&#8221;][et_pb_image src=&#8221;https:\/\/umilowani.pl\/wp-content\/uploads\/2024\/10\/Trudnosci-z-NPR.webp&#8221; alt=&#8221;Trudno\u015bci z NPR&#8221; title_text=&#8221;Trudno\u015bci z NPR&#8221; _builder_version=&#8221;4.9.3&#8243; _module_preset=&#8221;default&#8221; hover_enabled=&#8221;0&#8243; sticky_enabled=&#8221;0&#8243;][\/et_pb_image][\/et_pb_column][et_pb_column type=&#8221;1_3&#8243; _builder_version=&#8221;3.25&#8243; custom_padding=&#8221;|||&#8221; custom_padding__hover=&#8221;|||&#8221;][\/et_pb_column][\/et_pb_row][et_pb_row padding_mobile=&#8221;off&#8221; column_padding_mobile=&#8221;on&#8221; admin_label=&#8221;row&#8221; _builder_version=&#8221;4.9.3&#8243; [&hellip;]<\/p>\n","protected":false},"author":1,"featured_media":0,"parent":0,"menu_order":0,"comment_status":"closed","ping_status":"closed","template":"","meta":{"_et_pb_use_builder":"on","_et_pb_old_content":"","_et_gb_content_width":"","footnotes":""},"class_list":["post-602","page","type-page","status-publish","hentry"],"yoast_head":"<!-- This site is optimized with the Yoast SEO plugin v27.5 - https:\/\/yoast.com\/product\/yoast-seo-wordpress\/ -->\n<title>Trudno\u015bci z NPR - UMILOWANI.PL<\/title>\n<meta name=\"description\" content=\"Stosuj\u0105c w praktyce obserwacje mo\u017cemy do\u015bwiadczy\u0107 kilku trudno\u015bci z NPR, kt\u00f3re jednak w kr\u00f3tkim czasie przestan\u0105 by\u0107 problemem.\" \/>\n<meta name=\"robots\" content=\"index, follow, max-snippet:-1, max-image-preview:large, max-video-preview:-1\" \/>\n<link rel=\"canonical\" href=\"https:\/\/umilowani.pl\/index.php\/trudnosci-z-npr\/\" \/>\n<meta property=\"og:locale\" content=\"pl_PL\" \/>\n<meta property=\"og:type\" content=\"article\" \/>\n<meta property=\"og:title\" content=\"Trudno\u015bci z NPR - UMILOWANI.PL\" \/>\n<meta property=\"og:description\" content=\"Stosuj\u0105c w praktyce obserwacje mo\u017cemy do\u015bwiadczy\u0107 kilku trudno\u015bci z NPR, kt\u00f3re jednak w kr\u00f3tkim czasie przestan\u0105 by\u0107 problemem.\" \/>\n<meta property=\"og:url\" content=\"https:\/\/umilowani.pl\/index.php\/trudnosci-z-npr\/\" \/>\n<meta property=\"og:site_name\" content=\"UMILOWANI.PL\" \/>\n<meta property=\"article:modified_time\" content=\"2024-10-23T09:45:30+00:00\" \/>\n<meta name=\"twitter:card\" content=\"summary_large_image\" \/>\n<meta name=\"twitter:label1\" content=\"Szacowany czas czytania\" \/>\n\t<meta name=\"twitter:data1\" content=\"2 minuty\" \/>\n<script type=\"application\/ld+json\" class=\"yoast-schema-graph\">{\"@context\":\"https:\\\/\\\/schema.org\",\"@graph\":[{\"@type\":\"WebPage\",\"@id\":\"https:\\\/\\\/umilowani.pl\\\/index.php\\\/trudnosci-z-npr\\\/\",\"url\":\"https:\\\/\\\/umilowani.pl\\\/index.php\\\/trudnosci-z-npr\\\/\",\"name\":\"Trudno\u015bci z NPR - UMILOWANI.PL\",\"isPartOf\":{\"@id\":\"https:\\\/\\\/umilowani.pl\\\/#website\"},\"datePublished\":\"2016-12-10T23:41:56+00:00\",\"dateModified\":\"2024-10-23T09:45:30+00:00\",\"description\":\"Stosuj\u0105c w praktyce obserwacje mo\u017cemy do\u015bwiadczy\u0107 kilku trudno\u015bci z NPR, kt\u00f3re jednak w kr\u00f3tkim czasie przestan\u0105 by\u0107 problemem.\",\"breadcrumb\":{\"@id\":\"https:\\\/\\\/umilowani.pl\\\/index.php\\\/trudnosci-z-npr\\\/#breadcrumb\"},\"inLanguage\":\"pl-PL\",\"potentialAction\":[{\"@type\":\"ReadAction\",\"target\":[\"https:\\\/\\\/umilowani.pl\\\/index.php\\\/trudnosci-z-npr\\\/\"]}]},{\"@type\":\"BreadcrumbList\",\"@id\":\"https:\\\/\\\/umilowani.pl\\\/index.php\\\/trudnosci-z-npr\\\/#breadcrumb\",\"itemListElement\":[{\"@type\":\"ListItem\",\"position\":1,\"name\":\"Strona g\u0142\u00f3wna\",\"item\":\"https:\\\/\\\/umilowani.pl\\\/\"},{\"@type\":\"ListItem\",\"position\":2,\"name\":\"Trudno\u015bci z NPR\"}]},{\"@type\":\"WebSite\",\"@id\":\"https:\\\/\\\/umilowani.pl\\\/#website\",\"url\":\"https:\\\/\\\/umilowani.pl\\\/\",\"name\":\"UMILOWANI.PL\",\"description\":\"Ma\u0142\u017ce\u0144stwo, mi\u0142o\u015b\u0107\",\"publisher\":{\"@id\":\"https:\\\/\\\/umilowani.pl\\\/#\\\/schema\\\/person\\\/600a3e0031b2b450828be24ac2027c8a\"},\"potentialAction\":[{\"@type\":\"SearchAction\",\"target\":{\"@type\":\"EntryPoint\",\"urlTemplate\":\"https:\\\/\\\/umilowani.pl\\\/?s={search_term_string}\"},\"query-input\":{\"@type\":\"PropertyValueSpecification\",\"valueRequired\":true,\"valueName\":\"search_term_string\"}}],\"inLanguage\":\"pl-PL\"},{\"@type\":[\"Person\",\"Organization\"],\"@id\":\"https:\\\/\\\/umilowani.pl\\\/#\\\/schema\\\/person\\\/600a3e0031b2b450828be24ac2027c8a\",\"name\":\"UMILOWANI.PL\",\"image\":{\"@type\":\"ImageObject\",\"inLanguage\":\"pl-PL\",\"@id\":\"https:\\\/\\\/umilowani.pl\\\/wp-content\\\/uploads\\\/2022\\\/07\\\/cropped-6.png\",\"url\":\"https:\\\/\\\/umilowani.pl\\\/wp-content\\\/uploads\\\/2022\\\/07\\\/cropped-6.png\",\"contentUrl\":\"https:\\\/\\\/umilowani.pl\\\/wp-content\\\/uploads\\\/2022\\\/07\\\/cropped-6.png\",\"width\":512,\"height\":512,\"caption\":\"UMILOWANI.PL\"},\"logo\":{\"@id\":\"https:\\\/\\\/umilowani.pl\\\/wp-content\\\/uploads\\\/2022\\\/07\\\/cropped-6.png\"}}]}<\/script>\n<!-- \/ Yoast SEO plugin. -->","yoast_head_json":{"title":"Trudno\u015bci z NPR - UMILOWANI.PL","description":"Stosuj\u0105c w praktyce obserwacje mo\u017cemy do\u015bwiadczy\u0107 kilku trudno\u015bci z NPR, kt\u00f3re jednak w kr\u00f3tkim czasie przestan\u0105 by\u0107 problemem.","robots":{"index":"index","follow":"follow","max-snippet":"max-snippet:-1","max-image-preview":"max-image-preview:large","max-video-preview":"max-video-preview:-1"},"canonical":"https:\/\/umilowani.pl\/index.php\/trudnosci-z-npr\/","og_locale":"pl_PL","og_type":"article","og_title":"Trudno\u015bci z NPR - UMILOWANI.PL","og_description":"Stosuj\u0105c w praktyce obserwacje mo\u017cemy do\u015bwiadczy\u0107 kilku trudno\u015bci z NPR, kt\u00f3re jednak w kr\u00f3tkim czasie przestan\u0105 by\u0107 problemem.","og_url":"https:\/\/umilowani.pl\/index.php\/trudnosci-z-npr\/","og_site_name":"UMILOWANI.PL","article_modified_time":"2024-10-23T09:45:30+00:00","twitter_card":"summary_large_image","twitter_misc":{"Szacowany czas czytania":"2 minuty"},"schema":{"@context":"https:\/\/schema.org","@graph":[{"@type":"WebPage","@id":"https:\/\/umilowani.pl\/index.php\/trudnosci-z-npr\/","url":"https:\/\/umilowani.pl\/index.php\/trudnosci-z-npr\/","name":"Trudno\u015bci z NPR - UMILOWANI.PL","isPartOf":{"@id":"https:\/\/umilowani.pl\/#website"},"datePublished":"2016-12-10T23:41:56+00:00","dateModified":"2024-10-23T09:45:30+00:00","description":"Stosuj\u0105c w praktyce obserwacje mo\u017cemy do\u015bwiadczy\u0107 kilku trudno\u015bci z NPR, kt\u00f3re jednak w kr\u00f3tkim czasie przestan\u0105 by\u0107 problemem.","breadcrumb":{"@id":"https:\/\/umilowani.pl\/index.php\/trudnosci-z-npr\/#breadcrumb"},"inLanguage":"pl-PL","potentialAction":[{"@type":"ReadAction","target":["https:\/\/umilowani.pl\/index.php\/trudnosci-z-npr\/"]}]},{"@type":"BreadcrumbList","@id":"https:\/\/umilowani.pl\/index.php\/trudnosci-z-npr\/#breadcrumb","itemListElement":[{"@type":"ListItem","position":1,"name":"Strona g\u0142\u00f3wna","item":"https:\/\/umilowani.pl\/"},{"@type":"ListItem","position":2,"name":"Trudno\u015bci z NPR"}]},{"@type":"WebSite","@id":"https:\/\/umilowani.pl\/#website","url":"https:\/\/umilowani.pl\/","name":"UMILOWANI.PL","description":"Ma\u0142\u017ce\u0144stwo, mi\u0142o\u015b\u0107","publisher":{"@id":"https:\/\/umilowani.pl\/#\/schema\/person\/600a3e0031b2b450828be24ac2027c8a"},"potentialAction":[{"@type":"SearchAction","target":{"@type":"EntryPoint","urlTemplate":"https:\/\/umilowani.pl\/?s={search_term_string}"},"query-input":{"@type":"PropertyValueSpecification","valueRequired":true,"valueName":"search_term_string"}}],"inLanguage":"pl-PL"},{"@type":["Person","Organization"],"@id":"https:\/\/umilowani.pl\/#\/schema\/person\/600a3e0031b2b450828be24ac2027c8a","name":"UMILOWANI.PL","image":{"@type":"ImageObject","inLanguage":"pl-PL","@id":"https:\/\/umilowani.pl\/wp-content\/uploads\/2022\/07\/cropped-6.png","url":"https:\/\/umilowani.pl\/wp-content\/uploads\/2022\/07\/cropped-6.png","contentUrl":"https:\/\/umilowani.pl\/wp-content\/uploads\/2022\/07\/cropped-6.png","width":512,"height":512,"caption":"UMILOWANI.PL"},"logo":{"@id":"https:\/\/umilowani.pl\/wp-content\/uploads\/2022\/07\/cropped-6.png"}}]}},"_links":{"self":[{"href":"https:\/\/umilowani.pl\/index.php\/wp-json\/wp\/v2\/pages\/602","targetHints":{"allow":["GET"]}}],"collection":[{"href":"https:\/\/umilowani.pl\/index.php\/wp-json\/wp\/v2\/pages"}],"about":[{"href":"https:\/\/umilowani.pl\/index.php\/wp-json\/wp\/v2\/types\/page"}],"author":[{"embeddable":true,"href":"https:\/\/umilowani.pl\/index.php\/wp-json\/wp\/v2\/users\/1"}],"replies":[{"embeddable":true,"href":"https:\/\/umilowani.pl\/index.php\/wp-json\/wp\/v2\/comments?post=602"}],"version-history":[{"count":0,"href":"https:\/\/umilowani.pl\/index.php\/wp-json\/wp\/v2\/pages\/602\/revisions"}],"wp:attachment":[{"href":"https:\/\/umilowani.pl\/index.php\/wp-json\/wp\/v2\/media?parent=602"}],"curies":[{"name":"wp","href":"https:\/\/api.w.org\/{rel}","templated":true}]}}