{"id":880,"date":"2016-12-20T12:44:23","date_gmt":"2016-12-20T11:44:23","guid":{"rendered":"http:\/\/umilowani.pl\/?page_id=880"},"modified":"2024-12-02T11:11:16","modified_gmt":"2024-12-02T10:11:16","slug":"roznice","status":"publish","type":"page","link":"https:\/\/umilowani.pl\/index.php\/roznice\/","title":{"rendered":"R\u00f3\u017cnice"},"content":{"rendered":"<p>[et_pb_section fb_built=&#8221;1&#8243; custom_padding_last_edited=&#8221;on|desktop&#8221; admin_label=&#8221;section&#8221; _builder_version=&#8221;4.9.3&#8243; background_color=&#8221;#FFFFFF&#8221; custom_padding_tablet=&#8221;50px|0|50px|0&#8243; custom_padding_phone=&#8221;&#8221; transparent_background=&#8221;on&#8221; padding_mobile=&#8221;off&#8221; make_fullwidth=&#8221;off&#8221; use_custom_width=&#8221;off&#8221; width_unit=&#8221;on&#8221; custom_width_px=&#8221;1080px&#8221; custom_width_percent=&#8221;80%&#8221;][et_pb_row padding_mobile=&#8221;off&#8221; column_padding_mobile=&#8221;on&#8221; admin_label=&#8221;row&#8221; _builder_version=&#8221;4.9.3&#8243; background_size=&#8221;initial&#8221; background_position=&#8221;top_left&#8221; background_repeat=&#8221;repeat&#8221; width=&#8221;100%&#8221; max_width=&#8221;100%&#8221; make_fullwidth=&#8221;off&#8221; use_custom_width=&#8221;on&#8221; width_unit=&#8221;off&#8221; custom_width_percent=&#8221;90%&#8221;][et_pb_column type=&#8221;4_4&#8243; _builder_version=&#8221;4.9.3&#8243; background_color=&#8221;rgba(0,0,0,0)&#8221; custom_padding=&#8221;|||&#8221; custom_padding__hover=&#8221;|||&#8221;][et_pb_blurb title=&#8221;R\u00d3\u017bNICE&#8221; image=&#8221;https:\/\/umilowani.pl\/wp-content\/uploads\/2024\/12\/Roznice2.jpg&#8221; alt=&#8221;Zamys\u0142&#8221; image_max_width=&#8221;75%&#8221; content_max_width=&#8221;90%&#8221; admin_label=&#8221;Blurb&#8221; _builder_version=&#8221;4.9.3&#8243; header_font_size=&#8221;16&#8243; header_line_height=&#8221;1.6em&#8221; body_font_size=&#8221;16px&#8221; background_size=&#8221;initial&#8221; background_position=&#8221;top_left&#8221; background_repeat=&#8221;repeat&#8221; text_orientation=&#8221;center&#8221; animation=&#8221;off&#8221; hover_enabled=&#8221;0&#8243; border_color_all=&#8221;#000000&#8243; border_width_all_image=&#8221;1px&#8221; border_color_all_image=&#8221;#043518&#8243; use_border_color=&#8221;off&#8221; border_color=&#8221;#ffffff&#8221; border_style=&#8221;solid&#8221; title_text=&#8221;R\u00f3\u017cnice2&#8243; sticky_enabled=&#8221;0&#8243;]<\/p>\n<div class=\"et_pb_slide_content\" style=\"text-align: center;\">\n<div class=\"et_pb_slide_content\">\n<div>\n<p>&nbsp;<\/p>\n<p><span style=\"color: #a0b34d;\"><strong><em>\u201e\u017bYJE KO\u0141O MNIE CZ\u0141OWIEK, DZI\u0118KI KT\u00d3REMU MOG\u0118 BY\u0106 TYM, KIM JESTEM\u201d.<br \/><\/em><\/strong>Jan Budziaszek \u201eDo nieba idzie si\u0119\u2026\u201d<\/span><\/p>\n<div class=\"et_pb_slide_content\">\n<div class=\"et_pb_slide_content\">\n<p>&nbsp;<\/p>\n<p>Jeste\u015bmy przekonani, \u017ce Pan B\u00f3g ma niesamowite poczucie humoru! Stworzy\u0142 kobiet\u0119 i m\u0119\u017cczyzn\u0119, dwie zupe\u0142nie r\u00f3\u017cne, uzupe\u0142niaj\u0105ce si\u0119 nawzajem, wspania\u0142e istoty. Istoty, kt\u00f3re jednocze\u015bnie s\u0105 sobie r\u00f3wne w prawie do szacunku i mi\u0142o\u015bci oraz w swoim cz\u0142owiecze\u0144stwie. W trakcie rozm\u00f3w z parami w Poradni Rodzinnej zauwa\u017camy ogromne braki w wiedzy na ten temat oraz niezgod\u0119 na przyj\u0119cie i akceptacj\u0119 swojej natury. Tymczasem r\u00f3\u017cnice mi\u0119dzy nami s\u0105 pi\u0119kne i potrzebne! W genialny spos\u00f3b uzupe\u0142niamy si\u0119 w swojej r\u00f3\u017cnorodno\u015bci. To, co nas paradoksalnie dzieli, mo\u017cemy przeku\u0107 we wsp\u00f3lny sukces mierzony udanym ma\u0142\u017ce\u0144stwem.<\/p>\n<p>Napisano wiele ksi\u0105\u017cek na temat r\u00f3\u017cnic mi\u0119dzy kobiet\u0105 i m\u0119\u017cczyzn\u0105. Spr\u00f3bujemy zgromadzon\u0105 w nich wiedz\u0119 przekaza\u0107 w mo\u017cliwie skondensowany i uproszczony spos\u00f3b. W tabeli zebrali\u015bmy zatem wybrane i schematyczne r\u00f3\u017cnice mi\u0119dzy kobiet\u0105 i m\u0119\u017cczyzn\u0105 (Chapman G., 2016; Dillow L., 2011; Eldredge J., 2003; Eldredge J. i S., 2005; Grey J., 2016; Gungor M., 2008; Guzewicz M., 2011, 2017, 2018; Larimore W. i B., 2019; Pulikowski J., 2000, 2008, 2012, 2014a, 2014b, 2017; Thomas G. L., 2017; Wo\u0142ochowicz M. i P., 2012a, 2012b; Tab. 4). Nie szukajmy za wszelk\u0105 cen\u0119 wszystkich tych cech u siebie, bo pewnie cz\u0119\u015b\u0107 z nich odnajdziemy u wsp\u00f3\u0142ma\u0142\u017conka. Zechciejmy jedynie zrozumie\u0107, \u017ce jeste\u015bmy kompletnie inni!<\/p>\n<p>&nbsp;<\/p>\n<h3>R\u00f3\u017cnice? Co z nimi zrobi\u0107?<\/h3>\n<p>&nbsp;<\/p>\n<p>W tym miejscu mo\u017cemy zada\u0107 sobie pytanie: \u201eCo mamy zrobi\u0107 z wiedz\u0105 wyniesion\u0105 po przejrzeniu tabeli? Zmienia\u0107 siebie, wsp\u00f3\u0142ma\u0142\u017conka, a mo\u017ce jako\u015b razem sprosta\u0107 temu wyzwaniu?&#8221; Odpowiadamy:<\/p>\n<p>&#8211; Porozmawiajmy o swoich r\u00f3\u017cnicach w osobowo\u015bci, dowiedzmy si\u0119 o sobie jak najwi\u0119cej.<br \/>&#8211; Ws\u0142uchujmy si\u0119 w potrzeby wsp\u00f3\u0142ma\u0142\u017conka, postarajmy si\u0119 je zaakceptowa\u0107 i pozytywnie na nie odpowiada\u0107.<br \/>&#8211; Nie naprawiajmy, ani nie zmieniamy we wsp\u00f3\u0142ma\u0142\u017conku jej\/jego indywidualnych cech.<br \/>&#8211; Dzi\u0119kujmy i cieszmy si\u0119 z tego, \u017ce \u017cyjemy w\u0142a\u015bnie z takim wsp\u00f3\u0142ma\u0142\u017conkiem.<\/p>\n<p>Naturalnym przejawem r\u00f3\u017cnic mi\u0119dzy nami jest macierzy\u0144stwo i ojcostwo \u2013 dwie pi\u0119kne, kompletnie r\u00f3\u017cne i uzupe\u0142niaj\u0105ce si\u0119 postawy rodzicielskie. Opisujemy je w kolejnej tabeli (Tab. 5).<\/p>\n<p>&nbsp;<\/p>\n<p><a href=\"https:\/\/umilowani.pl\/wp-content\/uploads\/2024\/10\/Roznice-miedzy-kobieta-i-mezczyzna-tabela-czwarta.jpg\"><img loading=\"lazy\" decoding=\"async\" class=\"aligncenter wp-image-17311\" src=\"https:\/\/umilowani.pl\/wp-content\/uploads\/2024\/10\/Roznice-miedzy-kobieta-i-mezczyzna-tabela-czwarta-291x300.jpg\" alt=\"\" width=\"485\" height=\"500\" srcset=\"https:\/\/umilowani.pl\/wp-content\/uploads\/2024\/10\/Roznice-miedzy-kobieta-i-mezczyzna-tabela-czwarta-291x300.jpg 485w, https:\/\/umilowani.pl\/wp-content\/uploads\/2024\/10\/Roznice-miedzy-kobieta-i-mezczyzna-tabela-czwarta-480x495.jpg 480w\" sizes=\"auto, (min-width: 0px) and (max-width: 480px) 480px, (min-width: 481px) 485px, 100vw\" \/><\/a><\/p>\n<p>&nbsp;<\/p>\n<p><a href=\"https:\/\/umilowani.pl\/wp-content\/uploads\/2024\/10\/Roznice-miedzy-kobieta-i-mezczyzna-tabela-piata.jpg\"><img loading=\"lazy\" decoding=\"async\" class=\"aligncenter wp-image-17312\" src=\"https:\/\/umilowani.pl\/wp-content\/uploads\/2024\/10\/Roznice-miedzy-kobieta-i-mezczyzna-tabela-piata-300x298.jpg\" alt=\"\" width=\"503\" height=\"500\" \/><\/a><\/p>\n<\/div>\n<\/div>\n<\/div>\n<\/div>\n<\/div>\n<p>[\/et_pb_blurb][\/et_pb_column][\/et_pb_row][\/et_pb_section]<\/p>\n","protected":false},"excerpt":{"rendered":"<p>[et_pb_section fb_built=&#8221;1&#8243; custom_padding_last_edited=&#8221;on|desktop&#8221; admin_label=&#8221;section&#8221; _builder_version=&#8221;4.9.3&#8243; background_color=&#8221;#FFFFFF&#8221; custom_padding_tablet=&#8221;50px|0|50px|0&#8243; custom_padding_phone=&#8221;&#8221; transparent_background=&#8221;on&#8221; padding_mobile=&#8221;off&#8221; make_fullwidth=&#8221;off&#8221; use_custom_width=&#8221;off&#8221; width_unit=&#8221;on&#8221; custom_width_px=&#8221;1080px&#8221; custom_width_percent=&#8221;80%&#8221;][et_pb_row padding_mobile=&#8221;off&#8221; column_padding_mobile=&#8221;on&#8221; admin_label=&#8221;row&#8221; _builder_version=&#8221;4.9.3&#8243; background_size=&#8221;initial&#8221; background_position=&#8221;top_left&#8221; background_repeat=&#8221;repeat&#8221; width=&#8221;100%&#8221; max_width=&#8221;100%&#8221; make_fullwidth=&#8221;off&#8221; use_custom_width=&#8221;on&#8221; width_unit=&#8221;off&#8221; custom_width_percent=&#8221;90%&#8221;][et_pb_column type=&#8221;4_4&#8243; _builder_version=&#8221;4.9.3&#8243; background_color=&#8221;rgba(0,0,0,0)&#8221; custom_padding=&#8221;|||&#8221; custom_padding__hover=&#8221;|||&#8221;][et_pb_blurb title=&#8221;R\u00d3\u017bNICE&#8221; image=&#8221;https:\/\/umilowani.pl\/wp-content\/uploads\/2024\/12\/Roznice2.jpg&#8221; alt=&#8221;Zamys\u0142&#8221; image_max_width=&#8221;75%&#8221; content_max_width=&#8221;90%&#8221; admin_label=&#8221;Blurb&#8221; _builder_version=&#8221;4.9.3&#8243; header_font_size=&#8221;16&#8243; header_line_height=&#8221;1.6em&#8221; body_font_size=&#8221;16px&#8221; background_size=&#8221;initial&#8221; background_position=&#8221;top_left&#8221; background_repeat=&#8221;repeat&#8221; text_orientation=&#8221;center&#8221; animation=&#8221;off&#8221; hover_enabled=&#8221;0&#8243; border_color_all=&#8221;#000000&#8243; border_width_all_image=&#8221;1px&#8221; border_color_all_image=&#8221;#043518&#8243; use_border_color=&#8221;off&#8221; border_color=&#8221;#ffffff&#8221; border_style=&#8221;solid&#8221; [&hellip;]<\/p>\n","protected":false},"author":1,"featured_media":0,"parent":0,"menu_order":0,"comment_status":"closed","ping_status":"closed","template":"","meta":{"_et_pb_use_builder":"on","_et_pb_old_content":"","_et_gb_content_width":"","footnotes":""},"class_list":["post-880","page","type-page","status-publish","hentry"],"yoast_head":"<!-- This site is optimized with the Yoast SEO plugin v27.4 - https:\/\/yoast.com\/product\/yoast-seo-wordpress\/ -->\n<title>R\u00f3\u017cnice - UMILOWANI.PL<\/title>\n<meta name=\"description\" content=\"R\u00f3\u017cnice mi\u0119dzy nami s\u0105 pi\u0119kne i potrzebne, a to co nas paradoksalnie dzieli, mo\u017cemy przeku\u0107 we wsp\u00f3lny sukces mierzony udanym ma\u0142\u017ce\u0144stwem.\" \/>\n<meta name=\"robots\" content=\"index, follow, max-snippet:-1, max-image-preview:large, max-video-preview:-1\" \/>\n<link rel=\"canonical\" href=\"https:\/\/umilowani.pl\/index.php\/roznice\/\" \/>\n<meta property=\"og:locale\" content=\"pl_PL\" \/>\n<meta property=\"og:type\" content=\"article\" \/>\n<meta property=\"og:title\" content=\"R\u00f3\u017cnice - UMILOWANI.PL\" \/>\n<meta property=\"og:description\" content=\"R\u00f3\u017cnice mi\u0119dzy nami s\u0105 pi\u0119kne i potrzebne, a to co nas paradoksalnie dzieli, mo\u017cemy przeku\u0107 we wsp\u00f3lny sukces mierzony udanym ma\u0142\u017ce\u0144stwem.\" \/>\n<meta property=\"og:url\" content=\"https:\/\/umilowani.pl\/index.php\/roznice\/\" \/>\n<meta property=\"og:site_name\" content=\"UMILOWANI.PL\" \/>\n<meta property=\"article:modified_time\" content=\"2024-12-02T10:11:16+00:00\" \/>\n<meta property=\"og:image\" content=\"https:\/\/umilowani.pl\/wp-content\/uploads\/2024\/10\/Roznice-miedzy-kobieta-i-mezczyzna-tabela-czwarta-291x300.jpg\" \/>\n<meta name=\"twitter:card\" content=\"summary_large_image\" \/>\n<meta name=\"twitter:label1\" content=\"Szacowany czas czytania\" \/>\n\t<meta name=\"twitter:data1\" content=\"3 minuty\" \/>\n<script type=\"application\/ld+json\" class=\"yoast-schema-graph\">{\"@context\":\"https:\\\/\\\/schema.org\",\"@graph\":[{\"@type\":\"WebPage\",\"@id\":\"https:\\\/\\\/umilowani.pl\\\/index.php\\\/roznice\\\/\",\"url\":\"https:\\\/\\\/umilowani.pl\\\/index.php\\\/roznice\\\/\",\"name\":\"R\u00f3\u017cnice - UMILOWANI.PL\",\"isPartOf\":{\"@id\":\"https:\\\/\\\/umilowani.pl\\\/#website\"},\"primaryImageOfPage\":{\"@id\":\"https:\\\/\\\/umilowani.pl\\\/index.php\\\/roznice\\\/#primaryimage\"},\"image\":{\"@id\":\"https:\\\/\\\/umilowani.pl\\\/index.php\\\/roznice\\\/#primaryimage\"},\"thumbnailUrl\":\"https:\\\/\\\/umilowani.pl\\\/wp-content\\\/uploads\\\/2024\\\/10\\\/Roznice-miedzy-kobieta-i-mezczyzna-tabela-czwarta-291x300.jpg\",\"datePublished\":\"2016-12-20T11:44:23+00:00\",\"dateModified\":\"2024-12-02T10:11:16+00:00\",\"description\":\"R\u00f3\u017cnice mi\u0119dzy nami s\u0105 pi\u0119kne i potrzebne, a to co nas paradoksalnie dzieli, mo\u017cemy przeku\u0107 we wsp\u00f3lny sukces mierzony udanym ma\u0142\u017ce\u0144stwem.\",\"breadcrumb\":{\"@id\":\"https:\\\/\\\/umilowani.pl\\\/index.php\\\/roznice\\\/#breadcrumb\"},\"inLanguage\":\"pl-PL\",\"potentialAction\":[{\"@type\":\"ReadAction\",\"target\":[\"https:\\\/\\\/umilowani.pl\\\/index.php\\\/roznice\\\/\"]}]},{\"@type\":\"ImageObject\",\"inLanguage\":\"pl-PL\",\"@id\":\"https:\\\/\\\/umilowani.pl\\\/index.php\\\/roznice\\\/#primaryimage\",\"url\":\"https:\\\/\\\/umilowani.pl\\\/wp-content\\\/uploads\\\/2024\\\/10\\\/Roznice-miedzy-kobieta-i-mezczyzna-tabela-czwarta.jpg\",\"contentUrl\":\"https:\\\/\\\/umilowani.pl\\\/wp-content\\\/uploads\\\/2024\\\/10\\\/Roznice-miedzy-kobieta-i-mezczyzna-tabela-czwarta.jpg\",\"width\":977,\"height\":1008,\"caption\":\"R\u00f3\u017cnice mi\u0119dzy kobiet\u0105 i m\u0119\u017cczyzn\u0105 - tabela czwarta.\"},{\"@type\":\"BreadcrumbList\",\"@id\":\"https:\\\/\\\/umilowani.pl\\\/index.php\\\/roznice\\\/#breadcrumb\",\"itemListElement\":[{\"@type\":\"ListItem\",\"position\":1,\"name\":\"Strona g\u0142\u00f3wna\",\"item\":\"https:\\\/\\\/umilowani.pl\\\/\"},{\"@type\":\"ListItem\",\"position\":2,\"name\":\"R\u00f3\u017cnice\"}]},{\"@type\":\"WebSite\",\"@id\":\"https:\\\/\\\/umilowani.pl\\\/#website\",\"url\":\"https:\\\/\\\/umilowani.pl\\\/\",\"name\":\"UMILOWANI.PL\",\"description\":\"Ma\u0142\u017ce\u0144stwo, mi\u0142o\u015b\u0107\",\"publisher\":{\"@id\":\"https:\\\/\\\/umilowani.pl\\\/#\\\/schema\\\/person\\\/600a3e0031b2b450828be24ac2027c8a\"},\"potentialAction\":[{\"@type\":\"SearchAction\",\"target\":{\"@type\":\"EntryPoint\",\"urlTemplate\":\"https:\\\/\\\/umilowani.pl\\\/?s={search_term_string}\"},\"query-input\":{\"@type\":\"PropertyValueSpecification\",\"valueRequired\":true,\"valueName\":\"search_term_string\"}}],\"inLanguage\":\"pl-PL\"},{\"@type\":[\"Person\",\"Organization\"],\"@id\":\"https:\\\/\\\/umilowani.pl\\\/#\\\/schema\\\/person\\\/600a3e0031b2b450828be24ac2027c8a\",\"name\":\"UMILOWANI.PL\",\"image\":{\"@type\":\"ImageObject\",\"inLanguage\":\"pl-PL\",\"@id\":\"https:\\\/\\\/umilowani.pl\\\/wp-content\\\/uploads\\\/2022\\\/07\\\/cropped-6.png\",\"url\":\"https:\\\/\\\/umilowani.pl\\\/wp-content\\\/uploads\\\/2022\\\/07\\\/cropped-6.png\",\"contentUrl\":\"https:\\\/\\\/umilowani.pl\\\/wp-content\\\/uploads\\\/2022\\\/07\\\/cropped-6.png\",\"width\":512,\"height\":512,\"caption\":\"UMILOWANI.PL\"},\"logo\":{\"@id\":\"https:\\\/\\\/umilowani.pl\\\/wp-content\\\/uploads\\\/2022\\\/07\\\/cropped-6.png\"}}]}<\/script>\n<!-- \/ Yoast SEO plugin. -->","yoast_head_json":{"title":"R\u00f3\u017cnice - UMILOWANI.PL","description":"R\u00f3\u017cnice mi\u0119dzy nami s\u0105 pi\u0119kne i potrzebne, a to co nas paradoksalnie dzieli, mo\u017cemy przeku\u0107 we wsp\u00f3lny sukces mierzony udanym ma\u0142\u017ce\u0144stwem.","robots":{"index":"index","follow":"follow","max-snippet":"max-snippet:-1","max-image-preview":"max-image-preview:large","max-video-preview":"max-video-preview:-1"},"canonical":"https:\/\/umilowani.pl\/index.php\/roznice\/","og_locale":"pl_PL","og_type":"article","og_title":"R\u00f3\u017cnice - UMILOWANI.PL","og_description":"R\u00f3\u017cnice mi\u0119dzy nami s\u0105 pi\u0119kne i potrzebne, a to co nas paradoksalnie dzieli, mo\u017cemy przeku\u0107 we wsp\u00f3lny sukces mierzony udanym ma\u0142\u017ce\u0144stwem.","og_url":"https:\/\/umilowani.pl\/index.php\/roznice\/","og_site_name":"UMILOWANI.PL","article_modified_time":"2024-12-02T10:11:16+00:00","og_image":[{"url":"https:\/\/umilowani.pl\/wp-content\/uploads\/2024\/10\/Roznice-miedzy-kobieta-i-mezczyzna-tabela-czwarta-291x300.jpg","type":"","width":"","height":""}],"twitter_card":"summary_large_image","twitter_misc":{"Szacowany czas czytania":"3 minuty"},"schema":{"@context":"https:\/\/schema.org","@graph":[{"@type":"WebPage","@id":"https:\/\/umilowani.pl\/index.php\/roznice\/","url":"https:\/\/umilowani.pl\/index.php\/roznice\/","name":"R\u00f3\u017cnice - UMILOWANI.PL","isPartOf":{"@id":"https:\/\/umilowani.pl\/#website"},"primaryImageOfPage":{"@id":"https:\/\/umilowani.pl\/index.php\/roznice\/#primaryimage"},"image":{"@id":"https:\/\/umilowani.pl\/index.php\/roznice\/#primaryimage"},"thumbnailUrl":"https:\/\/umilowani.pl\/wp-content\/uploads\/2024\/10\/Roznice-miedzy-kobieta-i-mezczyzna-tabela-czwarta-291x300.jpg","datePublished":"2016-12-20T11:44:23+00:00","dateModified":"2024-12-02T10:11:16+00:00","description":"R\u00f3\u017cnice mi\u0119dzy nami s\u0105 pi\u0119kne i potrzebne, a to co nas paradoksalnie dzieli, mo\u017cemy przeku\u0107 we wsp\u00f3lny sukces mierzony udanym ma\u0142\u017ce\u0144stwem.","breadcrumb":{"@id":"https:\/\/umilowani.pl\/index.php\/roznice\/#breadcrumb"},"inLanguage":"pl-PL","potentialAction":[{"@type":"ReadAction","target":["https:\/\/umilowani.pl\/index.php\/roznice\/"]}]},{"@type":"ImageObject","inLanguage":"pl-PL","@id":"https:\/\/umilowani.pl\/index.php\/roznice\/#primaryimage","url":"https:\/\/umilowani.pl\/wp-content\/uploads\/2024\/10\/Roznice-miedzy-kobieta-i-mezczyzna-tabela-czwarta.jpg","contentUrl":"https:\/\/umilowani.pl\/wp-content\/uploads\/2024\/10\/Roznice-miedzy-kobieta-i-mezczyzna-tabela-czwarta.jpg","width":977,"height":1008,"caption":"R\u00f3\u017cnice mi\u0119dzy kobiet\u0105 i m\u0119\u017cczyzn\u0105 - tabela czwarta."},{"@type":"BreadcrumbList","@id":"https:\/\/umilowani.pl\/index.php\/roznice\/#breadcrumb","itemListElement":[{"@type":"ListItem","position":1,"name":"Strona g\u0142\u00f3wna","item":"https:\/\/umilowani.pl\/"},{"@type":"ListItem","position":2,"name":"R\u00f3\u017cnice"}]},{"@type":"WebSite","@id":"https:\/\/umilowani.pl\/#website","url":"https:\/\/umilowani.pl\/","name":"UMILOWANI.PL","description":"Ma\u0142\u017ce\u0144stwo, mi\u0142o\u015b\u0107","publisher":{"@id":"https:\/\/umilowani.pl\/#\/schema\/person\/600a3e0031b2b450828be24ac2027c8a"},"potentialAction":[{"@type":"SearchAction","target":{"@type":"EntryPoint","urlTemplate":"https:\/\/umilowani.pl\/?s={search_term_string}"},"query-input":{"@type":"PropertyValueSpecification","valueRequired":true,"valueName":"search_term_string"}}],"inLanguage":"pl-PL"},{"@type":["Person","Organization"],"@id":"https:\/\/umilowani.pl\/#\/schema\/person\/600a3e0031b2b450828be24ac2027c8a","name":"UMILOWANI.PL","image":{"@type":"ImageObject","inLanguage":"pl-PL","@id":"https:\/\/umilowani.pl\/wp-content\/uploads\/2022\/07\/cropped-6.png","url":"https:\/\/umilowani.pl\/wp-content\/uploads\/2022\/07\/cropped-6.png","contentUrl":"https:\/\/umilowani.pl\/wp-content\/uploads\/2022\/07\/cropped-6.png","width":512,"height":512,"caption":"UMILOWANI.PL"},"logo":{"@id":"https:\/\/umilowani.pl\/wp-content\/uploads\/2022\/07\/cropped-6.png"}}]}},"_links":{"self":[{"href":"https:\/\/umilowani.pl\/index.php\/wp-json\/wp\/v2\/pages\/880","targetHints":{"allow":["GET"]}}],"collection":[{"href":"https:\/\/umilowani.pl\/index.php\/wp-json\/wp\/v2\/pages"}],"about":[{"href":"https:\/\/umilowani.pl\/index.php\/wp-json\/wp\/v2\/types\/page"}],"author":[{"embeddable":true,"href":"https:\/\/umilowani.pl\/index.php\/wp-json\/wp\/v2\/users\/1"}],"replies":[{"embeddable":true,"href":"https:\/\/umilowani.pl\/index.php\/wp-json\/wp\/v2\/comments?post=880"}],"version-history":[{"count":1,"href":"https:\/\/umilowani.pl\/index.php\/wp-json\/wp\/v2\/pages\/880\/revisions"}],"predecessor-version":[{"id":18470,"href":"https:\/\/umilowani.pl\/index.php\/wp-json\/wp\/v2\/pages\/880\/revisions\/18470"}],"wp:attachment":[{"href":"https:\/\/umilowani.pl\/index.php\/wp-json\/wp\/v2\/media?parent=880"}],"curies":[{"name":"wp","href":"https:\/\/api.w.org\/{rel}","templated":true}]}}