{"id":883,"date":"2016-12-20T12:48:09","date_gmt":"2016-12-20T11:48:09","guid":{"rendered":"http:\/\/umilowani.pl\/?page_id=883"},"modified":"2024-12-02T10:39:33","modified_gmt":"2024-12-02T09:39:33","slug":"hierarchia-osob","status":"publish","type":"page","link":"https:\/\/umilowani.pl\/index.php\/hierarchia-osob\/","title":{"rendered":"Hierarchia os\u00f3b"},"content":{"rendered":"<p>[et_pb_section fb_built=&#8221;1&#8243; custom_padding_last_edited=&#8221;on|desktop&#8221; admin_label=&#8221;section&#8221; _builder_version=&#8221;4.9.3&#8243; background_color=&#8221;#FFFFFF&#8221; custom_padding_tablet=&#8221;50px|0|50px|0&#8243; custom_padding_phone=&#8221;&#8221; transparent_background=&#8221;on&#8221; padding_mobile=&#8221;off&#8221; make_fullwidth=&#8221;off&#8221; use_custom_width=&#8221;off&#8221; width_unit=&#8221;on&#8221; custom_width_px=&#8221;1080px&#8221; custom_width_percent=&#8221;80%&#8221;][et_pb_row padding_mobile=&#8221;off&#8221; column_padding_mobile=&#8221;on&#8221; admin_label=&#8221;row&#8221; _builder_version=&#8221;4.9.3&#8243; background_size=&#8221;initial&#8221; background_position=&#8221;top_left&#8221; background_repeat=&#8221;repeat&#8221; width=&#8221;100%&#8221; max_width=&#8221;100%&#8221; make_fullwidth=&#8221;off&#8221; use_custom_width=&#8221;on&#8221; width_unit=&#8221;off&#8221; custom_width_percent=&#8221;90%&#8221;][et_pb_column type=&#8221;4_4&#8243; _builder_version=&#8221;4.9.3&#8243; background_color=&#8221;rgba(0,0,0,0)&#8221; custom_padding=&#8221;|||&#8221; custom_padding__hover=&#8221;|||&#8221;][et_pb_blurb title=&#8221;HIERARCHIA OS\u00d3B&#8221; image=&#8221;https:\/\/umilowani.pl\/wp-content\/uploads\/2024\/12\/Hierarchia-osob2.jpg&#8221; alt=&#8221;Zamys\u0142&#8221; image_max_width=&#8221;75%&#8221; content_max_width=&#8221;90%&#8221; admin_label=&#8221;Blurb&#8221; _builder_version=&#8221;4.9.3&#8243; header_font_size=&#8221;16&#8243; header_line_height=&#8221;1.6em&#8221; body_font_size=&#8221;16px&#8221; background_size=&#8221;initial&#8221; background_position=&#8221;top_left&#8221; background_repeat=&#8221;repeat&#8221; text_orientation=&#8221;center&#8221; animation=&#8221;off&#8221; hover_enabled=&#8221;0&#8243; border_color_all=&#8221;#000000&#8243; border_width_all_image=&#8221;1px&#8221; border_color_all_image=&#8221;#043518&#8243; use_border_color=&#8221;off&#8221; border_color=&#8221;#ffffff&#8221; border_style=&#8221;solid&#8221; title_text=&#8221;Hierarchia os\u00f3b2&#8243; sticky_enabled=&#8221;0&#8243;]<\/p>\n<p>&nbsp;<\/p>\n<p style=\"text-align: center;\"><span style=\"color: #a0b34d;\"><strong><em>\u201eCHCESZ BY\u0106 DOBRY JAK CHLEB? ZACZNIJ OD SWOICH BLISKICH. TWOJE DOBRO MA BY\u0106 ODCZUWALNE NAJPIERW W TWOIM DOMU&#8221;.<br \/><\/em><\/strong>Jan Budziaszek \u201eDo nieba idzie si\u0119\u2026\u201d<\/span><\/p>\n<p style=\"text-align: center;\">\n<p style=\"text-align: center;\">Warto zda\u0107 sobie spraw\u0119, \u017ce w\u0142a\u015bciwa hierarchia os\u00f3b w ma\u0142\u017ce\u0144stwie i w rodzinie porz\u0105dkuje wzajemne relacje oraz daje poczucie bezpiecze\u0144stwa, akceptacji i wzajemnej mi\u0142o\u015bci. Na pocz\u0105tku warto zada\u0107 sobie pytanie: Jaka jest moja hierarchia os\u00f3b w ma\u0142\u017ce\u0144stwie\/rodzinie? Poni\u017cej podajemy chrze\u015bcija\u0144sk\u0105 hierarchi\u0119 os\u00f3b, z naszym kr\u00f3tkim uzasadnieniem (Chapman G., 2016; Cloud H., Townsend J., 2015; Dillow L., 2011; Guzewicz M., 2011, 2017, 2018, Pulikowski J., 2017):<\/p>\n<p style=\"text-align: center;\">\n<h3 style=\"text-align: center;\">Hierarchia os\u00f3b &#8211; podium<\/h3>\n<p style=\"text-align: center;\">\n<p style=\"text-align: center;\"><strong>B\u00f3g.<\/strong> Stw\u00f3rca \u015bwiata. Dawca mi\u0142o\u015bci. Przyjmijmy, cytuj\u0105c \u015bw. Augustyna, \u017ce:<em> \u201eJe\u017celi B\u00f3g w \u017cyciu jest na pierwszym miejscu, wszystko znajdzie si\u0119 na w\u0142a\u015bciwym miejscu\u201d<\/em><\/p>\n<p style=\"text-align: center;\"><strong>Ja.<\/strong> Aby m\u00f3c kocha\u0107 innych ludzi, trzeba pokocha\u0107 i polubi\u0107 siebie. Bez pozytywnego obrazu siebie trudno jest obdarowa\u0107 mi\u0142o\u015bci\u0105 drugiego cz\u0142owieka. Pan Jezus m\u00f3wi o tych zale\u017cno\u015bciach w przykazaniu mi\u0142o\u015bci: <em>\u201eB\u0119dziesz mi\u0142owa\u0142 Pana, Boga swego, ca\u0142ym swoim sercem, ca\u0142\u0105 swoj\u0105 dusz\u0105, ca\u0142ym swoim umys\u0142em i ca\u0142\u0105 swoj\u0105 moc\u0105. Drugie jest to: B\u0119dziesz mi\u0142owa\u0142 swego bli\u017aniego jak siebie samego. Nie ma innego przykazania wi\u0119kszego od tych (Mk 12, 28b-34)\u201d.<\/em><\/p>\n<p style=\"text-align: center;\"><strong>Ma\u0142\u017conek.<\/strong> Osoba, z kt\u00f3r\u0105 dziel\u0119 si\u0119 swoj\u0105 mi\u0142o\u015bci\u0105 w pierwszej kolejno\u015bci i w mo\u017cliwie najg\u0142\u0119bszy spos\u00f3b (w akcie ma\u0142\u017ce\u0144skim). <em>\u201eDlatego opu\u015bci cz\u0142owiek ojca i matk\u0119 i z\u0142\u0105czy si\u0119 ze swoj\u0105 \u017con\u0105, i b\u0119d\u0105 oboje jednym cia\u0142em. A tak ju\u017c nie s\u0105 dwoje, lecz jedno cia\u0142o. Co wi\u0119c B\u00f3g z\u0142\u0105czy\u0142, niech cz\u0142owiek nie rozdziela (Mt 19, 5).\u201d<\/em> Z nikim innym, nie mo\u017cemy stworzy\u0107 takiej jedno\u015bci.<\/p>\n<p style=\"text-align: center;\">\n<h3 style=\"text-align: center;\">Hierarchia os\u00f3b &#8211; tu\u017c za podium<\/h3>\n<p style=\"text-align: center;\">\n<p style=\"text-align: center;\"><strong>Dzieci.<\/strong> S\u0105 owocem mi\u0142o\u015bci ma\u0142\u017ce\u0144skiej. Nie s\u0105 nasz\u0105 w\u0142asno\u015bci\u0105, lecz najcenniejszym darem naszego ma\u0142\u017ce\u0144stwa. Dzieci naturalnie i na zawsze wyjd\u0105 kiedy\u015b z domu, a ma\u0142\u017conek? Oby nigdy nie odszed\u0142\u2026 Szczeg\u00f3lnie warto o tym pami\u0119ta\u0107 po porodzie, gdy ma\u0142y brzd\u0105c \u201ewywraca do g\u00f3ry nogami\u201d nasz dotychczasowy \u015bwiat. Nawet wtedy m\u0105\u017c jest wa\u017cniejszy od dziecka (cho\u0107 naturalnie wi\u0119cej czasu i uwagi po\u015bwi\u0119camy male\u0144stwu), czemu powinni\u015bmy da\u0107 wyraz w prostych gestach mi\u0142o\u015bci (np.: przywitaniu, dobrym s\u0142owie, zainteresowaniu jego sprawami).<\/p>\n<p style=\"text-align: center;\"><strong>Rodzice. <\/strong>Ziemscy dawcy naszego \u017cycia. Nale\u017cy im si\u0119 zawsze pomoc, wdzi\u0119czno\u015b\u0107 i szacunek. Oni przebierali nam pieluchy, my te\u017c b\u0105d\u017amy gotowi kiedy\u015b to zrobi\u0107, zw\u0142aszcza wtedy, gdy na staro\u015b\u0107 zabraknie wsp\u00f3\u0142ma\u0142\u017conka jednemu z nich\u2026 Rodzice nie mog\u0105 by\u0107 jednak traktowani na r\u00f3wni z naszym ma\u0142\u017ce\u0144stwem. Wyb\u00f3r mi\u0119dzy wsp\u00f3\u0142ma\u0142\u017conkiem a rodzicem jest zawsze jeden: pierwsze\u0144stwo ma wsp\u00f3\u0142ma\u0142\u017conek i dobro naszego ma\u0142\u017ce\u0144stwa.<\/p>\n<p style=\"text-align: center;\"><strong>Dalsza rodzina.<\/strong> Ci, z kt\u00f3rymi wzrastali\u015bmy w okresie dzieci\u0144stwa, kt\u00f3rzy bawili si\u0119 z nami i nami opiekowali. Utrzymywanie z nimi szczerej i przyjacielskiej relacji jest wielkim skarbem i niesie ze sob\u0105 wiele dobra, r\u00f3wnie\u017c dla wsp\u00f3\u0142ma\u0142\u017conka i naszych dzieci.<\/p>\n<p style=\"text-align: center;\"><strong>Przyjaciele i znajomi.<\/strong> Niejednokrotnie s\u0105 nam r\u00f3wnie bliscy jak rodzice i pozosta\u0142a rodzina. Warto piel\u0119gnowa\u0107 przyja\u017anie i poszerza\u0107 grono znajomych. Jednak\u017ce w sytuacji wyboru pierwsze\u0144stwo ma zawsze dobro naszej rodziny.<\/p>\n<p style=\"text-align: center;\">\n<h3 style=\"text-align: center;\">I co dalej?<\/h3>\n<p style=\"text-align: center;\">\n<p style=\"text-align: center;\">\u0141atwo jest o tym pisa\u0107. Du\u017co trudniej wprowadzi\u0107 tak\u0105 hierarchi\u0119 os\u00f3b we w\u0142asne \u017cycie ma\u0142\u017ce\u0144skie. Nieraz pewnie za\u0142amujemy r\u0119ce nad tym, \u017ce danej sytuacji nie rozegrali\u015bmy tak, jak by\u015bmy chcieli, bo np. zabrak\u0142o nam odwagi, by obroni\u0107 wsp\u00f3\u0142ma\u0142\u017conka przed niesprawiedliw\u0105 krytyk\u0105 ze strony rodzic\u00f3w. Pami\u0119tajmy: nie mo\u017cemy zrobi\u0107 niczego lepszego dla nas, naszego wsp\u00f3\u0142ma\u0142\u017conka, naszych dzieci i rodzic\u00f3w, jak zadba\u0107 o nasze ma\u0142\u017ce\u0144stwo. Je\u015bli w hierarchii os\u00f3b Tw\u00f3j wsp\u00f3\u0142ma\u0142\u017conek b\u0119dzie najwa\u017cniejszy i b\u0119dzie to czu\u0142, to:<\/p>\n<p style=\"text-align: center;\">&#8211; Wasza relacja b\u0119dzie mocna i trwa\u0142a, a Wy b\u0119dziecie mieli niezachwiane oparcie w sobie.<br \/>&#8211; Wasze dzieci b\u0119d\u0105 szcz\u0119\u015bliwe i b\u0119d\u0105 czu\u0142y si\u0119 bezpieczne.<br \/>&#8211; Rodzice i te\u015bciowie b\u0119d\u0105 szanowa\u0107 granice w Waszym ma\u0142\u017ce\u0144stwie, co z kolei zmniejszy ilo\u015b\u0107 konfliktowych sytuacji.<\/p>\n<p>[\/et_pb_blurb][\/et_pb_column][\/et_pb_row][\/et_pb_section]<\/p>\n","protected":false},"excerpt":{"rendered":"<p>[et_pb_section fb_built=&#8221;1&#8243; custom_padding_last_edited=&#8221;on|desktop&#8221; admin_label=&#8221;section&#8221; _builder_version=&#8221;4.9.3&#8243; background_color=&#8221;#FFFFFF&#8221; custom_padding_tablet=&#8221;50px|0|50px|0&#8243; custom_padding_phone=&#8221;&#8221; transparent_background=&#8221;on&#8221; padding_mobile=&#8221;off&#8221; make_fullwidth=&#8221;off&#8221; use_custom_width=&#8221;off&#8221; width_unit=&#8221;on&#8221; custom_width_px=&#8221;1080px&#8221; custom_width_percent=&#8221;80%&#8221;][et_pb_row padding_mobile=&#8221;off&#8221; column_padding_mobile=&#8221;on&#8221; admin_label=&#8221;row&#8221; _builder_version=&#8221;4.9.3&#8243; background_size=&#8221;initial&#8221; background_position=&#8221;top_left&#8221; background_repeat=&#8221;repeat&#8221; width=&#8221;100%&#8221; max_width=&#8221;100%&#8221; make_fullwidth=&#8221;off&#8221; use_custom_width=&#8221;on&#8221; width_unit=&#8221;off&#8221; custom_width_percent=&#8221;90%&#8221;][et_pb_column type=&#8221;4_4&#8243; _builder_version=&#8221;4.9.3&#8243; background_color=&#8221;rgba(0,0,0,0)&#8221; custom_padding=&#8221;|||&#8221; custom_padding__hover=&#8221;|||&#8221;][et_pb_blurb title=&#8221;HIERARCHIA OS\u00d3B&#8221; image=&#8221;https:\/\/umilowani.pl\/wp-content\/uploads\/2024\/12\/Hierarchia-osob2.jpg&#8221; alt=&#8221;Zamys\u0142&#8221; image_max_width=&#8221;75%&#8221; content_max_width=&#8221;90%&#8221; admin_label=&#8221;Blurb&#8221; _builder_version=&#8221;4.9.3&#8243; header_font_size=&#8221;16&#8243; header_line_height=&#8221;1.6em&#8221; body_font_size=&#8221;16px&#8221; background_size=&#8221;initial&#8221; background_position=&#8221;top_left&#8221; background_repeat=&#8221;repeat&#8221; text_orientation=&#8221;center&#8221; animation=&#8221;off&#8221; hover_enabled=&#8221;0&#8243; border_color_all=&#8221;#000000&#8243; border_width_all_image=&#8221;1px&#8221; border_color_all_image=&#8221;#043518&#8243; use_border_color=&#8221;off&#8221; border_color=&#8221;#ffffff&#8221; [&hellip;]<\/p>\n","protected":false},"author":1,"featured_media":0,"parent":0,"menu_order":0,"comment_status":"closed","ping_status":"closed","template":"","meta":{"_et_pb_use_builder":"on","_et_pb_old_content":"","_et_gb_content_width":"","footnotes":""},"class_list":["post-883","page","type-page","status-publish","hentry"],"yoast_head":"<!-- This site is optimized with the Yoast SEO plugin v27.4 - https:\/\/yoast.com\/product\/yoast-seo-wordpress\/ -->\n<title>Hierarchia os\u00f3b - UMILOWANI.PL<\/title>\n<meta name=\"description\" content=\"W\u0142a\u015bciwa hierarchia os\u00f3b w \u017cyciu ma\u0142\u017ce\u0144skim jest niezwykle wa\u017cna, gdy\u017c porz\u0105dkuje wzajemne relacje oraz daje poczucie bezpiecze\u0144stwa.\" \/>\n<meta name=\"robots\" content=\"index, follow, max-snippet:-1, max-image-preview:large, max-video-preview:-1\" \/>\n<link rel=\"canonical\" href=\"https:\/\/umilowani.pl\/index.php\/hierarchia-osob\/\" \/>\n<meta property=\"og:locale\" content=\"pl_PL\" \/>\n<meta property=\"og:type\" content=\"article\" \/>\n<meta property=\"og:title\" content=\"Hierarchia os\u00f3b - UMILOWANI.PL\" \/>\n<meta property=\"og:description\" content=\"W\u0142a\u015bciwa hierarchia os\u00f3b w \u017cyciu ma\u0142\u017ce\u0144skim jest niezwykle wa\u017cna, gdy\u017c porz\u0105dkuje wzajemne relacje oraz daje poczucie bezpiecze\u0144stwa.\" \/>\n<meta property=\"og:url\" content=\"https:\/\/umilowani.pl\/index.php\/hierarchia-osob\/\" \/>\n<meta property=\"og:site_name\" content=\"UMILOWANI.PL\" \/>\n<meta property=\"article:modified_time\" content=\"2024-12-02T09:39:33+00:00\" \/>\n<meta name=\"twitter:card\" content=\"summary_large_image\" \/>\n<meta name=\"twitter:label1\" content=\"Szacowany czas czytania\" \/>\n\t<meta name=\"twitter:data1\" content=\"4 minuty\" \/>\n<script type=\"application\/ld+json\" class=\"yoast-schema-graph\">{\"@context\":\"https:\\\/\\\/schema.org\",\"@graph\":[{\"@type\":\"WebPage\",\"@id\":\"https:\\\/\\\/umilowani.pl\\\/index.php\\\/hierarchia-osob\\\/\",\"url\":\"https:\\\/\\\/umilowani.pl\\\/index.php\\\/hierarchia-osob\\\/\",\"name\":\"Hierarchia os\u00f3b - UMILOWANI.PL\",\"isPartOf\":{\"@id\":\"https:\\\/\\\/umilowani.pl\\\/#website\"},\"datePublished\":\"2016-12-20T11:48:09+00:00\",\"dateModified\":\"2024-12-02T09:39:33+00:00\",\"description\":\"W\u0142a\u015bciwa hierarchia os\u00f3b w \u017cyciu ma\u0142\u017ce\u0144skim jest niezwykle wa\u017cna, gdy\u017c porz\u0105dkuje wzajemne relacje oraz daje poczucie bezpiecze\u0144stwa.\",\"breadcrumb\":{\"@id\":\"https:\\\/\\\/umilowani.pl\\\/index.php\\\/hierarchia-osob\\\/#breadcrumb\"},\"inLanguage\":\"pl-PL\",\"potentialAction\":[{\"@type\":\"ReadAction\",\"target\":[\"https:\\\/\\\/umilowani.pl\\\/index.php\\\/hierarchia-osob\\\/\"]}]},{\"@type\":\"BreadcrumbList\",\"@id\":\"https:\\\/\\\/umilowani.pl\\\/index.php\\\/hierarchia-osob\\\/#breadcrumb\",\"itemListElement\":[{\"@type\":\"ListItem\",\"position\":1,\"name\":\"Strona g\u0142\u00f3wna\",\"item\":\"https:\\\/\\\/umilowani.pl\\\/\"},{\"@type\":\"ListItem\",\"position\":2,\"name\":\"Hierarchia os\u00f3b\"}]},{\"@type\":\"WebSite\",\"@id\":\"https:\\\/\\\/umilowani.pl\\\/#website\",\"url\":\"https:\\\/\\\/umilowani.pl\\\/\",\"name\":\"UMILOWANI.PL\",\"description\":\"Ma\u0142\u017ce\u0144stwo, mi\u0142o\u015b\u0107\",\"publisher\":{\"@id\":\"https:\\\/\\\/umilowani.pl\\\/#\\\/schema\\\/person\\\/600a3e0031b2b450828be24ac2027c8a\"},\"potentialAction\":[{\"@type\":\"SearchAction\",\"target\":{\"@type\":\"EntryPoint\",\"urlTemplate\":\"https:\\\/\\\/umilowani.pl\\\/?s={search_term_string}\"},\"query-input\":{\"@type\":\"PropertyValueSpecification\",\"valueRequired\":true,\"valueName\":\"search_term_string\"}}],\"inLanguage\":\"pl-PL\"},{\"@type\":[\"Person\",\"Organization\"],\"@id\":\"https:\\\/\\\/umilowani.pl\\\/#\\\/schema\\\/person\\\/600a3e0031b2b450828be24ac2027c8a\",\"name\":\"UMILOWANI.PL\",\"image\":{\"@type\":\"ImageObject\",\"inLanguage\":\"pl-PL\",\"@id\":\"https:\\\/\\\/umilowani.pl\\\/wp-content\\\/uploads\\\/2022\\\/07\\\/cropped-6.png\",\"url\":\"https:\\\/\\\/umilowani.pl\\\/wp-content\\\/uploads\\\/2022\\\/07\\\/cropped-6.png\",\"contentUrl\":\"https:\\\/\\\/umilowani.pl\\\/wp-content\\\/uploads\\\/2022\\\/07\\\/cropped-6.png\",\"width\":512,\"height\":512,\"caption\":\"UMILOWANI.PL\"},\"logo\":{\"@id\":\"https:\\\/\\\/umilowani.pl\\\/wp-content\\\/uploads\\\/2022\\\/07\\\/cropped-6.png\"}}]}<\/script>\n<!-- \/ Yoast SEO plugin. -->","yoast_head_json":{"title":"Hierarchia os\u00f3b - UMILOWANI.PL","description":"W\u0142a\u015bciwa hierarchia os\u00f3b w \u017cyciu ma\u0142\u017ce\u0144skim jest niezwykle wa\u017cna, gdy\u017c porz\u0105dkuje wzajemne relacje oraz daje poczucie bezpiecze\u0144stwa.","robots":{"index":"index","follow":"follow","max-snippet":"max-snippet:-1","max-image-preview":"max-image-preview:large","max-video-preview":"max-video-preview:-1"},"canonical":"https:\/\/umilowani.pl\/index.php\/hierarchia-osob\/","og_locale":"pl_PL","og_type":"article","og_title":"Hierarchia os\u00f3b - UMILOWANI.PL","og_description":"W\u0142a\u015bciwa hierarchia os\u00f3b w \u017cyciu ma\u0142\u017ce\u0144skim jest niezwykle wa\u017cna, gdy\u017c porz\u0105dkuje wzajemne relacje oraz daje poczucie bezpiecze\u0144stwa.","og_url":"https:\/\/umilowani.pl\/index.php\/hierarchia-osob\/","og_site_name":"UMILOWANI.PL","article_modified_time":"2024-12-02T09:39:33+00:00","twitter_card":"summary_large_image","twitter_misc":{"Szacowany czas czytania":"4 minuty"},"schema":{"@context":"https:\/\/schema.org","@graph":[{"@type":"WebPage","@id":"https:\/\/umilowani.pl\/index.php\/hierarchia-osob\/","url":"https:\/\/umilowani.pl\/index.php\/hierarchia-osob\/","name":"Hierarchia os\u00f3b - UMILOWANI.PL","isPartOf":{"@id":"https:\/\/umilowani.pl\/#website"},"datePublished":"2016-12-20T11:48:09+00:00","dateModified":"2024-12-02T09:39:33+00:00","description":"W\u0142a\u015bciwa hierarchia os\u00f3b w \u017cyciu ma\u0142\u017ce\u0144skim jest niezwykle wa\u017cna, gdy\u017c porz\u0105dkuje wzajemne relacje oraz daje poczucie bezpiecze\u0144stwa.","breadcrumb":{"@id":"https:\/\/umilowani.pl\/index.php\/hierarchia-osob\/#breadcrumb"},"inLanguage":"pl-PL","potentialAction":[{"@type":"ReadAction","target":["https:\/\/umilowani.pl\/index.php\/hierarchia-osob\/"]}]},{"@type":"BreadcrumbList","@id":"https:\/\/umilowani.pl\/index.php\/hierarchia-osob\/#breadcrumb","itemListElement":[{"@type":"ListItem","position":1,"name":"Strona g\u0142\u00f3wna","item":"https:\/\/umilowani.pl\/"},{"@type":"ListItem","position":2,"name":"Hierarchia os\u00f3b"}]},{"@type":"WebSite","@id":"https:\/\/umilowani.pl\/#website","url":"https:\/\/umilowani.pl\/","name":"UMILOWANI.PL","description":"Ma\u0142\u017ce\u0144stwo, mi\u0142o\u015b\u0107","publisher":{"@id":"https:\/\/umilowani.pl\/#\/schema\/person\/600a3e0031b2b450828be24ac2027c8a"},"potentialAction":[{"@type":"SearchAction","target":{"@type":"EntryPoint","urlTemplate":"https:\/\/umilowani.pl\/?s={search_term_string}"},"query-input":{"@type":"PropertyValueSpecification","valueRequired":true,"valueName":"search_term_string"}}],"inLanguage":"pl-PL"},{"@type":["Person","Organization"],"@id":"https:\/\/umilowani.pl\/#\/schema\/person\/600a3e0031b2b450828be24ac2027c8a","name":"UMILOWANI.PL","image":{"@type":"ImageObject","inLanguage":"pl-PL","@id":"https:\/\/umilowani.pl\/wp-content\/uploads\/2022\/07\/cropped-6.png","url":"https:\/\/umilowani.pl\/wp-content\/uploads\/2022\/07\/cropped-6.png","contentUrl":"https:\/\/umilowani.pl\/wp-content\/uploads\/2022\/07\/cropped-6.png","width":512,"height":512,"caption":"UMILOWANI.PL"},"logo":{"@id":"https:\/\/umilowani.pl\/wp-content\/uploads\/2022\/07\/cropped-6.png"}}]}},"_links":{"self":[{"href":"https:\/\/umilowani.pl\/index.php\/wp-json\/wp\/v2\/pages\/883","targetHints":{"allow":["GET"]}}],"collection":[{"href":"https:\/\/umilowani.pl\/index.php\/wp-json\/wp\/v2\/pages"}],"about":[{"href":"https:\/\/umilowani.pl\/index.php\/wp-json\/wp\/v2\/types\/page"}],"author":[{"embeddable":true,"href":"https:\/\/umilowani.pl\/index.php\/wp-json\/wp\/v2\/users\/1"}],"replies":[{"embeddable":true,"href":"https:\/\/umilowani.pl\/index.php\/wp-json\/wp\/v2\/comments?post=883"}],"version-history":[{"count":1,"href":"https:\/\/umilowani.pl\/index.php\/wp-json\/wp\/v2\/pages\/883\/revisions"}],"predecessor-version":[{"id":18436,"href":"https:\/\/umilowani.pl\/index.php\/wp-json\/wp\/v2\/pages\/883\/revisions\/18436"}],"wp:attachment":[{"href":"https:\/\/umilowani.pl\/index.php\/wp-json\/wp\/v2\/media?parent=883"}],"curies":[{"name":"wp","href":"https:\/\/api.w.org\/{rel}","templated":true}]}}