{"id":885,"date":"2016-12-20T13:06:17","date_gmt":"2016-12-20T12:06:17","guid":{"rendered":"http:\/\/umilowani.pl\/?page_id=885"},"modified":"2024-12-02T10:58:32","modified_gmt":"2024-12-02T09:58:32","slug":"jezyki-milosci","status":"publish","type":"page","link":"https:\/\/umilowani.pl\/index.php\/jezyki-milosci\/","title":{"rendered":"J\u0119zyki mi\u0142o\u015bci"},"content":{"rendered":"<p>[et_pb_section fb_built=&#8221;1&#8243; custom_padding_last_edited=&#8221;on|desktop&#8221; admin_label=&#8221;section&#8221; _builder_version=&#8221;4.9.3&#8243; background_color=&#8221;#FFFFFF&#8221; custom_padding_tablet=&#8221;50px|0|50px|0&#8243; custom_padding_phone=&#8221;&#8221; transparent_background=&#8221;on&#8221; padding_mobile=&#8221;off&#8221; make_fullwidth=&#8221;off&#8221; use_custom_width=&#8221;off&#8221; width_unit=&#8221;on&#8221; custom_width_px=&#8221;1080px&#8221; custom_width_percent=&#8221;80%&#8221;][et_pb_row padding_mobile=&#8221;off&#8221; column_padding_mobile=&#8221;on&#8221; admin_label=&#8221;row&#8221; _builder_version=&#8221;4.9.3&#8243; background_size=&#8221;initial&#8221; background_position=&#8221;top_left&#8221; background_repeat=&#8221;repeat&#8221; width=&#8221;100%&#8221; max_width=&#8221;100%&#8221; make_fullwidth=&#8221;off&#8221; use_custom_width=&#8221;on&#8221; width_unit=&#8221;off&#8221; custom_width_percent=&#8221;90%&#8221;][et_pb_column type=&#8221;4_4&#8243; _builder_version=&#8221;4.9.3&#8243; background_color=&#8221;rgba(0,0,0,0)&#8221; custom_padding=&#8221;|||&#8221; custom_padding__hover=&#8221;|||&#8221;][et_pb_blurb title=&#8221;J\u0118ZYKI MI\u0141O\u015aCI&#8221; image=&#8221;https:\/\/umilowani.pl\/wp-content\/uploads\/2024\/12\/Jezyki-milosci2.jpg&#8221; alt=&#8221;Zamys\u0142&#8221; image_max_width=&#8221;75%&#8221; content_max_width=&#8221;90%&#8221; admin_label=&#8221;Blurb&#8221; _builder_version=&#8221;4.9.3&#8243; header_font_size=&#8221;16&#8243; header_line_height=&#8221;1.6em&#8221; body_font_size=&#8221;16px&#8221; background_size=&#8221;initial&#8221; background_position=&#8221;top_left&#8221; background_repeat=&#8221;repeat&#8221; text_orientation=&#8221;center&#8221; animation=&#8221;off&#8221; hover_enabled=&#8221;0&#8243; border_color_all=&#8221;#000000&#8243; border_width_all_image=&#8221;1px&#8221; border_color_all_image=&#8221;#043518&#8243; use_border_color=&#8221;off&#8221; border_color=&#8221;#ffffff&#8221; border_style=&#8221;solid&#8221; sticky_enabled=&#8221;0&#8243;]<\/p>\n<div class=\"et_pb_slide_content\" style=\"text-align: center;\">\n<div class=\"et_pb_slide_content\">\n<div>\n<p>&nbsp;<\/p>\n<p><span style=\"color: #a0b34d;\"><strong><em>\u201e\u017bADNA MI\u0141O\u015a\u0106 NIE B\u0118DZIE TRWA\u0141A I WZRASTA\u0141A, JE\u017bELI KOCHAJ\u0104CE SI\u0118 OSOBY NIE SP\u0118DZAJ\u0104 RAZEM CZASU\u201d.<br \/><\/em><\/strong>Jan Budziaszek \u201eDo nieba idzie si\u0119\u2026\u201d<\/span><\/p>\n<p>&nbsp;<\/p>\n<div class=\"et_pb_slide_content\">\n<div class=\"et_pb_slide_content\">\n<p>Ka\u017cdy cz\u0142owiek w charakterystyczny dla siebie spos\u00f3b okazuje mi\u0142o\u015b\u0107 i \u201eodbiera\u201d j\u0105, tzn. czuje si\u0119 kochany (b\u0105d\u017a niekochany) w zale\u017cno\u015bci od konkretnych dzia\u0142a\u0144 wsp\u00f3\u0142ma\u0142\u017conka (b\u0105d\u017a braku tych dzia\u0142a\u0144). Koncepcj\u0119 j\u0119zyk\u00f3w mi\u0142o\u015bci (bo tak nazywa si\u0119 ten indywidualny spos\u00f3b okazywania i \u201eodbierania\u201d mi\u0142o\u015bci) opisa\u0142 G. Chapman (Chapman G., 2014). Wyr\u00f3\u017cniamy pi\u0119\u0107 j\u0119zyk\u00f3w mi\u0142o\u015bci:<\/p>\n<p>&nbsp;<\/p>\n<h3>Czas<\/h3>\n<p>&nbsp;<\/p>\n<p>Dla osoby m\u00f3wi\u0105cej tym j\u0119zykiem postawa mi\u0142o\u015bci przejawia si\u0119 w przebywaniu ze sob\u0105 (po\u015bwi\u0119caniu uwagi, robieniu czego\u015b wsp\u00f3lnie).<\/p>\n<p>&nbsp;<\/p>\n<h3>Prezenty<\/h3>\n<p>&nbsp;<\/p>\n<p>Dla osoby m\u00f3wi\u0105cej tym j\u0119zykiem postawa mi\u0142o\u015bci kojarzy si\u0119 z otrzymywaniem prezent\u00f3w (nie chodzi o drogie podarunki, raczej o dow\u00f3d pami\u0119ci i symboliczne okazywanie w ten spos\u00f3b mi\u0142o\u015bci).<\/p>\n<p>&nbsp;<\/p>\n<h3>Afirmuj\u0105ce s\u0142owa<\/h3>\n<p>&nbsp;<\/p>\n<p>Dla osoby m\u00f3wi\u0105cej tym j\u0119zykiem mi\u0142o\u015b\u0107 jest r\u00f3wnoznaczna z docenieniem i afirmowaniem (chwaleniem). Mi\u0142e s\u0142owa s\u0105 dla takiej osoby potrzebne jak tlen dla cz\u0142owieka.<\/p>\n<p>&nbsp;<\/p>\n<h3>Dotyk<\/h3>\n<p>&nbsp;<\/p>\n<p>Wsp\u00f3\u0142ma\u0142\u017conek pos\u0142uguj\u0105cy si\u0119 tym j\u0119zykiem potrzebuje dotyku i kontaktu fizycznego (trzymania za r\u0119k\u0119, obejmowania, przytulania, wsp\u00f3\u0142\u017cycia).<\/p>\n<p>&nbsp;<\/p>\n<h3>Praktyczna pomoc<\/h3>\n<p>&nbsp;<\/p>\n<p>Osoba m\u00f3wi\u0105ca tym j\u0119zykiem czuje si\u0119 kochana, gdy okazuje jej si\u0119 praktyczn\u0105 pomoc (mycie naczy\u0144, odkurzanie mieszkania itp.).<\/p>\n<p>G. Chapman twierdzi, \u017ce poznanie j\u0119zyka mi\u0142o\u015bci wsp\u00f3\u0142ma\u0142\u017conka i pos\u0142ugiwanie si\u0119 nim w codzienno\u015bci jest recept\u0105 na udane i szcz\u0119\u015bliwe ma\u0142\u017ce\u0144stwo. Poniewa\u017c m\u0105\u017c i \u017cona zazwyczaj maj\u0105 inne j\u0119zyki mi\u0142o\u015bci, to intuicyjnie m\u00f3wi\u0105 w swoim j\u0119zyku mi\u0142o\u015bci do wsp\u00f3\u0142ma\u0142\u017conka. Tymczasem kluczem do zdobycia serca m\u0119\u017ca\/\u017cony jest m\u00f3wienie w JEGO j\u0119zyku mi\u0142o\u015bci! Przyk\u0142adowo: j\u0119zykiem mi\u0142o\u015bci \u017cony s\u0105 \u201eafirmuj\u0105ce s\u0142owa\u201d, a m\u0105\u017c odbiera mi\u0142o\u015b\u0107 poprzez po\u015bwi\u0119cony \u201eczas\u201d. \u017bona mo\u017ce komplementowa\u0107 m\u0119\u017ca i wspiera\u0107 s\u0142ownie jego dzia\u0142ania, r\u00f3wnocze\u015bnie rozmawiaj\u0105c z nim 5 minut dziennie. M\u0105\u017c nie b\u0119dzie si\u0119 czu\u0142 kochany, bo potrzebuje czego\u015b innego. Nie rozumie j\u0119zyka mi\u0142o\u015bci, jakim pos\u0142uguje si\u0119 \u017cona. I odwrotnie: m\u0119\u017cczyzna ci\u0105gle chce spacerowa\u0107 z ukochan\u0105, rozmawia\u0107, wszystko robi\u0107 razem. \u017bona czuje si\u0119 niekochana i nieszcz\u0119\u015bliwa, bo nie s\u0142yszy komplement\u00f3w i wspieraj\u0105cych s\u0142\u00f3w. Nie rozumie j\u0119zyka mi\u0142o\u015bci, jakim pos\u0142uguje si\u0119 m\u0105\u017c.<\/p>\n<p>Zach\u0119camy do odkrycia swojego j\u0119zyka mi\u0142o\u015bci i j\u0119zyka mi\u0142o\u015bci, jakim m\u00f3wi nasz wsp\u00f3\u0142ma\u0142\u017conek na <a href=\"http:\/\/umilowani.pl\/index.php\/warsztaty\/\" target=\"_blank\" rel=\"noopener noreferrer\">warsztatach dla ma\u0142\u017ce\u0144stw<\/a> lub indywidualnie, zg\u0142\u0119biaj\u0105c ksi\u0105\u017ck\u0119 G. Chapmana.<\/p>\n<\/div>\n<\/div>\n<\/div>\n<\/div>\n<\/div>\n<p>[\/et_pb_blurb][\/et_pb_column][\/et_pb_row][\/et_pb_section]<\/p>\n","protected":false},"excerpt":{"rendered":"<p>[et_pb_section fb_built=&#8221;1&#8243; custom_padding_last_edited=&#8221;on|desktop&#8221; admin_label=&#8221;section&#8221; _builder_version=&#8221;4.9.3&#8243; background_color=&#8221;#FFFFFF&#8221; custom_padding_tablet=&#8221;50px|0|50px|0&#8243; custom_padding_phone=&#8221;&#8221; transparent_background=&#8221;on&#8221; padding_mobile=&#8221;off&#8221; make_fullwidth=&#8221;off&#8221; use_custom_width=&#8221;off&#8221; width_unit=&#8221;on&#8221; custom_width_px=&#8221;1080px&#8221; custom_width_percent=&#8221;80%&#8221;][et_pb_row padding_mobile=&#8221;off&#8221; column_padding_mobile=&#8221;on&#8221; admin_label=&#8221;row&#8221; _builder_version=&#8221;4.9.3&#8243; background_size=&#8221;initial&#8221; background_position=&#8221;top_left&#8221; background_repeat=&#8221;repeat&#8221; width=&#8221;100%&#8221; max_width=&#8221;100%&#8221; make_fullwidth=&#8221;off&#8221; use_custom_width=&#8221;on&#8221; width_unit=&#8221;off&#8221; custom_width_percent=&#8221;90%&#8221;][et_pb_column type=&#8221;4_4&#8243; _builder_version=&#8221;4.9.3&#8243; background_color=&#8221;rgba(0,0,0,0)&#8221; custom_padding=&#8221;|||&#8221; custom_padding__hover=&#8221;|||&#8221;][et_pb_blurb title=&#8221;J\u0118ZYKI MI\u0141O\u015aCI&#8221; image=&#8221;https:\/\/umilowani.pl\/wp-content\/uploads\/2024\/12\/Jezyki-milosci2.jpg&#8221; alt=&#8221;Zamys\u0142&#8221; image_max_width=&#8221;75%&#8221; content_max_width=&#8221;90%&#8221; admin_label=&#8221;Blurb&#8221; _builder_version=&#8221;4.9.3&#8243; header_font_size=&#8221;16&#8243; header_line_height=&#8221;1.6em&#8221; body_font_size=&#8221;16px&#8221; background_size=&#8221;initial&#8221; background_position=&#8221;top_left&#8221; background_repeat=&#8221;repeat&#8221; text_orientation=&#8221;center&#8221; animation=&#8221;off&#8221; hover_enabled=&#8221;0&#8243; border_color_all=&#8221;#000000&#8243; border_width_all_image=&#8221;1px&#8221; border_color_all_image=&#8221;#043518&#8243; use_border_color=&#8221;off&#8221; border_color=&#8221;#ffffff&#8221; [&hellip;]<\/p>\n","protected":false},"author":1,"featured_media":0,"parent":0,"menu_order":0,"comment_status":"closed","ping_status":"closed","template":"","meta":{"_et_pb_use_builder":"on","_et_pb_old_content":"","_et_gb_content_width":"","footnotes":""},"class_list":["post-885","page","type-page","status-publish","hentry"],"yoast_head":"<!-- This site is optimized with the Yoast SEO plugin v27.5 - https:\/\/yoast.com\/product\/yoast-seo-wordpress\/ -->\n<title>J\u0119zyki mi\u0142o\u015bci - UMILOWANI.PL<\/title>\n<meta name=\"description\" content=\"Ka\u017cdy cz\u0142owiek w charakterystyczny dla siebie spos\u00f3b okazuje mi\u0142o\u015b\u0107 i \u201eodbiera\u201d j\u0105. J\u0119zyki mi\u0142o\u015bci to koncepcja, kt\u00f3ra opisuje t\u0105 zale\u017cno\u015b\u0107.\" \/>\n<meta name=\"robots\" content=\"index, follow, max-snippet:-1, max-image-preview:large, max-video-preview:-1\" \/>\n<link rel=\"canonical\" href=\"https:\/\/umilowani.pl\/index.php\/jezyki-milosci\/\" \/>\n<meta property=\"og:locale\" content=\"pl_PL\" \/>\n<meta property=\"og:type\" content=\"article\" \/>\n<meta property=\"og:title\" content=\"J\u0119zyki mi\u0142o\u015bci - UMILOWANI.PL\" \/>\n<meta property=\"og:description\" content=\"Ka\u017cdy cz\u0142owiek w charakterystyczny dla siebie spos\u00f3b okazuje mi\u0142o\u015b\u0107 i \u201eodbiera\u201d j\u0105. J\u0119zyki mi\u0142o\u015bci to koncepcja, kt\u00f3ra opisuje t\u0105 zale\u017cno\u015b\u0107.\" \/>\n<meta property=\"og:url\" content=\"https:\/\/umilowani.pl\/index.php\/jezyki-milosci\/\" \/>\n<meta property=\"og:site_name\" content=\"UMILOWANI.PL\" \/>\n<meta property=\"article:modified_time\" content=\"2024-12-02T09:58:32+00:00\" \/>\n<meta name=\"twitter:card\" content=\"summary_large_image\" \/>\n<meta name=\"twitter:label1\" content=\"Szacowany czas czytania\" \/>\n\t<meta name=\"twitter:data1\" content=\"3 minuty\" \/>\n<script type=\"application\/ld+json\" class=\"yoast-schema-graph\">{\"@context\":\"https:\\\/\\\/schema.org\",\"@graph\":[{\"@type\":\"WebPage\",\"@id\":\"https:\\\/\\\/umilowani.pl\\\/index.php\\\/jezyki-milosci\\\/\",\"url\":\"https:\\\/\\\/umilowani.pl\\\/index.php\\\/jezyki-milosci\\\/\",\"name\":\"J\u0119zyki mi\u0142o\u015bci - UMILOWANI.PL\",\"isPartOf\":{\"@id\":\"https:\\\/\\\/umilowani.pl\\\/#website\"},\"datePublished\":\"2016-12-20T12:06:17+00:00\",\"dateModified\":\"2024-12-02T09:58:32+00:00\",\"description\":\"Ka\u017cdy cz\u0142owiek w charakterystyczny dla siebie spos\u00f3b okazuje mi\u0142o\u015b\u0107 i \u201eodbiera\u201d j\u0105. J\u0119zyki mi\u0142o\u015bci to koncepcja, kt\u00f3ra opisuje t\u0105 zale\u017cno\u015b\u0107.\",\"breadcrumb\":{\"@id\":\"https:\\\/\\\/umilowani.pl\\\/index.php\\\/jezyki-milosci\\\/#breadcrumb\"},\"inLanguage\":\"pl-PL\",\"potentialAction\":[{\"@type\":\"ReadAction\",\"target\":[\"https:\\\/\\\/umilowani.pl\\\/index.php\\\/jezyki-milosci\\\/\"]}]},{\"@type\":\"BreadcrumbList\",\"@id\":\"https:\\\/\\\/umilowani.pl\\\/index.php\\\/jezyki-milosci\\\/#breadcrumb\",\"itemListElement\":[{\"@type\":\"ListItem\",\"position\":1,\"name\":\"Strona g\u0142\u00f3wna\",\"item\":\"https:\\\/\\\/umilowani.pl\\\/\"},{\"@type\":\"ListItem\",\"position\":2,\"name\":\"J\u0119zyki mi\u0142o\u015bci\"}]},{\"@type\":\"WebSite\",\"@id\":\"https:\\\/\\\/umilowani.pl\\\/#website\",\"url\":\"https:\\\/\\\/umilowani.pl\\\/\",\"name\":\"UMILOWANI.PL\",\"description\":\"Ma\u0142\u017ce\u0144stwo, mi\u0142o\u015b\u0107\",\"publisher\":{\"@id\":\"https:\\\/\\\/umilowani.pl\\\/#\\\/schema\\\/person\\\/600a3e0031b2b450828be24ac2027c8a\"},\"potentialAction\":[{\"@type\":\"SearchAction\",\"target\":{\"@type\":\"EntryPoint\",\"urlTemplate\":\"https:\\\/\\\/umilowani.pl\\\/?s={search_term_string}\"},\"query-input\":{\"@type\":\"PropertyValueSpecification\",\"valueRequired\":true,\"valueName\":\"search_term_string\"}}],\"inLanguage\":\"pl-PL\"},{\"@type\":[\"Person\",\"Organization\"],\"@id\":\"https:\\\/\\\/umilowani.pl\\\/#\\\/schema\\\/person\\\/600a3e0031b2b450828be24ac2027c8a\",\"name\":\"UMILOWANI.PL\",\"image\":{\"@type\":\"ImageObject\",\"inLanguage\":\"pl-PL\",\"@id\":\"https:\\\/\\\/umilowani.pl\\\/wp-content\\\/uploads\\\/2022\\\/07\\\/cropped-6.png\",\"url\":\"https:\\\/\\\/umilowani.pl\\\/wp-content\\\/uploads\\\/2022\\\/07\\\/cropped-6.png\",\"contentUrl\":\"https:\\\/\\\/umilowani.pl\\\/wp-content\\\/uploads\\\/2022\\\/07\\\/cropped-6.png\",\"width\":512,\"height\":512,\"caption\":\"UMILOWANI.PL\"},\"logo\":{\"@id\":\"https:\\\/\\\/umilowani.pl\\\/wp-content\\\/uploads\\\/2022\\\/07\\\/cropped-6.png\"}}]}<\/script>\n<!-- \/ Yoast SEO plugin. -->","yoast_head_json":{"title":"J\u0119zyki mi\u0142o\u015bci - UMILOWANI.PL","description":"Ka\u017cdy cz\u0142owiek w charakterystyczny dla siebie spos\u00f3b okazuje mi\u0142o\u015b\u0107 i \u201eodbiera\u201d j\u0105. J\u0119zyki mi\u0142o\u015bci to koncepcja, kt\u00f3ra opisuje t\u0105 zale\u017cno\u015b\u0107.","robots":{"index":"index","follow":"follow","max-snippet":"max-snippet:-1","max-image-preview":"max-image-preview:large","max-video-preview":"max-video-preview:-1"},"canonical":"https:\/\/umilowani.pl\/index.php\/jezyki-milosci\/","og_locale":"pl_PL","og_type":"article","og_title":"J\u0119zyki mi\u0142o\u015bci - UMILOWANI.PL","og_description":"Ka\u017cdy cz\u0142owiek w charakterystyczny dla siebie spos\u00f3b okazuje mi\u0142o\u015b\u0107 i \u201eodbiera\u201d j\u0105. J\u0119zyki mi\u0142o\u015bci to koncepcja, kt\u00f3ra opisuje t\u0105 zale\u017cno\u015b\u0107.","og_url":"https:\/\/umilowani.pl\/index.php\/jezyki-milosci\/","og_site_name":"UMILOWANI.PL","article_modified_time":"2024-12-02T09:58:32+00:00","twitter_card":"summary_large_image","twitter_misc":{"Szacowany czas czytania":"3 minuty"},"schema":{"@context":"https:\/\/schema.org","@graph":[{"@type":"WebPage","@id":"https:\/\/umilowani.pl\/index.php\/jezyki-milosci\/","url":"https:\/\/umilowani.pl\/index.php\/jezyki-milosci\/","name":"J\u0119zyki mi\u0142o\u015bci - UMILOWANI.PL","isPartOf":{"@id":"https:\/\/umilowani.pl\/#website"},"datePublished":"2016-12-20T12:06:17+00:00","dateModified":"2024-12-02T09:58:32+00:00","description":"Ka\u017cdy cz\u0142owiek w charakterystyczny dla siebie spos\u00f3b okazuje mi\u0142o\u015b\u0107 i \u201eodbiera\u201d j\u0105. J\u0119zyki mi\u0142o\u015bci to koncepcja, kt\u00f3ra opisuje t\u0105 zale\u017cno\u015b\u0107.","breadcrumb":{"@id":"https:\/\/umilowani.pl\/index.php\/jezyki-milosci\/#breadcrumb"},"inLanguage":"pl-PL","potentialAction":[{"@type":"ReadAction","target":["https:\/\/umilowani.pl\/index.php\/jezyki-milosci\/"]}]},{"@type":"BreadcrumbList","@id":"https:\/\/umilowani.pl\/index.php\/jezyki-milosci\/#breadcrumb","itemListElement":[{"@type":"ListItem","position":1,"name":"Strona g\u0142\u00f3wna","item":"https:\/\/umilowani.pl\/"},{"@type":"ListItem","position":2,"name":"J\u0119zyki mi\u0142o\u015bci"}]},{"@type":"WebSite","@id":"https:\/\/umilowani.pl\/#website","url":"https:\/\/umilowani.pl\/","name":"UMILOWANI.PL","description":"Ma\u0142\u017ce\u0144stwo, mi\u0142o\u015b\u0107","publisher":{"@id":"https:\/\/umilowani.pl\/#\/schema\/person\/600a3e0031b2b450828be24ac2027c8a"},"potentialAction":[{"@type":"SearchAction","target":{"@type":"EntryPoint","urlTemplate":"https:\/\/umilowani.pl\/?s={search_term_string}"},"query-input":{"@type":"PropertyValueSpecification","valueRequired":true,"valueName":"search_term_string"}}],"inLanguage":"pl-PL"},{"@type":["Person","Organization"],"@id":"https:\/\/umilowani.pl\/#\/schema\/person\/600a3e0031b2b450828be24ac2027c8a","name":"UMILOWANI.PL","image":{"@type":"ImageObject","inLanguage":"pl-PL","@id":"https:\/\/umilowani.pl\/wp-content\/uploads\/2022\/07\/cropped-6.png","url":"https:\/\/umilowani.pl\/wp-content\/uploads\/2022\/07\/cropped-6.png","contentUrl":"https:\/\/umilowani.pl\/wp-content\/uploads\/2022\/07\/cropped-6.png","width":512,"height":512,"caption":"UMILOWANI.PL"},"logo":{"@id":"https:\/\/umilowani.pl\/wp-content\/uploads\/2022\/07\/cropped-6.png"}}]}},"_links":{"self":[{"href":"https:\/\/umilowani.pl\/index.php\/wp-json\/wp\/v2\/pages\/885","targetHints":{"allow":["GET"]}}],"collection":[{"href":"https:\/\/umilowani.pl\/index.php\/wp-json\/wp\/v2\/pages"}],"about":[{"href":"https:\/\/umilowani.pl\/index.php\/wp-json\/wp\/v2\/types\/page"}],"author":[{"embeddable":true,"href":"https:\/\/umilowani.pl\/index.php\/wp-json\/wp\/v2\/users\/1"}],"replies":[{"embeddable":true,"href":"https:\/\/umilowani.pl\/index.php\/wp-json\/wp\/v2\/comments?post=885"}],"version-history":[{"count":2,"href":"https:\/\/umilowani.pl\/index.php\/wp-json\/wp\/v2\/pages\/885\/revisions"}],"predecessor-version":[{"id":18462,"href":"https:\/\/umilowani.pl\/index.php\/wp-json\/wp\/v2\/pages\/885\/revisions\/18462"}],"wp:attachment":[{"href":"https:\/\/umilowani.pl\/index.php\/wp-json\/wp\/v2\/media?parent=885"}],"curies":[{"name":"wp","href":"https:\/\/api.w.org\/{rel}","templated":true}]}}