{"id":952,"date":"2016-12-21T10:14:49","date_gmt":"2016-12-21T09:14:49","guid":{"rendered":"http:\/\/umilowani.pl\/?page_id=952"},"modified":"2024-12-02T10:27:52","modified_gmt":"2024-12-02T09:27:52","slug":"emocje","status":"publish","type":"page","link":"https:\/\/umilowani.pl\/index.php\/emocje\/","title":{"rendered":"Emocje"},"content":{"rendered":"<p>[et_pb_section fb_built=&#8221;1&#8243; custom_padding_last_edited=&#8221;on|desktop&#8221; admin_label=&#8221;section&#8221; _builder_version=&#8221;4.9.3&#8243; background_color=&#8221;#FFFFFF&#8221; custom_padding_tablet=&#8221;50px|0|50px|0&#8243; custom_padding_phone=&#8221;&#8221; transparent_background=&#8221;on&#8221; padding_mobile=&#8221;off&#8221; make_fullwidth=&#8221;off&#8221; use_custom_width=&#8221;off&#8221; width_unit=&#8221;on&#8221; custom_width_px=&#8221;1080px&#8221; custom_width_percent=&#8221;80%&#8221;][et_pb_row padding_mobile=&#8221;off&#8221; column_padding_mobile=&#8221;on&#8221; admin_label=&#8221;row&#8221; _builder_version=&#8221;4.9.3&#8243; background_size=&#8221;initial&#8221; background_position=&#8221;top_left&#8221; background_repeat=&#8221;repeat&#8221; width=&#8221;100%&#8221; max_width=&#8221;100%&#8221; make_fullwidth=&#8221;off&#8221; use_custom_width=&#8221;on&#8221; width_unit=&#8221;off&#8221; custom_width_percent=&#8221;90%&#8221;][et_pb_column type=&#8221;4_4&#8243; _builder_version=&#8221;4.9.3&#8243; background_color=&#8221;rgba(0,0,0,0)&#8221; custom_padding=&#8221;|||&#8221; custom_padding__hover=&#8221;|||&#8221;][et_pb_blurb title=&#8221;EMOCJE&#8221; image=&#8221;https:\/\/umilowani.pl\/wp-content\/uploads\/2024\/12\/Emocje2.jpg&#8221; alt=&#8221;Zamys\u0142&#8221; image_max_width=&#8221;75%&#8221; content_max_width=&#8221;90%&#8221; admin_label=&#8221;Blurb&#8221; _builder_version=&#8221;4.9.3&#8243; header_font_size=&#8221;16&#8243; header_line_height=&#8221;1.6em&#8221; body_font_size=&#8221;16px&#8221; background_size=&#8221;initial&#8221; background_position=&#8221;top_left&#8221; background_repeat=&#8221;repeat&#8221; text_orientation=&#8221;center&#8221; animation=&#8221;off&#8221; hover_enabled=&#8221;0&#8243; border_color_all=&#8221;#000000&#8243; border_width_all_image=&#8221;1px&#8221; border_color_all_image=&#8221;#043518&#8243; use_border_color=&#8221;off&#8221; border_color=&#8221;#ffffff&#8221; border_style=&#8221;solid&#8221; title_text=&#8221;Emocje2&#8243; sticky_enabled=&#8221;0&#8243;]<\/p>\n<p>&nbsp;<\/p>\n<p style=\"text-align: center;\"><span style=\"color: #a0b34d;\"><em><strong>\u201eCO POWIEDZIELIBY LUDZIE, GDYBY ID\u0104C ZA JEZUSEM, NAGLE UJRZELI, JAK ON ODWRACA SI\u0118 PE\u0141EN GNIEWU, DO CZ\u0141OWIEKA, KT\u00d3RY GO UDERZY\u0141 I KRZYCZY: &#8211; CZY TY WIESZ, KIM JA JESTEM?!\u201d<br \/><\/strong><\/em>Jan Budziaszek \u201eDo nieba idzie si\u0119\u2026\u201d<\/span><\/p>\n<p style=\"text-align: center;\">\n<p style=\"text-align: center;\">Emocje towarzysz\u0105 nam przez ca\u0142e \u017cycie. Mog\u0105 by\u0107 przyjemne lub trudne. Nie s\u0105 one ani dobre ani z\u0142e. O ocenie moralnej mo\u017cemy m\u00f3wi\u0107 dopiero wtedy, gdy pod wp\u0142ywem emocji czynimy dobro lub z\u0142o. Mi\u0142o\u015bci, tak jak ka\u017cdej relacji wobec drugiego cz\u0142owieka, stale towarzysz\u0105 silne emocje. Pami\u0119tajmy jednak, \u017ce mi\u0142o\u015b\u0107 to nie uczucia, ale \u015bwiadoma postawa wzgl\u0119dem drugiej osoby.<\/p>\n<p style=\"text-align: center;\"><em>Dzielenie si\u0119 uczuciami lub wzruszeniami nazywamy dialogiem, natomiast my\u015blami, projektami, ocenami i podejmowanymi decyzjami \u2013 dyskusj\u0105. Aby dosz\u0142o do dyskusji, czyli rozwa\u017ca\u0144 o planach, wyborach i ocenach, to powinien j\u0105 poprzedzi\u0107 dialog. Podczas dialogu m\u00f3wimy otwarcie o swoich wszystkich istotnych emocjach i odczuciach. M\u00f3wimy kim naprawd\u0119 jeste\u015bmy, oddajemy drugiej osobie samych siebie. Celem dialogu jest zatem poznanie siebie dzi\u0119ki czemu mo\u017cemy go w ca\u0142o\u015bci przyj\u0105\u0107 i naprawd\u0119 pokocha\u0107. Kolejnym celem jest usuni\u0119cie przeszk\u00f3d uczuciowych mi\u0119dzy rozm\u00f3wcami (emocjonalne oczyszczenie). Przeszkody te zawsze odpowiadaj\u0105 za rozpad mi\u0142o\u015bci i porozumienia, szczeg\u00f3lnie w ma\u0142\u017ce\u0144stwie. D\u0142awienie emocji mo\u017ce da\u0107 wyraz w niedojrza\u0142ym zachowaniu tj. pr\u00f3bie odegrania si\u0119 na drugim cz\u0142owieku. Skutkuje to oddalaniem si\u0119 od siebie lub wznoszeniem muru mi\u0119dzy ma\u0142\u017conkami<\/em> (Powell J., 1992).<\/p>\n<p style=\"text-align: center;\"><em>Warto jednak wiedzie\u0107, \u017ce nikt nie mo\u017ce wywo\u0142a\u0107 emocji w drugim cz\u0142owieku, a tym samym nie jest za nie odpowiedzialny. Drugi cz\u0142owiek mo\u017ce je wznieci\u0107, rozbudzi\u0107, ale nie wywo\u0142a\u0107. Je\u015bli nie przyjmiemy tej prawdy, to za swoje emocje zawsze b\u0119dziemy obarcza\u0107 win\u0105 drug\u0105 osob\u0119, a po sprzeczce b\u0119dziemy umywa\u0107 r\u0119ce i nie nauczymy si\u0119 niczego o sobie. Je\u015bli jednak zastanowimy si\u0119 dlaczego w\u0142a\u015bnie te emocje rozbudzi\u0142y si\u0119 w naszym wn\u0119trzu, to nauczymy si\u0119 czego\u015b o sobie &#8211; rozpoczniemy rozw\u00f3j swojej osobowo\u015bci<\/em> (Powell J., 1992).<\/p>\n<p style=\"text-align: center;\">\n<h3 style=\"text-align: center;\">Emocje kobiety i m\u0119\u017cczyzny<\/h3>\n<p style=\"text-align: center;\">\n<p style=\"text-align: center;\">Jak kobiety i m\u0119\u017cczy\u017ani radz\u0105 sobie z emocjami? Upraszczaj\u0105c, kobiety wyra\u017caj\u0105 swoje emocje ca\u0142ym cia\u0142em, maj\u0105\u00a0czasem trudno\u015b\u0107 w ich nazwaniu i co najwa\u017cniejsze: potrzebuj\u0105 je wyrazi\u0107. Dlatego, je\u015bli jeste\u015b m\u0119\u017cczyzn\u0105, pozw\u00f3l kobiecie wyrazi\u0107 emocje! Zapytaj swoj\u0105 \u017con\u0119: \u201eJak si\u0119 czujesz?\u201d, \u201eCo si\u0119 sta\u0142o?\u201d Takie post\u0119powanie jest \u015bwietn\u0105 profilaktyk\u0105 udanego \u017cycia w ma\u0142\u017ce\u0144stwie.<\/p>\n<p style=\"text-align: center;\">Inaczej jest w przypadku pan\u00f3w. Og\u00f3lnie rzecz bior\u0105c, m\u0119\u017cczyzna w pierwszym momencie ukrywa swoje emocje wewn\u0105trz, chce je ujarzmi\u0107 i nazwa\u0107 \u2013 czasem zbyt grubosk\u00f3rnie i dosadnie. Dlatego, je\u015bli jeste\u015b kobiet\u0105, nie zmuszaj m\u0119\u017cczyzny do natychmiastowego wyra\u017cania swoich emocji. Raczej powiedz swojemu m\u0119\u017cowi: \u201eWidz\u0119, \u017ce jeste\u015b zdenerwowany. Jak b\u0119dziesz chcia\u0142 ju\u017c pogada\u0107, to daj zna\u0107, dobrze?\u201d<\/p>\n<p>[\/et_pb_blurb][\/et_pb_column][\/et_pb_row][\/et_pb_section]<\/p>\n","protected":false},"excerpt":{"rendered":"<p>[et_pb_section fb_built=&#8221;1&#8243; custom_padding_last_edited=&#8221;on|desktop&#8221; admin_label=&#8221;section&#8221; _builder_version=&#8221;4.9.3&#8243; background_color=&#8221;#FFFFFF&#8221; custom_padding_tablet=&#8221;50px|0|50px|0&#8243; custom_padding_phone=&#8221;&#8221; transparent_background=&#8221;on&#8221; padding_mobile=&#8221;off&#8221; make_fullwidth=&#8221;off&#8221; use_custom_width=&#8221;off&#8221; width_unit=&#8221;on&#8221; custom_width_px=&#8221;1080px&#8221; custom_width_percent=&#8221;80%&#8221;][et_pb_row padding_mobile=&#8221;off&#8221; column_padding_mobile=&#8221;on&#8221; admin_label=&#8221;row&#8221; _builder_version=&#8221;4.9.3&#8243; background_size=&#8221;initial&#8221; background_position=&#8221;top_left&#8221; background_repeat=&#8221;repeat&#8221; width=&#8221;100%&#8221; max_width=&#8221;100%&#8221; make_fullwidth=&#8221;off&#8221; use_custom_width=&#8221;on&#8221; width_unit=&#8221;off&#8221; custom_width_percent=&#8221;90%&#8221;][et_pb_column type=&#8221;4_4&#8243; _builder_version=&#8221;4.9.3&#8243; background_color=&#8221;rgba(0,0,0,0)&#8221; custom_padding=&#8221;|||&#8221; custom_padding__hover=&#8221;|||&#8221;][et_pb_blurb title=&#8221;EMOCJE&#8221; image=&#8221;https:\/\/umilowani.pl\/wp-content\/uploads\/2024\/12\/Emocje2.jpg&#8221; alt=&#8221;Zamys\u0142&#8221; image_max_width=&#8221;75%&#8221; content_max_width=&#8221;90%&#8221; admin_label=&#8221;Blurb&#8221; _builder_version=&#8221;4.9.3&#8243; header_font_size=&#8221;16&#8243; header_line_height=&#8221;1.6em&#8221; body_font_size=&#8221;16px&#8221; background_size=&#8221;initial&#8221; background_position=&#8221;top_left&#8221; background_repeat=&#8221;repeat&#8221; text_orientation=&#8221;center&#8221; animation=&#8221;off&#8221; hover_enabled=&#8221;0&#8243; border_color_all=&#8221;#000000&#8243; border_width_all_image=&#8221;1px&#8221; border_color_all_image=&#8221;#043518&#8243; use_border_color=&#8221;off&#8221; border_color=&#8221;#ffffff&#8221; border_style=&#8221;solid&#8221; [&hellip;]<\/p>\n","protected":false},"author":1,"featured_media":0,"parent":0,"menu_order":0,"comment_status":"closed","ping_status":"closed","template":"","meta":{"_et_pb_use_builder":"on","_et_pb_old_content":"","_et_gb_content_width":"","footnotes":""},"class_list":["post-952","page","type-page","status-publish","hentry"],"yoast_head":"<!-- This site is optimized with the Yoast SEO plugin v27.5 - https:\/\/yoast.com\/product\/yoast-seo-wordpress\/ -->\n<title>Emocje - UMILOWANI.PL<\/title>\n<meta name=\"description\" content=\"Wyja\u015bniamy czym s\u0105 emocje oraz, \u017ce warto si\u0119 nimi dzieli\u0107. Inaczej emocje prze\u017cywaj\u0105 kobiety, a inaczej m\u0119\u017cczy\u017ani.\" \/>\n<meta name=\"robots\" content=\"index, follow, max-snippet:-1, max-image-preview:large, max-video-preview:-1\" \/>\n<link rel=\"canonical\" href=\"https:\/\/umilowani.pl\/index.php\/emocje\/\" \/>\n<meta property=\"og:locale\" content=\"pl_PL\" \/>\n<meta property=\"og:type\" content=\"article\" \/>\n<meta property=\"og:title\" content=\"Emocje - UMILOWANI.PL\" \/>\n<meta property=\"og:description\" content=\"Wyja\u015bniamy czym s\u0105 emocje oraz, \u017ce warto si\u0119 nimi dzieli\u0107. Inaczej emocje prze\u017cywaj\u0105 kobiety, a inaczej m\u0119\u017cczy\u017ani.\" \/>\n<meta property=\"og:url\" content=\"https:\/\/umilowani.pl\/index.php\/emocje\/\" \/>\n<meta property=\"og:site_name\" content=\"UMILOWANI.PL\" \/>\n<meta property=\"article:modified_time\" content=\"2024-12-02T09:27:52+00:00\" \/>\n<meta name=\"twitter:card\" content=\"summary_large_image\" \/>\n<meta name=\"twitter:label1\" content=\"Szacowany czas czytania\" \/>\n\t<meta name=\"twitter:data1\" content=\"3 minuty\" \/>\n<script type=\"application\/ld+json\" class=\"yoast-schema-graph\">{\"@context\":\"https:\\\/\\\/schema.org\",\"@graph\":[{\"@type\":\"WebPage\",\"@id\":\"https:\\\/\\\/umilowani.pl\\\/index.php\\\/emocje\\\/\",\"url\":\"https:\\\/\\\/umilowani.pl\\\/index.php\\\/emocje\\\/\",\"name\":\"Emocje - UMILOWANI.PL\",\"isPartOf\":{\"@id\":\"https:\\\/\\\/umilowani.pl\\\/#website\"},\"datePublished\":\"2016-12-21T09:14:49+00:00\",\"dateModified\":\"2024-12-02T09:27:52+00:00\",\"description\":\"Wyja\u015bniamy czym s\u0105 emocje oraz, \u017ce warto si\u0119 nimi dzieli\u0107. Inaczej emocje prze\u017cywaj\u0105 kobiety, a inaczej m\u0119\u017cczy\u017ani.\",\"breadcrumb\":{\"@id\":\"https:\\\/\\\/umilowani.pl\\\/index.php\\\/emocje\\\/#breadcrumb\"},\"inLanguage\":\"pl-PL\",\"potentialAction\":[{\"@type\":\"ReadAction\",\"target\":[\"https:\\\/\\\/umilowani.pl\\\/index.php\\\/emocje\\\/\"]}]},{\"@type\":\"BreadcrumbList\",\"@id\":\"https:\\\/\\\/umilowani.pl\\\/index.php\\\/emocje\\\/#breadcrumb\",\"itemListElement\":[{\"@type\":\"ListItem\",\"position\":1,\"name\":\"Strona g\u0142\u00f3wna\",\"item\":\"https:\\\/\\\/umilowani.pl\\\/\"},{\"@type\":\"ListItem\",\"position\":2,\"name\":\"Emocje\"}]},{\"@type\":\"WebSite\",\"@id\":\"https:\\\/\\\/umilowani.pl\\\/#website\",\"url\":\"https:\\\/\\\/umilowani.pl\\\/\",\"name\":\"UMILOWANI.PL\",\"description\":\"Ma\u0142\u017ce\u0144stwo, mi\u0142o\u015b\u0107\",\"publisher\":{\"@id\":\"https:\\\/\\\/umilowani.pl\\\/#\\\/schema\\\/person\\\/600a3e0031b2b450828be24ac2027c8a\"},\"potentialAction\":[{\"@type\":\"SearchAction\",\"target\":{\"@type\":\"EntryPoint\",\"urlTemplate\":\"https:\\\/\\\/umilowani.pl\\\/?s={search_term_string}\"},\"query-input\":{\"@type\":\"PropertyValueSpecification\",\"valueRequired\":true,\"valueName\":\"search_term_string\"}}],\"inLanguage\":\"pl-PL\"},{\"@type\":[\"Person\",\"Organization\"],\"@id\":\"https:\\\/\\\/umilowani.pl\\\/#\\\/schema\\\/person\\\/600a3e0031b2b450828be24ac2027c8a\",\"name\":\"UMILOWANI.PL\",\"image\":{\"@type\":\"ImageObject\",\"inLanguage\":\"pl-PL\",\"@id\":\"https:\\\/\\\/umilowani.pl\\\/wp-content\\\/uploads\\\/2022\\\/07\\\/cropped-6.png\",\"url\":\"https:\\\/\\\/umilowani.pl\\\/wp-content\\\/uploads\\\/2022\\\/07\\\/cropped-6.png\",\"contentUrl\":\"https:\\\/\\\/umilowani.pl\\\/wp-content\\\/uploads\\\/2022\\\/07\\\/cropped-6.png\",\"width\":512,\"height\":512,\"caption\":\"UMILOWANI.PL\"},\"logo\":{\"@id\":\"https:\\\/\\\/umilowani.pl\\\/wp-content\\\/uploads\\\/2022\\\/07\\\/cropped-6.png\"}}]}<\/script>\n<!-- \/ Yoast SEO plugin. -->","yoast_head_json":{"title":"Emocje - UMILOWANI.PL","description":"Wyja\u015bniamy czym s\u0105 emocje oraz, \u017ce warto si\u0119 nimi dzieli\u0107. Inaczej emocje prze\u017cywaj\u0105 kobiety, a inaczej m\u0119\u017cczy\u017ani.","robots":{"index":"index","follow":"follow","max-snippet":"max-snippet:-1","max-image-preview":"max-image-preview:large","max-video-preview":"max-video-preview:-1"},"canonical":"https:\/\/umilowani.pl\/index.php\/emocje\/","og_locale":"pl_PL","og_type":"article","og_title":"Emocje - UMILOWANI.PL","og_description":"Wyja\u015bniamy czym s\u0105 emocje oraz, \u017ce warto si\u0119 nimi dzieli\u0107. Inaczej emocje prze\u017cywaj\u0105 kobiety, a inaczej m\u0119\u017cczy\u017ani.","og_url":"https:\/\/umilowani.pl\/index.php\/emocje\/","og_site_name":"UMILOWANI.PL","article_modified_time":"2024-12-02T09:27:52+00:00","twitter_card":"summary_large_image","twitter_misc":{"Szacowany czas czytania":"3 minuty"},"schema":{"@context":"https:\/\/schema.org","@graph":[{"@type":"WebPage","@id":"https:\/\/umilowani.pl\/index.php\/emocje\/","url":"https:\/\/umilowani.pl\/index.php\/emocje\/","name":"Emocje - UMILOWANI.PL","isPartOf":{"@id":"https:\/\/umilowani.pl\/#website"},"datePublished":"2016-12-21T09:14:49+00:00","dateModified":"2024-12-02T09:27:52+00:00","description":"Wyja\u015bniamy czym s\u0105 emocje oraz, \u017ce warto si\u0119 nimi dzieli\u0107. Inaczej emocje prze\u017cywaj\u0105 kobiety, a inaczej m\u0119\u017cczy\u017ani.","breadcrumb":{"@id":"https:\/\/umilowani.pl\/index.php\/emocje\/#breadcrumb"},"inLanguage":"pl-PL","potentialAction":[{"@type":"ReadAction","target":["https:\/\/umilowani.pl\/index.php\/emocje\/"]}]},{"@type":"BreadcrumbList","@id":"https:\/\/umilowani.pl\/index.php\/emocje\/#breadcrumb","itemListElement":[{"@type":"ListItem","position":1,"name":"Strona g\u0142\u00f3wna","item":"https:\/\/umilowani.pl\/"},{"@type":"ListItem","position":2,"name":"Emocje"}]},{"@type":"WebSite","@id":"https:\/\/umilowani.pl\/#website","url":"https:\/\/umilowani.pl\/","name":"UMILOWANI.PL","description":"Ma\u0142\u017ce\u0144stwo, mi\u0142o\u015b\u0107","publisher":{"@id":"https:\/\/umilowani.pl\/#\/schema\/person\/600a3e0031b2b450828be24ac2027c8a"},"potentialAction":[{"@type":"SearchAction","target":{"@type":"EntryPoint","urlTemplate":"https:\/\/umilowani.pl\/?s={search_term_string}"},"query-input":{"@type":"PropertyValueSpecification","valueRequired":true,"valueName":"search_term_string"}}],"inLanguage":"pl-PL"},{"@type":["Person","Organization"],"@id":"https:\/\/umilowani.pl\/#\/schema\/person\/600a3e0031b2b450828be24ac2027c8a","name":"UMILOWANI.PL","image":{"@type":"ImageObject","inLanguage":"pl-PL","@id":"https:\/\/umilowani.pl\/wp-content\/uploads\/2022\/07\/cropped-6.png","url":"https:\/\/umilowani.pl\/wp-content\/uploads\/2022\/07\/cropped-6.png","contentUrl":"https:\/\/umilowani.pl\/wp-content\/uploads\/2022\/07\/cropped-6.png","width":512,"height":512,"caption":"UMILOWANI.PL"},"logo":{"@id":"https:\/\/umilowani.pl\/wp-content\/uploads\/2022\/07\/cropped-6.png"}}]}},"_links":{"self":[{"href":"https:\/\/umilowani.pl\/index.php\/wp-json\/wp\/v2\/pages\/952","targetHints":{"allow":["GET"]}}],"collection":[{"href":"https:\/\/umilowani.pl\/index.php\/wp-json\/wp\/v2\/pages"}],"about":[{"href":"https:\/\/umilowani.pl\/index.php\/wp-json\/wp\/v2\/types\/page"}],"author":[{"embeddable":true,"href":"https:\/\/umilowani.pl\/index.php\/wp-json\/wp\/v2\/users\/1"}],"replies":[{"embeddable":true,"href":"https:\/\/umilowani.pl\/index.php\/wp-json\/wp\/v2\/comments?post=952"}],"version-history":[{"count":1,"href":"https:\/\/umilowani.pl\/index.php\/wp-json\/wp\/v2\/pages\/952\/revisions"}],"predecessor-version":[{"id":18420,"href":"https:\/\/umilowani.pl\/index.php\/wp-json\/wp\/v2\/pages\/952\/revisions\/18420"}],"wp:attachment":[{"href":"https:\/\/umilowani.pl\/index.php\/wp-json\/wp\/v2\/media?parent=952"}],"curies":[{"name":"wp","href":"https:\/\/api.w.org\/{rel}","templated":true}]}}