{"id":955,"date":"2016-12-21T10:17:46","date_gmt":"2016-12-21T09:17:46","guid":{"rendered":"http:\/\/umilowani.pl\/?page_id=955"},"modified":"2024-12-02T10:29:54","modified_gmt":"2024-12-02T09:29:54","slug":"komunikacja-werbalna","status":"publish","type":"page","link":"https:\/\/umilowani.pl\/index.php\/komunikacja-werbalna\/","title":{"rendered":"Komunikacja werbalna"},"content":{"rendered":"<p>[et_pb_section fb_built=&#8221;1&#8243; custom_padding_last_edited=&#8221;on|desktop&#8221; admin_label=&#8221;section&#8221; _builder_version=&#8221;4.9.3&#8243; background_color=&#8221;#FFFFFF&#8221; custom_padding_tablet=&#8221;50px|0|50px|0&#8243; custom_padding_phone=&#8221;&#8221; transparent_background=&#8221;on&#8221; padding_mobile=&#8221;off&#8221; make_fullwidth=&#8221;off&#8221; use_custom_width=&#8221;off&#8221; width_unit=&#8221;on&#8221; custom_width_px=&#8221;1080px&#8221; custom_width_percent=&#8221;80%&#8221;][et_pb_row padding_mobile=&#8221;off&#8221; column_padding_mobile=&#8221;on&#8221; admin_label=&#8221;row&#8221; _builder_version=&#8221;4.9.3&#8243; background_size=&#8221;initial&#8221; background_position=&#8221;top_left&#8221; background_repeat=&#8221;repeat&#8221; width=&#8221;100%&#8221; max_width=&#8221;100%&#8221; make_fullwidth=&#8221;off&#8221; use_custom_width=&#8221;on&#8221; width_unit=&#8221;off&#8221; custom_width_percent=&#8221;90%&#8221;][et_pb_column type=&#8221;4_4&#8243; _builder_version=&#8221;4.9.3&#8243; background_color=&#8221;rgba(0,0,0,0)&#8221; custom_padding=&#8221;|||&#8221; custom_padding__hover=&#8221;|||&#8221;][et_pb_blurb title=&#8221;KOMUNIKACJA WERBALNA&#8221; image=&#8221;https:\/\/umilowani.pl\/wp-content\/uploads\/2024\/12\/Komunikacja-werbalna2.jpg&#8221; alt=&#8221;Zamys\u0142&#8221; image_max_width=&#8221;75%&#8221; content_max_width=&#8221;90%&#8221; admin_label=&#8221;Blurb&#8221; _builder_version=&#8221;4.9.3&#8243; header_font_size=&#8221;16&#8243; header_line_height=&#8221;1.6em&#8221; body_font_size=&#8221;16px&#8221; background_size=&#8221;initial&#8221; background_position=&#8221;top_left&#8221; background_repeat=&#8221;repeat&#8221; text_orientation=&#8221;center&#8221; animation=&#8221;off&#8221; hover_enabled=&#8221;0&#8243; border_color_all=&#8221;#000000&#8243; border_width_all_image=&#8221;1px&#8221; border_color_all_image=&#8221;#043518&#8243; use_border_color=&#8221;off&#8221; border_color=&#8221;#ffffff&#8221; border_style=&#8221;solid&#8221; title_text=&#8221;Komunikacja werbalna2&#8243; sticky_enabled=&#8221;0&#8243;]<\/p>\n<div class=\"et_pb_slide_content\" style=\"text-align: center;\">\n<div class=\"et_pb_slide_content\">\n<div>\n<p>&nbsp;<\/p>\n<div class=\"et_pb_slide_content\">\n<div class=\"et_pb_slide_content\">\n<p><span style=\"color: #a0b34d;\"><em><strong>\u201eG\u0141UPI, M\u00d3WI TO, CO WIE. M\u0104DRY WIE, CO M\u00d3WI\u201d.<br \/><\/strong><\/em>Jan Budziaszek \u201eDo nieba idzie si\u0119\u2026\u201d<\/span><\/p>\n<p>&nbsp;<\/p>\n<p>Komunikacja werbalna to proces porozumiewania si\u0119. Jej celem jest wymiana my\u015bli, dzielenie si\u0119 informacjami i emocjami. Komunikacja ma na celu osi\u0105gni\u0119cie lepszego poziomu wsp\u00f3\u0142dzia\u0142ania. Dzi\u0119ki temu budujemy wi\u0119\u017a, informujemy oraz wyra\u017camy emocje i uczucia. Inaczej rzecz ujmuj\u0105c, komunikacja to dar siebie dla innych, a jednocze\u015bnie otwarcie si\u0119 na dar drugiego cz\u0142owieka. W przypadku komunikacji z drugim cz\u0142owiekiem warto pami\u0119ta\u0107 o prostych wskaz\u00f3wkach:<\/p>\n<p>&#8211; dbajmy o prostot\u0119 i przejrzysto\u015b\u0107 j\u0119zyka,<br \/>&#8211; s\u0142uchaj\u0105c, sprawdzajmy czy dobrze rozumiemy adresata wypowiedzi,<br \/>&#8211; dostosujmy tempo i ton g\u0142osu do rozm\u00f3wcy,<br \/>&#8211; uwa\u017cnie s\u0142uchajmy, unikajmy \u201egadulstwa\u201d,<br \/>&#8211; wyra\u017cajmy siebie, a nie \u201ejedyn\u0105&#8221; prawd\u0119.<br \/>&#8211; nie wyci\u0105gajmy informacji na si\u0142\u0119,<br \/>&#8211; zadbajmy o komfort rozmowy (czas, miejsce),<br \/>&#8211; zachowujmy dyskrecj\u0119<\/p>\n<p>Jednocze\u015bnie dobrze jest unika\u0107:<\/p>\n<p>&#8211; oceniania, przerywania,<br \/>&#8211; s\u0142uchania w milczeniu z \u201ekamienn\u0105 twarz\u0105\u201d,<br \/>&#8211; \u201euciekania wzrokiem\u201d,<br \/>&#8211; nerwowego spogl\u0105danie na zegarek i rozgl\u0105danie si\u0119 dooko\u0142a,<br \/>&#8211; zadawania pyta\u0144 zamkni\u0119tych, na kt\u00f3re odpowiedzie\u0107 brzmi: \u201etak\u201d lub \u201enie\u201d.<\/p>\n<p>Znaj\u0105c <a href=\"http:\/\/umilowani.pl\/index.php\/roznice\/\" target=\"_blank\" rel=\"noopener noreferrer\">r\u00f3\u017cnice mi\u0119dzy kobiet\u0105 i m\u0119\u017cczyzn\u0105<\/a> w sposobie wyra\u017cania siebie, szczeg\u00f3lnie podczas konfliktu lub prze\u017cywaniu wewn\u0119trznych problem\u00f3w, warto pami\u0119ta\u0107 o jednej og\u00f3lnej r\u00f3\u017cnicy:<\/p>\n<p>&#8211; Gdy kobiety m\u00f3wi\u0105, to wyra\u017caj\u0105 przede wszystkim swoje wn\u0119trze, swoje emocje, swoje zmartwienia. Nie potrzebuj\u0105 w\u00f3wczas rozwi\u0105za\u0144 (chyba, \u017ce same o to wprost prosz\u0105), a jedynie <a href=\"http:\/\/umilowani.pl\/index.php\/zrozumiec-drugiego\/\" target=\"_blank\" rel=\"noopener noreferrer\">\u201eaktywnego s\u0142uchania&#8221;<\/a>.<br \/>&#8211; Gdy m\u0119\u017cczy\u017ani m\u00f3wi\u0105, to w pierwszym rz\u0119dzie podaj\u0105 fakty i po prostu informuj\u0105. W przypadku pojawienia si\u0119 trudnych emocji potrzebuj\u0105 raczej chwili samotno\u015bci.<\/p>\n<\/div>\n<\/div>\n<\/div>\n<\/div>\n<\/div>\n<p>[\/et_pb_blurb][\/et_pb_column][\/et_pb_row][\/et_pb_section]<\/p>\n","protected":false},"excerpt":{"rendered":"<p>[et_pb_section fb_built=&#8221;1&#8243; custom_padding_last_edited=&#8221;on|desktop&#8221; admin_label=&#8221;section&#8221; _builder_version=&#8221;4.9.3&#8243; background_color=&#8221;#FFFFFF&#8221; custom_padding_tablet=&#8221;50px|0|50px|0&#8243; custom_padding_phone=&#8221;&#8221; transparent_background=&#8221;on&#8221; padding_mobile=&#8221;off&#8221; make_fullwidth=&#8221;off&#8221; use_custom_width=&#8221;off&#8221; width_unit=&#8221;on&#8221; custom_width_px=&#8221;1080px&#8221; custom_width_percent=&#8221;80%&#8221;][et_pb_row padding_mobile=&#8221;off&#8221; column_padding_mobile=&#8221;on&#8221; admin_label=&#8221;row&#8221; _builder_version=&#8221;4.9.3&#8243; background_size=&#8221;initial&#8221; background_position=&#8221;top_left&#8221; background_repeat=&#8221;repeat&#8221; width=&#8221;100%&#8221; max_width=&#8221;100%&#8221; make_fullwidth=&#8221;off&#8221; use_custom_width=&#8221;on&#8221; width_unit=&#8221;off&#8221; custom_width_percent=&#8221;90%&#8221;][et_pb_column type=&#8221;4_4&#8243; _builder_version=&#8221;4.9.3&#8243; background_color=&#8221;rgba(0,0,0,0)&#8221; custom_padding=&#8221;|||&#8221; custom_padding__hover=&#8221;|||&#8221;][et_pb_blurb title=&#8221;KOMUNIKACJA WERBALNA&#8221; image=&#8221;https:\/\/umilowani.pl\/wp-content\/uploads\/2024\/12\/Komunikacja-werbalna2.jpg&#8221; alt=&#8221;Zamys\u0142&#8221; image_max_width=&#8221;75%&#8221; content_max_width=&#8221;90%&#8221; admin_label=&#8221;Blurb&#8221; _builder_version=&#8221;4.9.3&#8243; header_font_size=&#8221;16&#8243; header_line_height=&#8221;1.6em&#8221; body_font_size=&#8221;16px&#8221; background_size=&#8221;initial&#8221; background_position=&#8221;top_left&#8221; background_repeat=&#8221;repeat&#8221; text_orientation=&#8221;center&#8221; animation=&#8221;off&#8221; hover_enabled=&#8221;0&#8243; border_color_all=&#8221;#000000&#8243; border_width_all_image=&#8221;1px&#8221; border_color_all_image=&#8221;#043518&#8243; use_border_color=&#8221;off&#8221; border_color=&#8221;#ffffff&#8221; [&hellip;]<\/p>\n","protected":false},"author":1,"featured_media":0,"parent":0,"menu_order":0,"comment_status":"closed","ping_status":"closed","template":"","meta":{"_et_pb_use_builder":"on","_et_pb_old_content":"","_et_gb_content_width":"","footnotes":""},"class_list":["post-955","page","type-page","status-publish","hentry"],"yoast_head":"<!-- This site is optimized with the Yoast SEO plugin v27.6 - https:\/\/yoast.com\/product\/yoast-seo-wordpress\/ -->\n<title>Komunikacja werbalna - UMILOWANI.PL<\/title>\n<meta name=\"description\" content=\"Komunikacja werbalna to proces porozumiewania si\u0119. Jej celem jest wymiana my\u015bli, dzielenie si\u0119 informacjami i emocjami.\" \/>\n<meta name=\"robots\" content=\"index, follow, max-snippet:-1, max-image-preview:large, max-video-preview:-1\" \/>\n<link rel=\"canonical\" href=\"https:\/\/umilowani.pl\/index.php\/komunikacja-werbalna\/\" \/>\n<meta property=\"og:locale\" content=\"pl_PL\" \/>\n<meta property=\"og:type\" content=\"article\" \/>\n<meta property=\"og:title\" content=\"Komunikacja werbalna - UMILOWANI.PL\" \/>\n<meta property=\"og:description\" content=\"Komunikacja werbalna to proces porozumiewania si\u0119. Jej celem jest wymiana my\u015bli, dzielenie si\u0119 informacjami i emocjami.\" \/>\n<meta property=\"og:url\" content=\"https:\/\/umilowani.pl\/index.php\/komunikacja-werbalna\/\" \/>\n<meta property=\"og:site_name\" content=\"UMILOWANI.PL\" \/>\n<meta property=\"article:modified_time\" content=\"2024-12-02T09:29:54+00:00\" \/>\n<meta name=\"twitter:card\" content=\"summary_large_image\" \/>\n<meta name=\"twitter:label1\" content=\"Szacowany czas czytania\" \/>\n\t<meta name=\"twitter:data1\" content=\"2 minuty\" \/>\n<script type=\"application\/ld+json\" class=\"yoast-schema-graph\">{\"@context\":\"https:\\\/\\\/schema.org\",\"@graph\":[{\"@type\":\"WebPage\",\"@id\":\"https:\\\/\\\/umilowani.pl\\\/index.php\\\/komunikacja-werbalna\\\/\",\"url\":\"https:\\\/\\\/umilowani.pl\\\/index.php\\\/komunikacja-werbalna\\\/\",\"name\":\"Komunikacja werbalna - UMILOWANI.PL\",\"isPartOf\":{\"@id\":\"https:\\\/\\\/umilowani.pl\\\/#website\"},\"datePublished\":\"2016-12-21T09:17:46+00:00\",\"dateModified\":\"2024-12-02T09:29:54+00:00\",\"description\":\"Komunikacja werbalna to proces porozumiewania si\u0119. Jej celem jest wymiana my\u015bli, dzielenie si\u0119 informacjami i emocjami.\",\"breadcrumb\":{\"@id\":\"https:\\\/\\\/umilowani.pl\\\/index.php\\\/komunikacja-werbalna\\\/#breadcrumb\"},\"inLanguage\":\"pl-PL\",\"potentialAction\":[{\"@type\":\"ReadAction\",\"target\":[\"https:\\\/\\\/umilowani.pl\\\/index.php\\\/komunikacja-werbalna\\\/\"]}]},{\"@type\":\"BreadcrumbList\",\"@id\":\"https:\\\/\\\/umilowani.pl\\\/index.php\\\/komunikacja-werbalna\\\/#breadcrumb\",\"itemListElement\":[{\"@type\":\"ListItem\",\"position\":1,\"name\":\"Strona g\u0142\u00f3wna\",\"item\":\"https:\\\/\\\/umilowani.pl\\\/\"},{\"@type\":\"ListItem\",\"position\":2,\"name\":\"Komunikacja werbalna\"}]},{\"@type\":\"WebSite\",\"@id\":\"https:\\\/\\\/umilowani.pl\\\/#website\",\"url\":\"https:\\\/\\\/umilowani.pl\\\/\",\"name\":\"UMILOWANI.PL\",\"description\":\"Ma\u0142\u017ce\u0144stwo, mi\u0142o\u015b\u0107\",\"publisher\":{\"@id\":\"https:\\\/\\\/umilowani.pl\\\/#\\\/schema\\\/person\\\/600a3e0031b2b450828be24ac2027c8a\"},\"potentialAction\":[{\"@type\":\"SearchAction\",\"target\":{\"@type\":\"EntryPoint\",\"urlTemplate\":\"https:\\\/\\\/umilowani.pl\\\/?s={search_term_string}\"},\"query-input\":{\"@type\":\"PropertyValueSpecification\",\"valueRequired\":true,\"valueName\":\"search_term_string\"}}],\"inLanguage\":\"pl-PL\"},{\"@type\":[\"Person\",\"Organization\"],\"@id\":\"https:\\\/\\\/umilowani.pl\\\/#\\\/schema\\\/person\\\/600a3e0031b2b450828be24ac2027c8a\",\"name\":\"UMILOWANI.PL\",\"image\":{\"@type\":\"ImageObject\",\"inLanguage\":\"pl-PL\",\"@id\":\"https:\\\/\\\/umilowani.pl\\\/wp-content\\\/uploads\\\/2022\\\/07\\\/cropped-6.png\",\"url\":\"https:\\\/\\\/umilowani.pl\\\/wp-content\\\/uploads\\\/2022\\\/07\\\/cropped-6.png\",\"contentUrl\":\"https:\\\/\\\/umilowani.pl\\\/wp-content\\\/uploads\\\/2022\\\/07\\\/cropped-6.png\",\"width\":512,\"height\":512,\"caption\":\"UMILOWANI.PL\"},\"logo\":{\"@id\":\"https:\\\/\\\/umilowani.pl\\\/wp-content\\\/uploads\\\/2022\\\/07\\\/cropped-6.png\"}}]}<\/script>\n<!-- \/ Yoast SEO plugin. -->","yoast_head_json":{"title":"Komunikacja werbalna - UMILOWANI.PL","description":"Komunikacja werbalna to proces porozumiewania si\u0119. Jej celem jest wymiana my\u015bli, dzielenie si\u0119 informacjami i emocjami.","robots":{"index":"index","follow":"follow","max-snippet":"max-snippet:-1","max-image-preview":"max-image-preview:large","max-video-preview":"max-video-preview:-1"},"canonical":"https:\/\/umilowani.pl\/index.php\/komunikacja-werbalna\/","og_locale":"pl_PL","og_type":"article","og_title":"Komunikacja werbalna - UMILOWANI.PL","og_description":"Komunikacja werbalna to proces porozumiewania si\u0119. Jej celem jest wymiana my\u015bli, dzielenie si\u0119 informacjami i emocjami.","og_url":"https:\/\/umilowani.pl\/index.php\/komunikacja-werbalna\/","og_site_name":"UMILOWANI.PL","article_modified_time":"2024-12-02T09:29:54+00:00","twitter_card":"summary_large_image","twitter_misc":{"Szacowany czas czytania":"2 minuty"},"schema":{"@context":"https:\/\/schema.org","@graph":[{"@type":"WebPage","@id":"https:\/\/umilowani.pl\/index.php\/komunikacja-werbalna\/","url":"https:\/\/umilowani.pl\/index.php\/komunikacja-werbalna\/","name":"Komunikacja werbalna - UMILOWANI.PL","isPartOf":{"@id":"https:\/\/umilowani.pl\/#website"},"datePublished":"2016-12-21T09:17:46+00:00","dateModified":"2024-12-02T09:29:54+00:00","description":"Komunikacja werbalna to proces porozumiewania si\u0119. Jej celem jest wymiana my\u015bli, dzielenie si\u0119 informacjami i emocjami.","breadcrumb":{"@id":"https:\/\/umilowani.pl\/index.php\/komunikacja-werbalna\/#breadcrumb"},"inLanguage":"pl-PL","potentialAction":[{"@type":"ReadAction","target":["https:\/\/umilowani.pl\/index.php\/komunikacja-werbalna\/"]}]},{"@type":"BreadcrumbList","@id":"https:\/\/umilowani.pl\/index.php\/komunikacja-werbalna\/#breadcrumb","itemListElement":[{"@type":"ListItem","position":1,"name":"Strona g\u0142\u00f3wna","item":"https:\/\/umilowani.pl\/"},{"@type":"ListItem","position":2,"name":"Komunikacja werbalna"}]},{"@type":"WebSite","@id":"https:\/\/umilowani.pl\/#website","url":"https:\/\/umilowani.pl\/","name":"UMILOWANI.PL","description":"Ma\u0142\u017ce\u0144stwo, mi\u0142o\u015b\u0107","publisher":{"@id":"https:\/\/umilowani.pl\/#\/schema\/person\/600a3e0031b2b450828be24ac2027c8a"},"potentialAction":[{"@type":"SearchAction","target":{"@type":"EntryPoint","urlTemplate":"https:\/\/umilowani.pl\/?s={search_term_string}"},"query-input":{"@type":"PropertyValueSpecification","valueRequired":true,"valueName":"search_term_string"}}],"inLanguage":"pl-PL"},{"@type":["Person","Organization"],"@id":"https:\/\/umilowani.pl\/#\/schema\/person\/600a3e0031b2b450828be24ac2027c8a","name":"UMILOWANI.PL","image":{"@type":"ImageObject","inLanguage":"pl-PL","@id":"https:\/\/umilowani.pl\/wp-content\/uploads\/2022\/07\/cropped-6.png","url":"https:\/\/umilowani.pl\/wp-content\/uploads\/2022\/07\/cropped-6.png","contentUrl":"https:\/\/umilowani.pl\/wp-content\/uploads\/2022\/07\/cropped-6.png","width":512,"height":512,"caption":"UMILOWANI.PL"},"logo":{"@id":"https:\/\/umilowani.pl\/wp-content\/uploads\/2022\/07\/cropped-6.png"}}]}},"_links":{"self":[{"href":"https:\/\/umilowani.pl\/index.php\/wp-json\/wp\/v2\/pages\/955","targetHints":{"allow":["GET"]}}],"collection":[{"href":"https:\/\/umilowani.pl\/index.php\/wp-json\/wp\/v2\/pages"}],"about":[{"href":"https:\/\/umilowani.pl\/index.php\/wp-json\/wp\/v2\/types\/page"}],"author":[{"embeddable":true,"href":"https:\/\/umilowani.pl\/index.php\/wp-json\/wp\/v2\/users\/1"}],"replies":[{"embeddable":true,"href":"https:\/\/umilowani.pl\/index.php\/wp-json\/wp\/v2\/comments?post=955"}],"version-history":[{"count":1,"href":"https:\/\/umilowani.pl\/index.php\/wp-json\/wp\/v2\/pages\/955\/revisions"}],"predecessor-version":[{"id":18423,"href":"https:\/\/umilowani.pl\/index.php\/wp-json\/wp\/v2\/pages\/955\/revisions\/18423"}],"wp:attachment":[{"href":"https:\/\/umilowani.pl\/index.php\/wp-json\/wp\/v2\/media?parent=955"}],"curies":[{"name":"wp","href":"https:\/\/api.w.org\/{rel}","templated":true}]}}