{"id":957,"date":"2016-12-21T10:20:27","date_gmt":"2016-12-21T09:20:27","guid":{"rendered":"http:\/\/umilowani.pl\/?page_id=957"},"modified":"2024-12-02T10:32:01","modified_gmt":"2024-12-02T09:32:01","slug":"wyrazic-siebie","status":"publish","type":"page","link":"https:\/\/umilowani.pl\/index.php\/wyrazic-siebie\/","title":{"rendered":"Wyrazi\u0107 siebie"},"content":{"rendered":"<p>[et_pb_section fb_built=&#8221;1&#8243; custom_padding_last_edited=&#8221;on|desktop&#8221; admin_label=&#8221;section&#8221; _builder_version=&#8221;4.9.3&#8243; background_color=&#8221;#FFFFFF&#8221; custom_padding_tablet=&#8221;50px|0|50px|0&#8243; custom_padding_phone=&#8221;&#8221; transparent_background=&#8221;on&#8221; padding_mobile=&#8221;off&#8221; make_fullwidth=&#8221;off&#8221; use_custom_width=&#8221;off&#8221; width_unit=&#8221;on&#8221; custom_width_px=&#8221;1080px&#8221; custom_width_percent=&#8221;80%&#8221;][et_pb_row padding_mobile=&#8221;off&#8221; column_padding_mobile=&#8221;on&#8221; admin_label=&#8221;row&#8221; _builder_version=&#8221;4.9.3&#8243; background_size=&#8221;initial&#8221; background_position=&#8221;top_left&#8221; background_repeat=&#8221;repeat&#8221; width=&#8221;100%&#8221; max_width=&#8221;100%&#8221; make_fullwidth=&#8221;off&#8221; use_custom_width=&#8221;on&#8221; width_unit=&#8221;off&#8221; custom_width_percent=&#8221;90%&#8221;][et_pb_column type=&#8221;4_4&#8243; _builder_version=&#8221;4.9.3&#8243; background_color=&#8221;rgba(0,0,0,0)&#8221; custom_padding=&#8221;|||&#8221; custom_padding__hover=&#8221;|||&#8221;][et_pb_blurb title=&#8221;WYRAZI\u0106 SIEBIE&#8221; image=&#8221;https:\/\/umilowani.pl\/wp-content\/uploads\/2024\/12\/Wyrazic-siebie2.jpg&#8221; alt=&#8221;Zamys\u0142&#8221; image_max_width=&#8221;75%&#8221; content_max_width=&#8221;90%&#8221; admin_label=&#8221;Blurb&#8221; _builder_version=&#8221;4.9.3&#8243; header_font_size=&#8221;16&#8243; header_line_height=&#8221;1.6em&#8221; body_font_size=&#8221;16px&#8221; background_size=&#8221;initial&#8221; background_position=&#8221;top_left&#8221; background_repeat=&#8221;repeat&#8221; text_orientation=&#8221;center&#8221; animation=&#8221;off&#8221; hover_enabled=&#8221;0&#8243; border_color_all=&#8221;#000000&#8243; border_width_all_image=&#8221;1px&#8221; border_color_all_image=&#8221;#043518&#8243; use_border_color=&#8221;off&#8221; border_color=&#8221;#ffffff&#8221; border_style=&#8221;solid&#8221; title_text=&#8221;Wyrazi\u0107 siebie2&#8243; sticky_enabled=&#8221;0&#8243;]<\/p>\n<p>&nbsp;<\/p>\n<p style=\"text-align: center;\"><span style=\"color: #a0b34d;\"><strong><em>\u201eLEPIEJ POWIEDZIE\u0106 JEDNO S\u0141OWO, KT\u00d3RE DOCIERA, NI\u017b TYSI\u0104C NIEZROZUMIA\u0141YCH\u201d.<br \/><\/em><\/strong>Jan Budziaszek \u201eDo nieba idzie si\u0119\u2026\u201d<\/span><\/p>\n<p style=\"text-align: center;\">\n<p style=\"text-align: center;\">Emocje cz\u0119sto kieruj\u0105 naszym zachowaniem oraz tym, co i w jaki spos\u00f3b m\u00f3wimy. Przyzwyczaili\u015bmy si\u0119 krytykowa\u0107, ocenia\u0107 i uog\u00f3lnia\u0107 zamiast wyra\u017ca\u0107 swoje emocje. Cz\u0119sto nie potrafimy wyrazi\u0107 w nierani\u0105cy spos\u00f3b tego, co rzeczywi\u015bcie chcemy powiedzie\u0107. By zmieni\u0107 ten mechanizm warto zacz\u0105\u0107 u\u017cywa\u0107 wypowiedzi bezpo\u015bredniej, czyli komunikatu \u201eja\u201d. Co to znaczy? To znaczy, \u017ce emocje i my\u015bli, kt\u00f3re wyra\u017cam, wypowiadam w nast\u0119puj\u0105cy spos\u00f3b: \u201eJA\u201d + EMOCJA + OPIS.<\/p>\n<p style=\"text-align: center;\">Przyk\u0142ad wypowiedzi bezpo\u015bredniej:<\/p>\n<p style=\"text-align: center;\">&#8211; \u201eDenerwuj\u0119 si\u0119 kiedy zostawiasz brudne naczynia w zlewie\u201d, zamiast: \u201eTy nigdy nie sprz\u0105tasz!\u201d<br \/>&#8211; \u201eNie cierpi\u0119 kiedy mi przerywasz\u201d, zamiast: \u201eTy nie umiesz s\u0142ucha\u0107! Ty mnie nie kochasz!\u201d<\/p>\n<p style=\"text-align: center;\">W przyp\u0142ywie trudnych emocji (np.: gniewu, z\u0142o\u015bci, smutku) osobie m\u00f3wi\u0105cej czasami jest trudno \u201ezdiagnozowa\u0107 sw\u00f3j stan\u201d. W takiej sytuacji mo\u017cemy pom\u00f3c rozm\u00f3wcy m\u00f3wi\u0105c np.: \u201eWidz\u0119, \u017ce si\u0119 z\u0142o\u015bcisz\u201d, \u201eJeste\u015b smutna?\u201d. Nazwanie na g\u0142os tego, co si\u0119 dzieje otwiera cz\u0142owieka na dzielenie si\u0119 swoimi prze\u017cyciami. Warto wyja\u015bnia\u0107 otrzymane wiadomo\u015bci na bie\u017c\u0105co, pr\u00f3buj\u0105c precyzyjnie zrozumie\u0107, co druga osoba ma na my\u015bli. Mo\u017cemy w\u00f3wczas poprosi\u0107 o wi\u0119cej informacji, u\u015bci\u015bli\u0107 wypowiadane s\u0142owa przez rozm\u00f3wc\u0119 czy upewni\u0107 si\u0119, \u017ce dobrze rozumiemy jego prze\u017cycia. Reasumuj\u0105c, warto stosowa\u0107 komunikat \u201eja\u201d poniewa\u017c:<\/p>\n<p style=\"text-align: center;\">&#8211; U\u015bwiadamiamy w\u00f3wczas rozm\u00f3wcy nasz problem i nasze uczucia.<br \/>&#8211; Wyra\u017camy to, co rzeczywi\u015bcie chcemy powiedzie\u0107, nie rani\u0105c drugiej osoby.<br \/>&#8211; Zbli\u017camy si\u0119 do siebie, uczymy si\u0119 szczero\u015bci w relacji.<br \/>&#8211; Sprawniej si\u0119 komunikujemy.<\/p>\n<p>[\/et_pb_blurb][\/et_pb_column][\/et_pb_row][\/et_pb_section]<\/p>\n","protected":false},"excerpt":{"rendered":"<p>[et_pb_section fb_built=&#8221;1&#8243; custom_padding_last_edited=&#8221;on|desktop&#8221; admin_label=&#8221;section&#8221; _builder_version=&#8221;4.9.3&#8243; background_color=&#8221;#FFFFFF&#8221; custom_padding_tablet=&#8221;50px|0|50px|0&#8243; custom_padding_phone=&#8221;&#8221; transparent_background=&#8221;on&#8221; padding_mobile=&#8221;off&#8221; make_fullwidth=&#8221;off&#8221; use_custom_width=&#8221;off&#8221; width_unit=&#8221;on&#8221; custom_width_px=&#8221;1080px&#8221; custom_width_percent=&#8221;80%&#8221;][et_pb_row padding_mobile=&#8221;off&#8221; column_padding_mobile=&#8221;on&#8221; admin_label=&#8221;row&#8221; _builder_version=&#8221;4.9.3&#8243; background_size=&#8221;initial&#8221; background_position=&#8221;top_left&#8221; background_repeat=&#8221;repeat&#8221; width=&#8221;100%&#8221; max_width=&#8221;100%&#8221; make_fullwidth=&#8221;off&#8221; use_custom_width=&#8221;on&#8221; width_unit=&#8221;off&#8221; custom_width_percent=&#8221;90%&#8221;][et_pb_column type=&#8221;4_4&#8243; _builder_version=&#8221;4.9.3&#8243; background_color=&#8221;rgba(0,0,0,0)&#8221; custom_padding=&#8221;|||&#8221; custom_padding__hover=&#8221;|||&#8221;][et_pb_blurb title=&#8221;WYRAZI\u0106 SIEBIE&#8221; image=&#8221;https:\/\/umilowani.pl\/wp-content\/uploads\/2024\/12\/Wyrazic-siebie2.jpg&#8221; alt=&#8221;Zamys\u0142&#8221; image_max_width=&#8221;75%&#8221; content_max_width=&#8221;90%&#8221; admin_label=&#8221;Blurb&#8221; _builder_version=&#8221;4.9.3&#8243; header_font_size=&#8221;16&#8243; header_line_height=&#8221;1.6em&#8221; body_font_size=&#8221;16px&#8221; background_size=&#8221;initial&#8221; background_position=&#8221;top_left&#8221; background_repeat=&#8221;repeat&#8221; text_orientation=&#8221;center&#8221; animation=&#8221;off&#8221; hover_enabled=&#8221;0&#8243; border_color_all=&#8221;#000000&#8243; border_width_all_image=&#8221;1px&#8221; border_color_all_image=&#8221;#043518&#8243; use_border_color=&#8221;off&#8221; border_color=&#8221;#ffffff&#8221; [&hellip;]<\/p>\n","protected":false},"author":1,"featured_media":0,"parent":0,"menu_order":0,"comment_status":"closed","ping_status":"closed","template":"","meta":{"_et_pb_use_builder":"on","_et_pb_old_content":"","_et_gb_content_width":"","footnotes":""},"class_list":["post-957","page","type-page","status-publish","hentry"],"yoast_head":"<!-- This site is optimized with the Yoast SEO plugin v27.3 - https:\/\/yoast.com\/product\/yoast-seo-wordpress\/ -->\n<title>Wyrazi\u0107 siebie - UMILOWANI.PL<\/title>\n<meta name=\"description\" content=\"Cz\u0119sto nie potrafimy wyrazi\u0107 siebie w nierani\u0105cy spos\u00f3b. By zmieni\u0107 ten mechanizm warto zacz\u0105\u0107 u\u017cywa\u0107 wypowiedzi bezpo\u015bredniej.\" \/>\n<meta name=\"robots\" content=\"index, follow, max-snippet:-1, max-image-preview:large, max-video-preview:-1\" \/>\n<link rel=\"canonical\" href=\"https:\/\/umilowani.pl\/index.php\/wyrazic-siebie\/\" \/>\n<meta property=\"og:locale\" content=\"pl_PL\" \/>\n<meta property=\"og:type\" content=\"article\" \/>\n<meta property=\"og:title\" content=\"Wyrazi\u0107 siebie - UMILOWANI.PL\" \/>\n<meta property=\"og:description\" content=\"Cz\u0119sto nie potrafimy wyrazi\u0107 siebie w nierani\u0105cy spos\u00f3b. By zmieni\u0107 ten mechanizm warto zacz\u0105\u0107 u\u017cywa\u0107 wypowiedzi bezpo\u015bredniej.\" \/>\n<meta property=\"og:url\" content=\"https:\/\/umilowani.pl\/index.php\/wyrazic-siebie\/\" \/>\n<meta property=\"og:site_name\" content=\"UMILOWANI.PL\" \/>\n<meta property=\"article:modified_time\" content=\"2024-12-02T09:32:01+00:00\" \/>\n<meta name=\"twitter:card\" content=\"summary_large_image\" \/>\n<meta name=\"twitter:label1\" content=\"Szacowany czas czytania\" \/>\n\t<meta name=\"twitter:data1\" content=\"2 minuty\" \/>\n<script type=\"application\/ld+json\" class=\"yoast-schema-graph\">{\"@context\":\"https:\\\/\\\/schema.org\",\"@graph\":[{\"@type\":\"WebPage\",\"@id\":\"https:\\\/\\\/umilowani.pl\\\/index.php\\\/wyrazic-siebie\\\/\",\"url\":\"https:\\\/\\\/umilowani.pl\\\/index.php\\\/wyrazic-siebie\\\/\",\"name\":\"Wyrazi\u0107 siebie - UMILOWANI.PL\",\"isPartOf\":{\"@id\":\"https:\\\/\\\/umilowani.pl\\\/#website\"},\"datePublished\":\"2016-12-21T09:20:27+00:00\",\"dateModified\":\"2024-12-02T09:32:01+00:00\",\"description\":\"Cz\u0119sto nie potrafimy wyrazi\u0107 siebie w nierani\u0105cy spos\u00f3b. By zmieni\u0107 ten mechanizm warto zacz\u0105\u0107 u\u017cywa\u0107 wypowiedzi bezpo\u015bredniej.\",\"breadcrumb\":{\"@id\":\"https:\\\/\\\/umilowani.pl\\\/index.php\\\/wyrazic-siebie\\\/#breadcrumb\"},\"inLanguage\":\"pl-PL\",\"potentialAction\":[{\"@type\":\"ReadAction\",\"target\":[\"https:\\\/\\\/umilowani.pl\\\/index.php\\\/wyrazic-siebie\\\/\"]}]},{\"@type\":\"BreadcrumbList\",\"@id\":\"https:\\\/\\\/umilowani.pl\\\/index.php\\\/wyrazic-siebie\\\/#breadcrumb\",\"itemListElement\":[{\"@type\":\"ListItem\",\"position\":1,\"name\":\"Strona g\u0142\u00f3wna\",\"item\":\"https:\\\/\\\/umilowani.pl\\\/\"},{\"@type\":\"ListItem\",\"position\":2,\"name\":\"Wyrazi\u0107 siebie\"}]},{\"@type\":\"WebSite\",\"@id\":\"https:\\\/\\\/umilowani.pl\\\/#website\",\"url\":\"https:\\\/\\\/umilowani.pl\\\/\",\"name\":\"UMILOWANI.PL\",\"description\":\"Ma\u0142\u017ce\u0144stwo, mi\u0142o\u015b\u0107\",\"publisher\":{\"@id\":\"https:\\\/\\\/umilowani.pl\\\/#\\\/schema\\\/person\\\/600a3e0031b2b450828be24ac2027c8a\"},\"potentialAction\":[{\"@type\":\"SearchAction\",\"target\":{\"@type\":\"EntryPoint\",\"urlTemplate\":\"https:\\\/\\\/umilowani.pl\\\/?s={search_term_string}\"},\"query-input\":{\"@type\":\"PropertyValueSpecification\",\"valueRequired\":true,\"valueName\":\"search_term_string\"}}],\"inLanguage\":\"pl-PL\"},{\"@type\":[\"Person\",\"Organization\"],\"@id\":\"https:\\\/\\\/umilowani.pl\\\/#\\\/schema\\\/person\\\/600a3e0031b2b450828be24ac2027c8a\",\"name\":\"UMILOWANI.PL\",\"image\":{\"@type\":\"ImageObject\",\"inLanguage\":\"pl-PL\",\"@id\":\"https:\\\/\\\/umilowani.pl\\\/wp-content\\\/uploads\\\/2022\\\/07\\\/cropped-6.png\",\"url\":\"https:\\\/\\\/umilowani.pl\\\/wp-content\\\/uploads\\\/2022\\\/07\\\/cropped-6.png\",\"contentUrl\":\"https:\\\/\\\/umilowani.pl\\\/wp-content\\\/uploads\\\/2022\\\/07\\\/cropped-6.png\",\"width\":512,\"height\":512,\"caption\":\"UMILOWANI.PL\"},\"logo\":{\"@id\":\"https:\\\/\\\/umilowani.pl\\\/wp-content\\\/uploads\\\/2022\\\/07\\\/cropped-6.png\"}}]}<\/script>\n<!-- \/ Yoast SEO plugin. -->","yoast_head_json":{"title":"Wyrazi\u0107 siebie - UMILOWANI.PL","description":"Cz\u0119sto nie potrafimy wyrazi\u0107 siebie w nierani\u0105cy spos\u00f3b. By zmieni\u0107 ten mechanizm warto zacz\u0105\u0107 u\u017cywa\u0107 wypowiedzi bezpo\u015bredniej.","robots":{"index":"index","follow":"follow","max-snippet":"max-snippet:-1","max-image-preview":"max-image-preview:large","max-video-preview":"max-video-preview:-1"},"canonical":"https:\/\/umilowani.pl\/index.php\/wyrazic-siebie\/","og_locale":"pl_PL","og_type":"article","og_title":"Wyrazi\u0107 siebie - UMILOWANI.PL","og_description":"Cz\u0119sto nie potrafimy wyrazi\u0107 siebie w nierani\u0105cy spos\u00f3b. By zmieni\u0107 ten mechanizm warto zacz\u0105\u0107 u\u017cywa\u0107 wypowiedzi bezpo\u015bredniej.","og_url":"https:\/\/umilowani.pl\/index.php\/wyrazic-siebie\/","og_site_name":"UMILOWANI.PL","article_modified_time":"2024-12-02T09:32:01+00:00","twitter_card":"summary_large_image","twitter_misc":{"Szacowany czas czytania":"2 minuty"},"schema":{"@context":"https:\/\/schema.org","@graph":[{"@type":"WebPage","@id":"https:\/\/umilowani.pl\/index.php\/wyrazic-siebie\/","url":"https:\/\/umilowani.pl\/index.php\/wyrazic-siebie\/","name":"Wyrazi\u0107 siebie - UMILOWANI.PL","isPartOf":{"@id":"https:\/\/umilowani.pl\/#website"},"datePublished":"2016-12-21T09:20:27+00:00","dateModified":"2024-12-02T09:32:01+00:00","description":"Cz\u0119sto nie potrafimy wyrazi\u0107 siebie w nierani\u0105cy spos\u00f3b. By zmieni\u0107 ten mechanizm warto zacz\u0105\u0107 u\u017cywa\u0107 wypowiedzi bezpo\u015bredniej.","breadcrumb":{"@id":"https:\/\/umilowani.pl\/index.php\/wyrazic-siebie\/#breadcrumb"},"inLanguage":"pl-PL","potentialAction":[{"@type":"ReadAction","target":["https:\/\/umilowani.pl\/index.php\/wyrazic-siebie\/"]}]},{"@type":"BreadcrumbList","@id":"https:\/\/umilowani.pl\/index.php\/wyrazic-siebie\/#breadcrumb","itemListElement":[{"@type":"ListItem","position":1,"name":"Strona g\u0142\u00f3wna","item":"https:\/\/umilowani.pl\/"},{"@type":"ListItem","position":2,"name":"Wyrazi\u0107 siebie"}]},{"@type":"WebSite","@id":"https:\/\/umilowani.pl\/#website","url":"https:\/\/umilowani.pl\/","name":"UMILOWANI.PL","description":"Ma\u0142\u017ce\u0144stwo, mi\u0142o\u015b\u0107","publisher":{"@id":"https:\/\/umilowani.pl\/#\/schema\/person\/600a3e0031b2b450828be24ac2027c8a"},"potentialAction":[{"@type":"SearchAction","target":{"@type":"EntryPoint","urlTemplate":"https:\/\/umilowani.pl\/?s={search_term_string}"},"query-input":{"@type":"PropertyValueSpecification","valueRequired":true,"valueName":"search_term_string"}}],"inLanguage":"pl-PL"},{"@type":["Person","Organization"],"@id":"https:\/\/umilowani.pl\/#\/schema\/person\/600a3e0031b2b450828be24ac2027c8a","name":"UMILOWANI.PL","image":{"@type":"ImageObject","inLanguage":"pl-PL","@id":"https:\/\/umilowani.pl\/wp-content\/uploads\/2022\/07\/cropped-6.png","url":"https:\/\/umilowani.pl\/wp-content\/uploads\/2022\/07\/cropped-6.png","contentUrl":"https:\/\/umilowani.pl\/wp-content\/uploads\/2022\/07\/cropped-6.png","width":512,"height":512,"caption":"UMILOWANI.PL"},"logo":{"@id":"https:\/\/umilowani.pl\/wp-content\/uploads\/2022\/07\/cropped-6.png"}}]}},"_links":{"self":[{"href":"https:\/\/umilowani.pl\/index.php\/wp-json\/wp\/v2\/pages\/957","targetHints":{"allow":["GET"]}}],"collection":[{"href":"https:\/\/umilowani.pl\/index.php\/wp-json\/wp\/v2\/pages"}],"about":[{"href":"https:\/\/umilowani.pl\/index.php\/wp-json\/wp\/v2\/types\/page"}],"author":[{"embeddable":true,"href":"https:\/\/umilowani.pl\/index.php\/wp-json\/wp\/v2\/users\/1"}],"replies":[{"embeddable":true,"href":"https:\/\/umilowani.pl\/index.php\/wp-json\/wp\/v2\/comments?post=957"}],"version-history":[{"count":1,"href":"https:\/\/umilowani.pl\/index.php\/wp-json\/wp\/v2\/pages\/957\/revisions"}],"predecessor-version":[{"id":18426,"href":"https:\/\/umilowani.pl\/index.php\/wp-json\/wp\/v2\/pages\/957\/revisions\/18426"}],"wp:attachment":[{"href":"https:\/\/umilowani.pl\/index.php\/wp-json\/wp\/v2\/media?parent=957"}],"curies":[{"name":"wp","href":"https:\/\/api.w.org\/{rel}","templated":true}]}}