{"id":959,"date":"2016-12-21T10:22:50","date_gmt":"2016-12-21T09:22:50","guid":{"rendered":"http:\/\/umilowani.pl\/?page_id=959"},"modified":"2024-12-02T10:33:45","modified_gmt":"2024-12-02T09:33:45","slug":"zrozumiec-drugiego","status":"publish","type":"page","link":"https:\/\/umilowani.pl\/index.php\/zrozumiec-drugiego\/","title":{"rendered":"Zrozumie\u0107 DRUGIEGO"},"content":{"rendered":"<p>[et_pb_section fb_built=&#8221;1&#8243; custom_padding_last_edited=&#8221;on|desktop&#8221; admin_label=&#8221;section&#8221; _builder_version=&#8221;4.9.3&#8243; background_color=&#8221;#FFFFFF&#8221; custom_padding_tablet=&#8221;50px|0|50px|0&#8243; custom_padding_phone=&#8221;&#8221; transparent_background=&#8221;on&#8221; padding_mobile=&#8221;off&#8221; make_fullwidth=&#8221;off&#8221; use_custom_width=&#8221;off&#8221; width_unit=&#8221;on&#8221; custom_width_px=&#8221;1080px&#8221; custom_width_percent=&#8221;80%&#8221;][et_pb_row padding_mobile=&#8221;off&#8221; column_padding_mobile=&#8221;on&#8221; admin_label=&#8221;row&#8221; _builder_version=&#8221;4.9.3&#8243; background_size=&#8221;initial&#8221; background_position=&#8221;top_left&#8221; background_repeat=&#8221;repeat&#8221; width=&#8221;100%&#8221; max_width=&#8221;100%&#8221; make_fullwidth=&#8221;off&#8221; use_custom_width=&#8221;on&#8221; width_unit=&#8221;off&#8221; custom_width_percent=&#8221;90%&#8221;][et_pb_column type=&#8221;4_4&#8243; _builder_version=&#8221;4.9.3&#8243; background_color=&#8221;rgba(0,0,0,0)&#8221; custom_padding=&#8221;|||&#8221; custom_padding__hover=&#8221;|||&#8221;][et_pb_blurb title=&#8221;ZROZUMIE\u0106 DRUGIEGO&#8221; image=&#8221;https:\/\/umilowani.pl\/wp-content\/uploads\/2024\/12\/Zrozumiec-drugiego2.jpg&#8221; alt=&#8221;Zamys\u0142&#8221; image_max_width=&#8221;75%&#8221; content_max_width=&#8221;90%&#8221; admin_label=&#8221;Blurb&#8221; _builder_version=&#8221;4.9.3&#8243; header_font_size=&#8221;16&#8243; header_line_height=&#8221;1.6em&#8221; body_font_size=&#8221;16px&#8221; background_size=&#8221;initial&#8221; background_position=&#8221;top_left&#8221; background_repeat=&#8221;repeat&#8221; text_orientation=&#8221;center&#8221; animation=&#8221;off&#8221; hover_enabled=&#8221;0&#8243; border_color_all=&#8221;#000000&#8243; border_width_all_image=&#8221;1px&#8221; border_color_all_image=&#8221;#043518&#8243; use_border_color=&#8221;off&#8221; border_color=&#8221;#ffffff&#8221; border_style=&#8221;solid&#8221; title_text=&#8221;Zrozumie\u0107 drugiego2&#8243; sticky_enabled=&#8221;0&#8243;]<\/p>\n<div class=\"et_pb_slide_content\" style=\"text-align: center;\">\n<div class=\"et_pb_slide_content\">\n<div>\n<p>&nbsp;<\/p>\n<p><span style=\"color: #a0b34d;\"><strong><em>\u201eNAJWI\u0118KSZ\u0104 SZTUK\u0104 JEST UMIE\u0106 S\u0141UCHA\u0106 INNYCH\u201d.<br \/><\/em><\/strong>Jan Budziaszek \u201eDo nieba idzie si\u0119\u2026\u201d<\/span><\/p>\n<p>&nbsp;<\/p>\n<p>Nie jest \u0142atwo zrozumie\u0107 drugiego cz\u0142owieka. M\u0119\u017cczyzna reaguje na problem us\u0142yszany z ust kobiety natychmiast i w spos\u00f3b zadaniowy: daje rady, wyja\u015bnia, rozwi\u0105zuje, uspokaja, uk\u0142ada strategi\u0119 dzia\u0142ania (o krytyce nie wspominaj\u0105c&#8230;). Kobiety jednak tego nie oczekuj\u0105. One (podobnie jak m\u0119\u017cczy\u017ani) tak naprawd\u0119 potrzebuj\u0105 \u201eaktywnego s\u0142uchania&#8221;. Co to znaczy? W og\u00f3lnym zarysie \u201eaktywne s\u0142uchanie&#8221; to:<\/p>\n<p>1. Obecno\u015b\u0107 cia\u0142em i duchem wy\u0142\u0105cznie dla wsp\u00f3\u0142ma\u0142\u017conka (szczeg\u00f3lne po\u015bwi\u0119cenie czasu).<br \/>2. S\u0142uchanie z uwag\u0105 i zainteresowaniem.<br \/>3. Podtrzymywanie rozmowy przez u\u017cywanie s\u0142\u00f3w: \u201eHm..\u201d, \u201eAha..\u201d<br \/>4. Akceptowanie uczu\u0107: \u201eRozumiem..\u201d, \u201eRzeczywi\u015bcie?\u201d, \u201eOpowiedz mi o tym..\u201d<br \/>5. Pomoc w nazwaniu uczu\u0107: \u201eWidz\u0119, \u017ce si\u0119 z\u0142o\u015bcisz..&#8221;, \u201eCzujesz si\u0119 niekochana?\u201d, \u201eJeste\u015b zm\u0119czona?\u201d<br \/>6. Okazywanie czu\u0142o\u015bci poprzez dotyk: trzymanie za r\u0119k\u0119, przytulenie, pog\u0142askanie.<\/p>\n<p>Reasumuj\u0105c, warto aktywnie s\u0142ucha\u0107 poniewa\u017c:<\/p>\n<p>&#8211; Partner komunikacji oswaja si\u0119 ze swymi uczuciami.<br \/>&#8211; U\u0142atwia to utrzymanie serdecznych stosunk\u00f3w mi\u0119dzy rozm\u00f3wcami.<br \/>&#8211; M\u00f3wi\u0105cy samodzielnie pr\u00f3buje rozwi\u0105za\u0107 problem.<br \/>&#8211; Rozm\u00f3wca ma poczucie ulgi, zrozumienia i wys\u0142uchania.<br \/>&#8211; Uczymy si\u0119 siebie nawzajem.<\/p>\n<p><a href=\"http:\/\/umilowani.pl\/index.php\/wyrazic-siebie\/\" target=\"_blank\" rel=\"noopener noreferrer\">Komunikat \u201eja\u201d<\/a> oraz \u201eaktywne s\u0142uchanie\u201d fantastycznie sprawdzaj\u0105 si\u0119 w komunikacji w\u015br\u00f3d doros\u0142ych i dzieci, co sprawdzili\u015bmy wielokrotnie na w\u0142asnym przyk\u0142adzie. Uczestnicy rozmowy ucz\u0105 si\u0119 w ten spos\u00f3b nazywa\u0107 uczucia, a tak\u017ce maj\u0105 poczucie bycia zrozumianym, akceptowanym i kochanym. Warto w trakcie rozmowy by\u0107 otwartym na przeprosiny wsp\u00f3\u0142ma\u0142\u017conka, a po jej zako\u0144czeniu zawsze wyrazi\u0107 wdzi\u0119czno\u015b\u0107 za po\u015bwi\u0119co<\/p>\n<\/div>\n<\/div>\n<\/div>\n<p>[\/et_pb_blurb][\/et_pb_column][\/et_pb_row][\/et_pb_section]<\/p>\n","protected":false},"excerpt":{"rendered":"<p>[et_pb_section fb_built=&#8221;1&#8243; custom_padding_last_edited=&#8221;on|desktop&#8221; admin_label=&#8221;section&#8221; _builder_version=&#8221;4.9.3&#8243; background_color=&#8221;#FFFFFF&#8221; custom_padding_tablet=&#8221;50px|0|50px|0&#8243; custom_padding_phone=&#8221;&#8221; transparent_background=&#8221;on&#8221; padding_mobile=&#8221;off&#8221; make_fullwidth=&#8221;off&#8221; use_custom_width=&#8221;off&#8221; width_unit=&#8221;on&#8221; custom_width_px=&#8221;1080px&#8221; custom_width_percent=&#8221;80%&#8221;][et_pb_row padding_mobile=&#8221;off&#8221; column_padding_mobile=&#8221;on&#8221; admin_label=&#8221;row&#8221; _builder_version=&#8221;4.9.3&#8243; background_size=&#8221;initial&#8221; background_position=&#8221;top_left&#8221; background_repeat=&#8221;repeat&#8221; width=&#8221;100%&#8221; max_width=&#8221;100%&#8221; make_fullwidth=&#8221;off&#8221; use_custom_width=&#8221;on&#8221; width_unit=&#8221;off&#8221; custom_width_percent=&#8221;90%&#8221;][et_pb_column type=&#8221;4_4&#8243; _builder_version=&#8221;4.9.3&#8243; background_color=&#8221;rgba(0,0,0,0)&#8221; custom_padding=&#8221;|||&#8221; custom_padding__hover=&#8221;|||&#8221;][et_pb_blurb title=&#8221;ZROZUMIE\u0106 DRUGIEGO&#8221; image=&#8221;https:\/\/umilowani.pl\/wp-content\/uploads\/2024\/12\/Zrozumiec-drugiego2.jpg&#8221; alt=&#8221;Zamys\u0142&#8221; image_max_width=&#8221;75%&#8221; content_max_width=&#8221;90%&#8221; admin_label=&#8221;Blurb&#8221; _builder_version=&#8221;4.9.3&#8243; header_font_size=&#8221;16&#8243; header_line_height=&#8221;1.6em&#8221; body_font_size=&#8221;16px&#8221; background_size=&#8221;initial&#8221; background_position=&#8221;top_left&#8221; background_repeat=&#8221;repeat&#8221; text_orientation=&#8221;center&#8221; animation=&#8221;off&#8221; hover_enabled=&#8221;0&#8243; border_color_all=&#8221;#000000&#8243; border_width_all_image=&#8221;1px&#8221; border_color_all_image=&#8221;#043518&#8243; use_border_color=&#8221;off&#8221; border_color=&#8221;#ffffff&#8221; [&hellip;]<\/p>\n","protected":false},"author":1,"featured_media":0,"parent":0,"menu_order":0,"comment_status":"closed","ping_status":"closed","template":"","meta":{"_et_pb_use_builder":"on","_et_pb_old_content":"","_et_gb_content_width":"","footnotes":""},"class_list":["post-959","page","type-page","status-publish","hentry"],"yoast_head":"<!-- This site is optimized with the Yoast SEO plugin v27.4 - https:\/\/yoast.com\/product\/yoast-seo-wordpress\/ -->\n<title>Zrozumie\u0107 DRUGIEGO - UMILOWANI.PL<\/title>\n<meta name=\"description\" content=\"Nie jest \u0142atwo zrozumie\u0107 drugiego. M\u0119\u017cczyzna na us\u0142yszany problem reaguje w spos\u00f3b zadaniowy, a kobiety potrzebuj\u0105 \u201eaktywnego s\u0142uchania\u201d.\" \/>\n<meta name=\"robots\" content=\"index, follow, max-snippet:-1, max-image-preview:large, max-video-preview:-1\" \/>\n<link rel=\"canonical\" href=\"https:\/\/umilowani.pl\/index.php\/zrozumiec-drugiego\/\" \/>\n<meta property=\"og:locale\" content=\"pl_PL\" \/>\n<meta property=\"og:type\" content=\"article\" \/>\n<meta property=\"og:title\" content=\"Zrozumie\u0107 DRUGIEGO - UMILOWANI.PL\" \/>\n<meta property=\"og:description\" content=\"Nie jest \u0142atwo zrozumie\u0107 drugiego. M\u0119\u017cczyzna na us\u0142yszany problem reaguje w spos\u00f3b zadaniowy, a kobiety potrzebuj\u0105 \u201eaktywnego s\u0142uchania\u201d.\" \/>\n<meta property=\"og:url\" content=\"https:\/\/umilowani.pl\/index.php\/zrozumiec-drugiego\/\" \/>\n<meta property=\"og:site_name\" content=\"UMILOWANI.PL\" \/>\n<meta property=\"article:modified_time\" content=\"2024-12-02T09:33:45+00:00\" \/>\n<meta name=\"twitter:card\" content=\"summary_large_image\" \/>\n<meta name=\"twitter:label1\" content=\"Szacowany czas czytania\" \/>\n\t<meta name=\"twitter:data1\" content=\"2 minuty\" \/>\n<script type=\"application\/ld+json\" class=\"yoast-schema-graph\">{\"@context\":\"https:\\\/\\\/schema.org\",\"@graph\":[{\"@type\":\"WebPage\",\"@id\":\"https:\\\/\\\/umilowani.pl\\\/index.php\\\/zrozumiec-drugiego\\\/\",\"url\":\"https:\\\/\\\/umilowani.pl\\\/index.php\\\/zrozumiec-drugiego\\\/\",\"name\":\"Zrozumie\u0107 DRUGIEGO - UMILOWANI.PL\",\"isPartOf\":{\"@id\":\"https:\\\/\\\/umilowani.pl\\\/#website\"},\"datePublished\":\"2016-12-21T09:22:50+00:00\",\"dateModified\":\"2024-12-02T09:33:45+00:00\",\"description\":\"Nie jest \u0142atwo zrozumie\u0107 drugiego. M\u0119\u017cczyzna na us\u0142yszany problem reaguje w spos\u00f3b zadaniowy, a kobiety potrzebuj\u0105 \u201eaktywnego s\u0142uchania\u201d.\",\"breadcrumb\":{\"@id\":\"https:\\\/\\\/umilowani.pl\\\/index.php\\\/zrozumiec-drugiego\\\/#breadcrumb\"},\"inLanguage\":\"pl-PL\",\"potentialAction\":[{\"@type\":\"ReadAction\",\"target\":[\"https:\\\/\\\/umilowani.pl\\\/index.php\\\/zrozumiec-drugiego\\\/\"]}]},{\"@type\":\"BreadcrumbList\",\"@id\":\"https:\\\/\\\/umilowani.pl\\\/index.php\\\/zrozumiec-drugiego\\\/#breadcrumb\",\"itemListElement\":[{\"@type\":\"ListItem\",\"position\":1,\"name\":\"Strona g\u0142\u00f3wna\",\"item\":\"https:\\\/\\\/umilowani.pl\\\/\"},{\"@type\":\"ListItem\",\"position\":2,\"name\":\"Zrozumie\u0107 DRUGIEGO\"}]},{\"@type\":\"WebSite\",\"@id\":\"https:\\\/\\\/umilowani.pl\\\/#website\",\"url\":\"https:\\\/\\\/umilowani.pl\\\/\",\"name\":\"UMILOWANI.PL\",\"description\":\"Ma\u0142\u017ce\u0144stwo, mi\u0142o\u015b\u0107\",\"publisher\":{\"@id\":\"https:\\\/\\\/umilowani.pl\\\/#\\\/schema\\\/person\\\/600a3e0031b2b450828be24ac2027c8a\"},\"potentialAction\":[{\"@type\":\"SearchAction\",\"target\":{\"@type\":\"EntryPoint\",\"urlTemplate\":\"https:\\\/\\\/umilowani.pl\\\/?s={search_term_string}\"},\"query-input\":{\"@type\":\"PropertyValueSpecification\",\"valueRequired\":true,\"valueName\":\"search_term_string\"}}],\"inLanguage\":\"pl-PL\"},{\"@type\":[\"Person\",\"Organization\"],\"@id\":\"https:\\\/\\\/umilowani.pl\\\/#\\\/schema\\\/person\\\/600a3e0031b2b450828be24ac2027c8a\",\"name\":\"UMILOWANI.PL\",\"image\":{\"@type\":\"ImageObject\",\"inLanguage\":\"pl-PL\",\"@id\":\"https:\\\/\\\/umilowani.pl\\\/wp-content\\\/uploads\\\/2022\\\/07\\\/cropped-6.png\",\"url\":\"https:\\\/\\\/umilowani.pl\\\/wp-content\\\/uploads\\\/2022\\\/07\\\/cropped-6.png\",\"contentUrl\":\"https:\\\/\\\/umilowani.pl\\\/wp-content\\\/uploads\\\/2022\\\/07\\\/cropped-6.png\",\"width\":512,\"height\":512,\"caption\":\"UMILOWANI.PL\"},\"logo\":{\"@id\":\"https:\\\/\\\/umilowani.pl\\\/wp-content\\\/uploads\\\/2022\\\/07\\\/cropped-6.png\"}}]}<\/script>\n<!-- \/ Yoast SEO plugin. -->","yoast_head_json":{"title":"Zrozumie\u0107 DRUGIEGO - UMILOWANI.PL","description":"Nie jest \u0142atwo zrozumie\u0107 drugiego. M\u0119\u017cczyzna na us\u0142yszany problem reaguje w spos\u00f3b zadaniowy, a kobiety potrzebuj\u0105 \u201eaktywnego s\u0142uchania\u201d.","robots":{"index":"index","follow":"follow","max-snippet":"max-snippet:-1","max-image-preview":"max-image-preview:large","max-video-preview":"max-video-preview:-1"},"canonical":"https:\/\/umilowani.pl\/index.php\/zrozumiec-drugiego\/","og_locale":"pl_PL","og_type":"article","og_title":"Zrozumie\u0107 DRUGIEGO - UMILOWANI.PL","og_description":"Nie jest \u0142atwo zrozumie\u0107 drugiego. M\u0119\u017cczyzna na us\u0142yszany problem reaguje w spos\u00f3b zadaniowy, a kobiety potrzebuj\u0105 \u201eaktywnego s\u0142uchania\u201d.","og_url":"https:\/\/umilowani.pl\/index.php\/zrozumiec-drugiego\/","og_site_name":"UMILOWANI.PL","article_modified_time":"2024-12-02T09:33:45+00:00","twitter_card":"summary_large_image","twitter_misc":{"Szacowany czas czytania":"2 minuty"},"schema":{"@context":"https:\/\/schema.org","@graph":[{"@type":"WebPage","@id":"https:\/\/umilowani.pl\/index.php\/zrozumiec-drugiego\/","url":"https:\/\/umilowani.pl\/index.php\/zrozumiec-drugiego\/","name":"Zrozumie\u0107 DRUGIEGO - UMILOWANI.PL","isPartOf":{"@id":"https:\/\/umilowani.pl\/#website"},"datePublished":"2016-12-21T09:22:50+00:00","dateModified":"2024-12-02T09:33:45+00:00","description":"Nie jest \u0142atwo zrozumie\u0107 drugiego. M\u0119\u017cczyzna na us\u0142yszany problem reaguje w spos\u00f3b zadaniowy, a kobiety potrzebuj\u0105 \u201eaktywnego s\u0142uchania\u201d.","breadcrumb":{"@id":"https:\/\/umilowani.pl\/index.php\/zrozumiec-drugiego\/#breadcrumb"},"inLanguage":"pl-PL","potentialAction":[{"@type":"ReadAction","target":["https:\/\/umilowani.pl\/index.php\/zrozumiec-drugiego\/"]}]},{"@type":"BreadcrumbList","@id":"https:\/\/umilowani.pl\/index.php\/zrozumiec-drugiego\/#breadcrumb","itemListElement":[{"@type":"ListItem","position":1,"name":"Strona g\u0142\u00f3wna","item":"https:\/\/umilowani.pl\/"},{"@type":"ListItem","position":2,"name":"Zrozumie\u0107 DRUGIEGO"}]},{"@type":"WebSite","@id":"https:\/\/umilowani.pl\/#website","url":"https:\/\/umilowani.pl\/","name":"UMILOWANI.PL","description":"Ma\u0142\u017ce\u0144stwo, mi\u0142o\u015b\u0107","publisher":{"@id":"https:\/\/umilowani.pl\/#\/schema\/person\/600a3e0031b2b450828be24ac2027c8a"},"potentialAction":[{"@type":"SearchAction","target":{"@type":"EntryPoint","urlTemplate":"https:\/\/umilowani.pl\/?s={search_term_string}"},"query-input":{"@type":"PropertyValueSpecification","valueRequired":true,"valueName":"search_term_string"}}],"inLanguage":"pl-PL"},{"@type":["Person","Organization"],"@id":"https:\/\/umilowani.pl\/#\/schema\/person\/600a3e0031b2b450828be24ac2027c8a","name":"UMILOWANI.PL","image":{"@type":"ImageObject","inLanguage":"pl-PL","@id":"https:\/\/umilowani.pl\/wp-content\/uploads\/2022\/07\/cropped-6.png","url":"https:\/\/umilowani.pl\/wp-content\/uploads\/2022\/07\/cropped-6.png","contentUrl":"https:\/\/umilowani.pl\/wp-content\/uploads\/2022\/07\/cropped-6.png","width":512,"height":512,"caption":"UMILOWANI.PL"},"logo":{"@id":"https:\/\/umilowani.pl\/wp-content\/uploads\/2022\/07\/cropped-6.png"}}]}},"_links":{"self":[{"href":"https:\/\/umilowani.pl\/index.php\/wp-json\/wp\/v2\/pages\/959","targetHints":{"allow":["GET"]}}],"collection":[{"href":"https:\/\/umilowani.pl\/index.php\/wp-json\/wp\/v2\/pages"}],"about":[{"href":"https:\/\/umilowani.pl\/index.php\/wp-json\/wp\/v2\/types\/page"}],"author":[{"embeddable":true,"href":"https:\/\/umilowani.pl\/index.php\/wp-json\/wp\/v2\/users\/1"}],"replies":[{"embeddable":true,"href":"https:\/\/umilowani.pl\/index.php\/wp-json\/wp\/v2\/comments?post=959"}],"version-history":[{"count":2,"href":"https:\/\/umilowani.pl\/index.php\/wp-json\/wp\/v2\/pages\/959\/revisions"}],"predecessor-version":[{"id":18431,"href":"https:\/\/umilowani.pl\/index.php\/wp-json\/wp\/v2\/pages\/959\/revisions\/18431"}],"wp:attachment":[{"href":"https:\/\/umilowani.pl\/index.php\/wp-json\/wp\/v2\/media?parent=959"}],"curies":[{"name":"wp","href":"https:\/\/api.w.org\/{rel}","templated":true}]}}